{"id":8,"date":"2011-10-27T20:23:53","date_gmt":"2011-10-27T20:23:53","guid":{"rendered":"https:\/\/web.ciidiroaxaca.ipn.mx\/yortiz\/tesis\/"},"modified":"2026-02-09T10:11:00","modified_gmt":"2026-02-09T16:11:00","slug":"tesis","status":"publish","type":"page","link":"https:\/\/web.ciidiroaxaca.ipn.mx\/yortiz\/tesis\/","title":{"rendered":"Tesis"},"content":{"rendered":"\n<h3 class=\"wp-block-heading\">POSGRADO<\/h3>\n\n\n\n<h4 class=\"wp-block-heading\"><strong>Doctorado<\/strong><\/h4>\n\n\n\n<ul class=\"wp-block-list\">\n<li>H\u00e9ctor Osvaldo Ahedo Quero. 2024. Estrategias sustentables para el manejo de <em>Scyphophorus acupunctatus <\/em>Gyllenhal en el cultivo de agave. Doctorado en Ciencias en Conservaci\u00f3n y Aprovechamiento de Recursos Naturales. CIIDIR IPN Unidad Oaxaca.<\/li>\n\n\n\n<li>Jair San Juan Mart\u00ednez. 2022. Aspectos morfom\u00e9tricos y fisiol\u00f3gicos en chiles (<em>Capsicum<\/em> <em>annuum <\/em>L.) nativos de Oaxaca. Doctorado en Ciencias en Conservaci\u00f3n y Aprovechamiento de Recursos Naturales. CIIDIR IPN Unidad Oaxaca.<\/li>\n\n\n\n<li>Marco Aurelio Acevedo Ortiz. 2018. Conservaci\u00f3n de recursos naturales bajo esquemas de protecci\u00f3n comunitaria. Doctorado en Ciencias en Conservaci\u00f3n y Aprovechamiento de Recursos Naturales. CIIDIR IPN Unidad Oaxaca.<\/li>\n\n\n\n<li>Bernab\u00e9 Ignacio Ramos L\u00f3pez. 2017. Crecimiento y Rendimiento de Genotipos de <em>Physalis<\/em> <em>ixocarpa <\/em>Brot. ex Hornem en invernaderos de porte bajo. Doctorado en Ciencias en Conservaci\u00f3n y Aprovechamiento de Recursos Naturales. CIIDIR IPN Unidad Oaxaca.<\/li>\n<\/ul>\n\n\n\n<h4 class=\"wp-block-heading\"><strong>Maestr\u00eda<\/strong><\/h4>\n\n\n\n<ul class=\"wp-block-list\">\n<li>Jose Enrique Nicio Ventura. 2023. Abscisi\u00f3n de botones florales en <em>Hylocereus <\/em>spp. por la incidencia de <em>Leptoglossus lineosus<\/em> (St\u00e5l). Tesis de Maestr\u00eda en Ciencias en Conservaci\u00f3n y Aprovechamiento de los Recursos Naturales con especialidad en Protecci\u00f3n y Producci\u00f3n Vegetal. CIIDIR IPN Unidad Oaxaca.<\/li>\n\n\n\n<li>Keyla Cruz Garc\u00eda. 2022. P\u00e9rdidas ocasionadas por <em>Sphenarium purpurascens<\/em> en <em>Zea mays<\/em> y <em>Medicago sativa<\/em>, y su manejo a base de hongos entomopat\u00f3genos en emulsiones de aceites.&nbsp;Tesis de Maestr\u00eda en Ciencias en Conservaci\u00f3n y Aprovechamiento de los Recursos Naturales con especialidad en Protecci\u00f3n y Producci\u00f3n Vegetal. CIIDIR IPN Unidad Oaxaca.<\/li>\n\n\n\n<li>Tlacaelel Aquino L\u00f3pez. 2020. Nocividad de <em>Strategus aloeus<\/em> L. en dos especies de agaves y su manejo a base de hongos entomopat\u00f3genos asociados en aceites. Tesis de Maestr\u00eda en Ciencias en Conservaci\u00f3n y Aprovechamiento de los Recursos Naturales con especialidad en Protecci\u00f3n y Producci\u00f3n Vegetal. CIIDIR IPN Unidad Oaxaca.<\/li>\n\n\n\n<li>Jair San Juan Mart\u00ednez. 2018. Germinaci\u00f3n, crecimiento y desarrollo de dos chiles nativos (<em>Capsicum annuum<\/em> L.) de Oaxaca en invernadero. Tesis de Maestr\u00eda en Ciencias en Conservaci\u00f3n y Aprovechamiento de los Recursos Naturales con especialidad en Protecci\u00f3n y Producci\u00f3n Vegetal. CIIDIR IPN Unidad Oaxaca.<\/li>\n\n\n\n<li>Sergio In\u00e9s V\u00e1squez. 2016. Organismos biol\u00f3gicos para el manejo del nem\u00e1todo del n\u00f3dulo <em>Meloidogyne incognita<\/em> (Kofoid y White) en tomate (<em>Solanum lycopersicum<\/em> L.) en condiciones semicontroladas. Tesis de Maestr\u00eda en Ciencias en Conservaci\u00f3n y Aprovechamiento de los Recursos Naturales con especialidad en Protecci\u00f3n y Producci\u00f3n Vegetal. CIIDIR IPN Unidad Oaxaca.<\/li>\n\n\n\n<li>Lenin Nicol\u00e1s Santana. 2014. Evaluaci\u00f3n intensiva del cultivo de albahaca (<em>Ocimum basilicum <\/em>L.)&nbsp; para mejorar el rendimiento y contenido de aceite esencial. Tesis de Maestr\u00eda en Ciencias en Conservaci\u00f3n y Aprovechamiento de los Recursos Naturales con especialidad en protecci\u00f3n y Producci\u00f3n Vegetal. CIIDIR IPN Unidad Oaxaca.<\/li>\n\n\n\n<li>Omar Salais Lira. 2011. Evaluaci\u00f3n de materiales org\u00e1nicos como fuente de fertilizaci\u00f3n para la pitahaya (<em>Hylocereus <\/em>spp.). Tesis de Maestr\u00eda en Ciencias en Conservaci\u00f3n y Aprovechamiento de Recursos Naturales con especialidad en Protecci\u00f3n y Producci\u00f3n Vegetal. CIIDIR IPN Unidad Oaxaca.<\/li>\n\n\n\n<li>Hermenegildo Cerqueda Reyes. 2010. Propagaci\u00f3n sexual y asexual de la pitahaya (<em>Hylocereus <\/em>spp.). Tesis de Maestr\u00eda en Ciencias en Conservaci\u00f3n y Aprovechamiento de Recursos Naturales con especialidad en Protecci\u00f3n y Producci\u00f3n Vegetal. CIIDIR IPN Unidad Oaxaca.<\/li>\n\n\n\n<li>Juan El\u00edas Sabino L\u00f3pez. 2010. Relaci\u00f3n de las pr\u00e1cticas de manejo con la floraci\u00f3n de la pitahaya (<em>Hylocereus<\/em> <em>undatus<\/em>). Tesis de Maestr\u00eda en Ciencias en Conservaci\u00f3n y Aprovechamiento de Recursos Naturales con especialidad en Protecci\u00f3n y \u00a8Producci\u00f3n Vegetal.&nbsp; CIIDIR IPN Unidad Oaxaca<\/li>\n\n\n\n<li>Baldomero Hortensio Z\u00e1rate Nicol\u00e1s. 2007. Producci\u00f3n de tomate (<em>Lycopersicon esculentum<\/em> Mill.) hidrop\u00f3nico con sustratos, bajo invernadero. Tesis de Maestr\u00eda en Ciencias en Conservaci\u00f3n y Aprovechamiento de los Recursos Naturales con especialidad en Protecci\u00f3n y Producci\u00f3n Vegetal. CIIDIR-IPN Unidad Oaxaca.<\/li>\n\n\n\n<li>Graciela Zarate Altamirano. 2006. Caracterizaci\u00f3n y evaluaci\u00f3n agron\u00f3mica de materiales org\u00e1nicos potenciales para utilizarse como sustratos en cultivo sin suelo de mel\u00f3n (<em>Cucumis melo<\/em> L.). Tesis de Maestr\u00eda en Ciencias en Conservaci\u00f3n y Aprovechamiento de los Recursos Naturales con especialidad en Protecci\u00f3n y Producci\u00f3n Vegetal. CIIDIR-IPN Unidad Oaxaca.<\/li>\n\n\n\n<li>Maria Magdalena Coello Castillo. 2006. Uso de <em>Scytallidium thermophilum<\/em> para el cultivo de <em>Agaricus<\/em> spp. Tesis de Maestr\u00eda en Ciencias en Conservaci\u00f3n y Aprovechamiento de los Recursos Naturales con especialidad en Protecci\u00f3n y Producci\u00f3n Vegetal. CIIDIR-IPN Unidad Oaxaca.<\/li>\n\n\n\n<li>Oscar Atonal Atonal Oscar. Valoraci\u00f3n del potencial productivo de pitahaya (<em>Hylocereus <\/em>sp.) con fertirrigaci\u00f3n. Tesis de Maestr\u00eda en Ciencias en Productividad de Agroecositemas. ITAO No. 23.<\/li>\n<\/ul>\n\n\n\n<h4 class=\"wp-block-heading\"><strong>Licenciatura<\/strong><\/h4>\n\n\n\n<ul class=\"wp-block-list\">\n<li>Rub\u00e9n Bautista Arroyo. 2009. Dise\u00f1o de dos sistemas de riego automatizados para invernadero rural. Tesis de Licenciatura de Ingenier\u00eda Mec\u00e1nica ESIME-IPN.<\/li>\n\n\n\n<li>Luciano Guzm\u00e1n, F. 2006. Dise\u00f1o de un sistema protegido para control de temperatura . propagaci\u00f3n de la pitahaya. Tesis de Licenciatura de Ingenier\u00eda Mec\u00e1nica ESIME-IPN.<\/li>\n<\/ul>\n\n\n\n<p><\/p>\n","protected":false},"excerpt":{"rendered":"<p>POSGRADO Doctorado Maestr\u00eda Licenciatura<\/p>\n","protected":false},"author":51,"featured_media":0,"parent":0,"menu_order":0,"comment_status":"closed","ping_status":"closed","template":"","meta":{"_swt_meta_header_display":false,"_swt_meta_footer_display":false,"_swt_meta_site_title_display":false,"_swt_meta_sticky_header":false,"_swt_meta_transparent_header":false,"footnotes":""},"class_list":["post-8","page","type-page","status-publish","hentry"],"_links":{"self":[{"href":"https:\/\/web.ciidiroaxaca.ipn.mx\/yortiz\/wp-json\/wp\/v2\/pages\/8","targetHints":{"allow":["GET"]}}],"collection":[{"href":"https:\/\/web.ciidiroaxaca.ipn.mx\/yortiz\/wp-json\/wp\/v2\/pages"}],"about":[{"href":"https:\/\/web.ciidiroaxaca.ipn.mx\/yortiz\/wp-json\/wp\/v2\/types\/page"}],"author":[{"embeddable":true,"href":"https:\/\/web.ciidiroaxaca.ipn.mx\/yortiz\/wp-json\/wp\/v2\/users\/51"}],"replies":[{"embeddable":true,"href":"https:\/\/web.ciidiroaxaca.ipn.mx\/yortiz\/wp-json\/wp\/v2\/comments?post=8"}],"version-history":[{"count":3,"href":"https:\/\/web.ciidiroaxaca.ipn.mx\/yortiz\/wp-json\/wp\/v2\/pages\/8\/revisions"}],"predecessor-version":[{"id":102,"href":"https:\/\/web.ciidiroaxaca.ipn.mx\/yortiz\/wp-json\/wp\/v2\/pages\/8\/revisions\/102"}],"wp:attachment":[{"href":"https:\/\/web.ciidiroaxaca.ipn.mx\/yortiz\/wp-json\/wp\/v2\/media?parent=8"}],"curies":[{"name":"wp","href":"https:\/\/api.w.org\/{rel}","templated":true}]}}