{"id":5,"date":"2011-10-27T13:49:25","date_gmt":"2011-10-27T13:49:25","guid":{"rendered":"https:\/\/web.ciidiroaxaca.ipn.mx\/yortiz\/dra-yolanda-donaji-ortiz-hernandez\/"},"modified":"2025-10-22T15:25:41","modified_gmt":"2025-10-22T21:25:41","slug":"dra-yolanda-donaji-ortiz-hernandez","status":"publish","type":"page","link":"https:\/\/web.ciidiroaxaca.ipn.mx\/yortiz\/","title":{"rendered":"Dra. Yolanda Donaj\u00ed Ortiz Hern\u00e1ndez"},"content":{"rendered":"\n<figure class=\"wp-block-image aligncenter size-full is-resized\"><img loading=\"lazy\" decoding=\"async\" width=\"494\" height=\"675\" src=\"https:\/\/web.ciidiroaxaca.ipn.mx\/yortiz\/wp-content\/uploads\/sites\/51\/2025\/09\/yortiz.jpg\" alt=\"\" class=\"wp-image-41\" style=\"width:137px;height:auto\" srcset=\"https:\/\/web.ciidiroaxaca.ipn.mx\/yortiz\/wp-content\/uploads\/sites\/51\/2025\/09\/yortiz.jpg 494w, https:\/\/web.ciidiroaxaca.ipn.mx\/yortiz\/wp-content\/uploads\/sites\/51\/2025\/09\/yortiz-220x300.jpg 220w, https:\/\/web.ciidiroaxaca.ipn.mx\/yortiz\/wp-content\/uploads\/sites\/51\/2025\/09\/yortiz-300x410.jpg 300w\" sizes=\"auto, (max-width: 494px) 100vw, 494px\" \/><\/figure>\n\n\n\n<h4 class=\"wp-block-heading alignwide has-text-align-center\">Doctorado en Ciencias en Fisiolog\u00eda Vegetal<\/h4>\n\n\n\n<p class=\"has-text-align-center\">Colegio de Posgraduados en Ciencias Agr\u00edcolas<\/p>\n\n\n\n<p class=\"has-text-align-center\"><strong>Maestr\u00eda en Ciencias en Fruticultura<\/strong><\/p>\n\n\n\n<p class=\"has-text-align-center\">Colegio de Postgraduados en Ciencias Agr\u00edcolas<\/p>\n\n\n\n<p class=\"has-text-align-center\"><strong>Ing. Agr\u00f3nomo en Fitotecnia<\/strong><\/p>\n\n\n\n<p class=\"has-text-align-center\">Universidad Aut\u00f3noma Chapingo<\/p>\n\n\n\n<p class=\"has-text-align-center\">&nbsp;&nbsp;&nbsp;&nbsp;&nbsp;&nbsp;&nbsp;&nbsp;&nbsp;&nbsp; <strong>Diplomado en Planeaci\u00f3n y Desarrollo Agropecuario<\/strong><\/p>\n\n\n\n<p class=\"has-text-align-center\">CESPA-SARH-ONU-CEPAL<\/p>\n\n\n\n<h6 class=\"wp-block-heading has-text-align-center\"><strong>Fundador y participante de la Red Nacional de la pitaya y pitahaya del SINAREFI-SNICS-SAGARPA<\/strong><\/h6>\n\n\n\n<p class=\"has-text-align-center\"><strong>Profesor Colegiado de la Maestr\u00eda y Doctorado en Ciencias en Conservaci\u00f3n y Aprovechamiento de Recursos Naturales, Instituto Polit\u00e9cnico Nacional, CIIDIR Oaxaca<\/strong><\/p>\n\n\n\n<h4 class=\"wp-block-heading has-text-align-center\">Investigador Nacional Nivel I<\/h4>\n\n\n\n<h6 class=\"wp-block-heading has-text-align-center\">Premio a la Investigaci\u00f3n en el IPN.                                                  1er lugar en el&nbsp; \u00e1rea de Recursos Naturales<\/h6>\n\n\n\n<p class=\"has-text-align-center\">Reconocimiento como Disertante en el Primer Seminario Internacional de Pitaya y Pitahaya. Ministerio de Agricultura y el Proyecto Desarrollo Fruticultura y Agroindustria en Guatemala<\/p>\n\n\n\n<p class=\"has-text-align-center\">1er lugar en el&nbsp;Certamen de Tesis nivel Doctorado (V Congreso Internacional y VII Nacional sobre el Conocimiento y Aprovechamiento del Nopal)<\/p>\n\n\n\n<p class=\"has-text-align-center\">3er lugar en el&nbsp;certamen de Tesis nivel Maestr\u00eda (III Congreso Internacional y V Nacional sobre el Conocimiento y Aprovechamiento del Nopal)<\/p>\n\n\n\n<p class=\"has-text-align-center\"><a href=\"https:\/\/orcid.org\/0000-0003-1637-8924\" target=\"_blank\" rel=\"noreferrer noopener\">https:\/\/orcid.org\/0000-0003-1637-8924<\/a><\/p>\n\n\n\n<p><strong>\u00c1reas de inter\u00e9s: &nbsp;<\/strong><\/p>\n\n\n\n<p>Cact\u00e1ceas, Agaves, Hylocereus (pitahayas), Capsicum y otras plantas nativas con potencial hortofrut\u00edcola<\/p>\n\n\n\n<p class=\"has-text-align-center\">Correo electr\u00f3nico: yortiz@ipn.mx &nbsp; &nbsp; &nbsp; &nbsp; &nbsp; &nbsp; Tel. (951) 5170610 Extensi\u00f3n: 82723<\/p>\n\n\n\n<p><\/p>\n","protected":false},"excerpt":{"rendered":"<p>Doctorado en Ciencias en Fisiolog\u00eda Vegetal Colegio de Posgraduados en Ciencias Agr\u00edcolas Maestr\u00eda en Ciencias en Fruticultura Colegio de Postgraduados en Ciencias Agr\u00edcolas Ing. Agr\u00f3nomo en Fitotecnia Universidad Aut\u00f3noma Chapingo &nbsp;&nbsp;&nbsp;&nbsp;&nbsp;&nbsp;&nbsp;&nbsp;&nbsp;&nbsp; Diplomado en Planeaci\u00f3n y Desarrollo Agropecuario CESPA-SARH-ONU-CEPAL Fundador y participante de la Red Nacional de la pitaya y pitahaya del SINAREFI-SNICS-SAGARPA Profesor Colegiado de [&hellip;]<\/p>\n","protected":false},"author":51,"featured_media":0,"parent":0,"menu_order":0,"comment_status":"closed","ping_status":"closed","template":"","meta":{"_swt_meta_header_display":false,"_swt_meta_footer_display":false,"_swt_meta_site_title_display":false,"_swt_meta_sticky_header":false,"_swt_meta_transparent_header":false,"footnotes":""},"class_list":["post-5","page","type-page","status-publish","hentry"],"_links":{"self":[{"href":"https:\/\/web.ciidiroaxaca.ipn.mx\/yortiz\/wp-json\/wp\/v2\/pages\/5","targetHints":{"allow":["GET"]}}],"collection":[{"href":"https:\/\/web.ciidiroaxaca.ipn.mx\/yortiz\/wp-json\/wp\/v2\/pages"}],"about":[{"href":"https:\/\/web.ciidiroaxaca.ipn.mx\/yortiz\/wp-json\/wp\/v2\/types\/page"}],"author":[{"embeddable":true,"href":"https:\/\/web.ciidiroaxaca.ipn.mx\/yortiz\/wp-json\/wp\/v2\/users\/51"}],"replies":[{"embeddable":true,"href":"https:\/\/web.ciidiroaxaca.ipn.mx\/yortiz\/wp-json\/wp\/v2\/comments?post=5"}],"version-history":[{"count":12,"href":"https:\/\/web.ciidiroaxaca.ipn.mx\/yortiz\/wp-json\/wp\/v2\/pages\/5\/revisions"}],"predecessor-version":[{"id":89,"href":"https:\/\/web.ciidiroaxaca.ipn.mx\/yortiz\/wp-json\/wp\/v2\/pages\/5\/revisions\/89"}],"wp:attachment":[{"href":"https:\/\/web.ciidiroaxaca.ipn.mx\/yortiz\/wp-json\/wp\/v2\/media?parent=5"}],"curies":[{"name":"wp","href":"https:\/\/api.w.org\/{rel}","templated":true}]}}