{"id":6,"date":"2012-08-03T21:12:26","date_gmt":"2012-08-03T21:12:26","guid":{"rendered":"https:\/\/web.ciidiroaxaca.ipn.mx\/vjimenezq\/dr-victor-guillermo-jimenez-quero\/"},"modified":"2025-10-20T09:27:05","modified_gmt":"2025-10-20T15:27:05","slug":"dr-victor-guillermo-jimenez-quero","status":"publish","type":"page","link":"https:\/\/web.ciidiroaxaca.ipn.mx\/vjimenezq\/","title":{"rendered":"Dr. V\u00edctor Guillermo Jim\u00e9nez Quero"},"content":{"rendered":"\n<figure class=\"wp-block-image aligncenter is-resized\"><img decoding=\"async\" src=\"https:\/\/web.ciidiroaxaca.ipn.mx\/vjimenezq\/wp-content\/uploads\/sites\/23\/2012\/08\/Foto-personal.jpg\" alt=\"Dr. V\u00edctor Guillermo Jim\u00e9nez Quero\" style=\"width:174px;height:auto\"\/><\/figure>\n\n\n\n<h3 class=\"wp-block-heading has-text-align-center\">Dr. en Ciencia de Materiales<\/h3>\n\n\n\n<p class=\"has-text-align-center\">Por el Centro de Investigaci\u00f3n en Materiales Avanzados (CIMAV) Unidad Chihuahua<\/p>\n\n\n\n<p class=\"has-text-align-left rtecenter\"><strong>&nbsp;Diplomados en:<\/strong><\/p>\n\n\n\n<ul class=\"wp-block-list\">\n<li>Formaci\u00f3n y Actualizaci\u00f3n Docente para un Nuevo Modelo Educativo<\/li>\n\n\n\n<li>Formaci\u00f3n Tecnol\u00f3gico-Ambiental para la Sustentabilidad<\/li>\n<\/ul>\n\n\n\n<h6 class=\"wp-block-heading has-text-align-center\"><em>Ganador del Premio a la Investigaci\u00f3n en el IPN 2020, en la Categor\u00eda Desarrollo Tecnol\u00f3gico<\/em><\/h6>\n\n\n\n<p class=\"has-text-align-center rtecenter\">(Menci\u00f3n Honor\u00edfica)<\/p>\n\n\n\n<p class=\"has-text-align-center rtecenter\">Profesor colegiado del posgrado del CIIDIR Unidad Oaxaca, Instituto Polit\u00e9cnico Nacional.<\/p>\n\n\n\n<p class=\"has-text-align-center\">Coordinador del Cuerpo Acad\u00e9mico de Ingenier\u00eda de la MCCARN<\/p>\n\n\n\n<p class=\"rtecenter\"><strong>&nbsp;Intereses de Investigaci\u00f3n:<\/strong><\/p>\n\n\n\n<ul class=\"wp-block-list\">\n<li>Uso materiales suplementarios para elaborar concreto hidr\u00e1ulico<\/li>\n\n\n\n<li>Evaluaci\u00f3n de la durabilidad de concretos hidr\u00e1ulicos ecol\u00f3gicos<\/li>\n\n\n\n<li>Desarrollo de materiales sustentables (cer\u00e1micos y compuestos)<\/li>\n<\/ul>\n\n\n\n<div class=\"wp-block-columns is-layout-flex wp-container-core-columns-is-layout-28f84493 wp-block-columns-is-layout-flex\">\n<div class=\"wp-block-column is-layout-flow wp-block-column-is-layout-flow\">\n<p class=\"has-text-align-center\">Correo electr\u00f3nico: vjimenezq@ipn.mx<\/p>\n<\/div>\n\n\n\n<div class=\"wp-block-column is-layout-flow wp-block-column-is-layout-flow\">\n<p class=\"has-text-align-center\">Ext. 82718<\/p>\n<\/div>\n<\/div>\n\n\n\n<p class=\"has-text-align-center\"><\/p>\n\n\n\n<p><\/p>\n","protected":false},"excerpt":{"rendered":"<p>Dr. en Ciencia de Materiales Por el Centro de Investigaci\u00f3n en Materiales Avanzados (CIMAV) Unidad Chihuahua &nbsp;Diplomados en: Ganador del Premio a la Investigaci\u00f3n en el IPN 2020, en la Categor\u00eda Desarrollo Tecnol\u00f3gico (Menci\u00f3n Honor\u00edfica) Profesor colegiado del posgrado del CIIDIR Unidad Oaxaca, Instituto Polit\u00e9cnico Nacional. Coordinador del Cuerpo Acad\u00e9mico de Ingenier\u00eda de la MCCARN [&hellip;]<\/p>\n","protected":false},"author":29,"featured_media":0,"parent":0,"menu_order":0,"comment_status":"closed","ping_status":"closed","template":"","meta":{"_swt_meta_header_display":false,"_swt_meta_footer_display":false,"_swt_meta_site_title_display":false,"_swt_meta_sticky_header":false,"_swt_meta_transparent_header":false,"footnotes":""},"class_list":["post-6","page","type-page","status-publish","hentry"],"_links":{"self":[{"href":"https:\/\/web.ciidiroaxaca.ipn.mx\/vjimenezq\/wp-json\/wp\/v2\/pages\/6","targetHints":{"allow":["GET"]}}],"collection":[{"href":"https:\/\/web.ciidiroaxaca.ipn.mx\/vjimenezq\/wp-json\/wp\/v2\/pages"}],"about":[{"href":"https:\/\/web.ciidiroaxaca.ipn.mx\/vjimenezq\/wp-json\/wp\/v2\/types\/page"}],"author":[{"embeddable":true,"href":"https:\/\/web.ciidiroaxaca.ipn.mx\/vjimenezq\/wp-json\/wp\/v2\/users\/29"}],"replies":[{"embeddable":true,"href":"https:\/\/web.ciidiroaxaca.ipn.mx\/vjimenezq\/wp-json\/wp\/v2\/comments?post=6"}],"version-history":[{"count":12,"href":"https:\/\/web.ciidiroaxaca.ipn.mx\/vjimenezq\/wp-json\/wp\/v2\/pages\/6\/revisions"}],"predecessor-version":[{"id":80,"href":"https:\/\/web.ciidiroaxaca.ipn.mx\/vjimenezq\/wp-json\/wp\/v2\/pages\/6\/revisions\/80"}],"wp:attachment":[{"href":"https:\/\/web.ciidiroaxaca.ipn.mx\/vjimenezq\/wp-json\/wp\/v2\/media?parent=6"}],"curies":[{"name":"wp","href":"https:\/\/api.w.org\/{rel}","templated":true}]}}