{"id":12,"date":"2014-02-25T20:43:42","date_gmt":"2014-02-25T20:43:42","guid":{"rendered":"https:\/\/web.ciidiroaxaca.ipn.mx\/vjimenezq\/coordinador-de-la-linea-de-investigacion-concreto-ecologico\/"},"modified":"2025-10-15T17:09:18","modified_gmt":"2025-10-15T17:09:18","slug":"concreto-ecologico","status":"publish","type":"page","link":"https:\/\/web.ciidiroaxaca.ipn.mx\/vjimenezq\/concreto-ecologico\/","title":{"rendered":"Coordinador de la L\u00ednea de Investigaci\u00f3n: Concreto Ecol\u00f3gico"},"content":{"rendered":"\n<p>Hoy en d\u00eda, ante los grandes desastres originados a causa del calentamiento global, existe un consenso mundial sobre la necesidad imperante de reducir, reciclar y reutilizar la mayor cantidad de desechos generados por los procesos industriales y de producci\u00f3n de energ\u00eda para evitar mayor deterioro al planeta. Los pa\u00edses industrializados han adoptado el uso de concretos ternarios, los cuales tiene como caracter\u00edstica principal la sustituci\u00f3n parcial del cemento portland por adiciones minerales como: el humo de s\u00edlice, la ceniza volante, la escoria granulada de alto horno, las cuales son desechos de origen industrial. Desafortunadamente esta soluci\u00f3n no ha podido aplicarse en todos los pa\u00edses principalmente porque no todos cuentan con la disponibilidad de ese tipo de adiciones.&nbsp;<\/p>\n\n\n\n<p>En M\u00e9xico, se cuenta con algunas adiciones minerales naturales pero se carece de adiciones industriales, y \u00e9stas actualmente se importan, lo cual incrementa el costo de construcci\u00f3n y limita su uso. Con base en lo anterior, se deduce que es necesario recurrir a otra fuente para la obtenci\u00f3n de adiciones minerales.<\/p>\n\n\n\n<p>En esta tem\u00e1tica, en a\u00f1os recientes se ha reportado que la composici\u00f3n qu\u00edmica de algunas cenizas, producto de la calcinaci\u00f3n de desechos agr\u00edcolas han sido usados como adiciones minerales en la elaboraci\u00f3n de morteros y concretos hidr\u00e1ulicos; los resultados demuestran que esas cenizas, en mezclas de concreto hidr\u00e1ulico, pueden reaccionar con el hidr\u00f3xido de calcio y formar silicatos hidratados de calcio adquiriendo con esto propiedades aglutinantes.<\/p>\n\n\n\n<p>Es por lo anterior que para nuestro pa\u00eds una fuente potencial de adiciones minerales se encuentra en las cenizas de desechos agro-industriales tales como: ceniza de c\u00e1scara de arroz, ceniza de paja de trigo, ceniza de paja de ca\u00f1a de az\u00facar y ceniza de bagazo de ca\u00f1a az\u00facar.<\/p>\n\n\n\n<p>En esta l\u00ednea de investigaci\u00f3n se dise\u00f1an, elaboran y caracterizan mezclas de morteros y concretos hidr\u00e1ulicos en los cuales un porcentaje de cemento es sustituido por una o dos cenizas de origen natural.<\/p>\n\n\n\n<p>La caracterizaci\u00f3n se lleva a cabo tanto en estado fresco como en estado endurecido. Se trata de obtener morteros y concretos m\u00e1s densos y m\u00e1s resistentes a la penetraci\u00f3n de agentes agresivos (morteros y concretos durables).<\/p>\n\n\n\n<p>Reducir parcialmente el uso del cemento portland por materiales de desecho tendr\u00e1 adem\u00e1s importantes beneficios ambientales, pues su producci\u00f3n actual, implica grandes emisiones de CO2 al ambiente.<\/p>\n","protected":false},"excerpt":{"rendered":"<p>Hoy en d\u00eda, ante los grandes desastres originados a causa del calentamiento global, existe un consenso mundial sobre la necesidad imperante de reducir, reciclar y reutilizar la mayor cantidad de desechos generados por los procesos industriales y de producci\u00f3n de energ\u00eda para evitar mayor deterioro al planeta. Los pa\u00edses industrializados han adoptado el uso de [&hellip;]<\/p>\n","protected":false},"author":29,"featured_media":0,"parent":0,"menu_order":0,"comment_status":"closed","ping_status":"closed","template":"","meta":{"_swt_meta_header_display":false,"_swt_meta_footer_display":false,"_swt_meta_site_title_display":false,"_swt_meta_sticky_header":false,"_swt_meta_transparent_header":false,"footnotes":""},"class_list":["post-12","page","type-page","status-publish","hentry"],"_links":{"self":[{"href":"https:\/\/web.ciidiroaxaca.ipn.mx\/vjimenezq\/wp-json\/wp\/v2\/pages\/12","targetHints":{"allow":["GET"]}}],"collection":[{"href":"https:\/\/web.ciidiroaxaca.ipn.mx\/vjimenezq\/wp-json\/wp\/v2\/pages"}],"about":[{"href":"https:\/\/web.ciidiroaxaca.ipn.mx\/vjimenezq\/wp-json\/wp\/v2\/types\/page"}],"author":[{"embeddable":true,"href":"https:\/\/web.ciidiroaxaca.ipn.mx\/vjimenezq\/wp-json\/wp\/v2\/users\/29"}],"replies":[{"embeddable":true,"href":"https:\/\/web.ciidiroaxaca.ipn.mx\/vjimenezq\/wp-json\/wp\/v2\/comments?post=12"}],"version-history":[{"count":3,"href":"https:\/\/web.ciidiroaxaca.ipn.mx\/vjimenezq\/wp-json\/wp\/v2\/pages\/12\/revisions"}],"predecessor-version":[{"id":54,"href":"https:\/\/web.ciidiroaxaca.ipn.mx\/vjimenezq\/wp-json\/wp\/v2\/pages\/12\/revisions\/54"}],"wp:attachment":[{"href":"https:\/\/web.ciidiroaxaca.ipn.mx\/vjimenezq\/wp-json\/wp\/v2\/media?parent=12"}],"curies":[{"name":"wp","href":"https:\/\/api.w.org\/{rel}","templated":true}]}}