{"id":7,"date":"2012-06-04T18:23:25","date_gmt":"2012-06-04T18:23:25","guid":{"rendered":"https:\/\/web.ciidiroaxaca.ipn.mx\/taquino\/tesis\/"},"modified":"2025-10-17T16:09:08","modified_gmt":"2025-10-17T22:09:08","slug":"tesis","status":"publish","type":"page","link":"https:\/\/web.ciidiroaxaca.ipn.mx\/taquino\/tesis\/","title":{"rendered":"Director de Tesis"},"content":{"rendered":"\n<h3 class=\"wp-block-heading\"><strong>&nbsp;<\/strong>GRADUADOS DOCTORADO <\/h3>\n\n\n\n<p><strong>Hector Ahedo Quero 2024. Estrategias sustentables para el manejo de <em>Scyphophoporus acupunctatus <\/em>Gyllenhal en el cultivo de agave. Doctorado en Ciencias en Conservaci\u00f3n y Aprovechamiento de los recursos Naturales. Febrero 2024.<\/strong><\/p>\n\n\n\n<p><strong>Jair San Mart\u00ednez Yair 2022. Aspectos morfom\u00e9tricos y fisiol\u00f3gicos en chiles (Capsicum annumm L) nativos de Oaxaca.&nbsp; Doctorado en Ciencias en Conservaci\u00f3n y Aprovechamiento de los recursos Naturales. Julio 2022.<\/strong><\/p>\n\n\n\n<p><strong>Sergio Ines V\u00e1squez 2021. Alternativas bioecol\u00f3gicas para el control de nematodos fitopat\u00f3genos en tomate rojo (Solanum lycopersicum L.) cultivado en invernadero. Doctorado en Ciencias en Conservaci\u00f3n y Aprovechamiento de los recursos Naturales. Julio 2021.<\/strong><\/p>\n\n\n\n<p><\/p>\n\n\n\n<h3 class=\"wp-block-heading\"><strong>GRADUADOS MAESTR\u00cdA\u00a0<\/strong><\/h3>\n\n\n\n<p><\/p>\n\n\n\n<p><strong>Nicio Ventura Jos\u00e9 enrique. 2023. Abcisi\u00f3n de botones florales en Hylocereus spp por la incidencia de Leptoglosssu lineosus (Stal). Maestr\u00eda en Ciencias en Conservaci\u00f3n y Aprovechamiento de los Recursos Naturales<\/strong> julio 2023<br><\/p>\n\n\n\n<p><strong>Jes\u00fas Andr\u00e9s Morales L\u00f3pez 2023. <\/strong>Actividad antifungica de aceites esenciales para el manejo de Aspergillus nidulans y Aspergillus fumigatus in vitro. <strong>Maestr\u00eda en Ciencias en Conservaci\u00f3n y Aprovechamiento de los Recursos Naturales<\/strong> Enero 2023<\/p>\n\n\n\n<p><strong>Keyla Garc\u00eda Cruz 2022. P\u00e9rdidas ocasionadas por Sphenarium purpurascens en Zea mays y Medicago sativa y su manejo a base de hongos entomopatogenos en emulsiones de aceites. Maestr\u00eda en Ciencias en Conservaci\u00f3n y Aprovechamiento de los Recursos Naturales Diciembre 2022.&nbsp;<\/strong><\/p>\n\n\n\n<p><strong>Tamara Aquino Aguilar 2022. Efecto en el crecimiento de tilapia (Oreochromis sp) a base de pellets de larvas de Tenebrio <em>molitor y Galleria mellonella.<\/em> &nbsp;Maestr\u00eda en Ciencias en Conservaci\u00f3n y Aprovechamiento de los Recursos Naturales. Enero 2022<\/strong><\/p>\n\n\n\n<p><strong>Marlo San Juan Mart\u00ednez 2022. Extractos de prop\u00f3leos contra roya del cafeto (Hemileia vastractrix Berk y Broome). Maestr\u00eda en Ciencias en Conservaci\u00f3n y Aprovechamiento de los Recursos Naturales. julio 2022.<\/strong><br><\/p>\n\n\n\n<p><strong>Carlos Castillejos Reyes 2022. Fertilizaci\u00f3n de liberaci\u00f3n lenta en dos especies silvestres del genero agave. Maestr\u00eda en Ciencias en Conservaci\u00f3n y Aprovechamiento de los Recursos Naturales. julio 2022.<\/strong><br><\/p>\n\n\n\n<ul class=\"wp-block-list\">\n<li><strong>Aquino L\u00f3pez Tlacaelel 2020.<\/strong> Nocividad de Strategus aloeus L. en dos especies de agave y su manejo a base de hongos entomopatogenos asociados a aceites. 01 de junio 2020<\/li>\n\n\n\n<li><strong>H\u00e9ctor Osvaldo Ahedo Quero 2019.<\/strong> Nematodos entomopatogenos asociados a aceites Vegetales para el manejo del adulto de Scyphophorus acupunctatus Gyllenhal en agave spp. 21 de junio 2019<\/li>\n\n\n\n<li><strong>Jair San Juan Mart\u00ednez<\/strong> \u201cGerminaci\u00f3n, crecimiento y desarrollo de dos chiles nativos (<em>Capsicum annuum L<\/em>.) De Oaxaca en invernaderos\u201d. 4 de mayo de 2018. &nbsp;<\/li>\n\n\n\n<li><strong>Castruita Esparza Gabriela<\/strong> \u201cManejo biol\u00f3gico del gusano cogollero (<em>Spodoptera frugiperda Smith) <\/em>con nematodos entomopatogenos + adherentes en ma\u00edz (Zea mays)\u201d.15 de diciembre de 2017. &nbsp;<\/li>\n\n\n\n<li><strong>Fabiola Hortencia Hernandez Luis<\/strong> \u201cRelaciones solidarias en un grupo de ovinocultores de traspatio en el municipio de San Pablo Huitzo, Etla,Oaxaca\u201d, 27 de enero de 2017.&nbsp;<\/li>\n\n\n\n<li><strong>Sergio In\u00e9s V\u00e1squez.<\/strong> \u201c Organismos biol\u00f3gicos para el manejo del nematodo del nodulo <em>Meloigogyne incognita<\/em> (Kofoid y White) en tomate (<em>Solanum lycopersicum L.)<\/em> en condiciones semicontroladas\u201d, 23 de junio de 2016. &nbsp;<\/li>\n<\/ul>\n\n\n\n<p>&nbsp;<\/p>\n\n\n\n<h3 class=\"wp-block-heading\"><strong>ALUMNOS DE RESIDENCIA PROFESIONAL<\/strong><\/h3>\n\n\n\n<ul class=\"wp-block-list\">\n<li><strong>N\u00fa\u00f1ez Reyes Alexis Aldair<\/strong>, enero- abril 2018.\u201d Manejo Integrado del Picudo de Agave (<em>S.acupunctatus Gyllental<\/em>) Nematodos y Hongos Entomopatogenos&nbsp; en Agave potatorum Zuuc\u201d. Universidad Tecnol\u00f3gica de la Sierra Sur de Oaxaca.<\/li>\n\n\n\n<li><strong>Navarro Aparicio Manuel<\/strong>, julio-octubre 2017. \u201cManejo de Adultos del Picudo de Agave con Organismos Biol\u00f3gicos y su Efecto en su Viabilidad de Producci\u00f3n\u201d. Instituto Tecnol\u00f3gico de la Cuenca del Papaloapan.<\/li>\n\n\n\n<li><strong>\u00c1vila L\u00f3pez Neftal\u00ed Gumaro,<\/strong> julio-octubre 2017. \u201cManejo de Adultos del Picudo de Agave con Organismos Biol\u00f3gicos y su Efecto en su Viabilidad de Producci\u00f3n\u201d. Instituto Tecnol\u00f3gico de la Cuenca del Papaloapan.<\/li>\n\n\n\n<li><strong>Aquino L\u00f3pez Tlacaelel,<\/strong> 2016. \u201cControl Biol\u00f3gico de Garrapatas (<em>acari:Ixodidae<\/em>), con Nematodos Entomopatogenos + adherentes en laboratorio\u201d. Instituto Tecnol\u00f3gico del Valle de Oaxaca.&nbsp;<\/li>\n\n\n\n<li><strong>Santiago Sacarias Javier<\/strong>, febrero-septiembre 2015. Manejo Biol\u00f3gico del Nematodo del Nodulo (<em>Meloidogyne incognita<\/em>) a base de hongos y bacterias en tomate (<em>lycopersicum esculentum Mill<\/em>) en condiciones semicontrolados\u201d Universidad Tecnol\u00f3gica de Az\u00facar de matamoros Puebla.<\/li>\n\n\n\n<li><strong>Galindo Gonz\u00e1lez Ricardo<\/strong>, febrero- septiembre 2015. Manejo Biol\u00f3gico del Nematodo del Nodulo (<em>Meloidogyne incognita<\/em>) a base de hongos y bacterias en tomate (<em>lycopersicum esculentum Mill<\/em>) en condiciones semicontrolados\u201d Universidad Tecnol\u00f3gica de Az\u00facar de matamoros Puebla.<\/li>\n\n\n\n<li><strong>Orozco S\u00e1nchez Zoyla Dolores<\/strong>, septiembre 2014 &#8211; junio 2015. \u201cDeterminaci\u00f3n de umbrales de tolerancia en fruto de tomate de cascara (<em>Physalis ixocarpa Brot<\/em>) por los da\u00f1os ocasionados por gusano de fruto (<em>heliothis subflexa<\/em>) y sus m\u00e9todos de control con nematodos entomopatogenos\u201d. Instituto Tecnologio de Comitancilllo.<\/li>\n\n\n\n<li><strong>Hern\u00e1ndez Santiago Jos\u00e9 de Jes\u00fas<\/strong>, julio-noviembre 2014. \u201cEfectos de insectos polinizadores que intervienen en la obtenci\u00f3n de frutos en el tomate de cascara (<em>Physalis ixocarpa brot<\/em>)\u201d Instituto Tecnol\u00f3gico de la Cuenca del Papaloapan.<\/li>\n\n\n\n<li><strong>Bravo Gerardo Martin<\/strong>, julio-noviembre 2014. \u201cDa\u00f1os y P\u00e9rdidas Ocasionadas por el gusano del fruto (<em>Heliothis subflexa<\/em>) en tomate de cascara (<em>Physalis ixocarpa brot<\/em>). Instituto Tecnol\u00f3gico de la Cuenca del Papaloapan.<\/li>\n\n\n\n<li><strong>Vasquez Gonzales Rosa<\/strong>, mayo-agosto 2014. \u201cDa\u00f1os ocasionados por el gusano cogollero (<em>Spodoptera frugiperda Smith<\/em>) en ma\u00edz (<em>Zea mays L.)<\/em> y sus m\u00e9todos de control con nematodos entomopatogenos\u201d. Universidad Tecnol\u00f3gica de la Sierra Sur.<\/li>\n\n\n\n<li><strong>L\u00f3pez P\u00e9rez Jaime<\/strong>, julio-octubre 2013. \u201cManejo Biol\u00f3gico de Nematodos Fitopatogenos en Jitomate\u201d. Instituto Tecnol\u00f3gico de la Cuenca del Papaloapan.<\/li>\n\n\n\n<li><strong>Caravantes Cerna Leonardo Manuel<\/strong>, abril-octubre 2013.\u201d Polinizacion&nbsp; Entomofila de las frores de tomate de cascara (<em>physalis spp<\/em>). Instituto Tecnol\u00f3gico del Valle de Oaxaca.<\/li>\n\n\n\n<li><strong>&nbsp;Yescas de los Angeles Jose<\/strong>, julio- noviembre 2010. \u201cEvaluaci\u00f3n de la Vida de Anaquel de Formulaciones de Nematodos\u201d. Instituto Tecnol\u00f3gico de la Cuenca del Papaloapan.<\/li>\n\n\n\n<li><strong>Mart\u00ednez Francisco Juana<\/strong>, julio-noviembre 2010. \u201cEvaluaci\u00f3n de la Vida de Anaquel de Formulaciones de Nematodos\u201d. Instituto Tecnol\u00f3gico de la Cuenca del Papaloapan.<\/li>\n\n\n\n<li><strong>Leticia Sosa Miguel<\/strong>, agosto 2003-enero 2004. \u201cFormulaci\u00f3n y Efectividad de Hongos y Nematodos Entomopatogenos para el control de <em>phyllophaga ssp<\/em>\u201d. Instituto Tecnol\u00f3gico de Comitancillo.<\/li>\n\n\n\n<li><strong>Maricela Mendoza Flores<\/strong>, agosto 2003-enero 2004. \u201cFormulaci\u00f3n y Efectividad de Hongos y Nematodos Entomopatogenos para el control de <em>phyllophaga ssp<\/em>\u201d. Instituto Tecnol\u00f3gico de Comitancillo.<\/li>\n<\/ul>\n\n\n\n<p><\/p>\n","protected":false},"excerpt":{"rendered":"<p>&nbsp;GRADUADOS DOCTORADO Hector Ahedo Quero 2024. Estrategias sustentables para el manejo de Scyphophoporus acupunctatus Gyllenhal en el cultivo de agave. Doctorado en Ciencias en Conservaci\u00f3n y Aprovechamiento de los recursos Naturales. Febrero 2024. Jair San Mart\u00ednez Yair 2022. Aspectos morfom\u00e9tricos y fisiol\u00f3gicos en chiles (Capsicum annumm L) nativos de Oaxaca.&nbsp; Doctorado en Ciencias en Conservaci\u00f3n [&hellip;]<\/p>\n","protected":false},"author":46,"featured_media":0,"parent":0,"menu_order":0,"comment_status":"closed","ping_status":"closed","template":"","meta":{"_swt_meta_header_display":false,"_swt_meta_footer_display":false,"_swt_meta_site_title_display":false,"_swt_meta_sticky_header":false,"_swt_meta_transparent_header":false,"footnotes":""},"class_list":["post-7","page","type-page","status-publish","hentry"],"_links":{"self":[{"href":"https:\/\/web.ciidiroaxaca.ipn.mx\/taquino\/wp-json\/wp\/v2\/pages\/7","targetHints":{"allow":["GET"]}}],"collection":[{"href":"https:\/\/web.ciidiroaxaca.ipn.mx\/taquino\/wp-json\/wp\/v2\/pages"}],"about":[{"href":"https:\/\/web.ciidiroaxaca.ipn.mx\/taquino\/wp-json\/wp\/v2\/types\/page"}],"author":[{"embeddable":true,"href":"https:\/\/web.ciidiroaxaca.ipn.mx\/taquino\/wp-json\/wp\/v2\/users\/46"}],"replies":[{"embeddable":true,"href":"https:\/\/web.ciidiroaxaca.ipn.mx\/taquino\/wp-json\/wp\/v2\/comments?post=7"}],"version-history":[{"count":7,"href":"https:\/\/web.ciidiroaxaca.ipn.mx\/taquino\/wp-json\/wp\/v2\/pages\/7\/revisions"}],"predecessor-version":[{"id":71,"href":"https:\/\/web.ciidiroaxaca.ipn.mx\/taquino\/wp-json\/wp\/v2\/pages\/7\/revisions\/71"}],"wp:attachment":[{"href":"https:\/\/web.ciidiroaxaca.ipn.mx\/taquino\/wp-json\/wp\/v2\/media?parent=7"}],"curies":[{"name":"wp","href":"https:\/\/api.w.org\/{rel}","templated":true}]}}