{"id":6,"date":"2012-06-04T18:22:47","date_gmt":"2012-06-04T18:22:47","guid":{"rendered":"https:\/\/web.ciidiroaxaca.ipn.mx\/taquino\/proyectos-de-investigacion\/"},"modified":"2025-10-27T14:45:03","modified_gmt":"2025-10-27T20:45:03","slug":"proyectos-de-investigacion","status":"publish","type":"page","link":"https:\/\/web.ciidiroaxaca.ipn.mx\/taquino\/proyectos-de-investigacion\/","title":{"rendered":"Proyectos de Investigaci\u00f3n"},"content":{"rendered":"\n<ul class=\"wp-block-list\">\n<li>An\u00e1lisis de la incidencia de da\u00f1os ocacionados por insectos plagas en el cultivo de agave sp mediante machine learnin. SIP. 20250863<\/li>\n\n\n\n<li>Actividad antifungica de aceites esenciales para el manejo de Aspergillus nidulans y Aspergillus fumigatus in vitro. SIP. 20231509<\/li>\n\n\n\n<li>NOCIVIDAD DE Sphenarium purpurascens Charp. EN MAIZ (Zea mays)y ALFALFA (Medicago sativa) Y SU MANEJO A BASE DE ENTOMOPATOGENOS EN EMULSIONES DE ACEITES. SIP. 20210810<\/li>\n\n\n\n<li>Determinaci\u00f3n de aspectos bioe-col\u00f3gicos y nocividad de Strategus aloeus L. asociados al cultivo de Agave y su manejo a base de entomopatogenos. SIP. 20200755&nbsp;<\/li>\n\n\n\n<li>Determinaci\u00f3n de aspectos bioe-col\u00f3gicos y nocividad de Strategus aloeus L. asociados al cultivo de Agave y su manejo a base de entomopatogenos SIP. 20195499&nbsp;<\/li>\n\n\n\n<li>2017. Manejo Integrado del picudo de Agave (Scyphophorus acupunctatus Gyllenhal) Con nematodos y Hongos Entomopatogenos en Agave Potatorum Zucc. 20170220&nbsp;<\/li>\n\n\n\n<li>2015. Umbrales de tolerancia y enmiendas organicas contra el nematodo del nodulo meloidogyne incognita en tomate (lycopersicum esculentum mill) 20151430&nbsp;<\/li>\n\n\n\n<li>2015. Evaluacion de germoplasma de Physalis ixocarpa brot., su fisiolog\u00eda nutrici\u00f3n y manejo, para optimizar el rendimiento. 20140511.&nbsp;<\/li>\n\n\n\n<li>2015. Practicas agoecologicas para la producci\u00f3n sostenible de ma\u00edz y frijol. Sip 20140535.&nbsp;<\/li>\n\n\n\n<li>2015. Inoculos multicepa solubilizadores de fosfato en maguey mezcalero en sustrato organico. Sip. 20141126&nbsp;<\/li>\n\n\n\n<li>2014. manejo biol\u00f3gico de nematodos fitopatogenos spp en jitomate (Solanum lycopersicum). SIP 20131293.&nbsp;<\/li>\n\n\n\n<li>2014. Evaluaci\u00f3n del germoplasma de physalis ixocarpa Brot. Su fisiolog\u00eda, nutrici\u00f3n y manejo, para optimizar el rendimiento. SIP 20130042&nbsp;<\/li>\n\n\n\n<li>2013. Pr\u00e1cticas agrobiol\u00f3gicas para la producci\u00f3n sostenible de ma\u00edz y frijol&nbsp;SIP: 20130232&nbsp;<\/li>\n\n\n\n<li>2013. Manejo biol\u00f3gico de nematodos fitopatogenos spp en jitomate (Solanum lycopersicum) SIP 20131293.&nbsp;<\/li>\n\n\n\n<li>2013. Evaluaci\u00f3n de germoplasma de Physalis ixocarpa Brox. su fisiolog\u00eda e interacci\u00f3n con el ambiente para optimizar el rendimiento y la calidad del fruto. SIP 20130042&nbsp;<\/li>\n\n\n\n<li>2012. Colecta, caracterizaci\u00f3n morfol\u00f3gica y entomofauna asociada al cultivo de chile de agua (Capsicum annuum L.) SIP 20110251&nbsp;<\/li>\n\n\n\n<li>&nbsp;2012. Propagulos microbianos viables en la rizosfera de maguey mezcalero y ma\u00edz y compatibilidad funcional de hongos de micorriza arbuscular nativos en maguey mezcalero. SIP 20110480&nbsp;<\/li>\n\n\n\n<li>2011. Prop\u00e1gulos microbianos viables en la riz\u00f3sfera de maguey mezcalero y ma\u00edz y compatibilidad funcional de hongos micorriza arbuscular nativa en maguey mezcalero.SIP 20110480<\/li>\n\n\n\n<li>2011.- Manejo biol\u00f3gico del picudo de agave (Scyphophorus acupunctatus Gyllenhal) en Oaxaca M\u00e9xico SIP 2011645&nbsp;<\/li>\n\n\n\n<li>2010- 2011.Formulaciones de cepas nativas e inducidas de nematodos entomopatogenos para el control de gallina ciega (Phyllophaga vetula Horn (zea mays) SIP 20100510&nbsp;<\/li>\n\n\n\n<li>2010.- 2011 Prop\u00e1galos microbianos viables en la rizosfera de maguey y ma\u00edz compativilidad funcional de hongos de micorriza arbuscular nativa en maguey mezcalero SIP 20100492&nbsp;<\/li>\n\n\n\n<li>2008 &#8211; 2010&nbsp; Evaluaci\u00f3n de formulaciones de cepas nativas e inducidas de nem\u00e1todos entomopat\u00f3genos para el control de gallina ciega (Phyllophaga vetula horn) en ma\u00edz (Zea mays)&nbsp; (SIP 20082457).<\/li>\n<\/ul>\n\n\n\n<p><\/p>\n","protected":false},"excerpt":{"rendered":"","protected":false},"author":46,"featured_media":0,"parent":0,"menu_order":0,"comment_status":"closed","ping_status":"closed","template":"","meta":{"_swt_meta_header_display":false,"_swt_meta_footer_display":false,"_swt_meta_site_title_display":false,"_swt_meta_sticky_header":false,"_swt_meta_transparent_header":false,"footnotes":""},"class_list":["post-6","page","type-page","status-publish","hentry"],"_links":{"self":[{"href":"https:\/\/web.ciidiroaxaca.ipn.mx\/taquino\/wp-json\/wp\/v2\/pages\/6","targetHints":{"allow":["GET"]}}],"collection":[{"href":"https:\/\/web.ciidiroaxaca.ipn.mx\/taquino\/wp-json\/wp\/v2\/pages"}],"about":[{"href":"https:\/\/web.ciidiroaxaca.ipn.mx\/taquino\/wp-json\/wp\/v2\/types\/page"}],"author":[{"embeddable":true,"href":"https:\/\/web.ciidiroaxaca.ipn.mx\/taquino\/wp-json\/wp\/v2\/users\/46"}],"replies":[{"embeddable":true,"href":"https:\/\/web.ciidiroaxaca.ipn.mx\/taquino\/wp-json\/wp\/v2\/comments?post=6"}],"version-history":[{"count":5,"href":"https:\/\/web.ciidiroaxaca.ipn.mx\/taquino\/wp-json\/wp\/v2\/pages\/6\/revisions"}],"predecessor-version":[{"id":76,"href":"https:\/\/web.ciidiroaxaca.ipn.mx\/taquino\/wp-json\/wp\/v2\/pages\/6\/revisions\/76"}],"wp:attachment":[{"href":"https:\/\/web.ciidiroaxaca.ipn.mx\/taquino\/wp-json\/wp\/v2\/media?parent=6"}],"curies":[{"name":"wp","href":"https:\/\/api.w.org\/{rel}","templated":true}]}}