{"id":4,"date":"2012-06-04T18:21:09","date_gmt":"2012-06-04T18:21:09","guid":{"rendered":"https:\/\/web.ciidiroaxaca.ipn.mx\/taquino\/dr-teodulfo-aquino-bolanos\/"},"modified":"2025-10-27T14:26:03","modified_gmt":"2025-10-27T20:26:03","slug":"dr-teodulfo-aquino-bolanos","status":"publish","type":"page","link":"https:\/\/web.ciidiroaxaca.ipn.mx\/taquino\/","title":{"rendered":"Dr. Teodulfo Aquino Bola\u00f1os"},"content":{"rendered":"\n<figure class=\"wp-block-image aligncenter size-large is-resized\"><img loading=\"lazy\" decoding=\"async\" width=\"768\" height=\"1024\" src=\"https:\/\/web.ciidiroaxaca.ipn.mx\/taquino\/wp-content\/uploads\/sites\/46\/2025\/10\/3854B55A-22C2-4765-811E-F3DAE56CFA63-768x1024.jpeg\" alt=\"Dr. Teodulfo Aquino Bola\u00f1os\" class=\"wp-image-61\" style=\"width:295px;height:auto\" srcset=\"https:\/\/web.ciidiroaxaca.ipn.mx\/taquino\/wp-content\/uploads\/sites\/46\/2025\/10\/3854B55A-22C2-4765-811E-F3DAE56CFA63-768x1024.jpeg 768w, https:\/\/web.ciidiroaxaca.ipn.mx\/taquino\/wp-content\/uploads\/sites\/46\/2025\/10\/3854B55A-22C2-4765-811E-F3DAE56CFA63-225x300.jpeg 225w, https:\/\/web.ciidiroaxaca.ipn.mx\/taquino\/wp-content\/uploads\/sites\/46\/2025\/10\/3854B55A-22C2-4765-811E-F3DAE56CFA63-1152x1536.jpeg 1152w, https:\/\/web.ciidiroaxaca.ipn.mx\/taquino\/wp-content\/uploads\/sites\/46\/2025\/10\/3854B55A-22C2-4765-811E-F3DAE56CFA63-1536x2048.jpeg 1536w, https:\/\/web.ciidiroaxaca.ipn.mx\/taquino\/wp-content\/uploads\/sites\/46\/2025\/10\/3854B55A-22C2-4765-811E-F3DAE56CFA63-scaled.jpeg 1920w\" sizes=\"auto, (max-width: 768px) 100vw, 768px\" \/><\/figure>\n\n\n\n<h3 class=\"wp-block-heading has-text-align-center\">Doctor en Ciencias Agr\u00edcolas, Universidad de Ciego de \u00c1vila, Cuba.<\/h3>\n\n\n\n<p class=\"has-text-align-center\">Profesor Colegiado del Posgrado del CIIDIR Oaxaca IPN.<\/p>\n\n\n\n<p><strong>\u00c1reas de inter\u00e9s:<\/strong> Control biol\u00f3gico y Patolog\u00eda de insectos de inter\u00e9s agr\u00edcola.<\/p>\n\n\n\n<div class=\"wp-block-columns is-layout-flex wp-container-core-columns-is-layout-28f84493 wp-block-columns-is-layout-flex\">\n<div class=\"wp-block-column is-layout-flow wp-block-column-is-layout-flow\">\n<p class=\"has-text-align-center\">e-mail: taquino@ipn.mx<\/p>\n<\/div>\n\n\n\n<div class=\"wp-block-column is-layout-flow wp-block-column-is-layout-flow\">\n<p class=\"has-text-align-center\">Extensi\u00f3n: 82725<\/p>\n<\/div>\n<\/div>\n","protected":false},"excerpt":{"rendered":"<p>Doctor en Ciencias Agr\u00edcolas, Universidad de Ciego de \u00c1vila, Cuba. Profesor Colegiado del Posgrado del CIIDIR Oaxaca IPN. \u00c1reas de inter\u00e9s: Control biol\u00f3gico y Patolog\u00eda de insectos de inter\u00e9s agr\u00edcola. e-mail: taquino@ipn.mx Extensi\u00f3n: 82725<\/p>\n","protected":false},"author":46,"featured_media":0,"parent":0,"menu_order":0,"comment_status":"closed","ping_status":"closed","template":"","meta":{"_swt_meta_header_display":false,"_swt_meta_footer_display":false,"_swt_meta_site_title_display":false,"_swt_meta_sticky_header":false,"_swt_meta_transparent_header":false,"footnotes":""},"class_list":["post-4","page","type-page","status-publish","hentry"],"_links":{"self":[{"href":"https:\/\/web.ciidiroaxaca.ipn.mx\/taquino\/wp-json\/wp\/v2\/pages\/4","targetHints":{"allow":["GET"]}}],"collection":[{"href":"https:\/\/web.ciidiroaxaca.ipn.mx\/taquino\/wp-json\/wp\/v2\/pages"}],"about":[{"href":"https:\/\/web.ciidiroaxaca.ipn.mx\/taquino\/wp-json\/wp\/v2\/types\/page"}],"author":[{"embeddable":true,"href":"https:\/\/web.ciidiroaxaca.ipn.mx\/taquino\/wp-json\/wp\/v2\/users\/46"}],"replies":[{"embeddable":true,"href":"https:\/\/web.ciidiroaxaca.ipn.mx\/taquino\/wp-json\/wp\/v2\/comments?post=4"}],"version-history":[{"count":11,"href":"https:\/\/web.ciidiroaxaca.ipn.mx\/taquino\/wp-json\/wp\/v2\/pages\/4\/revisions"}],"predecessor-version":[{"id":75,"href":"https:\/\/web.ciidiroaxaca.ipn.mx\/taquino\/wp-json\/wp\/v2\/pages\/4\/revisions\/75"}],"wp:attachment":[{"href":"https:\/\/web.ciidiroaxaca.ipn.mx\/taquino\/wp-json\/wp\/v2\/media?parent=4"}],"curies":[{"name":"wp","href":"https:\/\/api.w.org\/{rel}","templated":true}]}}