{"id":7,"date":"2011-11-09T16:27:10","date_gmt":"2011-11-09T16:27:10","guid":{"rendered":"https:\/\/web.ciidiroaxaca.ipn.mx\/strujila\/tesis\/"},"modified":"2025-12-04T17:56:17","modified_gmt":"2025-12-04T23:56:17","slug":"tesis","status":"publish","type":"page","link":"https:\/\/web.ciidiroaxaca.ipn.mx\/strujila\/tesis\/","title":{"rendered":"Direcci\u00f3n de tesis"},"content":{"rendered":"\n<p><em>Disponibilidad de temas de tesis de Maestr\u00eda en Ciencias, sobre C\u00f3digo de Barras de ADN de varias familias bot\u00e1nicas de un bosque mes\u00f3filo de monta\u00f1a.&nbsp;<\/em><\/p>\n\n\n\n<ul class=\"wp-block-list\">\n<li><strong>Licenciatura.<\/strong>Zaira Dalila Cort\u00e9s L\u00f3pez. 2025. Tesis: Identificaci\u00f3n molecular de un membr\u00e1cido comestible en Oaxaca y su planta hospedera con el uso del c\u00f3digo de barras de ADN. Facultad de Sistemas Biol\u00f3gicos e Innovaci\u00f3n Tecnol\u00f3gica. Universidad Aut\u00f3noma Benito Ju\u00e1rez de Oaxaca.<\/li>\n\n\n\n<li><strong>Maestr\u00eda.\u00a0 <\/strong>Miriam Ram\u00edrez Velasco. 2025. Tesis: An\u00e1lisis social, ecol\u00f3gico y molecular de la invasi\u00f3n del helecho <em>Pteridium<\/em> sp. y propuestas para rehabilitar terrenos agr\u00edcolas en La Luz, Sierra Norte de Oaxaca. Maestr\u00eda en Ciencias en Conservaci\u00f3n y Aprovechamiento de Recursos Naturales.\u00a0 CIIDIR IPN Unidad Oaxaca.<\/li>\n\n\n\n<li><strong>Maestr\u00eda<\/strong>. \u00a0Yesenia Pacheco Hern\u00e1ndez. \u00a02015. \u00a0Tesis: Estructura y diversidad gen\u00e9tica de Malacomeles denticulata asociada a diferentes tipos de vegetaci\u00f3n de Oaxaca, M\u00e9xico. \u00a0Maestr\u00eda en Ciencias en Conservaci\u00f3n y Aprovechamiento de Recursos Naturales. \u00a0CIIDIR IPN Unidad Oaxaca.<\/li>\n\n\n\n<li><strong>Maestr\u00eda<\/strong>. \u00a0Gerardo S\u00e1nchez Garc\u00eda. \u00a02015. \u00a0Tesis: Estructura gen\u00e9tica de Pinus patula Schl. et Cham en un gradiente altitudinal en Ixtl\u00e1n de Ju\u00e1rez, Oaxaca. \u00a0Maestria en Ciencias en Conservaci\u00f3n y Aprovechamiento de Recursos Naturales. \u00a0CIIDIR IPN Unidad Oaxaca.<\/li>\n\n\n\n<li><strong>Maestr\u00eda<\/strong>. \u00a0Nancy Irais Bautista Colmenares. \u00a02013. \u00a0Tesis: Estudio aloenzim\u00e1tico en poblaciones de Malacomeles denticulata en la regi\u00f3n Central de Oaxaca, M\u00e9xico. \u00a0Maestria en Ciencias en Conservaci\u00f3n y Aprovechamiento de Recursos Naturales. \u00a0CIIDIR IPN Unidad Oaxaca.\u00a0<\/li>\n\n\n\n<li><strong>Maestr\u00eda<\/strong>. \u00a0Zaneli \u00a0Gomez Ocampo. 2007. Tesis: Diversidad gen\u00e9tica de una bromelia de importancia comercial. \u00a0Maestria en Ciencias en Conservaci\u00f3n y Aprovechamiento de Recursos Naturales. \u00a0CIIDIR IPN Unidad Oaxaca.<\/li>\n\n\n\n<li><strong>Maestr\u00eda<\/strong>. \u00a0 Wilfrido Ram\u00edrez Toro. \u00a02005. \u00a0Tesis: \u00a0Estudio de la Estructura Gen\u00e9tica de Pinus chiapensis en una Poblaci\u00f3n Fragmentada de la Sierra Ju\u00e1rez, Oaxaca. Instituto Tecnol\u00f3gico de Oaxaca. \u00a0Divisi\u00f3n de Estudios de Posgrado e Investigaci\u00f3n.<\/li>\n<\/ul>\n","protected":false},"excerpt":{"rendered":"<p>Disponibilidad de temas de tesis de Maestr\u00eda en Ciencias, sobre C\u00f3digo de Barras de ADN de varias familias bot\u00e1nicas de un bosque mes\u00f3filo de monta\u00f1a.&nbsp;<\/p>\n","protected":false},"author":76,"featured_media":0,"parent":0,"menu_order":0,"comment_status":"closed","ping_status":"closed","template":"","meta":{"_swt_meta_header_display":false,"_swt_meta_footer_display":false,"_swt_meta_site_title_display":false,"_swt_meta_sticky_header":false,"_swt_meta_transparent_header":false,"footnotes":""},"class_list":["post-7","page","type-page","status-publish","hentry"],"_links":{"self":[{"href":"https:\/\/web.ciidiroaxaca.ipn.mx\/strujila\/wp-json\/wp\/v2\/pages\/7","targetHints":{"allow":["GET"]}}],"collection":[{"href":"https:\/\/web.ciidiroaxaca.ipn.mx\/strujila\/wp-json\/wp\/v2\/pages"}],"about":[{"href":"https:\/\/web.ciidiroaxaca.ipn.mx\/strujila\/wp-json\/wp\/v2\/types\/page"}],"author":[{"embeddable":true,"href":"https:\/\/web.ciidiroaxaca.ipn.mx\/strujila\/wp-json\/wp\/v2\/users\/76"}],"replies":[{"embeddable":true,"href":"https:\/\/web.ciidiroaxaca.ipn.mx\/strujila\/wp-json\/wp\/v2\/comments?post=7"}],"version-history":[{"count":4,"href":"https:\/\/web.ciidiroaxaca.ipn.mx\/strujila\/wp-json\/wp\/v2\/pages\/7\/revisions"}],"predecessor-version":[{"id":56,"href":"https:\/\/web.ciidiroaxaca.ipn.mx\/strujila\/wp-json\/wp\/v2\/pages\/7\/revisions\/56"}],"wp:attachment":[{"href":"https:\/\/web.ciidiroaxaca.ipn.mx\/strujila\/wp-json\/wp\/v2\/media?parent=7"}],"curies":[{"name":"wp","href":"https:\/\/api.w.org\/{rel}","templated":true}]}}