{"id":5,"date":"2011-11-09T16:18:46","date_gmt":"2011-11-09T16:18:46","guid":{"rendered":"https:\/\/web.ciidiroaxaca.ipn.mx\/strujila\/publicaciones\/"},"modified":"2025-12-04T17:06:28","modified_gmt":"2025-12-04T23:06:28","slug":"publicaciones","status":"publish","type":"page","link":"https:\/\/web.ciidiroaxaca.ipn.mx\/strujila\/publicaciones\/","title":{"rendered":"Publicaciones"},"content":{"rendered":"\n<ul class=\"wp-block-list\">\n<li>del Castillo, R. F., <strong>Trujillo-Argueta, S<\/strong>., S\u00e1nchez-Garc\u00eda, J. A., &amp; Jarqu\u00edn-L\u00f3pez, R. (2025). From Pest to Protein: Edible Cicadas and Their Leucaena Association in Monte Alb\u00e1n, Oaxaca, Mexico. Journal of Ethnobiology, 02780771251349287.<\/li>\n\n\n\n<li><strong>Trujillo-Argueta, S.<\/strong>, del Castillo, R. F., Corte\u0301s-Lo\u0301pez, Z. D., Guzma\u0301n-Va\u0301squez, H. M., &amp; Sa\u0301nchez-Garc\u0131\u0301a, J. A. (2025). Morphological description and DNA barcoding of an edible insect and its host plant in Oaxaca, Mexico. Journal of Insects as Food and Feed, 1(aop), 1-12. DOI: 10.1163\/23524588-bja10204<\/li>\n\n\n\n<li>Del Castillo, R.F. and <strong>S.Trujillo-Argueta<\/strong>. Heterospecific pollen transfer, self-Assurance, and the distributio of dioecy and hermaphroditism in a single species:The importance of pollen landscapes. 2022. International Journal of Plant Sciences Vol 183 No. 8 &nbsp;https:\/\/doi.org\/10.1086\/721652 &nbsp;11pags.<\/li>\n\n\n\n<li>T<strong>rujillo-Argueta S<\/strong>, del Castillo RF, Velasco-Murgu\u00eda A. 2022. Testing the effectiveness of rbcLa DNA-barcoding for species discrimination in tropical montane cloud forest vascular plants (Oaxaca, Mexico) using BLAST, genetic distance, and tree-based methods. PeerJ 10:e13771 https:\/\/doi.org\/10.7717\/peerj.13771<\/li>\n\n\n\n<li><strong>Trujillo-Argueta, S<\/strong>., Del Castillo, R. F., Tejero-Diez, D., Matias-Cervantes, C. A., &amp; Velasco-Murgu\u00eda, A. (2021). <a href=\"https:\/\/www.nature.com\/articles\/s41598-021-02237-8\" target=\"_blank\" rel=\"noreferrer noopener\">DNA barcoding ferns in an unexplored tropical montane cloud forest area of southeast Oaxaca, Mexico.<\/a> Scientific reports, 11(1), 1-12.<\/li>\n\n\n\n<li>Del Castillo, R. F., Terrazas, T., <strong>Trujillo-Argueta, S<\/strong>., &amp; Rivera-Garc\u00eda, R. (2020). <a href=\"https:\/\/www.scielo.org.mx\/scielo.php?script=sci_arttext&amp;pid=S2007-42982020000200248\" target=\"_blank\" rel=\"noreferrer noopener\">Use of remote sensing and anatomical evidence at contrasting elevations to infer climate change sensitivity: preliminary results in Pinus patula<\/a>. Botanical Sciences, 98(2), 248-263.<\/li>\n\n\n\n<li>del Castillo, R. F., &amp; <strong>Trujillo\u2010Argueta, S. <\/strong>(2018). On the possible role of non reproductive traits for the evolution of unisexuality: Life\u2010history variation among males, females, and hermaphrodites in Opuntia robusta (Cactaceae). Ecology and Evolution.<\/li>\n\n\n\n<li>Del Castillo, R.F., <strong>Trujillo-Argueta, S<\/strong>., Rivera-Garc\u00eda, Raul, G\u00f3mez-Ocampo, Zaneli and Mondrag\u00f3n-Chaparro, Demetria. 2013. Possible combined effects on climate change, deforestation, and harvesting on the epiphyte <em>Catopsis compacta<\/em> : a multidisciplinary approach. &nbsp;Ecology and Evolution 3(11): 3935-3946.<\/li>\n\n\n\n<li><strong>S. Trujillo Argueta<\/strong>, R.F. del Castillo. &nbsp;Fenolog\u00eda reproductiva de <em>Echinocactus platyacanthus<\/em> una biznaga com\u00fan de las zonas semi\u00e1ridas de M\u00e9xico. In: &nbsp;M. &nbsp;Briones-Salas, G. Manzanero Medina y G. Gonz\u00e1lez Perez, editores, 2013. &nbsp;Estudios en zonas \u00e1ridas de Oaxaca, homenaje al Dr. Alejandro Flores Mart\u00ednez. Instituto Polit\u00e9cnico Nacional, CIIDIR Oaxaca. &nbsp;Oaxaca, M\u00e9xico.<\/li>\n\n\n\n<li>del Castillo, R.F., <strong>Trujillo-Argueta, S<\/strong>., S\u00e1nchez-Vargas, N., Newton, A.C. 2011. Genetic factors associated with population size may increase extinction risks and decrease colonization potential in a keystone tropical pine. Evolutionary Applications 4: 574-588.<\/li>\n\n\n\n<li>Premoli A.C., C.P. Souto, <strong>S. Trujillo A.<\/strong>, R.F. del Castillo, P. Quiroga, T. Kitzberger, Z. Gomez Ocampo, M. Arbetman, L. Malizia, A. Grau, R.R. Garc\u00eda, and A.C. Newton. &nbsp;Impact of Forest Fragmentation and Degradation on Patterns of Genetic Variation and its Implication for Forest restoration. In: A.C. Newton and N. Tejedor, editores. 2011. &nbsp;Principles and Practice of Forest Landscape Restoration, Case studies from the Drylands of Latin America. &nbsp;School of Applied Sciences. Bournemouth University, Pool, Dorset, UK. The International Union for Conservation on Nature.<\/li>\n\n\n\n<li>del Castillo, R. F., <strong>Trujillo Argueta, S.<\/strong> and S\u00e1enz-Romero, C. &nbsp;2009. &nbsp;Pinus chiapensis, a keystone species: &nbsp;Genetics, ecology, and conservation. &nbsp; Forest Ecology and Management. &nbsp;257: 2201-2208.<\/li>\n\n\n\n<li>del Castillo, R. F. y <strong>S. Trujillo. &nbsp;<\/strong>2009. &nbsp;Evidence of restoration cost in the annual gynodioecious &nbsp;Phacelia dubia. &nbsp;Journal of Evolutionary Biology &nbsp;22(2): 306-313<\/li>\n\n\n\n<li>del Castillo, R. F. y <strong>S. Trujillo . <\/strong>2008. &nbsp;Effect of inbreeding depresi\u00f3n on outcrossing rates among populations of a tropical pine. &nbsp;New Phytologist . &nbsp;177 (2) : 517 &#8211; 524<\/li>\n\n\n\n<li>Premoli, A.C., del Castillo , R.F., Newton, A.,Bekessy, S., Mathiasen, P. Mart\u00ednez, C. Nu\u00f1ez, M. Quiroga, P., Souto, C., <strong>Trujillo, S.<\/strong> &nbsp;2007 Patterns of genetic variation in tree species. &nbsp;In: A. C. Newton, editor. Biodiversity Loss &amp; Conservation in Fragmented Forest Landscapes. &nbsp;CAB International, Wallingford, UK. Pp. 120-156.&nbsp;<\/li>\n\n\n\n<li><strong>Trujillo, A.S.<\/strong>, y &nbsp;R.F. del Castillo .2003. &nbsp;Electroforesis de Prote\u00ednas &nbsp;y su Empleo en Estudios Biol\u00f3gicos. &nbsp;Conversus. &nbsp;Instituto Polit\u00e9cnico Nacional. pag 16-22<\/li>\n\n\n\n<li>del Castillo, R. F. y <strong>S. Trujillo A.<\/strong> &nbsp;1997. &nbsp;Sobre la naturaleza calcifuga y calcicola en cact\u00e1ceas II: comparaciones de germinaci\u00f3n y establecimiento en Echinocactus platyacanthus y Ferocactus histrix. &nbsp;Cact\u00e1ceas y Suculentas Mexicanas 42: 51-59.&nbsp;<\/li>\n\n\n\n<li>del Castillo, R. F. y <strong>S. Trujillo.<\/strong> 1991. &nbsp;Ethnobotany of Ferocactus histrix and Echinocactus &nbsp;platyacanthus (Cactaceae) in the semiarid Central Mexico: past, present and future. &nbsp;Economic Botany 45: 495 &#8211; 592.&nbsp;<\/li>\n\n\n\n<li><strong>Trujillo, A.S.<\/strong> y &nbsp;M. Gonz\u00e1lez-Espinosa. &nbsp;1991. Hibridaci\u00f3n, Aislamiento Reproductivo y formas de reproducci\u00f3n, en Opuntia spp. &nbsp;Agrociencia 1: 39-58.&nbsp;<\/li>\n\n\n\n<li><strong>Trujillo, A.S.<\/strong> 1984. Echinocactus platyacanthus un ejemplo de distribuci\u00f3n disyunta. Cact\u00e1ceas y Suculentas Mexicanas. 29: 75-80.<\/li>\n<\/ul>\n\n\n\n<ul class=\"wp-block-list\">\n<li><\/li>\n<\/ul>\n\n\n\n<blockquote class=\"wp-block-quote is-layout-flow wp-block-quote-is-layout-flow\">\n<p><\/p>\n<\/blockquote>\n\n\n\n<p><\/p>\n","protected":false},"excerpt":{"rendered":"","protected":false},"author":76,"featured_media":0,"parent":0,"menu_order":0,"comment_status":"closed","ping_status":"closed","template":"","meta":{"_swt_meta_header_display":false,"_swt_meta_footer_display":false,"_swt_meta_site_title_display":false,"_swt_meta_sticky_header":false,"_swt_meta_transparent_header":false,"footnotes":""},"class_list":["post-5","page","type-page","status-publish","hentry"],"_links":{"self":[{"href":"https:\/\/web.ciidiroaxaca.ipn.mx\/strujila\/wp-json\/wp\/v2\/pages\/5","targetHints":{"allow":["GET"]}}],"collection":[{"href":"https:\/\/web.ciidiroaxaca.ipn.mx\/strujila\/wp-json\/wp\/v2\/pages"}],"about":[{"href":"https:\/\/web.ciidiroaxaca.ipn.mx\/strujila\/wp-json\/wp\/v2\/types\/page"}],"author":[{"embeddable":true,"href":"https:\/\/web.ciidiroaxaca.ipn.mx\/strujila\/wp-json\/wp\/v2\/users\/76"}],"replies":[{"embeddable":true,"href":"https:\/\/web.ciidiroaxaca.ipn.mx\/strujila\/wp-json\/wp\/v2\/comments?post=5"}],"version-history":[{"count":7,"href":"https:\/\/web.ciidiroaxaca.ipn.mx\/strujila\/wp-json\/wp\/v2\/pages\/5\/revisions"}],"predecessor-version":[{"id":52,"href":"https:\/\/web.ciidiroaxaca.ipn.mx\/strujila\/wp-json\/wp\/v2\/pages\/5\/revisions\/52"}],"wp:attachment":[{"href":"https:\/\/web.ciidiroaxaca.ipn.mx\/strujila\/wp-json\/wp\/v2\/media?parent=5"}],"curies":[{"name":"wp","href":"https:\/\/api.w.org\/{rel}","templated":true}]}}