{"id":4,"date":"2011-11-09T16:13:20","date_gmt":"2011-11-09T16:13:20","guid":{"rendered":"https:\/\/web.ciidiroaxaca.ipn.mx\/strujila\/dra-sonia-trujillo-argueta\/"},"modified":"2025-10-15T18:40:07","modified_gmt":"2025-10-15T18:40:07","slug":"dra-sonia-trujillo-argueta","status":"publish","type":"page","link":"https:\/\/web.ciidiroaxaca.ipn.mx\/strujila\/","title":{"rendered":"Dra. Sonia Trujillo Argueta"},"content":{"rendered":"\n<div class=\"wp-block-columns is-layout-flex wp-container-core-columns-is-layout-28f84493 wp-block-columns-is-layout-flex\">\n<div class=\"wp-block-column is-layout-flow wp-block-column-is-layout-flow\">\n<figure class=\"wp-block-image aligncenter\"><img loading=\"lazy\" decoding=\"async\" width=\"120\" height=\"120\" src=\"https:\/\/web.ciidiroaxaca.ipn.mx\/strujila\/wp-content\/uploads\/sites\/76\/2025\/07\/strujilla.jpg\" alt=\"Dra. Sonia Trujillo Argueta\" class=\"wp-image-23\"\/><\/figure>\n<\/div>\n\n\n\n<div class=\"wp-block-column is-layout-flow wp-block-column-is-layout-flow\">\n<figure class=\"wp-block-image aligncenter\"><img loading=\"lazy\" decoding=\"async\" width=\"180\" height=\"180\" src=\"https:\/\/web.ciidiroaxaca.ipn.mx\/strujila\/wp-content\/uploads\/sites\/76\/2025\/07\/large_Portada-mi-pag-web_0.jpg\" alt=\"Gen\u00e9tica de la conservaci\u00f3n de especies bot\u00e1nicas silvestres\nC\u00f3digo de barras de ADN.\" class=\"wp-image-22\" srcset=\"https:\/\/web.ciidiroaxaca.ipn.mx\/strujila\/wp-content\/uploads\/sites\/76\/2025\/07\/large_Portada-mi-pag-web_0.jpg 180w, https:\/\/web.ciidiroaxaca.ipn.mx\/strujila\/wp-content\/uploads\/sites\/76\/2025\/07\/large_Portada-mi-pag-web_0-150x150.jpg 150w\" sizes=\"auto, (max-width: 180px) 100vw, 180px\" \/><\/figure>\n<\/div>\n<\/div>\n\n\n\n<h3 class=\"wp-block-heading has-text-align-center\">Doctorado en Ciencias en Desarrollo Regional y Tecnol\u00f3gico<\/h3>\n\n\n\n<p class=\"has-text-align-center\">Tecnol\u00f3gico Nacional de M\u00e9xico. Instituto Tecnol\u00f3gico de Oaxaca.<\/p>\n\n\n\n<p class=\"has-text-align-center\">Maestr\u00eda en Ciencias. Colegio de Posgraduados de Montecillos,<\/p>\n\n\n\n<p class=\"has-text-align-center\">Estado de M\u00e9xico. &nbsp;\u00c1rea de Bot\u00e1nica.<\/p>\n\n\n\n<p class=\"has-text-align-center\">Licenciatura en Biolog\u00eda. FES Iztacala, UNAM.<\/p>\n\n\n\n<p class=\"has-text-align-center\">\u00c1reas de inter\u00e9s:<\/p>\n\n\n\n<p class=\"has-text-align-center\">Gen\u00e9tica de la conservaci\u00f3n de especies bot\u00e1nicas silvestres<\/p>\n\n\n\n<p class=\"has-text-align-center\">C\u00f3digo de barras de ADN.<\/p>\n\n\n\n<p class=\"has-text-align-center\">Sistema Nacional de Investigadores I<\/p>\n\n\n\n<p class=\"has-text-align-center\">Correo electr\u00f3nico: strujila@ipn.mx &nbsp; &nbsp; Extensi\u00f3n: 82729<\/p>\n\n\n\n<p><\/p>\n","protected":false},"excerpt":{"rendered":"<p>Doctorado en Ciencias en Desarrollo Regional y Tecnol\u00f3gico Tecnol\u00f3gico Nacional de M\u00e9xico. Instituto Tecnol\u00f3gico de Oaxaca. Maestr\u00eda en Ciencias. Colegio de Posgraduados de Montecillos, Estado de M\u00e9xico. &nbsp;\u00c1rea de Bot\u00e1nica. Licenciatura en Biolog\u00eda. FES Iztacala, UNAM. \u00c1reas de inter\u00e9s: Gen\u00e9tica de la conservaci\u00f3n de especies bot\u00e1nicas silvestres C\u00f3digo de barras de ADN. Sistema Nacional de [&hellip;]<\/p>\n","protected":false},"author":76,"featured_media":0,"parent":0,"menu_order":0,"comment_status":"closed","ping_status":"closed","template":"","meta":{"_swt_meta_header_display":false,"_swt_meta_footer_display":false,"_swt_meta_site_title_display":false,"_swt_meta_sticky_header":false,"_swt_meta_transparent_header":false,"footnotes":""},"class_list":["post-4","page","type-page","status-publish","hentry"],"_links":{"self":[{"href":"https:\/\/web.ciidiroaxaca.ipn.mx\/strujila\/wp-json\/wp\/v2\/pages\/4","targetHints":{"allow":["GET"]}}],"collection":[{"href":"https:\/\/web.ciidiroaxaca.ipn.mx\/strujila\/wp-json\/wp\/v2\/pages"}],"about":[{"href":"https:\/\/web.ciidiroaxaca.ipn.mx\/strujila\/wp-json\/wp\/v2\/types\/page"}],"author":[{"embeddable":true,"href":"https:\/\/web.ciidiroaxaca.ipn.mx\/strujila\/wp-json\/wp\/v2\/users\/76"}],"replies":[{"embeddable":true,"href":"https:\/\/web.ciidiroaxaca.ipn.mx\/strujila\/wp-json\/wp\/v2\/comments?post=4"}],"version-history":[{"count":2,"href":"https:\/\/web.ciidiroaxaca.ipn.mx\/strujila\/wp-json\/wp\/v2\/pages\/4\/revisions"}],"predecessor-version":[{"id":34,"href":"https:\/\/web.ciidiroaxaca.ipn.mx\/strujila\/wp-json\/wp\/v2\/pages\/4\/revisions\/34"}],"wp:attachment":[{"href":"https:\/\/web.ciidiroaxaca.ipn.mx\/strujila\/wp-json\/wp\/v2\/media?parent=4"}],"curies":[{"name":"wp","href":"https:\/\/api.w.org\/{rel}","templated":true}]}}