{"id":11,"date":"2011-11-09T16:44:45","date_gmt":"2011-11-09T16:44:45","guid":{"rendered":"https:\/\/web.ciidiroaxaca.ipn.mx\/strujila\/actividades-academicas\/"},"modified":"2025-10-15T18:40:47","modified_gmt":"2025-10-15T18:40:47","slug":"actividades-academicas","status":"publish","type":"page","link":"https:\/\/web.ciidiroaxaca.ipn.mx\/strujila\/actividades-academicas\/","title":{"rendered":"Actividades acad\u00e9micas"},"content":{"rendered":"\n<p><strong>Docente de las asignaturas:<\/strong><\/p>\n\n\n\n<ul class=\"wp-block-list\">\n<li><a href=\"https:\/\/web.ciidiroaxaca.ipn.mx\/strujila\/wp-content\/uploads\/sites\/76\/2011\/11\/Bases_Geneticas_Conservacion_Recursos_Bioticos.pdf\"><u>Bases gen\u00e9ticas de la conservaci\u00f3n de los recursos bi\u00f3ticos<\/u><\/a>\u00a0Maestr\u00eda en Ciencias en Conservaci\u00f3n y Aprovechamiento de Recursos Naturales. IPN CIIDIR Oaxaca.<\/li>\n\n\n\n<li><a href=\"https:\/\/web.ciidiroaxaca.ipn.mx\/strujila\/wp-content\/uploads\/sites\/76\/2011\/11\/SIP30_SEMINARIO_INV_II.pdf\"><u>Semina<\/u><\/a><u><a href=\"https:\/\/web.ciidiroaxaca.ipn.mx\/strujila\/wp-content\/uploads\/sites\/76\/2011\/11\/SIP30_SEMINARIO_INV_II.pdf\" target=\"_blank\" rel=\"noreferrer noopener\">r<\/a><\/u><a href=\"https:\/\/web.ciidiroaxaca.ipn.mx\/strujila\/wp-content\/uploads\/sites\/76\/2011\/11\/SIP30_SEMINARIO_INV_II.pdf\"><u>io de investigaci\u00f3n I<\/u><\/a>\u00a0Maestr\u00eda en Ciencias en Conservaci\u00f3n y Aprovechamiento de Recursos Naturales. IPN CIIDIR Oaxaca.<\/li>\n\n\n\n<li><a href=\"https:\/\/web.ciidiroaxaca.ipn.mx\/strujila\/wp-content\/uploads\/sites\/76\/2011\/11\/SIP30_SEMINARIO_INV_III.pdf\" target=\"_blank\" rel=\"noreferrer noopener\">Seminario de investigaci\u00f3n\u00a0<\/a>II\u00a0Maestr\u00eda en Ciencias en Conservaci\u00f3n y Aprovechamiento de Recursos Naturales. IPN CIIDIR Oaxaca.<\/li>\n<\/ul>\n\n\n\n<p><\/p>\n","protected":false},"excerpt":{"rendered":"<p>Docente de las asignaturas:<\/p>\n","protected":false},"author":76,"featured_media":0,"parent":0,"menu_order":0,"comment_status":"closed","ping_status":"closed","template":"","meta":{"_swt_meta_header_display":false,"_swt_meta_footer_display":false,"_swt_meta_site_title_display":false,"_swt_meta_sticky_header":false,"_swt_meta_transparent_header":false,"footnotes":""},"class_list":["post-11","page","type-page","status-publish","hentry"],"_links":{"self":[{"href":"https:\/\/web.ciidiroaxaca.ipn.mx\/strujila\/wp-json\/wp\/v2\/pages\/11","targetHints":{"allow":["GET"]}}],"collection":[{"href":"https:\/\/web.ciidiroaxaca.ipn.mx\/strujila\/wp-json\/wp\/v2\/pages"}],"about":[{"href":"https:\/\/web.ciidiroaxaca.ipn.mx\/strujila\/wp-json\/wp\/v2\/types\/page"}],"author":[{"embeddable":true,"href":"https:\/\/web.ciidiroaxaca.ipn.mx\/strujila\/wp-json\/wp\/v2\/users\/76"}],"replies":[{"embeddable":true,"href":"https:\/\/web.ciidiroaxaca.ipn.mx\/strujila\/wp-json\/wp\/v2\/comments?post=11"}],"version-history":[{"count":2,"href":"https:\/\/web.ciidiroaxaca.ipn.mx\/strujila\/wp-json\/wp\/v2\/pages\/11\/revisions"}],"predecessor-version":[{"id":35,"href":"https:\/\/web.ciidiroaxaca.ipn.mx\/strujila\/wp-json\/wp\/v2\/pages\/11\/revisions\/35"}],"wp:attachment":[{"href":"https:\/\/web.ciidiroaxaca.ipn.mx\/strujila\/wp-json\/wp\/v2\/media?parent=11"}],"curies":[{"name":"wp","href":"https:\/\/api.w.org\/{rel}","templated":true}]}}