{"id":22,"date":"2011-10-31T17:30:15","date_gmt":"2011-10-31T17:30:15","guid":{"rendered":"https:\/\/web.ciidiroaxaca.ipn.mx\/ssandovalt\/actividades-academicas\/"},"modified":"2025-10-20T19:58:28","modified_gmt":"2025-10-21T01:58:28","slug":"actividades-academicas","status":"publish","type":"page","link":"https:\/\/web.ciidiroaxaca.ipn.mx\/ssandovalt\/actividades-academicas\/","title":{"rendered":"Actividades acad\u00e9micas"},"content":{"rendered":"\n<p>Asignatura: Fen\u00f3menos de Transporte<\/p>\n\n\n\n<p>Profesor TC IPN<\/p>\n\n\n\n<p>Miembro de la Red de Energ\u00eda del IPN<\/p>\n\n\n\n<p>Miembro de la Red de Investigaci\u00f3n M\u00e9xico &#8211; Francia.<\/p>\n\n\n\n<p>Reviewer: Food and Bioprocess Technology, Bioressources Journal and Drying technology, Applied Thermal, Discovery Food, Scientific Reports, Wood Science and Technology.<\/p>\n\n\n\n<p>Participant at Banff International Research Station for Mathematical Innovation and Discovery.<\/p>\n\n\n\n<p><\/p>\n\n\n\n<p><strong>Retribuci\u00f3n social<\/strong><\/p>\n\n\n\n<p>Canal de YouTube: <a href=\"https:\/\/www.youtube.com\/@sadothsandoval9847\">https:\/\/www.youtube.com\/@sadothsandoval9847<\/a><\/p>\n\n\n\n<p><\/p>\n","protected":false},"excerpt":{"rendered":"<p>Asignatura: Fen\u00f3menos de Transporte Profesor TC IPN Miembro de la Red de Energ\u00eda del IPN Miembro de la Red de Investigaci\u00f3n M\u00e9xico &#8211; Francia. Reviewer: Food and Bioprocess Technology, Bioressources Journal and Drying technology, Applied Thermal, Discovery Food, Scientific Reports, Wood Science and Technology. Participant at Banff International Research Station for Mathematical Innovation and Discovery. [&hellip;]<\/p>\n","protected":false},"author":22,"featured_media":0,"parent":0,"menu_order":0,"comment_status":"closed","ping_status":"closed","template":"","meta":{"_swt_meta_header_display":false,"_swt_meta_footer_display":false,"_swt_meta_site_title_display":false,"_swt_meta_sticky_header":false,"_swt_meta_transparent_header":false,"footnotes":""},"class_list":["post-22","page","type-page","status-publish","hentry"],"_links":{"self":[{"href":"https:\/\/web.ciidiroaxaca.ipn.mx\/ssandovalt\/wp-json\/wp\/v2\/pages\/22","targetHints":{"allow":["GET"]}}],"collection":[{"href":"https:\/\/web.ciidiroaxaca.ipn.mx\/ssandovalt\/wp-json\/wp\/v2\/pages"}],"about":[{"href":"https:\/\/web.ciidiroaxaca.ipn.mx\/ssandovalt\/wp-json\/wp\/v2\/types\/page"}],"author":[{"embeddable":true,"href":"https:\/\/web.ciidiroaxaca.ipn.mx\/ssandovalt\/wp-json\/wp\/v2\/users\/22"}],"replies":[{"embeddable":true,"href":"https:\/\/web.ciidiroaxaca.ipn.mx\/ssandovalt\/wp-json\/wp\/v2\/comments?post=22"}],"version-history":[{"count":9,"href":"https:\/\/web.ciidiroaxaca.ipn.mx\/ssandovalt\/wp-json\/wp\/v2\/pages\/22\/revisions"}],"predecessor-version":[{"id":95,"href":"https:\/\/web.ciidiroaxaca.ipn.mx\/ssandovalt\/wp-json\/wp\/v2\/pages\/22\/revisions\/95"}],"wp:attachment":[{"href":"https:\/\/web.ciidiroaxaca.ipn.mx\/ssandovalt\/wp-json\/wp\/v2\/media?parent=22"}],"curies":[{"name":"wp","href":"https:\/\/api.w.org\/{rel}","templated":true}]}}