{"id":21,"date":"2011-10-31T17:25:05","date_gmt":"2011-10-31T17:25:05","guid":{"rendered":"https:\/\/web.ciidiroaxaca.ipn.mx\/ssandovalt\/tesis\/"},"modified":"2025-10-20T19:37:17","modified_gmt":"2025-10-21T01:37:17","slug":"tesis","status":"publish","type":"page","link":"https:\/\/web.ciidiroaxaca.ipn.mx\/ssandovalt\/tesis\/","title":{"rendered":"Tesis"},"content":{"rendered":"\n<h3 class=\"wp-block-heading\">THESIS (PROPOSALS)<\/h3>\n\n\n\n<ul class=\"wp-block-list\">\n<li>Simulaci\u00f3n num\u00e9rica de procesos de secado.<\/li>\n\n\n\n<li>Mecanismos de transporte y f\u00edsica del secado de materiales biol\u00f3gicos.<\/li>\n\n\n\n<li>Transferencia de masa y calor en el procesamiento de materiales.<\/li>\n\n\n\n<li>Energ\u00eda solar.<\/li>\n<\/ul>\n\n\n\n<h3 class=\"wp-block-heading\">DOCTORADO<\/h3>\n\n\n\n<ul class=\"wp-block-list\">\n<li>&nbsp;Nancy Merab P\u00e9rez Belmonte. <strong>Modelado para la gesti\u00f3n de residuos s\u00f3lidos urbanos en la zona conurbana de Oaxaca de Ju\u00e1rez<\/strong>. Doctorado en Ciencias en Conservaci\u00f3n y Aprovechamiento de Recursos Naturales. CIIDIR Oaxaca, IPN. (en proceso)&nbsp;<\/li>\n\n\n\n<li>\u00c1ngel P\u00e9rez Santiago. <strong>Simulaci\u00f3n de los patrones de humedad en un alimento celular isodiam\u00e9trico sometido a secado<\/strong>. Doctorado en Ciencias en Conservaci\u00f3n y Aprovechamiento de Recursos Naturales. CIIDIR Oaxaca, IPN. (en proceso)<\/li>\n\n\n\n<li>Edwin Antonio Ojeda Olivares. <strong>An\u00e1lisis de indicadores indirectos de disponibilidad y contaminaci\u00f3n h\u00eddrica mediante modelado en zonas agr\u00edcolas<\/strong>. Doctorado en Ciencias en Conservaci\u00f3n y Aprovechamiento de Recursos Naturales. CIIDIR Oaxaca, IPN. Diciembre 2019.<\/li>\n\n\n\n<li>Emilio Hern\u00e1ndez Bautista. <strong>Transferencia de masa y calor con reacci\u00f3n qu\u00edmica en materiales base cemento durante el curado con vapor de agua<\/strong>. Doctorado en Ciencias en Conservaci\u00f3n y Aprovechamiento de Recursos Naturales. CIIDIR Oaxaca, IPN. Febrero 2016.<\/li>\n<\/ul>\n\n\n\n<p>&nbsp;<\/p>\n\n\n\n<h3 class=\"wp-block-heading\">MAESTR\u00cdA<\/h3>\n\n\n\n<ul class=\"wp-block-list\">\n<li>Alejandro Fabi\u00e1n Hern\u00e1ndez. <strong>Absorci\u00f3n capilar de fluidos en morteros de cemento Portland.<\/strong> Maestr\u00eda en Ciencias en Conservaci\u00f3n Y Aprovechamiento de Recursos Naturales. CIIDIR Oaxaca, IPN. (en proceso, co-director con Dr. F. Cano Barrita)<\/li>\n\n\n\n<li>Alfredo Ojeda L\u00f3pez. <strong>Simulaci\u00f3n del comportamiento t\u00e9rmico de un colector solar de doble paso para el calentamiento de aire<\/strong>. Maestr\u00eda en Ciencias en Conservaci\u00f3n Y Aprovechamiento de Recursos Naturales. CIIDIR Oaxaca, IPN. (en proceso, co-director con Dr. Juan Rodr\u00edguez Ram\u00edrez)<\/li>\n\n\n\n<li>Sebasti\u00e1n Rend\u00f3n Arag\u00f3n. <strong>An\u00e1lisis de la transferencia de calor en un secador solar con colector de placa plana en convecci\u00f3n natural y forzada para la deshidrataci\u00f3n de vainas de mezquite<\/strong>. Maestr\u00eda en Ciencias en Conservaci\u00f3n Y Aprovechamiento de Recursos Naturales. CIIDIR Oaxaca, IPN. (en proceso)<\/li>\n\n\n\n<li>Jaciel Montes Luna.&nbsp; <strong>Din\u00e1mica de fluidos computacional acoplado a radiaci\u00f3n t\u00e9rmica en un secador solar<\/strong>. Maestr\u00eda en Ciencias en Conservaci\u00f3n Y Aprovechamiento de Recursos Naturales. CIIDIR Oaxaca, IPN. (en proceso)<\/li>\n\n\n\n<li>Larissa Giovana Reyes L\u00f3pez. <strong>Caracterizaci\u00f3n f\u00edsico-qu\u00edmica de harinas de mezquite (prosopis Laevigata)<\/strong>. Maestr\u00eda en Ciencias en Conservaci\u00f3n Y Aprovechamiento de Recursos Naturales. CIIDIR Oaxaca, IPN.&nbsp; Junio 2018.<\/li>\n\n\n\n<li>Daniel L\u00f3pez Cravioto. <strong>Secado convectivo de vainas de mezquite (prosopis laevigata hum &amp; bonpl. Ex willd)<\/strong>. Maestr\u00eda en Ciencias en Conservaci\u00f3n Y Aprovechamiento de Recursos Naturales. CIIDIR Oaxaca, IPN.&nbsp; Junio 2018.<\/li>\n\n\n\n<li>Mario D\u00edaz Gonz\u00e1lez. <strong>Modelo poroel\u00e1stico del transporte de masa y calor en tub\u00e9rculos durante el secado convectivo<\/strong>. Maestr\u00eda en Ciencias en Conservaci\u00f3n Y Aprovechamiento de Recursos Naturales. CIIDIR Oaxaca, IPN. Agosto 2017.<\/li>\n\n\n\n<li>\u00c1ngel P\u00e9rez Santiago. <strong>Modelo matem\u00e1tico para la transferencia de humedad de la fase capilar a la higrosc\u00f3pica en madera de pino<\/strong>. Maestr\u00eda en Ciencias en Conservaci\u00f3n Y Aprovechamiento de Recursos Naturales. CIIDIR Oaxaca, IPN. Enero 2017.<\/li>\n\n\n\n<li>Mayra Ariadna Garc\u00eda Pati\u00f1o. <strong>An\u00e1lisis de las condiciones l\u00edmite para un modelo de secado al vac\u00edo por contacto<\/strong>. Maestr\u00eda en Ciencias en Conservaci\u00f3n Y Aprovechamiento de Recursos Naturales. CIIDIR Oaxaca, IPN. Enero 2017.<\/li>\n\n\n\n<li>Adriana Soledad Tovilla Morales. <strong>Transporte de masa y calor durante el secado convectivo de tub\u00e9rculos (solanum tuberosum). considerando su deformaci\u00f3n<\/strong>. Maestr\u00eda en Ciencias en Conservaci\u00f3n Y Aprovechamiento de Recursos Naturales. CIIDIR Oaxaca, IPN. Enero 2016.<\/li>\n\n\n\n<li>Raymundo Alvarado Velasco. <strong>Estudio de la filtraci\u00f3n centr\u00edfuga de una Suspensi\u00f3n Agua-Talco. <\/strong>Maestr\u00eda en Ciencias en Conservaci\u00f3n Y Aprovechamiento de Recursos Naturales. CIIDIR Oaxaca, IPN. Enero 2013.<\/li>\n\n\n\n<li>Adriana de Lourdes Allier Gonz\u00e1lez. <strong>An\u00e1lisis de los periodos y mecanismos de transporte durante el secado de papa por convecci\u00f3n de aire forzada<\/strong>. Maestr\u00eda en Ciencias en Conservaci\u00f3n Y Aprovechamiento de Recursos Naturales. CIIDIR Oaxaca, IPN. Junio 2012.<\/li>\n\n\n\n<li>Emilio Hern\u00e1ndez Bautista. <strong>Modelo matem\u00e1tico del secado de madera subtropical por convecci\u00f3n de aire caliente.<\/strong> Maestr\u00eda en Ciencias en Conservaci\u00f3n Y Aprovechamiento de Recursos Naturales. CIIDIR Oaxaca, IPN. Noviembre 2011.<br>&nbsp;<\/li>\n<\/ul>\n\n\n\n<p>&nbsp;<\/p>\n\n\n\n<h3 class=\"wp-block-heading\">LICENCIATURA<\/h3>\n\n\n\n<ul class=\"wp-block-list\">\n<li>Andrea Cuevas Corso. <strong>C\u00e1lculo de los coeficientes de transferencia de calor por convecci\u00f3n forzada en un colector solar plano de tubos cuadrangulares<\/strong>. Ingenier\u00eda Qu\u00edmica. Instituto Tecnol\u00f3gico de Oaxaca. 2024.<\/li>\n\n\n\n<li>Sebasti\u00e1n Rend\u00f3n Arag\u00f3n. <strong>Simulaci\u00f3n computacional de la radiaci\u00f3n t\u00e9rmica solar acoplada a la din\u00e1mica de fluidos en un colector solar plano.<\/strong> Ingenier\u00eda Qu\u00edmica. Instituto Tecnol\u00f3gico de Oaxaca. 2023.&nbsp;<\/li>\n\n\n\n<li>Diego Beristain R\u00edos. <strong>Estudio experimental de un proceso de secado convectivo de alimentos. Licenciatura en ingenier\u00eda e innovaci\u00f3n tecnol\u00f3gica<\/strong>. Universidad Aut\u00f3noma Benito Ju\u00e1rez &nbsp;de Oaxaca. 2022.<\/li>\n\n\n\n<li>Valeria Carrillo Luis. <strong>Estudio experimental de un proceso de secado convectivo de alimentos. <\/strong>&nbsp;Licenciatura en ingenier\u00eda e innovaci\u00f3n tecnol\u00f3gica. Universidad Aut\u00f3noma Benito Ju\u00e1rez &nbsp;de Oaxaca. 2022.<\/li>\n\n\n\n<li>Carlos Hern\u00e1n Ruiz Jim\u00e9nez. <strong>An\u00e1lisis de la transferencia de calor en placas de policarbonato para aplicaciones de secado solar.<\/strong> Ingenier\u00eda Qu\u00edmica. Instituto Tecnol\u00f3gico de Oaxaca. 2021.<\/li>\n\n\n\n<li>Leyvis Yiriani Gabriel Garc\u00eda. <strong>Caracterizaci\u00f3n experimental de un colector solar plano. Ingenier\u00eda Qu\u00edmica<\/strong>. Instituto Tecnol\u00f3gico de Oaxaca. 2020.<\/li>\n\n\n\n<li>Miguel Mac\u00edas Garc\u00eda. <strong>An\u00e1lisis y simulaci\u00f3n de los flujos de aire en un secador-invernadero tipo capilla<\/strong>. Ingenier\u00eda Qu\u00edmica. Instituto Tecnol\u00f3gico de Oaxaca. 2020.<\/li>\n\n\n\n<li>Jos\u00e9 Mar\u00eda Montenegro Cervantes. <strong>An\u00e1lisis de la influencia del flujo de aire en el potencial de secado de un invernadero<\/strong>. Ingenier\u00eda Qu\u00edmica. Instituto Tecnol\u00f3gico de Oaxaca. 2020.<\/li>\n\n\n\n<li>Elvis Manuel P\u00e9rez Cort\u00e9s.<strong> Simulaci\u00f3n de la transferencia de calor en un colector solar plano acoplado a un secador solar tipo caja<\/strong>. Ingenier\u00eda Qu\u00edmica. Instituto Tecnol\u00f3gico de Oaxaca.2019.<\/li>\n\n\n\n<li>Luisa Fernanda Santiago Garc\u00eda. <strong>Termograf\u00eda y an\u00e1lisis experimental de un colector solar acoplado a un secador<\/strong>. Ingenier\u00eda Qu\u00edmica. Instituto Tecnol\u00f3gico de Oaxaca.2019.<\/li>\n\n\n\n<li>Abdiel D\u00edaz D\u00edaz. <strong>An\u00e1lisis del flujo en un secador tipo invernadero a trav\u00e9s de simulaciones por computadora para asegurar una \u00f3ptica distribuci\u00f3n de calor<\/strong>. Ingenier\u00eda Qu\u00edmica.&nbsp; Instituto Tecnol\u00f3gico de Oaxaca. 2019.<\/li>\n\n\n\n<li>Amalia Ventura Almaraz Hern\u00e1ndez. <strong>An\u00e1lisis de la operaci\u00f3n en un secador solar tipo invernadero. <\/strong>Ingenier\u00eda Qu\u00edmica. Instituto Tecnol\u00f3gico de Oaxaca.2019.<\/li>\n\n\n\n<li>Gabriel Mart\u00ednez Santos. <strong>Simulaci\u00f3n num\u00e9rica para el an\u00e1lisis de flujo de aire y su interacci\u00f3n con la transferencia de calor al interior de un secador solar tipo invernadero<\/strong>. Ingenier\u00eda Qu\u00edmica. Instituto Tecnol\u00f3gico de Oaxaca.<\/li>\n\n\n\n<li>Roxana Ch\u00e1vez Aguilar. <strong>An\u00e1lisis del proceso de secado solar de vainas de mezquite (prosopis laevigata).<\/strong> Ingenier\u00eda qu\u00edmica. Instituto Tecnol\u00f3gico de Oaxaca.2019.<\/li>\n\n\n\n<li>Roxana Ch\u00e1vez Aguilar. <strong>An\u00e1lisis del proceso de secado de vainas d Mezquite por convecci\u00f3n de aire caliente en un secador solar.<\/strong> Ingenier\u00eda Qu\u00edmica. Instituto Tecnol\u00f3gico de Oaxaca. 2018.<\/li>\n\n\n\n<li>Julio C\u00e9sar Miguel Hern\u00e1ndez. <strong>Difusi\u00f3n de agua en alimentos que experimentan deformaci\u00f3n durante el secado.<\/strong> Ingenier\u00eda Qu\u00edmica. Instituto Tecnol\u00f3gico de Oaxaca. 2018.<\/li>\n\n\n\n<li>Yajaira Mart\u00ednez Reyes.<strong> Obtenci\u00f3n de harinas a partir de vainas de mezquite deshidratadas por secado convectivo.<\/strong> Ingenier\u00eda Qu\u00edmica. Instituto Tecnol\u00f3gico de Oaxaca. 2016.<\/li>\n\n\n\n<li>Julio Cesar Nataren C\u00e1rdenas. <strong>Estudio de transferencia de masa en agromateriales. Ingenier\u00eda en Tecnolog\u00edas Bioalimentarias<\/strong>. Universidad Tecnol\u00f3gica de los Valles Centrales de Oaxaca. 2015.<\/li>\n\n\n\n<li>Edilberto N\u00fa\u00f1ez Cruz. <strong>Monitoreo de par\u00e1metros de secado de alimentos. Ingenier\u00eda en Sistemas Computacionales<\/strong>, Instituto Tecnol\u00f3gico de Tlaxiaco. 2014.<\/li>\n\n\n\n<li>Mario D\u00edaz Gonz\u00e1lez. <strong>Transferencia de masa y calor en agromateriales que encogen durante el secado por convecci\u00f3n de aire caliente<\/strong>. Ingenier\u00eda Qu\u00edmica. Instituto Tecnol\u00f3gico de Oaxaca. 2014.<\/li>\n\n\n\n<li>Elia L\u00f3pez P\u00e9rez. <strong>Estudio de la formaci\u00f3n de tortas de part\u00edculas s\u00f3lida durante un proceso de filtrado centrifugo<\/strong>. Ingenier\u00eda Qu\u00edmica. Instituto Tecnol\u00f3gico de Oaxaca. 2013.<\/li>\n\n\n\n<li>Michelle Yoali C\u00f3rdova Bentancourt. <strong>Estudio y an\u00e1lisis del secado de papa por el m\u00e9todo de la curva caracter\u00edstica del secado (ccs)<\/strong>. Ingenier\u00eda Qu\u00edmica. Instituto Tecnol\u00f3gico de Oaxaca. 2011.<\/li>\n\n\n\n<li>Omar Al\u00ed Velasco Cruz. <strong>Modelamiento del secado de madera sub-tropical (pinus pseudostobus) utilizando la curva caracter\u00edstica de secado<\/strong>. Ingenier\u00eda Qu\u00edmica. Instituto Tecnol\u00f3gico de Oaxaca. 2009.<br>&nbsp;<\/li>\n<\/ul>\n\n\n\n<h3 class=\"wp-block-heading\">ESTANCIAS DE INVESTIGACI\u00d3N INTERNACIONALES<\/h3>\n\n\n\n<ul class=\"wp-block-list\">\n<li>Magda Ivette Zavaleta <strong>Morales. An\u00e1lisis por calorimetr\u00eda diferencial de barrido de harinas de mesquite (prosopis laevigata)<\/strong>. Ingenier\u00eda qu\u00edmica. Universidad del Istmo campus Tehuantepec. 07 de agosto-29 de septiembre 2017.<\/li>\n\n\n\n<li>Abril Fernanda Garc\u00eda Ram\u00edrez. Doctorado. Universidad de Poitiers Francia. 14 de septiembre al 09 de noviembre 2017.<\/li>\n\n\n\n<li>Mohamed Iftirich. <strong>Mathematical modeling and heat transfer<\/strong>. Doctorado en mec\u00e1nica. Universidad de&nbsp; Sfax T\u00fanez. 05 de mayo al 05 de julio 2017.<\/li>\n\n\n\n<li>Joachim Galaski. Universit\u00e9 libre de Bruxelles. Maestr\u00eda. <strong>Numerical simulation of deformable media during drying<\/strong>. 04 de agosto al 04 de noviembre 2014.<\/li>\n<\/ul>\n\n\n\n<p>&nbsp;<\/p>\n","protected":false},"excerpt":{"rendered":"<p>THESIS (PROPOSALS) DOCTORADO &nbsp; MAESTR\u00cdA &nbsp; LICENCIATURA ESTANCIAS DE INVESTIGACI\u00d3N INTERNACIONALES &nbsp;<\/p>\n","protected":false},"author":22,"featured_media":0,"parent":0,"menu_order":0,"comment_status":"closed","ping_status":"closed","template":"","meta":{"_swt_meta_header_display":false,"_swt_meta_footer_display":false,"_swt_meta_site_title_display":false,"_swt_meta_sticky_header":false,"_swt_meta_transparent_header":false,"footnotes":""},"class_list":["post-21","page","type-page","status-publish","hentry"],"_links":{"self":[{"href":"https:\/\/web.ciidiroaxaca.ipn.mx\/ssandovalt\/wp-json\/wp\/v2\/pages\/21","targetHints":{"allow":["GET"]}}],"collection":[{"href":"https:\/\/web.ciidiroaxaca.ipn.mx\/ssandovalt\/wp-json\/wp\/v2\/pages"}],"about":[{"href":"https:\/\/web.ciidiroaxaca.ipn.mx\/ssandovalt\/wp-json\/wp\/v2\/types\/page"}],"author":[{"embeddable":true,"href":"https:\/\/web.ciidiroaxaca.ipn.mx\/ssandovalt\/wp-json\/wp\/v2\/users\/22"}],"replies":[{"embeddable":true,"href":"https:\/\/web.ciidiroaxaca.ipn.mx\/ssandovalt\/wp-json\/wp\/v2\/comments?post=21"}],"version-history":[{"count":8,"href":"https:\/\/web.ciidiroaxaca.ipn.mx\/ssandovalt\/wp-json\/wp\/v2\/pages\/21\/revisions"}],"predecessor-version":[{"id":87,"href":"https:\/\/web.ciidiroaxaca.ipn.mx\/ssandovalt\/wp-json\/wp\/v2\/pages\/21\/revisions\/87"}],"wp:attachment":[{"href":"https:\/\/web.ciidiroaxaca.ipn.mx\/ssandovalt\/wp-json\/wp\/v2\/media?parent=21"}],"curies":[{"name":"wp","href":"https:\/\/api.w.org\/{rel}","templated":true}]}}