{"id":9,"date":"2013-08-09T19:35:41","date_gmt":"2013-08-09T19:35:41","guid":{"rendered":"https:\/\/web.ciidiroaxaca.ipn.mx\/snavarrom\/m-en-c-susana-margarita-navarro-mendoza\/"},"modified":"2025-10-12T11:48:23","modified_gmt":"2025-10-12T11:48:23","slug":"m-en-c-susana-margarita-navarro-mendoza","status":"publish","type":"page","link":"https:\/\/web.ciidiroaxaca.ipn.mx\/snavarrom\/","title":{"rendered":"M. en C. Susana Margarita Navarro Mendoza"},"content":{"rendered":"\n<h4 class=\"wp-block-heading\"><strong>Tem\u00e1ticas de inter\u00e9s:<\/strong><\/h4>\n\n\n\n<ul class=\"wp-block-list\">\n<li>Calidad de agua, tecnolog\u00edas sociales para su mejoramiento y su apropiaci\u00f3n.<\/li>\n\n\n\n<li>Co-gesti\u00f3n de los recursos h\u00eddricos, indicadores&nbsp; y evaluaci\u00f3n de la calidad del agua.<\/li>\n\n\n\n<li>Vulnerabilidad socioambiental y actividades socioecon\u00f3micas<\/li>\n\n\n\n<li>Seguridad alimentaria y su relacion con la salud<\/li>\n\n\n\n<li>Formaci\u00f3n de eco-lideres orientados a los bienes comunes<\/li>\n<\/ul>\n\n\n\n<h4 class=\"wp-block-heading\">&nbsp;<\/h4>\n\n\n\n<h4 class=\"wp-block-heading has-text-align-center\">correo electr\u00f3nico:&nbsp; <a href=\"mailto:snavarrom@ipn.mx\">snavarrom@ipn.mx<\/a><\/h4>\n\n\n\n<h4 class=\"wp-block-heading has-text-align-center\"><\/h4>\n\n\n\n<p><\/p>\n","protected":false},"excerpt":{"rendered":"<p>Tem\u00e1ticas de inter\u00e9s: &nbsp; correo electr\u00f3nico:&nbsp; snavarrom@ipn.mx<\/p>\n","protected":false},"author":68,"featured_media":0,"parent":0,"menu_order":0,"comment_status":"closed","ping_status":"closed","template":"","meta":{"_swt_meta_header_display":false,"_swt_meta_footer_display":false,"_swt_meta_site_title_display":false,"_swt_meta_sticky_header":false,"_swt_meta_transparent_header":false,"footnotes":""},"class_list":["post-9","page","type-page","status-publish","hentry"],"_links":{"self":[{"href":"https:\/\/web.ciidiroaxaca.ipn.mx\/snavarrom\/wp-json\/wp\/v2\/pages\/9","targetHints":{"allow":["GET"]}}],"collection":[{"href":"https:\/\/web.ciidiroaxaca.ipn.mx\/snavarrom\/wp-json\/wp\/v2\/pages"}],"about":[{"href":"https:\/\/web.ciidiroaxaca.ipn.mx\/snavarrom\/wp-json\/wp\/v2\/types\/page"}],"author":[{"embeddable":true,"href":"https:\/\/web.ciidiroaxaca.ipn.mx\/snavarrom\/wp-json\/wp\/v2\/users\/68"}],"replies":[{"embeddable":true,"href":"https:\/\/web.ciidiroaxaca.ipn.mx\/snavarrom\/wp-json\/wp\/v2\/comments?post=9"}],"version-history":[{"count":4,"href":"https:\/\/web.ciidiroaxaca.ipn.mx\/snavarrom\/wp-json\/wp\/v2\/pages\/9\/revisions"}],"predecessor-version":[{"id":69,"href":"https:\/\/web.ciidiroaxaca.ipn.mx\/snavarrom\/wp-json\/wp\/v2\/pages\/9\/revisions\/69"}],"wp:attachment":[{"href":"https:\/\/web.ciidiroaxaca.ipn.mx\/snavarrom\/wp-json\/wp\/v2\/media?parent=9"}],"curies":[{"name":"wp","href":"https:\/\/api.w.org\/{rel}","templated":true}]}}