{"id":6,"date":"2013-08-09T19:21:27","date_gmt":"2013-08-09T19:21:27","guid":{"rendered":"https:\/\/web.ciidiroaxaca.ipn.mx\/snavarrom\/tesis\/"},"modified":"2025-10-20T14:14:44","modified_gmt":"2025-10-20T20:14:44","slug":"tesis","status":"publish","type":"page","link":"https:\/\/web.ciidiroaxaca.ipn.mx\/snavarrom\/tesis\/","title":{"rendered":"Tesis"},"content":{"rendered":"\n<h3 class=\"wp-block-heading\">Tesis dirigidas<\/h3>\n\n\n\n<h4 class=\"wp-block-heading\">Maestr\u00eda<\/h4>\n\n\n\n<ul class=\"wp-block-list\">\n<li><strong>\u201cEstrategias para promover los circuitos cortos de comercializaci\u00f3n con los integrantes del Mercadito Alternativo Coyolapan de Cuilapam de Guerrero, Oaxaca.\u201d Alumna: <\/strong>Lic. Magdalena Espina Garc\u00eda<strong>. <\/strong>Present\u00f3 el d\u00eda 31\/01\/2025.<\/li>\n<\/ul>\n\n\n\n<ul class=\"wp-block-list\">\n<li><strong>\u201cAdaptaci\u00f3n de un sistema de captaci\u00f3n de agua de lluvia &nbsp;para mejorar el acceso al agua en una escuela primaria del municipio de Santa Cruz Xoxocotl\u00e1n, a trav\u00e9s de la gesti\u00f3n comunitaria\u201d.<\/strong> Alumna: Bi\u00f3loga Tania Espinosa Fragoso. Present\u00f3 el d\u00eda 25\/08\/2023.<\/li>\n<\/ul>\n\n\n\n<ul class=\"wp-block-list\">\n<li><strong>\u201cFomento de la gesti\u00f3n ambiental de los productores de mezcal artesanal en San Baltazar Guelavila, San Dionisio Ocotepec Oaxaca\u201d.<\/strong> Alumna: Ing. Qu\u00edmico Ver\u00f3nica Hern\u00e1ndez Garc\u00eda. Present\u00f3 el d\u00eda 30\/06\/2022<\/li>\n<\/ul>\n\n\n\n<ul class=\"wp-block-list\">\n<li><strong>\u201cAdopci\u00f3n Social de Infraestructura h\u00eddrica en San Baltazar Guelavila, Oaxaca: un an\u00e1lisis desde la sistematizaci\u00f3n de experiencias<\/strong> Alumna: Ing. Ambiental Maricarmen Osnaya Ru\u00edz. Present\u00f3 el d\u00eda 08\/07\/2022<\/li>\n<\/ul>\n\n\n\n<ul class=\"wp-block-list\">\n<li>&nbsp;\u201c<strong>Energ\u00eda solar como fuente de desinfecci\u00f3n del agua para consumo humano a nivel domiciliario mediante una tecnolog\u00eda social. Caso Magdalena Teitipac, Oaxaca<\/strong>.\u201d Alumna: Ing. en Tecnolog\u00edas renovables Itzel Omara Matus Enr\u00edquez. Present\u00f3 el d\u00eda 09\/09\/2020.<\/li>\n<\/ul>\n\n\n\n<ul class=\"wp-block-list\">\n<li>\u201c <strong>Fortalecimiento institucional participativo del manejo de residuos s\u00f3lidos domiciliarios, por medio de acciones proambientales. Caso <\/strong><strong>San Antonino Castillo Velasco. <\/strong>Alumna: Lic. en Biolog\u00eda Maribel&nbsp; Le\u00f3n Lara. Present\u00f3 el d\u00eda 11\/01\/2019.<\/li>\n<\/ul>\n\n\n\n<p>&nbsp;<\/p>\n\n\n\n<ul class=\"wp-block-list\">\n<li><strong>La estrategia Integral de protecci\u00f3n civil en la zona Mazateca, Oaxaca, M\u00e9xico<\/strong>. Alumna: Licenciada en Biolog\u00eda Claudia Lorena Ibarra Ram\u00edrez. Present\u00f3 el d\u00eda 31\/01\/2018.<\/li>\n\n\n\n<li><strong>Gesti\u00f3n Integral de Residuos S\u00f3lidos Urbanos en Santo Domingo Tomaltepec, Oaxaca.<\/strong> Alumna: Ing. Ambiental Elba Lucero S\u00e1nchez Velasco. En proceso<\/li>\n\n\n\n<li><strong>Dise\u00f1o, construcci\u00f3n y evaluaci\u00f3n de un sistema de recarga artificial para contribuir a la recuperaci\u00f3n de los mantos fre\u00e1ticos en el municipio de San Jer\u00f3nimo Tlacochahuaya, Oaxaca<\/strong>.&nbsp; Alumna: Lic. Biolog\u00eda &nbsp;Mar\u00eda del Rosario Santiago Antonio. En proceso.<\/li>\n\n\n\n<li><strong>An\u00e1lisis socioambiental del consumo del agua para su gesti\u00f3n en Santa Mar\u00eda Chachoapam, Nochixtl\u00e1n, Oaxaca.<\/strong> Alumna: Magdalena Santos Marcial. En proceso.<\/li>\n<\/ul>\n\n\n\n<p>&nbsp;<\/p>\n\n\n\n<h4 class=\"wp-block-heading\">Tesis de Licenciatura.<\/h4>\n\n\n\n<ul class=\"wp-block-list\">\n<li><strong>D<\/strong><strong>imensionamiento y evaluaci\u00f3n de un prototipo para mejorar el agua de consumo humano en zonas de alta marginaci\u00f3n. <\/strong>Alumno: Edilberto Leyva P\u00e9rez. Ingenier\u00eda en Energ\u00edas Renovables. Universidad Tecnol\u00f3gica de los Valles Centrales de Oaxaca. 08\/06\/2015<\/li>\n\n\n\n<li><strong>Dise\u00f1o de un prototipo de calentador solar de agua port\u00e1til con fines did\u00e1cticos. <\/strong>Alumno: Ricardo Mart\u00ednez &nbsp;Flores. Ingenier\u00eda en Energ\u00edas Renovables. Universidad Tecnol\u00f3gica de los Valles Centrales de Oaxaca. 06\/07\/2015.<\/li>\n\n\n\n<li><strong>P<\/strong><strong>rototipo de concentrador solar para la desinfecci\u00f3n de agua en zonas rurales.&nbsp; <\/strong>Alumno: Luis Enrique Miguel Pablo. Ingenier\u00eda en Energ\u00edas Renovables.Universidad Tecnol\u00f3gica de los Valles Centrales de Oaxaca. 07\/07\/2015.<\/li>\n\n\n\n<li><strong>Factores hidrogeoqu\u00edmicos que controlan la movilidad de metales pesados generados en el tiradero municipal de la ciudad de Oaxaca<\/strong>. Alumna: Hern\u00e1ndez S\u00e1nchez Isabel. Ing. Quim. &nbsp;Instituto tecnol\u00f3gico de Oaxaca. 19\/07\/2006.<\/li>\n\n\n\n<li><strong>Determinaci\u00f3n del nivel de amortiguamiento de metales pesados en el suelo de la zona del basurero municipal de Oaxaca de Ju\u00e1rez.<\/strong> Alumna: Marlene Cruz Gracida. Ing. Quim. &nbsp;Instituto tecnol\u00f3gico de Oaxaca. 28\/05\/2005.<\/li>\n\n\n\n<li>&nbsp;<strong>Propuesta para mejorar la calidad del agua de uso y consumo humano en el municipio de Sta. Cruz Xoxocotl\u00e1n<\/strong>. Alumno: Ruiz Pe\u00f1a Marco Antonio.&nbsp; Ing. Quim. Instituto Tecnol\u00f3gico de Oaxaca. 30\/04\/2002 .<\/li>\n\n\n\n<li><strong>Calidad Fisicoqu\u00edmica del agua de manantiales ubicados en la Sierra Norte y Sur del Estado de Oaxaca<\/strong>. Alumna: Marisol &nbsp;Pinelo Ruiz. Lic. Qu\u00edmico Bi\u00f3logo, de la Universidad Aut\u00f3noma Benito Ju\u00e1rez de Oaxaca.&nbsp; 31\/05\/2001<\/li>\n\n\n\n<li><strong>Determinaci\u00f3n de la permeabilidad del acu\u00edfero de la zona activa del Valle de Etla, mediante caracter\u00edsticas f\u00edsicas primarias.<\/strong> Alumna: Ruiz Gonz\u00e1lez Mar\u00eda Guadalupe. Lic. Qu\u00edmico Bi\u00f3logo, de la Universidad Aut\u00f3noma Benito Ju\u00e1rez de Oaxaca. 01\/08\/1999 &nbsp;<\/li>\n\n\n\n<li><strong>Hidroqu\u00edmica m\u00e9todo de comparaci\u00f3n del agua subterr\u00e1nea del Valle de Etla.<\/strong> Alumno: Ramos V\u00e1zquez Honorio. Lic. Qu\u00edmico Bi\u00f3logo, de la Universidad Aut\u00f3noma Benito Ju\u00e1rez de Oaxaca.15\/03\/1998 &nbsp;<\/li>\n\n\n\n<li>C<strong>ompetencia t\u00e9cnica y acreditamiento de un laboratorio de an\u00e1lisis de agua<\/strong>. Alumna: Jarqu\u00edn L\u00f3pez Roselia.&nbsp; Lic. Qu\u00edmico Bi\u00f3logo, de la Universidad Aut\u00f3noma Benito Ju\u00e1rez de Oaxaca.01\/06\/1997 &nbsp;<\/li>\n\n\n\n<li><strong>Determinaci\u00f3n de las F\u00f3rmulas I\u00f3nicas del Sistema acu\u00edfero de Valles Centrales<\/strong>. Alumno: Jose Manuel Arguelles Arag\u00f3n. Ingenier\u00eda Qu\u00edmica del Instituto Tecnol\u00f3gico de Oaxaca. 30\/06\/1996 &nbsp;<\/li>\n\n\n\n<li><strong>Evaluaci\u00f3n de la estratificaci\u00f3n horizontal del empaque de un filtro biol\u00f3gico con plantas emergentes Tule Typha Latifolia).<\/strong> Alumna: L\u00f3pez Cruz Alma. Lic. Qu\u00edmico Bi\u00f3logo, de la Universidad Aut\u00f3noma Benito Ju\u00e1rez de Oaxaca. 01\/10\/1995 &nbsp;<\/li>\n\n\n\n<li><strong>Utilizaci\u00f3n de desechos pl\u00e1sticos en un filtro biol\u00f3gico con plantas emergentes para el tratamiento de aguas residuales.<\/strong> Alumna: Arango D\u00edaz Ana. Lic. Qu\u00edmico Bi\u00f3logo, de la Universidad Aut\u00f3noma Benito Ju\u00e1rez de Oaxaca. 01\/10\/1995<\/li>\n<\/ul>\n\n\n\n<p>&nbsp;<\/p>\n\n\n\n<h3 class=\"wp-block-heading\">Residencias Profesionales.<\/h3>\n\n\n\n<ul class=\"wp-block-list\">\n<li><strong>Evaluaci\u00f3n del proceso de cloraci\u00f3n de agua para uso humano y su percepci\u00f3n social en la comunidad de san Felipe Tejalapam Oaxaca. <\/strong>Alumna: Cecilia Jacinto Villanueva. Instituto Tecnol\u00f3gico del Valle de Etla. Present\u00f3 04\/2018.<\/li>\n\n\n\n<li><strong>Caracterizaci\u00f3n Hidrogeoqu\u00edmica y agroqu\u00edmica del agua que abastece n\u00facleos urbanos y unidades agr\u00edcolas, en los valles de Oaxaca<\/strong>. Alumna: Kenya Reyes Castellanos. Ing. Bioq. Instituto Tecnol\u00f3gico de Tehuac\u00e1n. Present\u00f3 06\/10\/ 2016<\/li>\n\n\n\n<li><strong>Determinaci\u00f3n de la lixiviaci\u00f3n potencial de pesticidas en una zona con actividad agr\u00edcola en el valle de Ocotl\u00e1n. <\/strong>Alumno: Marcos L\u00f3pez Ju\u00e1rez. Ing. Quim. Instituto Tecnol\u00f3gico de Oaxaca. febrero-junio 2015.<\/li>\n\n\n\n<li><strong>Detecci\u00f3n de gas efecto invernadero (GEI) y an\u00e1lisis de lixiviados en zonas de disposici\u00f3n de residuos s\u00f3lidos urbanos<\/strong><strong>. <\/strong>Alumno: Roque Omar Espinosa Barqueiro. Ing. En Tecnolog\u00eda Ambiental. Universidad Polit\u00e9cnica de Chiapas. Presento: 11\/2014.<\/li>\n\n\n\n<li><strong>Estimaci\u00f3n de la emisi\u00f3n de metano en sitios de disposici\u00f3n final de residuos s\u00f3lidos urbanos y su potencial como biog\u00e1s<\/strong>. Alumno: Jos\u00e9 \u00c1ngel Ni\u00f1os Serrano. Ing. En Tecnolog\u00eda Ambiental. Universidad Polit\u00e9cnica de Chiapas. Presento: 11\/2014.<\/li>\n\n\n\n<li><strong>An\u00e1lisis&nbsp; de la emisi\u00f3n potencial de CH4 y CO2 durante el tratamiento de aguas residuales municipales.<\/strong> Edik Williams D\u00edaz Avil\u00e9s. Ing. En Tecnolog\u00eda Ambiental. Universidad Polit\u00e9cnica de Chiapas. Presento: 12\/2014.<\/li>\n<\/ul>\n","protected":false},"excerpt":{"rendered":"<p>Tesis dirigidas Maestr\u00eda &nbsp; &nbsp; Tesis de Licenciatura. &nbsp; Residencias Profesionales.<\/p>\n","protected":false},"author":68,"featured_media":0,"parent":0,"menu_order":0,"comment_status":"closed","ping_status":"closed","template":"","meta":{"_swt_meta_header_display":false,"_swt_meta_footer_display":false,"_swt_meta_site_title_display":false,"_swt_meta_sticky_header":false,"_swt_meta_transparent_header":false,"footnotes":""},"class_list":["post-6","page","type-page","status-publish","hentry"],"_links":{"self":[{"href":"https:\/\/web.ciidiroaxaca.ipn.mx\/snavarrom\/wp-json\/wp\/v2\/pages\/6","targetHints":{"allow":["GET"]}}],"collection":[{"href":"https:\/\/web.ciidiroaxaca.ipn.mx\/snavarrom\/wp-json\/wp\/v2\/pages"}],"about":[{"href":"https:\/\/web.ciidiroaxaca.ipn.mx\/snavarrom\/wp-json\/wp\/v2\/types\/page"}],"author":[{"embeddable":true,"href":"https:\/\/web.ciidiroaxaca.ipn.mx\/snavarrom\/wp-json\/wp\/v2\/users\/68"}],"replies":[{"embeddable":true,"href":"https:\/\/web.ciidiroaxaca.ipn.mx\/snavarrom\/wp-json\/wp\/v2\/comments?post=6"}],"version-history":[{"count":14,"href":"https:\/\/web.ciidiroaxaca.ipn.mx\/snavarrom\/wp-json\/wp\/v2\/pages\/6\/revisions"}],"predecessor-version":[{"id":102,"href":"https:\/\/web.ciidiroaxaca.ipn.mx\/snavarrom\/wp-json\/wp\/v2\/pages\/6\/revisions\/102"}],"wp:attachment":[{"href":"https:\/\/web.ciidiroaxaca.ipn.mx\/snavarrom\/wp-json\/wp\/v2\/media?parent=6"}],"curies":[{"name":"wp","href":"https:\/\/api.w.org\/{rel}","templated":true}]}}