{"id":5,"date":"2013-08-09T19:20:35","date_gmt":"2013-08-09T19:20:35","guid":{"rendered":"https:\/\/web.ciidiroaxaca.ipn.mx\/snavarrom\/proyectos-de-investigacion\/"},"modified":"2025-10-12T11:14:53","modified_gmt":"2025-10-12T11:14:53","slug":"proyectos-de-investigacion","status":"publish","type":"page","link":"https:\/\/web.ciidiroaxaca.ipn.mx\/snavarrom\/proyectos-de-investigacion\/","title":{"rendered":"Proyectos de Investigaci\u00f3n"},"content":{"rendered":"\n<p>Estrategias participativas para propiciar una alimentaci\u00f3n sostenible con los adolescentes de escuelas secundarias de Oaxaca. 20250556., participante<\/p>\n\n\n\n<p>Desarrollo de las etapas de trillado, tostado, molido y empacado de caf\u00e9 tradicional en municipio de alta marginaci\u00f3n de la Sierra Norte de Oaxaca para generar valor agregado al sistema de producci\u00f3n. 20250419, participante<\/p>\n\n\n\n<p>El consumo responsable de los alimentos: evaluaci\u00f3n de una propuesta participativa y solidaria en una poblaci\u00f3n de adolescentes de los Valles Centrales de Oaxaca, SIP 20231296, participante<\/p>\n\n\n\n<p>Acciones participativas para la seguridad alimentaria en una poblaci\u00f3n de estudiantes adolescentes con malnutrici\u00f3n de Santa Cruz Xoxocotl\u00e1n, Oaxaca. SIP20210982.<\/p>\n\n\n\n<p>El consumo responsable de los alimentos: evaluaci\u00f3n de una propuesta participativa y solidaria en una poblaci\u00f3n de adolescentes de los Valles Centrales de Oaxaca, SIP 20220939, participante<\/p>\n\n\n\n<p>Acciones participativas para la seguridad alimentaria en una poblaci\u00f3n de estudiantes adolescentes con malnutrici\u00f3n de Santa Cruz Xoxocotl\u00e1n, Oaxaca. SIP 20200213. Participante<\/p>\n\n\n\n<p>Conocimientos, actitudes y percepciones de los adolescentes de Oaxaca, sobre las estrategias para combatir el sobrepeso y la obesidad. Clave SIP: 20190105. Participante<\/p>\n\n\n\n<p>An\u00e1lisis de se\u00f1ales gravim\u00e9tricas para evaluar la evoluci\u00f3n piezom\u00e9trica de acu\u00edfero granular en valles Centrales de Oaxaca. Clave IPN-SIP: 20181176. Participante<\/p>\n\n\n\n<ul class=\"wp-block-list\">\n<li>Evaluaci\u00f3n de las acciones de intervenci\u00f3n en una unidad ambiental con actividad agr\u00edcola intensiva, por medio de \u00edndices hidroqu\u00edmicos y ambientales, con enfoque hidrosocial.I.P.N.-SIP 20152059. Directora.<\/li>\n\n\n\n<li>Medici\u00f3n de emisiones GEI en los procesos biol\u00f3gicos de tratamiento de residuos, modulo del proyecto multidisciplinario. IPN- SIP. 20130279,&nbsp; 20140517. Directora<\/li>\n\n\n\n<li>Impacto del cambio clim\u00e1tico en los recursos h\u00eddricos superficial y subterr\u00e1neo. SIP 20121357.Participante<\/li>\n\n\n\n<li>Subproductos agroindustriales para el desarrollo sustentable de tres regiones del estado de Oaxaca. IPN-SIP 20120828. Participante<\/li>\n\n\n\n<li>Generaci\u00f3n de paquetes tecnol\u00f3gicos del cultivo de tomate en invernadero IPN-SIP 20110309-Fundacion PRODUCE. Participante.<\/li>\n\n\n\n<li>Metodolog\u00eda para la evaluaci\u00f3n de zonas de riesgo por taludes debido a fen\u00f3menos hidrometeorol\u00f3gicos IPN-SIP 20110019. Participante.<\/li>\n\n\n\n<li>Caracterizaci\u00f3n hidrogeol\u00f3gica del sistema acu\u00edfero del valle de Zaachila para evaluar la cantidad y calidad del agua subterr\u00e1nea. IPN-SIP 20090675. &nbsp;Participante.<\/li>\n\n\n\n<li>Instalaci\u00f3n de una red permanente de monitoreo para el sistema acu\u00edfero de los valles centrales de Oaxaca. IPN-SIP &nbsp;20070589. Participante.<\/li>\n\n\n\n<li>Utilizaci\u00f3n de suelos alcalinos para retener contaminantes contenidos en lixiviados generados en el tiradero del municipio de Oaxaca. IPN -SIP 20071327. Directora.<\/li>\n\n\n\n<li>An\u00e1lisis regional para el desarrollo de capacidades y habilidades para promover el desarrollo local en comunidades de muy alta marginaci\u00f3n en la mixteca oaxaque\u00f1a IPN -SIP 20070275. Participante.<\/li>\n\n\n\n<li>Evaluaci\u00f3n de la contaminaci\u00f3n subterr\u00e1nea generada por el tiradero municipal de la ciudad de Oaxaca. SEMARNAT-CONACYT C01-2002.-I.P.N. SIP 20060280. Directora 2003-2005.<\/li>\n\n\n\n<li>Caracterizaci\u00f3n hidrogeol\u00f3gica del sistema c\u00e1rstico de los valle centrales de Oaxaca SIBEJ 20000506039. IPN-CGPI 20010870. Participante.<\/li>\n\n\n\n<li>Evaluaci\u00f3n de la vulnerabilidad del sistema acu\u00edfero de valles centrales a la contaminaci\u00f3n por aguas residuales. 1998-1999.IPN-DEPI Participante.<\/li>\n\n\n\n<li>Optimizaci\u00f3n de lecho de ra\u00edces para tratamiento de aguas residuales municipales. IPN- CGPI 980032. Directora.<\/li>\n\n\n\n<li>Estudio para el uso y manejo racional de acu\u00edferos a trav\u00e9s de la modelaci\u00f3n matem\u00e1tica IPN-DEPI 968001-CONAGUA. Participante<\/li>\n\n\n\n<li>Modelado matem\u00e1tico del sistema Acu\u00edfero de Valles Centrales de Oaxaca, etapa de calibraci\u00f3n. IPN-DEPI-954250. Participante.<\/li>\n\n\n\n<li>Caracterizaci\u00f3n y optimizaci\u00f3n de un filtro biol\u00f3gico con plantas emergentes para el tratamiento de aguas residuales. I.P.N.-DEPI 945234. 01\/1994 &#8211; 12\/1995. &nbsp;Directora<\/li>\n\n\n\n<li>La Hidrogeoqu\u00edmica en la detecci\u00f3n de contaminantes. Participante. IPN-DEPI-945226. Participante.<\/li>\n\n\n\n<li>Diagn\u00f3stico de la contaminaci\u00f3n del sistema Acu\u00edfero de Valles Centrales de Oaxaca. IPN-DEPI-934259. Participante.<\/li>\n\n\n\n<li>Alternativas biotecnol\u00f3gicas para mejorar la calidad prote\u00ednica de granos de inter\u00e9s socioecon\u00f3mico en el estado de Oaxaca.I.P.N.-DEPI 900079. Participante<\/li>\n\n\n\n<li>Adecuaci\u00f3n tecnol\u00f3gica para la optimizaci\u00f3n de manejo post-cosecha de frutos tropicales que se producen en el estado de Oaxaca I.P.N.-DEPI 903639. Participante<\/li>\n\n\n\n<li>Desarrollo de alimentos ricos en prote\u00ednas a base de cacahuate y otros granos que se producen en el estado de Oaxaca I.P.N.-DEPI-871818 -DIF ESTATAL. Participante<\/li>\n<\/ul>\n\n\n\n<p>&nbsp;<\/p>\n\n\n\n<h3 class=\"wp-block-heading\">PROYECTOS INVESTIGACI\u00d3N \u2013 CONSULTOR\u00cdA<\/h3>\n\n\n\n<ul class=\"wp-block-list\">\n<li>Vulnerabilidad y adaptaci\u00f3n de los sectores y sistemas de inter\u00e9s para el estado de Oaxaca, ante los efectos del cambio clim\u00e1tico. IPN- WWF. 10\/2012 &#8211; 04\/2013. Participante<\/li>\n\n\n\n<li>Caracterizaci\u00f3n hidrol\u00f3gica de un valle aluvial en la comunidad de San Vicente Coatl\u00e1n, Ejutla, Oaxaca. I.P.N. municipio- San Vicente Coatl\u00e1n, Ejutla, Oaxaca. 04\/2008 &#8211; 05\/2008. Participante.<\/li>\n\n\n\n<li>Caracterizaci\u00f3n geoqu\u00edmica de la microcuenca de San Juan Guelav\u00eda, Tlacolula Oaxaca, I.P.N. San Juan Guelav\u00eda-Municipio San Juan Guelav\u00eda. 01\/2008 &#8211; 04\/2008. Participante.<\/li>\n\n\n\n<li>Auditor\u00eda ambiental a instalaciones de la divisi\u00f3n de distribuci\u00f3n sureste &nbsp;la comisi\u00f3n federal de electricidad. I.P.N.-C.F.E. 01\/2002 &#8211; 04\/2003. Participante.<\/li>\n\n\n\n<li>An\u00e1lisis y evaluaci\u00f3n de los recursos h\u00eddricos con fines de aprovechamiento comercial San Pedro Mixtepec, distrito de Miahuatl\u00e1n, Oaxaca. IPN-PROCYMAF-SEMARNAT. 1998-1999. Directora.<\/li>\n\n\n\n<li>An\u00e1lisis y evaluaci\u00f3n de los recursos h\u00eddricos con fines de aprovechamiento comercial Ocotl\u00e1n de Ju\u00e1rez, Oaxaca.&nbsp; IPN-PROCYMAF-SEMARNAT. 1998-1999. Directora<\/li>\n\n\n\n<li>An\u00e1lisis y evaluaci\u00f3n de los recursos h\u00eddricos con fines de aprovechamiento comercial San Bartolom\u00e9 Loxicha, Oaxaca. IPN -PROCYMAF-SEMARNAT Directora.<\/li>\n\n\n\n<li>An\u00e1lisis y evaluaci\u00f3n de los recursos h\u00eddricos con fines de aprovechamiento comercial San Gabriel Mixtepec, Oaxaca. IPN -PROCYMAF-SAMARNAT. 1998-1999. Directora.<\/li>\n\n\n\n<li>An\u00e1lisis y evaluaci\u00f3n de los recursos h\u00eddricos con fines de aprovechamiento comercial Santa Mar\u00eda Asunci\u00f3n Lachixonace Oaxaca., IPN -PROCYMAF-SEMARNAT. 1998-1999.Directora.<\/li>\n\n\n\n<li>Manifestaci\u00f3n de impacto ambiental club de playa quinta real, en la bah\u00eda de Tangolunda, Sta. Mar\u00eda Huatulco Oaxaca. &nbsp;I.P.N.-CLUB DE PLAYA QUINTA REAL (SECTUR). Participante. 08\/1998 &#8211; 11\/1998 &nbsp;<\/li>\n\n\n\n<li>Supervisi\u00f3n de auditor\u00eda ambiental a la empresa compa\u00f1\u00eda manufacturera de pl\u00e1sticos del sureste, S.A. DE C.V., I.PN. &#8211; Servicios ambientales del sureste. 03\/1997 &#8211; 08\/1997. Participante.<\/li>\n\n\n\n<li>Manifestaci\u00f3n de impacto ambiental proyecto reconstrucci\u00f3n y refuerzo de pavimento del tramo la Ventosa- Salina Cruz, de la carretera Coatzacoalcos- Salina Cruz. I.PN. &#8211; S.C.T. EMPRESA INGENIEROS CIVILES ASOCIADOS, S.A. &nbsp;06\/1996 &#8211; 10\/1996 . Participante.<\/li>\n\n\n\n<li>Auditor\u00eda ambiental a la empresa Renovallantas y muelles de Oaxaca.&nbsp; I.P.N-INSTITUTO ESTATAL DE ECOLOG\u00cdA. 08\/1995 &#8211; 08\/1996.<\/li>\n\n\n\n<li>Manifestaci\u00f3n de impacto ambiental proyecto carretero Cuacnopalan Tehuac\u00e1n -Oaxaca, I.P.N.-S.C.T. 03\/1994 &#8211; 09\/1994. Participante.<\/li>\n\n\n\n<li>Dise\u00f1o de un sistema de tratamiento de aguas residuales para la empresa Envasadora GUGAR, S.A. DE C.V. I.P.N.-ENVASADORA GUGAR S.A. DE CV. 06\/1991 &#8211; 08\/1991. Participante. &nbsp;<\/li>\n<\/ul>\n","protected":false},"excerpt":{"rendered":"<p>Estrategias participativas para propiciar una alimentaci\u00f3n sostenible con los adolescentes de escuelas secundarias de Oaxaca. 20250556., participante Desarrollo de las etapas de trillado, tostado, molido y empacado de caf\u00e9 tradicional en municipio de alta marginaci\u00f3n de la Sierra Norte de Oaxaca para generar valor agregado al sistema de producci\u00f3n. 20250419, participante El consumo responsable de [&hellip;]<\/p>\n","protected":false},"author":68,"featured_media":0,"parent":0,"menu_order":0,"comment_status":"closed","ping_status":"closed","template":"","meta":{"_swt_meta_header_display":false,"_swt_meta_footer_display":false,"_swt_meta_site_title_display":false,"_swt_meta_sticky_header":false,"_swt_meta_transparent_header":false,"footnotes":""},"class_list":["post-5","page","type-page","status-publish","hentry"],"_links":{"self":[{"href":"https:\/\/web.ciidiroaxaca.ipn.mx\/snavarrom\/wp-json\/wp\/v2\/pages\/5","targetHints":{"allow":["GET"]}}],"collection":[{"href":"https:\/\/web.ciidiroaxaca.ipn.mx\/snavarrom\/wp-json\/wp\/v2\/pages"}],"about":[{"href":"https:\/\/web.ciidiroaxaca.ipn.mx\/snavarrom\/wp-json\/wp\/v2\/types\/page"}],"author":[{"embeddable":true,"href":"https:\/\/web.ciidiroaxaca.ipn.mx\/snavarrom\/wp-json\/wp\/v2\/users\/68"}],"replies":[{"embeddable":true,"href":"https:\/\/web.ciidiroaxaca.ipn.mx\/snavarrom\/wp-json\/wp\/v2\/comments?post=5"}],"version-history":[{"count":4,"href":"https:\/\/web.ciidiroaxaca.ipn.mx\/snavarrom\/wp-json\/wp\/v2\/pages\/5\/revisions"}],"predecessor-version":[{"id":57,"href":"https:\/\/web.ciidiroaxaca.ipn.mx\/snavarrom\/wp-json\/wp\/v2\/pages\/5\/revisions\/57"}],"wp:attachment":[{"href":"https:\/\/web.ciidiroaxaca.ipn.mx\/snavarrom\/wp-json\/wp\/v2\/media?parent=5"}],"curies":[{"name":"wp","href":"https:\/\/api.w.org\/{rel}","templated":true}]}}