{"id":9,"date":"2011-10-31T22:27:15","date_gmt":"2011-10-31T22:27:15","guid":{"rendered":"https:\/\/web.ciidiroaxaca.ipn.mx\/smartinezt\/actividades-academicas\/"},"modified":"2025-10-10T18:03:07","modified_gmt":"2025-10-10T18:03:07","slug":"actividades-academicas","status":"publish","type":"page","link":"https:\/\/web.ciidiroaxaca.ipn.mx\/smartinezt\/actividades-academicas\/","title":{"rendered":"Actividades acad\u00e9micas"},"content":{"rendered":"\n<h3 class=\"wp-block-heading\">Evaluaciones CONACYT<\/h3>\n\n\n\n<p>Tercer vocal, en el jurado del Examen de grado de Maestr\u00eda en Ciencias en Conservaci\u00f3n y Aprovechamiento de Recursos Naturales del alumno: Jos\u00e9 Abimael Campos Ru\u00edz con n\u00famero de registro 8170590, de la tesis denominada: Bioprospeccion y caracterizaci\u00f3n de productos naturales para el control de Aedes aegypti y Culex quinquefasciatus (Diptera: Culicidae).<\/p>\n\n\n\n<h3 class=\"wp-block-heading\"> Evaluaciones no CONACYT<\/h3>\n\n\n\n<ol class=\"wp-block-list\">\n<li>Instituci\u00f3n: Entomolog\u00eda Mexicana. Fecha de inicio: 15\/mar\/2016. Fecha fin: 09\/abr\/2016. Cargo desempe\u00f1ado: Evaluador. Tipo de evaluaci\u00f3n: Acad\u00e9mica. Producto evaluado: Art\u00edculos de revista. Nombre producto evaluado: Manuscrito para publicaci\u00f3n de Art\u00edculo cient\u00edfico. Descripci\u00f3n de actividad: EVALUACI\u00d3N DEL EXTRACTO HEX\u00c1NICO DEL MIRTO (Salvia microphylla) SOBRE EL GUSANO COGOLLERO DEL MA\u00cdZ.<\/li>\n\n\n\n<li>Instituci\u00f3n: Entomolog\u00eda Mexicana. Fecha de inicio: 15\/mar\/2016. Fecha fin: 10\/abr\/2016. Cargo desempe\u00f1ado: Evaluador. Tipo de evaluaci\u00f3n: Acad\u00e9mica. Producto evaluado: Art\u00edculos de revista. Nombre producto evaluado: Manuscrito para publicaci\u00f3n de Art\u00edculo cient\u00edfico. Descripci\u00f3n de actividad: PRESENCIA DE NEMATODOS ENTOMOPAT\u00d3GENOS (NEMATODA: RHABDITIDA) EN LA CI\u00c9NEGA DE CHAPALA, MICHOAC\u00c1N, M\u00c9XICO.<\/li>\n\n\n\n<li>Instituci\u00f3n: Entomolog\u00eda Mexicana. Fecha de inicio: 15\/mar\/2016. Fecha fin: 11\/abr\/2016. Cargo desempe\u00f1ado: Evaluador. Tipo de evaluaci\u00f3n: Acad\u00e9mica. Producto evaluado: Art\u00edculos de revista. Nombre producto evaluado: Manuscrito para publicaci\u00f3n de Art\u00edculo cient\u00edfico. Descripci\u00f3n de actividad: EXTRACTO CLOROF\u00d3RMICO DE Salvia ballotiflora, UNA ALTERNATIVA PARA EL MANEJO INTEGRADO DEL GUSANO COGOLLERO DEL MA\u00cdZ Spodoptera frugiperda J.E.Smith, 1797 (LEPIDOPTERA: NOCTUIDAE).<\/li>\n\n\n\n<li>Instituci\u00f3n: Entomolog\u00eda Mexicana. Fecha de inicio: 22\/mar\/2016. Fecha fin: 14\/abr\/2016. Cargo desempe\u00f1ado: Evaluador. Tipo de evaluaci\u00f3n: Acad\u00e9mica. Producto evaluado: Art\u00edculos de revista. Nombre producto evaluado: Manuscrito para publicaci\u00f3n de Art\u00edculo cient\u00edfico. Descripci\u00f3n de actividad: ACTIVIDAD INSECTICIDA DE Tagetes lucida Cav. y Cosmos bipinnatus Cav. (Asterales: Asteracea) SOBRE Sitophilus zeamais Motchulsky (Coleoptera: Curculionidade).<\/li>\n\n\n\n<li>Instituci\u00f3n: Entomolog\u00eda Mexicana. Fecha de inicio: 22\/mar\/2016. Fecha fin: 21\/abr\/2016. Cargo desempe\u00f1ado: Evaluador. Tipo de evaluaci\u00f3n: Acad\u00e9mica. Producto evaluado: Art\u00edculos de revista. Nombre producto evaluado: Manuscrito para publicaci\u00f3n de Art\u00edculo cient\u00edfico. Descripci\u00f3n de actividad: REPELENCIA DE EXTRACTOS ETAN\u00d3LICOS A NINFAS DE PRIMER INSTAR DE Meccus pallidipennis (Hemiptera: Reduviidae) EN PRUEBAS DE CONFINAMIENTO EN LABORATORIO.<\/li>\n\n\n\n<li>Instituci\u00f3n: Universidad Intercultural Indigena de Michoacan. Fecha de inicio: 14\/jun\/2016. Fecha fin: 16\/jul\/2016. Cargo desempe\u00f1ado: SECRETARIO. Tipo de evaluaci\u00f3n: Participaci\u00f3n como jurado examinador. Producto evaluado: Tesis o producto para obtener t\u00edtulo o grado acad\u00e9mico. Nombre producto evaluado: TESIS Y EXAMEN DE GRADO. Descripci\u00f3n de actividad: PARTICIPACI\u00d3N EN EL JURADO EXAMINADOR COMO PRESIDENTE EN EL EXAMEN PROFESIONAL DE LA ALUMNA LILIANA CARMONA COLIN CON LA TESIS: EFECTO DEL EXTRACTO ACUOSO DE SEMILLA DE HIGUERILLA (Ricinus communis L.) EN ARA\u00d1A ROJA (O\/igonychus punicae (HIRST.)) EN AGUACATE.<\/li>\n\n\n\n<li>Instituci\u00f3n: Instituto Tecnol\u00f3gico del Valle de Oaxaca. Fecha de inicio: 01\/ago\/2016. Fecha fin: 22\/feb\/2017. Cargo desempe\u00f1ado: SECRETARIO. Tipo de evaluaci\u00f3n: Participaci\u00f3n como jurado examinador. Producto evaluado: Tesis o producto para obtener t\u00edtulo o grado acad\u00e9mico. Nombre producto evaluado: INFORME T\u00c9CNICO DE RESIDENCIA Y EXAMEN DE GRADO. Descripci\u00f3n de actividad: PRODUCTOS AGROHOMEOP\u00c1TICOS PARA EL CONTROL DEL PICUDO ANTHONOMUS EUGENII EN CHILE DE AGUA CAPSICUM ANNUUM BAJO CONDICIONES DE MICROT\u00daNEL.<\/li>\n\n\n\n<li>Instituci\u00f3n: Universidad Autonoma ChapingoUniversidad Aut\u00f3noma de Chapingo. Fecha de inicio: 06\/abr\/2017. Fecha fin: 19\/abr\/2017. Cargo desempe\u00f1ado: SUPLENTE VOCAL. Tipo de evaluaci\u00f3n: Participaci\u00f3n como jurado examinador. Producto evaluado: Tesis o producto para obtener t\u00edtulo o grado acad\u00e9mico. Nombre producto evaluado: INFORME T\u00c9CNICO DE RESIDENCIA Y EXAMEN DE GRADO. Descripci\u00f3n de actividad: Participaci\u00f3n en el jurado examinador en el examen de grado del alumno: FRANCISCO JAVIER TOLEDO MARTINEZ. Con la tesis EVALUACI\u00d3N DEL EFECTO DE SOLUCIONES HOMEOP\u00c1TICAS PARA EL MANEJO DE LA ROYA ANARANJADA (Hemileia vastatrix BERK. Y BR.) EN EL \u00c1REA CAFETALERA DEL CENTRO DE VERACRUZ.<\/li>\n\n\n\n<li>Instituci\u00f3n: Instituto Tecnol\u00f3gico del Valle de Oaxaca. Fecha de inicio: 01\/may\/2018. Fecha fin 24\/ago\/2018. Cargo desempe\u00f1ado: VOCAL. Tipo de evaluaci\u00f3n: Participaci\u00f3n como jurado examinador. Producto evaluado: Tesis o producto para obtener t\u00edtulo o grado acad\u00e9mico. Nombre producto evaluado: INFORME T\u00c9CNICO DE RESIDENCIA Y EXAMEN DE GRADO. Descripci\u00f3n de actividad: TITULACI\u00d3N INTEGRAL CON TEMA DENOMINADO AGROHOMEOP\u00c1TICOS DE PLANTAS INSECTIST\u00c1TICAS PARA PROTECCI\u00d3N DE PLANTAS DE Capsicum annum L. CONTRA Anthonomus eugenii.<\/li>\n\n\n\n<li>Instituci\u00f3n: Journal of Applied Life Sciences International. Fecha de inicio: 22\/mar\/2019. Fecha fin: 29\/mar\/2019. Cargo desempe\u00f1ado: Evaluador. Tipo de evaluaci\u00f3n: Acad\u00e9mica. Producto evaluado: Art\u00edculos de revista. Nombre producto evaluado: Manuscrito para publicaci\u00f3n de Art\u00edculo cient\u00edfico. Descripci\u00f3n de actividad: Revisor del manuscrito: Larvicidal Activity of Two Cymbopogon Species Leaf Extracts and Essential Oils against the Malarial Vector, Anopheles gambiae Gilles (Diptera: Culicidae).<\/li>\n\n\n\n<li>Instituci\u00f3n: Florida Entomological Society. Fecha de inicio: 18\/abr\/2019. Fecha fin: 09\/may\/2019. Cargo desempe\u00f1ado: Evaluador. Tipo de evaluaci\u00f3n: Acad\u00e9mica. Producto evaluado: Art\u00edculos de revista. Nombre producto evaluado: Manuscrito para publicaci\u00f3n de Art\u00edculo cient\u00edfico. Descripci\u00f3n de actividad reviewer of the manuscript, \u00abBioactivity of 1-octacosanol from Senna crotalarioides (Kunth) H.S.Irwin &amp;<\/li>\n\n\n\n<li>Instituci\u00f3n: Asian Journal of Biology. Fecha de inicio: 20\/nov\/2019. Fecha fin: 27\/nov\/2019. Cargo desempe\u00f1ado: Evaluador. Tipo de evaluaci\u00f3n: Acad\u00e9mica. Producto evaluado: Art\u00edculos de revista. Nombre producto evaluado: Manuscrito para publicaci\u00f3n de Art\u00edculo cient\u00edfico. Descripci\u00f3n de actividad: Title: Blowflies as forensic indicators in Egypt with special reference to the development data of Lucilia cuprina (Wiedemann).<\/li>\n\n\n\n<li>Instituci\u00f3n: PLANT CELL BIOTECHNOLOGY AND MOLECULAR BIOLOGY. Fecha de inicio: 27\/nov\/2019. Fecha fin: 04\/dic\/2019. Cargo desempe\u00f1ado: Evaluador. Tipo de evaluaci\u00f3n: Acad\u00e9mica. Producto evaluado: Art\u00edculos de revista. Nombre producto evaluado: Manuscrito para publicaci\u00f3n de Art\u00edculo cient\u00edfico. Descripci\u00f3n de actividad: Title: PRIMARY STUDIES ON ANTIMICROBIAL ACTIVITY OF HONDURAN MAHOGANY LEAF EXTRACT.<\/li>\n\n\n\n<li>Instituci\u00f3n: Instituto Polit\u00e9cnico Nacional Programa de Est\u00edmulos al Desempe\u00f1o de los Investigadores (EDI). Fecha de inicio: 17\/feb\/2020. Fecha fin: 23\/feb\/2020. Cargo desempe\u00f1ado: Evaluador de producci\u00f3n acad\u00e9mica de investigador. Tipo de evaluaci\u00f3n: Arbitraje de producci\u00f3n acad\u00e9mica. Producto evaluado: Investigadores. Nombre producto evaluado: PRODUCTIVIDAD 2016-2019. Descripci\u00f3n de actividad: Programa de Est\u00edmulos al Desempe\u00f1o de los Investigadores (EDI). Colaboraci\u00f3n para formar parte del Comit\u00e9 Auxiliar de la Convocatoria 2020-2022 del citado Programa.Para la evaluaci\u00f3n del expediente de un profesor Investigador..<\/li>\n\n\n\n<li>Instituci\u00f3n: Entomolog\u00eda Mexicana. Fecha de inicio 03\/abr\/2020. Fecha fin: 21\/abr\/2020. Cargo desempe\u00f1ado: Evaluador. Tipo de evaluaci\u00f3n: Acad\u00e9mica. Producto evaluado: Art\u00edculos de revista. Nombre producto evaluado: Manuscrito para publicaci\u00f3n de Art\u00edculo cient\u00edfico. Descripci\u00f3n de actividad: Title: EVALUADOR DEL MANUSCRITO: EFECTO INSECTICIDA E INSECTIST\u00c1TICO DEL ACEITE ESENCIAL DE Hyptis albida (Kunth, 1817) CONTRA Spodoptera frugiperda J. E. Smith, 1797 (LEPIDOPTERA: NOCTUIDAE).<\/li>\n\n\n\n<li>Instituci\u00f3n: Entomolog\u00eda Mexicana. Fecha de inicio 03\/abr\/2020. Fecha fin: 21\/abr\/2020. Cargo desempe\u00f1ado: Evaluador. Tipo de evaluaci\u00f3n: Acad\u00e9mica. Producto evaluado: Art\u00edculos de revista. Nombre producto evaluado: Manuscrito para publicaci\u00f3n de Art\u00edculo cient\u00edfico. Descripci\u00f3n de actividad: REVISI\u00d3N DEL MANUSCRITO: AN\u00c1LISIS DEL CANTO DE LLAMADO DE Conocephalus (Anisoptera) cinereus Thunberg, 1815 (ORTHOPTERA: TETTIGONIIDAE).<\/li>\n<\/ol>\n\n\n\n<h3 class=\"wp-block-heading\"><strong>DOCENCIA<\/strong><\/h3>\n\n\n\n<h4 class=\"wp-block-heading\"><strong>CURSOS DE NIVEL MEDIO SUPERIOR, LICENCIATURA Y POSGRADO IPN<\/strong><\/h4>\n\n\n\n<ol class=\"wp-block-list\">\n<li>Impartici\u00f3n como profesor asistente de la asignatura \u00abManejo integrado de plagas Protecci\u00f3n y producci\u00f3n vegetal con clave : 03A4256 del programa de Maestr\u00eda en Ciencias en Conserva i\u00f3n y Aprovechamiento de R\u00e9cursos Naturales, incluida en el Padr\u00f3n Naciona de Posgrados de Calidad del CONACyT, en el semestre 2018-B, comprendido del 06 de agosto al 12 de diciembre de 2018, con una duraci\u00f3n de 30 hrs. curso se imparti\u00f3 en idioma espa\u00f1ol.<\/li>\n<\/ol>\n","protected":false},"excerpt":{"rendered":"<p>Evaluaciones CONACYT Tercer vocal, en el jurado del Examen de grado de Maestr\u00eda en Ciencias en Conservaci\u00f3n y Aprovechamiento de Recursos Naturales del alumno: Jos\u00e9 Abimael Campos Ru\u00edz con n\u00famero de registro 8170590, de la tesis denominada: Bioprospeccion y caracterizaci\u00f3n de productos naturales para el control de Aedes aegypti y Culex quinquefasciatus (Diptera: Culicidae). Evaluaciones [&hellip;]<\/p>\n","protected":false},"author":77,"featured_media":0,"parent":0,"menu_order":0,"comment_status":"closed","ping_status":"closed","template":"","meta":{"_swt_meta_header_display":false,"_swt_meta_footer_display":false,"_swt_meta_site_title_display":false,"_swt_meta_sticky_header":false,"_swt_meta_transparent_header":false,"footnotes":""},"class_list":["post-9","page","type-page","status-publish","hentry"],"_links":{"self":[{"href":"https:\/\/web.ciidiroaxaca.ipn.mx\/smartinezt\/wp-json\/wp\/v2\/pages\/9","targetHints":{"allow":["GET"]}}],"collection":[{"href":"https:\/\/web.ciidiroaxaca.ipn.mx\/smartinezt\/wp-json\/wp\/v2\/pages"}],"about":[{"href":"https:\/\/web.ciidiroaxaca.ipn.mx\/smartinezt\/wp-json\/wp\/v2\/types\/page"}],"author":[{"embeddable":true,"href":"https:\/\/web.ciidiroaxaca.ipn.mx\/smartinezt\/wp-json\/wp\/v2\/users\/77"}],"replies":[{"embeddable":true,"href":"https:\/\/web.ciidiroaxaca.ipn.mx\/smartinezt\/wp-json\/wp\/v2\/comments?post=9"}],"version-history":[{"count":4,"href":"https:\/\/web.ciidiroaxaca.ipn.mx\/smartinezt\/wp-json\/wp\/v2\/pages\/9\/revisions"}],"predecessor-version":[{"id":33,"href":"https:\/\/web.ciidiroaxaca.ipn.mx\/smartinezt\/wp-json\/wp\/v2\/pages\/9\/revisions\/33"}],"wp:attachment":[{"href":"https:\/\/web.ciidiroaxaca.ipn.mx\/smartinezt\/wp-json\/wp\/v2\/media?parent=9"}],"curies":[{"name":"wp","href":"https:\/\/api.w.org\/{rel}","templated":true}]}}