{"id":8,"date":"2011-10-31T22:22:20","date_gmt":"2011-10-31T22:22:20","guid":{"rendered":"https:\/\/web.ciidiroaxaca.ipn.mx\/smartinezt\/tesis\/"},"modified":"2025-10-22T10:37:44","modified_gmt":"2025-10-22T16:37:44","slug":"tesis","status":"publish","type":"page","link":"https:\/\/web.ciidiroaxaca.ipn.mx\/smartinezt\/tesis\/","title":{"rendered":"Tesis"},"content":{"rendered":"\n<h2 class=\"wp-block-heading\"><strong>II. FORMACION DE RECURSOS HUMANOS<\/strong><\/h2>\n\n\n\n<h3 class=\"wp-block-heading\"><strong>2.1 DIRECCION DE TESIS DE MAESTRIA<\/strong><\/h3>\n\n\n\n<ol class=\"wp-block-list\">\n<li>Crisanto Mart\u00ednez Jos\u00e9 de Jes\u00fas. 2025. con n\u00famero de registro B231010, del programa de Maestr\u00eda en Ciencias en Conservaci\u00f3n y Aprovechamiento de Recursos Naturales, con acreditaci\u00f3n 001702 en el SNP de la SECIHTI. tesis desarrollada por el sustentante, la cual lleva por t\u00edtulo: Evaluaci\u00f3n de bioestimulantes naturales en la protecci\u00f3n de plantas y frutos de Curcubita pepo L var. round zucchini. Director de tesis.<\/li>\n<\/ol>\n\n\n\n<h3 class=\"wp-block-heading\"><strong>2.2 DIRECCION DE TESIS DE LICENCIATURA<\/strong><\/h3>\n\n\n\n<p><\/p>\n\n\n\n<ol class=\"wp-block-list\">\n<li>Miguel Andr\u00e9s Ju\u00e1rez L\u00f3pez. 2022. Aplicaci\u00f3n de diferentes homeop\u00e1ticos para la protecci\u00f3n y prevenci\u00f3n de barrenillo de chile en plantas de chile jalape\u00f1o (Capsicum annuum). Alumno (a) de la carrera de Ingenier\u00eda en Innovaci\u00f3n Agr\u00edcola Sustentable del Instituto Tecnol\u00f3gico Superior de San Miguel el Grande. Tesis en proceso. Grado acad\u00e9mico de la Tesis: Licenciatura. Codirector de tesis.<\/li>\n\n\n\n<li>Ort\u00edz Cruz Sureya 2019. Control del barrenillo Anthonomus eugenii en tres variedades de chile, mediante el uso de homeop\u00e1ticos, en el CIIDIR, Unidad Oaxaca.Alumno (a) de la carrera de Ingenier\u00eda en Innovaci\u00f3n Agr\u00edcola Sustentable del Instituto Tecnol\u00f3gico Superior de San Miguel el Grande. Tesis teminada. Grado acad\u00e9mico de la t\u00e9sis: Licenciatura. Fecha de obtenci\u00f3n de grado: 19\/dic\/2019.<\/li>\n\n\n\n<li>Arturo Atonaltzin Reyes Aparicio. Tesis Profesional. Control del barrenillo Anthonomus eugenii en tres variedades de chile, mediante el uso de homeop\u00e1ticos, en el CIIDIR, Unidad Oaxaca. 2018. Instituci\u00f3n: Tecnologico Nacional de Mexico. Tesis teminada. Grado Licenciatura. Fecha de obtenci\u00f3n de grado: 24\/ago\/2018.<\/li>\n<\/ol>\n\n\n\n<h3 class=\"wp-block-heading\"><strong>2.3 DIRECCION DE PROYECTOS TERMINALES DE TITULACION PARA LICENCIATURA QUE IMPLIQUEN TRABAJO EXPERIMENTAL O DE INVESTIGACION.<\/strong><\/h3>\n\n\n\n<ol class=\"wp-block-list\">\n<li>Residente profesional C. Valentin Ort\u00edz P\u00e9rez, estudiante de la carrera de Ingenier\u00eda en Innovaci\u00f3n Agr\u00edcola Sustentable (No. Control 14105120} quien desarroll\u00f3 el proyecto denominado \u00abAplicaci\u00f3n e homeop\u00e1ticos y fertilizantes solubles y caracterizaci\u00f3n de los requerimientos nutr\u00edciona es del chile de agua (Capsicum annuum L) en sus diferentes etapas fenol\u00f3gicas mediante el an\u00e1lisis de savia\u00bb 2019.<\/li>\n\n\n\n<li>Residencia profesional. 2019. Ju\u00e1rez L\u00f3pez Miguel Andr\u00e9s alumno (a) de la carrera de Ingenier\u00eda en Innovaci\u00f3n Agr\u00edcola Sustentable del Instituto Tecnol\u00f3gico Superior de San Miguel el Grande, con n\u00famero de control 14105136, desarroll\u00f3 y cumpli\u00f3 con su Residencia Profesional, con el tema: \u00abEvaluaci\u00f3n de Homeop\u00e1ticos de Barrenillo de Chile, de Plantas, de Antiestres, de Nutrici\u00f3n y Polif\u00e1rmacos de Plagas y Enfermedades en Plantas de Chile Jalape\u00f1o (Capsicum annum L.) en el Campo Experimental del CllDIR, Unidad Oaxaca\u00bb, en este Centro de Investigaci\u00f3n durante el periodo del 03 de septiembre al 21 de diciembre de 2018, cubriendo un total de 500 horas; dentro del proyecto de investigaci\u00f3n: \u00abHomeop\u00e1ticos para el Manejo de Anthonomus Eugenii y Protecci\u00f3n de Frutos en el Cultivo de Chile\u00bb, con clave SIP 20180805, bajo la direcci\u00f3n del (a) Dr. Sabino Honorio Mart\u00ednez Tom\u00e1s.<\/li>\n\n\n\n<li>Guzman Mart\u00ednez Luis Diego, alumno de la carrera de Ingenieria en Agronom\u00eda del Instituto Tecnol\u00f3gico del Valle de Oaxaca. 2019.En la realizaci\u00f3n de su Servicio Social, con el tema: \u00abHistopatologia de Hojas y Flores de Zarzamora y arandano con Necrosis y Pudrici\u00f3n Inducida por Botrytis cin\u00e9rea.<\/li>\n\n\n\n<li>Arturo Atonaltzin Reyes Aparicio. Residencia Profesional, con el tema: \u00abAgrohomeop\u00e1ticos de Plantas insectist\u00e1ticas para Protecci\u00f3n de Plantas de Capsicum annnum L. Contra Anthonomus eugenii\u00bb, en este Centro de Investigaci\u00f3n, durante el periodo del 28 de agosto al 28 de diciembre de 2017, cubriendo un total de 500 horas.<\/li>\n\n\n\n<li>Nayely P\u00e9rez Cruz. AGROHOMEOP\u00c1TICOS DE PLANTAS INSECTIST\u00c1TICAS PARA PROTECCION DE PLANTAS DE Capsicum annum L. CONTRA Anthonomus eugenii. 2016. Estancia Pofesional.<\/li>\n\n\n\n<li>Cruz Aparicio Erick. Residencia Profesional, con el tema: \u00abAplicaci\u00f3n de homeop\u00e1ticos y ertilizantes Solubles y Caracterizaci\u00f3n de los Requerimientos Nutricionales de Chile de Agua (Capsicum annum L.) En sus Diferentes Etapas Fenol\u00f3gicas Mediante el An\u00e1lisis de Savia\u00bb.<\/li>\n\n\n\n<li>Ort\u00edz Cruz Sureya alumno (a) de la carrera de Ingenier\u00eda en Innovaci\u00f3n Agr\u00edcola Sustentable del Instituto Tecnol\u00f3gico Superior de San Miguel el Grande, con n\u00famero de control 13105105, desarroll\u00f3 y cumpli\u00f3 con su Residencia, Profesional, con el tema: \u00abEvaluaci\u00f3n de Diferentes Homeop\u00e1ticos para la Protecci\u00f3n de Dos Variedades de Chile Jalape\u00f1o y Una de Chile Serrano Contra el Barrenillo de Chile (Anthonomus, eugenii) en el Campo Experimental del CllDIR, Unidad Oaxaca\u00bb.<\/li>\n<\/ol>\n","protected":false},"excerpt":{"rendered":"<p>II. FORMACION DE RECURSOS HUMANOS 2.1 DIRECCION DE TESIS DE MAESTRIA 2.2 DIRECCION DE TESIS DE LICENCIATURA 2.3 DIRECCION DE PROYECTOS TERMINALES DE TITULACION PARA LICENCIATURA QUE IMPLIQUEN TRABAJO EXPERIMENTAL O DE INVESTIGACION.<\/p>\n","protected":false},"author":77,"featured_media":0,"parent":0,"menu_order":0,"comment_status":"closed","ping_status":"closed","template":"","meta":{"_swt_meta_header_display":false,"_swt_meta_footer_display":false,"_swt_meta_site_title_display":false,"_swt_meta_sticky_header":false,"_swt_meta_transparent_header":false,"footnotes":""},"class_list":["post-8","page","type-page","status-publish","hentry"],"_links":{"self":[{"href":"https:\/\/web.ciidiroaxaca.ipn.mx\/smartinezt\/wp-json\/wp\/v2\/pages\/8","targetHints":{"allow":["GET"]}}],"collection":[{"href":"https:\/\/web.ciidiroaxaca.ipn.mx\/smartinezt\/wp-json\/wp\/v2\/pages"}],"about":[{"href":"https:\/\/web.ciidiroaxaca.ipn.mx\/smartinezt\/wp-json\/wp\/v2\/types\/page"}],"author":[{"embeddable":true,"href":"https:\/\/web.ciidiroaxaca.ipn.mx\/smartinezt\/wp-json\/wp\/v2\/users\/77"}],"replies":[{"embeddable":true,"href":"https:\/\/web.ciidiroaxaca.ipn.mx\/smartinezt\/wp-json\/wp\/v2\/comments?post=8"}],"version-history":[{"count":4,"href":"https:\/\/web.ciidiroaxaca.ipn.mx\/smartinezt\/wp-json\/wp\/v2\/pages\/8\/revisions"}],"predecessor-version":[{"id":58,"href":"https:\/\/web.ciidiroaxaca.ipn.mx\/smartinezt\/wp-json\/wp\/v2\/pages\/8\/revisions\/58"}],"wp:attachment":[{"href":"https:\/\/web.ciidiroaxaca.ipn.mx\/smartinezt\/wp-json\/wp\/v2\/media?parent=8"}],"curies":[{"name":"wp","href":"https:\/\/api.w.org\/{rel}","templated":true}]}}