{"id":7,"date":"2011-10-31T22:17:56","date_gmt":"2011-10-31T22:17:56","guid":{"rendered":"https:\/\/web.ciidiroaxaca.ipn.mx\/smartinezt\/proyectos\/"},"modified":"2025-10-22T09:59:10","modified_gmt":"2025-10-22T15:59:10","slug":"proyectos","status":"publish","type":"page","link":"https:\/\/web.ciidiroaxaca.ipn.mx\/smartinezt\/proyectos\/","title":{"rendered":"Proyectos"},"content":{"rendered":"\n<ol class=\"wp-block-list\">\n<li>Proyecto SECIHTI PEE-2025-G-773<br><em>\u201cFortalecimiento agroecol\u00f3gico y valoraci\u00f3n nutricional del ma\u00edz nativo y frijol en comunidades campesinas de Villa de Zaachila, Oaxaca\u201d<\/em><\/li>\n\n\n\n<li><strong>SIP-2025-RE\/055<\/strong>, titulado\u00a0<em>\u201cFortalecimiento agroecol\u00f3gico y valoraci\u00f3n nutricional del ma\u00edz nativo y frijol en comunidades campesinas de Villa de Zaachila, Oaxaca\u201d<\/em><\/li>\n\n\n\n<li>SIP 20254488: Elaboraci\u00f3n y aplicaci\u00f3n de nosodes y alternativas naturales en \u00e1rboles frutales para protecci\u00f3n contra plagas y enfermedades y mejora de rendimiento, en comunidades del Istmo y Costa de Oaxaca.<\/li>\n\n\n\n<li>SIP 20241263: \u201cANALISIS DE PLANTAS DE FRIJOL, MAIZ Y CHILE CON EL EQUIPO HEALY POR EFECTO DE APLICACI\u00d3N DE HOMEOPATICOS.<\/li>\n\n\n\n<li>SIP 20242762: \u201cALTERNATIVA AL USO DE GLIFOSATO CON REDUCCION DE CRECIMIENTO DE MALEZAS CON HOMEOPATIA Y EXTRACTOSVEGETALES EN LABORATORIO Y CAMPO<\/li>\n\n\n\n<li>SIP: 20231263 \u201cANALISIS DE PLANTAS DE FRIJOL, MAIZ Y CHILE CON EL EQUIPO HEALY POR EFECTO DE APLICACI\u00d3N DE HOMEOPATICOS.<\/li>\n\n\n\n<li>SIP: 20200090. EVALUACION DE FERTILIZACION CON AYUDA DE HOMEOPATIA EN PLANTAS DE CHILE DE AGUA EN CAMPO. <\/li>\n\n\n\n<li>SIP: 20195481. MANEJO INTEGRAL DEL CULTIVO DE CAPSICUM ANNUUM CON HOMEOPATIA. <\/li>\n\n\n\n<li>SIP: 20182331. HOMEOP\u00c1TICOS PARA PROTECCI\u00d3N DE PLANTAS DE CHILE JALAPE\u00d1O CONTRA EL PICUDO Anthonomus eugenii.<\/li>\n\n\n\n<li>SIP: 20180805. HOMEOP\u00c1TICOS PARA EL MANEJO DEL PICUDO Anthonomus eugenii Y PROTECCI\u00d3N DE FRUTOS EN EL CULTIVO DE CHILE. <\/li>\n\n\n\n<li>20171040. APLICACI\u00d3N DE MEJORES TRATAMIENTOS HOMEOP\u00c1TICOS EVALUADOS Y NOSODES DE PLANTAS INSECTIST\u00c1TICAS PARA OBTENER<br>FRUTOS SIN PICUDO Anthonomus eugenii EN MICROTUNEL Y CAMPO. <\/li>\n\n\n\n<li>Proyecto externo 2023. Coordinador del proyecto Diagnostico, Transferencia de Tecnolog\u00edas y Soporte T\u00e9cnico para atender necesidades del<br>PRODETER, en el convenio de colaboraci\u00f3n n\u00famero PDR-ITT-IIEl-00025-2019 del programa de \u00abDesarrollo Territorial\u00bb (PRODETER, REGI\u00d3N Coatl\u00e1n),<br>celebrado con el \u00abFIDEICOMISO ALIANZA PARA EL CAMPO DE OAXACA\u00bb (FAPCO) y el Instituto Polit\u00e9cnico Nacional a trav\u00e9s de la participaci\u00f3n del<br>CIIDIR Unidad Oaxaca, este convenio se registr\u00f3 como proyecto de investigaci\u00f3n en la Secretar\u00eda de Investigaci\u00f3n y Posgrado, clave n\u00famero<br>(SIP-2020-RE\/001).<\/li>\n<\/ol>\n","protected":false},"excerpt":{"rendered":"","protected":false},"author":77,"featured_media":0,"parent":0,"menu_order":0,"comment_status":"closed","ping_status":"closed","template":"","meta":{"_swt_meta_header_display":false,"_swt_meta_footer_display":false,"_swt_meta_site_title_display":false,"_swt_meta_sticky_header":false,"_swt_meta_transparent_header":false,"footnotes":""},"class_list":["post-7","page","type-page","status-publish","hentry"],"_links":{"self":[{"href":"https:\/\/web.ciidiroaxaca.ipn.mx\/smartinezt\/wp-json\/wp\/v2\/pages\/7","targetHints":{"allow":["GET"]}}],"collection":[{"href":"https:\/\/web.ciidiroaxaca.ipn.mx\/smartinezt\/wp-json\/wp\/v2\/pages"}],"about":[{"href":"https:\/\/web.ciidiroaxaca.ipn.mx\/smartinezt\/wp-json\/wp\/v2\/types\/page"}],"author":[{"embeddable":true,"href":"https:\/\/web.ciidiroaxaca.ipn.mx\/smartinezt\/wp-json\/wp\/v2\/users\/77"}],"replies":[{"embeddable":true,"href":"https:\/\/web.ciidiroaxaca.ipn.mx\/smartinezt\/wp-json\/wp\/v2\/comments?post=7"}],"version-history":[{"count":3,"href":"https:\/\/web.ciidiroaxaca.ipn.mx\/smartinezt\/wp-json\/wp\/v2\/pages\/7\/revisions"}],"predecessor-version":[{"id":50,"href":"https:\/\/web.ciidiroaxaca.ipn.mx\/smartinezt\/wp-json\/wp\/v2\/pages\/7\/revisions\/50"}],"wp:attachment":[{"href":"https:\/\/web.ciidiroaxaca.ipn.mx\/smartinezt\/wp-json\/wp\/v2\/media?parent=7"}],"curies":[{"name":"wp","href":"https:\/\/api.w.org\/{rel}","templated":true}]}}