{"id":6,"date":"2011-10-31T21:45:37","date_gmt":"2011-10-31T21:45:37","guid":{"rendered":"https:\/\/web.ciidiroaxaca.ipn.mx\/smartinezt\/publicaciones\/"},"modified":"2025-10-22T10:35:52","modified_gmt":"2025-10-22T16:35:52","slug":"publicaciones","status":"publish","type":"page","link":"https:\/\/web.ciidiroaxaca.ipn.mx\/smartinezt\/publicaciones\/","title":{"rendered":"Publicaciones"},"content":{"rendered":"\n<h2 class=\"wp-block-heading\"><strong>PRODUCTIVIDAD DE INVESTIGACION CIENTIFICA Y TECNOLOGICA<\/strong><\/h2>\n\n\n\n<h3 class=\"wp-block-heading\"><strong>ARTICULOS EN REVISTAS INTERNACIONALES (ISI)<\/strong><\/h3>\n\n\n\n<ol class=\"wp-block-list\">\n<li>Report on the Influence of Homeopathic\/Nosode Foliar Applications on Phaseolus vulgaris (L.):Agronomic and Phytochemical Changes and Control of Zabrotes subfasciatus (Boh.) and Diabrotica balteata (LeConte).Horticulturae 2024, 10, 1014. Beatriz Quiroz-Gonz\u00e1lez 1 , Sabino Honorio Mart\u00ednez-Tom\u00e1s 2,* , Luicita Lagunez-Rivera 2,*, Carlos Granados-Echegoyen 1 , Rafael P\u00e9rez-Pacheco 2 , IsraelDionicio-y de Jes\u00fas 3 and Baldomero Hortencio Z\u00e1rate-Nicol\u00e1s. 2024.  Accepted: 22September 2024. Published: 24 September 2024.<\/li>\n\n\n\n<li>Collection Records of Geotrupinae Species (Coleoptera:Scarabaeidae) in Chiapas, Mexico. Carlos Joaquin Morales Morales1 , Eduardo Aguilar Astudillo1, * , Reynerio Adri\u00e1n Alonso Bran1 , Sabino Honorio Mart\u00ednez Tomas2 , Mariano Sol\u00eds L\u00f3pez1 , Beatriz Zambrano Castillo1 , Jos\u00e9 Manuel Cena Vel\u00e1zquez. 2024. American Journal of Entomology.  Accepted: 16 April 2024; Published: 17 May 2024.<\/li>\n\n\n\n<li>Nature-Based Solutions for Conservation and Food Sovereignty in Indigenous Communities of Oaxaca.  Marco Aurelio Acevedo-Ortiz, Gema Lugo-Espinosa , Yolanda Donaj\u00ed Ortiz-Hern\u00e1ndez , Rafael P\u00e9rez-Pacheco 2 , Fernando El\u00ed Ortiz-Hern\u00e1ndez , Sabino Honorio Mart\u00ednez-Tom\u00e1s and Mar\u00eda Elena Tavera-Cort\u00e9. 2024. Accepted: 14 September 2024 Published: 18 September 2024.<\/li>\n\n\n\n<li>Prevalence of Four Nematode Species (Mermithidae) in AdultMosquitoes(Diptera: Culicidae): First Comments SinceInfection\/Parasitism in Fourth-Instar Larvae. Rafael P\u00e9rez-Pacheco , Edward G. Platzer, Carlos Granados-Echegoyen, Sabino H. Martinez-Tomas ,Baldomero H. Z\u00e1rate-Nicol\u00e1s , Beatriz Quiroz-Gonz\u00e1lez , HenryLoeza-Concha 4 , Jorge Tucuch- Haas 5,Alicia Fonseca-Mu\u00f1oz 6 and Fabi\u00e1n Arroyo-Bal\u00e1n.  Accepted: 13 November 2024. Microorganisms 2024, 12, 2388. Published: 21. November 2024.<\/li>\n\n\n\n<li>Whitefly Repellency with Basil Crude Extracts under Laboratory Conditions. Eduardo Aguilar Astudillo, Carlos Joaqu\u00edn Morales Morales, Reynerio Adri\u00e1n Alonso Bran, Sabino Honorio Mart\u00ednez Tomas, Mariano Sol\u00eds L\u00f3pez, Jos\u00e9 Manuel CenaVel\u00e1zquez. SOUTHWESTERN ENTOMOLOGIST. VOL. 49, NO. 4. Dec. 2024.<\/li>\n\n\n\n<li>Sabino Honorio Mart\u00ednez Tom\u00e1s, Rafael P\u00e9rez Pacheco, Ces\u00e1reo Rodr\u00edguez Hern\u00e1ndez, Gustavo Ram\u00edrez Valverde, Jes\u00fas Romero N\u00e1poles, Felipe de Jes\u00fas Ruiz Espinoza, Miguel \u00c1ngel Ramos-L\u00f3pez. 2018. Inhibici\u00f3n de Desarrollo de Larvas <em>Culex quinquefasciatus<\/em> Say con Extractos de Semilla y de Hoja de <em>Ricinus communis<\/em>. Southwestern Entomologist. Vol. 43, No. 1. p. 221-238 Revistas Indizadas. ISSN IMPRESO: 0147-1724. ISSN ELECTR\u00d3NICO: 2162-2647.JCR.<\/li>\n\n\n\n<li>Varietal and germinative characterization of Agave potatorum (Asparagaceae) seeds with different origins. Yolanda Donaj\u00ed Ortiz-Hern\u00e1ndez, Germ\u00e1n Fernando Guti\u00e9rrez-Hern\u00e1ndez, Luis Jorge Corzo-R\u00edos, Elpidio Garc\u00eda-Ram\u00edrez, and Sabino Honorio Mart\u00ednez-Tom\u00e1s. 2018.  Botanical Sciences 96 (4): 628-639 2018. DOI: 10.17129\/botsci.1914.<\/li>\n<\/ol>\n\n\n\n<h2 class=\"wp-block-heading\">Libros y\/o cap\u00edtulos de libros, publicados<\/h2>\n\n\n\n<ol class=\"wp-block-list\">\n<li>Libro. Editor: Mart\u00ednez-Tom\u00e1s, S.H. (2024). Agrohomeopat\u00eda para productores: la ciencia y las peque\u00f1as gotas. Sociedad Multidisciplinaria en Ciencias Agron\u00f3micas Aplicadas y Biotecnolog\u00eda, Michoac\u00e1n, M\u00e9xico. 124 p.<\/li>\n\n\n\n<li>Cap\u00edtulo de libro. 2024. Aprobaci\u00f3n de bioinsumos homeop\u00e1ticos en huertos familiares hort\u00edcolas en comunidades chinantecas para combatirplagas y enfermedades.Editorial ASMIIA A.C.<\/li>\n\n\n\n<li>Cap\u00edtulo de libro. 2023. Agronosode para la producci\u00f3n de frijol (Phaseolus vulgaris L.). XX FORO INTERINSTITUCIONAL La terap\u00e9uticahomeop\u00e1tica y la prevenci\u00f3n en los seres vivos.<\/li>\n\n\n\n<li>Cap\u00edtulo de libro. 2023. El m\u00e9todo de trituraci\u00f3n es mejor y diferentes maneras de aplicaci\u00f3n de homeopaticos en plantas de chile de agua. XXFORO INTERINSTITUCIONAL La terap\u00e9utica homeop\u00e1tica y la prevenci\u00f3n en los seres vivos.<\/li>\n\n\n\n<li>Cap\u00edtulo de libro. 2023. Homeop\u00e1ticos insectist\u00e1ticos para protecci\u00f3n de Capsicum annum L. contra barrenillo en invernaderos tipo cubo. XX FORO INTERINSTITUCIONAL La terap\u00e9utica homeop\u00e1tica y la prevenci\u00f3n en los seres vivos.<\/li>\n\n\n\n<li>APLICACI\u00d3N DE HOMEOP\u00c1TICOS PARA PROTECCI\u00d3N DE FRUTOS DE Capsicum annuum CONTRA Anthonomus eugenii EN. 2019. Sabino Honorio Mart\u00ednez-Tom\u00e1s, Ces\u00e1reo Rodr\u00edguez-Hern\u00e1ndez, Gustavo Ram\u00edrez-Valverde, Felipe de Jes\u00fas Ruiz-Espinoza, Rafael Perez-Pacheco, Felipe Florean M\u00e9ndez. Editorial: Colegio de Postgraduados Carretera Federal M\u00e9xico-Texcoco Km. 36.5 Montecillos, Texcoco, M\u00e9xico. T\u00edtulo del libro: AGRICULTURA SOSTENIBLE Por la Tierra por la Vida. N\u00famero de cap\u00edtulo:111. P\u00e1ginas: 822-827.ISBN: 9786077153900.<\/li>\n\n\n\n<li>PROTECCI\u00d3N DE FRUTOS DE TRES VARIEDADES DE Capsicum CONTRA Anthonomus eugenii, CON HOMEOP\u00c1TICOS, EN EL. 2019. Sureya Ortiz Cruz, Sabino Honorio Mart\u00ednez Tom\u00e1s, Miguel Andr\u00e9s Ju\u00e1rez L\u00f3pez, Felipe de Jes\u00fas Ruiz Espinoza, Ces\u00e1reo Rodr\u00edguez-Hern\u00e1ndez y Erick Cruz Aparicio. Editorial: Colegio de Postgraduados Carretera Federal M\u00e9xico-Texcoco Km. 36.5 Montecillos, Texcoco, M\u00e9xico. T\u00edtulo del libro: AGRICULTURA SOSTENIBLE Por la Tierra por la Vida. N\u00famero de cap\u00edtulo:120. P\u00e1ginas: 884-890.ISBN: 9786077153900.<\/li>\n\n\n\n<li>Protecci\u00f3n contra barrenillo <em>Anthonomus eugenii<\/em> en chile jalape\u00f1o, mediante el uso de homeop\u00e1ticos, en el. 2019. Miguel Andr\u00e9s Ju\u00e1rez L\u00f3pez, Sabino Honorio Mart\u00ednez Tom\u00e1s, Sureya Ortiz Cruz, Felipe de Jes\u00fas Ruiz Espinoza, Rafael Perez Pacheco, Baldomero Hortencio Z\u00e1rate Nicol\u00e1s Editorial: Colegio de Postgraduados Carretera Federal M\u00e9xico-Texcoco Km. 36.5 Montecillos, Texcoco, M\u00e9xico. T\u00edtulo del libro: AGRICULTURA SOSTENIBLE Por la Tierra por la Vida. N\u00famero de cap\u00edtulo:119. P\u00e1ginas: 877-883.ISBN: 9786077153900.<\/li>\n\n\n\n<li>PROTECCI\u00d3N DE FRUTOS DE Capsicum annuum CONT RA Anthonomus eugenii CON HOMEOP\u00c1TICOS DE VENENOS DE ANIMALES, PLANTAS Y DE L PICUDO DE CHILE. 2018. Sabino Honorio Mart\u00ednez-Tom\u00e1s, Ces\u00e1reo Rodr\u00edguez-Hern\u00e1ndez, Felipe de Jes\u00fas Ruiz-Espinoza, Gustavo Ram\u00edrez-Valverde, Jes\u00fas Romero-N\u00e1poles, Rafael P\u00e9rez-Pacheco, Felipe Florean M\u00e9ndez. T\u00edtulo del libro: LA HOMEOPAT\u00cdA HOY. Editorial: D.R. \u00a9 Universidad Aut\u00f3noma Chapingo Km 38.5 Carretera M\u00e9xico-Texcoco Chapingo, Texcoco, Edo. de M\u00e9x. P. 73-82. ISBN 978-607-12-0518-6.<\/li>\n\n\n\n<li>EFECTO DE LA SUCUSI\u00d3N EN LA TOXICIDAD. 2018.Felipe de Jes\u00fas Ruiz Espinoza, Sabino Honorio Mart\u00ednez Tom\u00e1s, Yazm\u00edn P\u00e9rez Fern\u00e1ndez. T\u00edtulo del libro: LA HOMEOPAT\u00cdA HOY. Editorial: D.R. \u00a9 Universidad Aut\u00f3noma Chapingo Km 38.5 Carretera M\u00e9xico-Texcoco Chapingo, Texcoco, Edo. de M\u00e9x. P. 103-107. ISBN 978-607-12-0518-6.<\/li>\n\n\n\n<li>Homeop\u00e1ticos de plantas insecticidas en la protecci\u00f3n de frutos de Chile de Agua. 2017. <a>Sabino Honorio Mart\u00ednez-Tom\u00e1s, Ces\u00e1reo Rodr\u00edguez-Hern\u00e1ndez, Gustavo Ram\u00edrez-Valverde, Jes\u00fas Romero-N\u00e1poles, Felipe de Jes\u00fas Ruiz-Espinoza, Rafael Perez-Pacheco, Felipe Florean M\u00e9ndez.<\/a> T\u00edtulo del libro: LA HOMEOPAT\u00cdA Y LA CIENCIA. Editorial: D.R. \u00a9 Universidad Aut\u00f3noma Chapingo Km 38.5 Carretera M\u00e9xico-Texcoco Chapingo, Texcoco, Edo. de M\u00e9x. P. 52-58. ISBN en tr\u00e1mite.<\/li>\n\n\n\n<li>Homeop\u00e1ticos para la protecci\u00f3n del Caf\u00e9 ante el ataque de la Roya anaranjada hemileia vastatrix. 2017. Sandra Ramos-Reyes; Ces\u00e1reo Rodr\u00edguez-Hern\u00e1ndez; Esteban Escamilla-Prado y Felipe de Jes\u00fas Ruiz-Espinoza; Sabino Honorio Mart\u00ednez-Tomas. T\u00edtulo del libro: LA HOMEOPAT\u00cdA Y LA CIENCIA. Editorial: D.R. \u00a9 Universidad Aut\u00f3noma Chapingo Km 38.5 Carretera M\u00e9xico-Texcoco Chapingo, Texcoco, Edo. de M\u00e9x. P. 107-114. ISBN en tr\u00e1mite.<\/li>\n\n\n\n<li>INHIBICI\u00d3N DE CRECIMIENTO DE LARVAS DE Culex quinquefasciatus CON EXTRACTOS DE SEMILLA DE Ricinus communis. 2017. Sabino Honorio Mart\u00ednez-Tom\u00e1s, Ces\u00e1reo Rodr\u00edguez-Hern\u00e1ndez, Gustavo Ram\u00edrez-Valverde, Jes\u00fas Romero-N\u00e1poles, Felipe de Jes\u00fas Ruiz-Espinoza, Rafael Perez-Pacheco. T\u00edtulo del libro: LA AGRICULTURA SOSTENIBLE COMO BASE PARA LOS AGRONEGOCIOS. ISBN: 978607535020. Editorial: UNIVERSIDAD AUTONOMA DE SAN LUIS POTOSI. Capitulo 2. P.1443-1451.<\/li>\n\n\n\n<li>PROTECTION OF FRUITS OF Capsicum annuum L. WITH HOMEOPATHIC DILUTIONS OF Anthonomus eugenii CANO. 2017.Sabino Honorio Mart\u00ednez-Tom\u00e1s, Ces\u00e1reo Rodr\u00edguez-Hern\u00e1ndez, Gustavo Ram\u00edrez-Valverde, Jes\u00fas Romero-N\u00e1poles, Felipe de Jes\u00fas Ruiz-Espinoza, Rafael Perez-Pacheco Felipe Flore\u00e1n M\u00e9ndez. T\u00edtulo del libro: LA AGRICULTURA SOSTENIBLE COMO BASE PARA LOS AGRONEGOCIOS. ISBN: 978607535020. Editorial: UNIVERSIDAD AUTONOMA DE SAN LUIS POTOSI. Capitulo 1. P.1432-1436.<\/li>\n\n\n\n<li>PROTECCI\u00d3N DE PLANTAS DE Capsicum annuum CON HOMEOP\u00c1TICOS DE Anthonomus eugenii DE INVERNADERO Y CAMPO. 2015. <a>Sabino Honorio Mart\u00ednez-Tom\u00e1s, Ces\u00e1reo Rodr\u00edguez-Hern\u00e1ndez, Gustavo Ram\u00edrez-Valverde, Jes\u00fas Romero-N\u00e1poles, Felipe de Jes\u00fas Ruiz-Espinoza, Rafael Perez-Pacheco, Felipe Florean M\u00e9ndez.<\/a>, Agricultura sostenible. B\u00fasqueda del equilibrio entre el hombre y la naturaleza, Vol. , Pag.1-12.<\/li>\n<\/ol>\n\n\n\n<h3 class=\"wp-block-heading\">ART\u00cdCULOS EN REVISTAS NACIONALES (NO REGISTRADAS EN EL \u00cdNDICE DEL CONACYT), CON ARBITRAJE<\/h3>\n\n\n\n<ol start=\"1\" class=\"wp-block-list\">\n<li>Sabino Honorio Martinez-Tom\u00e1s, Ces\u00e1reo Rodr\u00edguez-Hern\u00e1ndez, Gustavo Ram\u00edrez- Valverde, Jes\u00fas Romero-N\u00e1poles, Felipe de Jes\u00fas Ruiz-Espinoza, Rafael Perez-Pacheco. 2017. OBTENCI\u00d3N DE FRUTOS DE Capsicum annuun L. SIN Anthonomus eugenii Cano, (COLEOPTERA: CURCULIONIDAE), CON HOMEOP\u00c1TICOS DE PLANTAS INSECTICIDAS EN MICROTUNEL. ISSN: 2448-475X, Entomolog\u00eda mexicana, 4: 243\u2212251 (2017). Revistas Arbitradas.<\/li>\n<\/ol>\n\n\n\n<p><\/p>\n","protected":false},"excerpt":{"rendered":"<p>PRODUCTIVIDAD DE INVESTIGACION CIENTIFICA Y TECNOLOGICA ARTICULOS EN REVISTAS INTERNACIONALES (ISI) Libros y\/o cap\u00edtulos de libros, publicados ART\u00cdCULOS EN REVISTAS NACIONALES (NO REGISTRADAS EN EL \u00cdNDICE DEL CONACYT), CON ARBITRAJE<\/p>\n","protected":false},"author":77,"featured_media":0,"parent":0,"menu_order":0,"comment_status":"closed","ping_status":"closed","template":"","meta":{"_swt_meta_header_display":false,"_swt_meta_footer_display":false,"_swt_meta_site_title_display":false,"_swt_meta_sticky_header":false,"_swt_meta_transparent_header":false,"footnotes":""},"class_list":["post-6","page","type-page","status-publish","hentry"],"_links":{"self":[{"href":"https:\/\/web.ciidiroaxaca.ipn.mx\/smartinezt\/wp-json\/wp\/v2\/pages\/6","targetHints":{"allow":["GET"]}}],"collection":[{"href":"https:\/\/web.ciidiroaxaca.ipn.mx\/smartinezt\/wp-json\/wp\/v2\/pages"}],"about":[{"href":"https:\/\/web.ciidiroaxaca.ipn.mx\/smartinezt\/wp-json\/wp\/v2\/types\/page"}],"author":[{"embeddable":true,"href":"https:\/\/web.ciidiroaxaca.ipn.mx\/smartinezt\/wp-json\/wp\/v2\/users\/77"}],"replies":[{"embeddable":true,"href":"https:\/\/web.ciidiroaxaca.ipn.mx\/smartinezt\/wp-json\/wp\/v2\/comments?post=6"}],"version-history":[{"count":10,"href":"https:\/\/web.ciidiroaxaca.ipn.mx\/smartinezt\/wp-json\/wp\/v2\/pages\/6\/revisions"}],"predecessor-version":[{"id":57,"href":"https:\/\/web.ciidiroaxaca.ipn.mx\/smartinezt\/wp-json\/wp\/v2\/pages\/6\/revisions\/57"}],"wp:attachment":[{"href":"https:\/\/web.ciidiroaxaca.ipn.mx\/smartinezt\/wp-json\/wp\/v2\/media?parent=6"}],"curies":[{"name":"wp","href":"https:\/\/api.w.org\/{rel}","templated":true}]}}