{"id":5,"date":"2011-10-31T21:31:00","date_gmt":"2011-10-31T21:31:00","guid":{"rendered":"https:\/\/web.ciidiroaxaca.ipn.mx\/smartinezt\/dr-sabino-honorio-martinez-tomas\/"},"modified":"2025-10-10T18:18:40","modified_gmt":"2025-10-10T18:18:40","slug":"dr-sabino-honorio-martinez-tomas","status":"publish","type":"page","link":"https:\/\/web.ciidiroaxaca.ipn.mx\/smartinezt\/","title":{"rendered":"Dr. Sabino Honorio Mart\u00ednez Tom\u00e1s"},"content":{"rendered":"\n<figure class=\"wp-block-image aligncenter\"><img loading=\"lazy\" decoding=\"async\" width=\"180\" height=\"180\" src=\"https:\/\/web.ciidiroaxaca.ipn.mx\/smartinezt\/wp-content\/uploads\/sites\/77\/2011\/10\/large_FOTO-SABINO_0.jpg\" alt=\"\" class=\"wp-image-4\" srcset=\"https:\/\/web.ciidiroaxaca.ipn.mx\/smartinezt\/wp-content\/uploads\/sites\/77\/2011\/10\/large_FOTO-SABINO_0.jpg 180w, https:\/\/web.ciidiroaxaca.ipn.mx\/smartinezt\/wp-content\/uploads\/sites\/77\/2011\/10\/large_FOTO-SABINO_0-150x150.jpg 150w\" sizes=\"auto, (max-width: 180px) 100vw, 180px\" \/><\/figure>\n\n\n\n<h3 class=\"wp-block-heading has-text-align-center\">Doctor en Ciencias con especialidad en entomolog\u00eda agr\u00edcola <\/h3>\n\n\n\n<p class=\"has-text-align-center\">Por el Colegio de Postgraduados, campus Montecillo, Texcoco, Edo. de M\u00e9xico.<\/p>\n\n\n\n<p class=\"has-text-align-center\">Profesor del Posgrado del CIIDIR Unidad Oaxaca, Instituto Polit\u00e9cnico Nacional.<\/p>\n\n\n\n<p class=\"has-text-align-center\">Distinci\u00f3n de Candidato a Investigador Nacional (2022-2026)&nbsp;por el CONACyT&nbsp;SNI Sistema Nacional de Investigadores.&nbsp; Nivel I (2019-2021)<\/p>\n\n\n\n<p><strong>LINEAS DE INVESTIGACI\u00d3N:<\/strong><\/p>\n\n\n\n<ul class=\"wp-block-list\">\n<li>Agrohomeopat\u00eda y alternativas ecol\u00f3gicaspara protecci\u00f3n de plantas de hortalizas, ma\u00edz, frijol, calabaza, lim\u00f3n, aguacate, nogal y rosales contra plagas y enfermedades.\u00a0<\/li>\n\n\n\n<li>Extractos vegetales con efecto insecticida e insectist\u00e1tico en plagas y enfermedades en cultivos b\u00e1sicos, hortalizas y \u00e1rboles frutales.<\/li>\n\n\n\n<li>Manejo integrado de plagas y enfermedades de hortalizas.<\/li>\n<\/ul>\n\n\n\n<p><strong>TEMAS DE INVESTIGACI\u00d3N PARA REALIZAR TESIS O RESIDENCIA PROFESIONAL:<\/strong><\/p>\n\n\n\n<ol class=\"wp-block-list\">\n<li>Aplicaci\u00f3n de homeop\u00e1ticos, extractos vegetales y otras alternativas ecol\u00f3gicas en plantas, hortalizas y \u00e1rboles frutales como lim\u00f3n, naranja para protegerlos contra plagas y enfermedades, mejorar su nutrici\u00f3n y metabolismo para obtener mayor producci\u00f3n.<\/li>\n\n\n\n<li>Aplicaci\u00f3n integral de homeop\u00e1ticos en <em>hortalizas<\/em> contra plagas y enfermedades, mejora de nutrici\u00f3n, antistres en plantas para\u00a0obtenci\u00f3n de frutos limpios en campo.<\/li>\n\n\n\n<li>Protecci\u00f3n integral de plantascon tratamientos homeop\u00e1ticos contra plagas y enfermedades en chile y jitomate en campo.<\/li>\n\n\n\n<li>\u200bAplicaci\u00f3n de energ\u00eda a distancia con Healy de homeop\u00e1ticos y productos comerciales para\u00a0protecci\u00f3n de plantas contra plagas y enfermedades en hortalizas.<\/li>\n\n\n\n<li>Extractos vegetales para el control de mosca blanca y paratrioza en tomate y chile de agua.<\/li>\n\n\n\n<li>Manejo integrado de plagas y enfermedades de tomate y chile con sistema org\u00e1nico.<\/li>\n\n\n\n<li>Manejo agronomico con agrohomeopatia de plagas y enfermedades en maiz postcosecha.<\/li>\n\n\n\n<li>Manejo agronomico con agrohomeopatia de plagas y enfermedades en aguacate.<\/li>\n\n\n\n<li>Manejo agronomico con agrohomeopatia contra la roya en caf\u00e9.<\/li>\n\n\n\n<li>Evaluaci\u00f3n de producto homeop\u00e1tico elaborado de <em>Aedes aegyti <\/em>como repelente en laboratorio.<\/li>\n<\/ol>\n\n\n\n<p>\u00c1reas de apoyo: An\u00e1lisis estad\u00edsticos de datos de experimentos<\/p>\n\n\n\n<div class=\"wp-block-columns is-layout-flex wp-container-core-columns-is-layout-28f84493 wp-block-columns-is-layout-flex\">\n<div class=\"wp-block-column is-layout-flow wp-block-column-is-layout-flow\">\n<p>Correo electr\u00f3nico: smartinezt@ipn.mx<\/p>\n<\/div>\n\n\n\n<div class=\"wp-block-column is-layout-flow wp-block-column-is-layout-flow\">\n<p class=\"has-text-align-center\">Extensi\u00f3n: 82757<\/p>\n<\/div>\n<\/div>\n\n\n\n<p class=\"has-text-align-center\"><\/p>\n","protected":false},"excerpt":{"rendered":"<p>Doctor en Ciencias con especialidad en entomolog\u00eda agr\u00edcola Por el Colegio de Postgraduados, campus Montecillo, Texcoco, Edo. de M\u00e9xico. Profesor del Posgrado del CIIDIR Unidad Oaxaca, Instituto Polit\u00e9cnico Nacional. Distinci\u00f3n de Candidato a Investigador Nacional (2022-2026)&nbsp;por el CONACyT&nbsp;SNI Sistema Nacional de Investigadores.&nbsp; Nivel I (2019-2021) LINEAS DE INVESTIGACI\u00d3N: TEMAS DE INVESTIGACI\u00d3N PARA REALIZAR TESIS O [&hellip;]<\/p>\n","protected":false},"author":77,"featured_media":0,"parent":0,"menu_order":0,"comment_status":"closed","ping_status":"closed","template":"","meta":{"_swt_meta_header_display":false,"_swt_meta_footer_display":false,"_swt_meta_site_title_display":false,"_swt_meta_sticky_header":false,"_swt_meta_transparent_header":false,"footnotes":""},"class_list":["post-5","page","type-page","status-publish","hentry"],"_links":{"self":[{"href":"https:\/\/web.ciidiroaxaca.ipn.mx\/smartinezt\/wp-json\/wp\/v2\/pages\/5","targetHints":{"allow":["GET"]}}],"collection":[{"href":"https:\/\/web.ciidiroaxaca.ipn.mx\/smartinezt\/wp-json\/wp\/v2\/pages"}],"about":[{"href":"https:\/\/web.ciidiroaxaca.ipn.mx\/smartinezt\/wp-json\/wp\/v2\/types\/page"}],"author":[{"embeddable":true,"href":"https:\/\/web.ciidiroaxaca.ipn.mx\/smartinezt\/wp-json\/wp\/v2\/users\/77"}],"replies":[{"embeddable":true,"href":"https:\/\/web.ciidiroaxaca.ipn.mx\/smartinezt\/wp-json\/wp\/v2\/comments?post=5"}],"version-history":[{"count":3,"href":"https:\/\/web.ciidiroaxaca.ipn.mx\/smartinezt\/wp-json\/wp\/v2\/pages\/5\/revisions"}],"predecessor-version":[{"id":35,"href":"https:\/\/web.ciidiroaxaca.ipn.mx\/smartinezt\/wp-json\/wp\/v2\/pages\/5\/revisions\/35"}],"wp:attachment":[{"href":"https:\/\/web.ciidiroaxaca.ipn.mx\/smartinezt\/wp-json\/wp\/v2\/media?parent=5"}],"curies":[{"name":"wp","href":"https:\/\/api.w.org\/{rel}","templated":true}]}}