{"id":8,"date":"2011-10-27T16:06:31","date_gmt":"2011-10-27T16:06:31","guid":{"rendered":"https:\/\/web.ciidiroaxaca.ipn.mx\/sjimenez\/dr-salvador-isidro-belmonte-jimenez\/"},"modified":"2026-03-04T14:48:40","modified_gmt":"2026-03-04T20:48:40","slug":"dr-salvador-isidro-belmonte-jimenez","status":"publish","type":"page","link":"https:\/\/web.ciidiroaxaca.ipn.mx\/sjimenez\/","title":{"rendered":"Dr. Salvador Isidro Belmonte Jim\u00e9nez"},"content":{"rendered":"\n<div class=\"wp-block-columns is-layout-flex wp-container-core-columns-is-layout-28f84493 wp-block-columns-is-layout-flex\">\n<div class=\"wp-block-column is-layout-flow wp-block-column-is-layout-flow\">\n<figure class=\"wp-block-gallery has-nested-images columns-default is-cropped wp-block-gallery-1 is-layout-flex wp-block-gallery-is-layout-flex\">\n<figure class=\"wp-block-image size-large\"><img loading=\"lazy\" decoding=\"async\" width=\"512\" height=\"512\" data-id=\"77\" src=\"https:\/\/web.ciidiroaxaca.ipn.mx\/sjimenez\/wp-content\/uploads\/sites\/10\/2025\/10\/foto2.png\" alt=\"\" class=\"wp-image-77\" srcset=\"https:\/\/web.ciidiroaxaca.ipn.mx\/sjimenez\/wp-content\/uploads\/sites\/10\/2025\/10\/foto2.png 512w, https:\/\/web.ciidiroaxaca.ipn.mx\/sjimenez\/wp-content\/uploads\/sites\/10\/2025\/10\/foto2-300x300.png 300w, https:\/\/web.ciidiroaxaca.ipn.mx\/sjimenez\/wp-content\/uploads\/sites\/10\/2025\/10\/foto2-150x150.png 150w\" sizes=\"auto, (max-width: 512px) 100vw, 512px\" \/><\/figure>\n<\/figure>\n<\/div>\n\n\n\n<div class=\"wp-block-column is-layout-flow wp-block-column-is-layout-flow\">\n<figure class=\"wp-block-image size-full is-resized wp-duotone-unset-2\"><img loading=\"lazy\" decoding=\"async\" width=\"700\" height=\"500\" src=\"https:\/\/web.ciidiroaxaca.ipn.mx\/sjimenez\/wp-content\/uploads\/sites\/10\/2025\/09\/image.png\" alt=\"\" class=\"wp-image-52\" style=\"width:314px;height:auto\" srcset=\"https:\/\/web.ciidiroaxaca.ipn.mx\/sjimenez\/wp-content\/uploads\/sites\/10\/2025\/09\/image.png 700w, https:\/\/web.ciidiroaxaca.ipn.mx\/sjimenez\/wp-content\/uploads\/sites\/10\/2025\/09\/image-300x214.png 300w\" sizes=\"auto, (max-width: 700px) 100vw, 700px\" \/><\/figure>\n<\/div>\n<\/div>\n\n\n\n<h6 class=\"wp-block-heading has-text-align-center\">Doctor en Ciencias de la Tierra por la UNAM<\/h6>\n\n\n\n<p class=\"has-text-align-center\">M. en C. en Geof\u00edsica de Exploraci\u00f3n por el CICESE<\/p>\n\n\n\n<p class=\"has-text-align-center\">Ing. Geof\u00edsico por la ESIA-IPN<\/p>\n\n\n\n<p class=\"has-text-align-center\">Miembro del Sistema Nacional de Investigadores Nivel II<\/p>\n\n\n\n<p class=\"has-text-align-center\">Profesor colegiado de posgrado del CIIDIR Oaxaca, Instituto Polit\u00e9cnico Nacional<\/p>\n\n\n\n<h4 class=\"wp-block-heading\">L\u00edneas de investigaci\u00f3n:<\/h4>\n\n\n\n<ul class=\"wp-block-list\">\n<li>Hidrogeolog\u00eda ambiental<\/li>\n\n\n\n<li>Exploraci\u00f3n geof\u00edsica de recursos naturales<\/li>\n\n\n\n<li>Procesado e interpretaci\u00f3n de datos geof\u00edsicos<\/li>\n\n\n\n<li>Modelado computacional de acu\u00edferos<\/li>\n\n\n\n<li>Gesti\u00f3n de recursos h\u00eddricos<\/li>\n<\/ul>\n\n\n\n<h4 class=\"wp-block-heading\">Temas generales de Tesis (Licenciatura y posgrado):&nbsp;<\/h4>\n\n\n\n<ul class=\"wp-block-list\">\n<li>Modelado de flujo  de sistemas acu\u00edferos<\/li>\n\n\n\n<li>Percepci\u00f3n remota para la exploraci\u00f3n de recursos naturales<\/li>\n\n\n\n<li>Geof\u00edsica aplicada en el monitoreo de contaminantes y exploraci\u00f3n de agua subterr\u00e1nea<\/li>\n\n\n\n<li>Cambio clim\u00e1tico: &nbsp;vulnerabilidad y adaptaci\u00f3n de sistemas h\u00eddricos<\/li>\n\n\n\n<li>Caracterizaci\u00f3n hidrogeol\u00f3gica de acu\u00edferos<\/li>\n\n\n\n<li>Gesti\u00f3n de agua subterr\u00e1nea, con enfoque solidario<\/li>\n<\/ul>\n\n\n\n<p class=\"has-text-align-center\">Para mayor informaci\u00f3n o inter\u00e9s en realizar estudios de posgrado, tesis, o residencia profesional comunicarse al correo electr\u00f3nico: &nbsp;sjimenez@ipn.mx &nbsp; &nbsp; &nbsp; Tel. 951-5171199, ext: 82774 y 82702<\/p>\n\n\n\n<p><\/p>\n","protected":false},"excerpt":{"rendered":"<p>Doctor en Ciencias de la Tierra por la UNAM M. en C. en Geof\u00edsica de Exploraci\u00f3n por el CICESE Ing. Geof\u00edsico por la ESIA-IPN Miembro del Sistema Nacional de Investigadores Nivel II Profesor colegiado de posgrado del CIIDIR Oaxaca, Instituto Polit\u00e9cnico Nacional L\u00edneas de investigaci\u00f3n: Temas generales de Tesis (Licenciatura y posgrado):&nbsp; Para mayor informaci\u00f3n [&hellip;]<\/p>\n","protected":false},"author":10,"featured_media":0,"parent":0,"menu_order":0,"comment_status":"closed","ping_status":"closed","template":"","meta":{"_swt_meta_header_display":false,"_swt_meta_footer_display":false,"_swt_meta_site_title_display":false,"_swt_meta_sticky_header":false,"_swt_meta_transparent_header":false,"footnotes":""},"class_list":["post-8","page","type-page","status-publish","hentry"],"_links":{"self":[{"href":"https:\/\/web.ciidiroaxaca.ipn.mx\/sjimenez\/wp-json\/wp\/v2\/pages\/8","targetHints":{"allow":["GET"]}}],"collection":[{"href":"https:\/\/web.ciidiroaxaca.ipn.mx\/sjimenez\/wp-json\/wp\/v2\/pages"}],"about":[{"href":"https:\/\/web.ciidiroaxaca.ipn.mx\/sjimenez\/wp-json\/wp\/v2\/types\/page"}],"author":[{"embeddable":true,"href":"https:\/\/web.ciidiroaxaca.ipn.mx\/sjimenez\/wp-json\/wp\/v2\/users\/10"}],"replies":[{"embeddable":true,"href":"https:\/\/web.ciidiroaxaca.ipn.mx\/sjimenez\/wp-json\/wp\/v2\/comments?post=8"}],"version-history":[{"count":8,"href":"https:\/\/web.ciidiroaxaca.ipn.mx\/sjimenez\/wp-json\/wp\/v2\/pages\/8\/revisions"}],"predecessor-version":[{"id":94,"href":"https:\/\/web.ciidiroaxaca.ipn.mx\/sjimenez\/wp-json\/wp\/v2\/pages\/8\/revisions\/94"}],"wp:attachment":[{"href":"https:\/\/web.ciidiroaxaca.ipn.mx\/sjimenez\/wp-json\/wp\/v2\/media?parent=8"}],"curies":[{"name":"wp","href":"https:\/\/api.w.org\/{rel}","templated":true}]}}