{"id":12,"date":"2011-10-27T19:24:32","date_gmt":"2011-10-27T19:24:32","guid":{"rendered":"https:\/\/web.ciidiroaxaca.ipn.mx\/sjimenez\/proyectos-de-investigacion\/"},"modified":"2025-10-20T15:09:04","modified_gmt":"2025-10-20T21:09:04","slug":"proyectos-de-investigacion","status":"publish","type":"page","link":"https:\/\/web.ciidiroaxaca.ipn.mx\/sjimenez\/proyectos-de-investigacion\/","title":{"rendered":"Proyectos de investigaci\u00f3n"},"content":{"rendered":"\n<h3 class=\"wp-block-heading\">Proyectos&nbsp;de Investigaci\u00f3n&nbsp;Apoyados por&nbsp;el IPN y fuentes externas.<\/h3>\n\n\n\n<ul class=\"wp-block-list\">\n<li>Identificaci\u00f3n de sitios para proponer obras de recarga en un acu\u00edfero granular del Valle de Etla, Oaxaca a partir de im\u00e1genes satelitales y m\u00e9todos geof\u00edsicos. Clave SIP: 20242138 y 20250642. Vigencia: ene\/2024 a dic\/2025. Director de proyecto.<\/li>\n\n\n\n<li>Identificaci\u00f3n de una cadena de suministro utilizando redes neuronales diferenciales. Clave SIP: 20242656. Vigencia: ene-dic\/2024. Participante.<\/li>\n\n\n\n<li> Estudio hidrogeol\u00f3gico en el municipio de Santa Cruz Xoxocotl\u00e1n, Oaxaca para identificar zonas con posibilidades de aprovechamiento h\u00eddrico. Clave SIP: 20231773; Vigencia: 2023.<\/li>\n\n\n\n<li>Desarrollo de un modelo de variabilidad del cambio de masa de agua subterr\u00e1nea en un acu\u00edfero con una superficie de forma irregular. Clave SIP: 20220137 ; Vigencia: 2022<\/li>\n\n\n\n<li>Evaluaci\u00f3n espacial y temporal de la piezometr\u00eda en la cuenca de Ixtlahuaca, Oaxaca, a trav\u00e9s del modelado computacional. Clave SIP:&nbsp; 20211494, Vigencia: 2021<\/li>\n\n\n\n<li>Manejo sustentable de los recursos naturales en el Ejido de San Andr\u00e9s Ixtlahuaca, Oaxaca. Apoyado por la Fundaci\u00f3n Gonzalo R\u00edo Arronte. Clave A.398. Vigencia: 2020-2021.<\/li>\n\n\n\n<li>Modelado conceptual y de flujo del acu\u00edfero de la cuenca de San Andr\u00e9s Ixtlahuaca, Oaxaca.&nbsp;Clave SIP:20201986. Vigencia: 2020<\/li>\n\n\n\n<li>Procesado e interpretaci\u00f3n digital de se\u00f1ales microgravim\u00e9tricas de un acu\u00edfero granular en Valles Centrales de Oaxaca. Clave SIP:2019618<\/li>\n\n\n\n<li>An\u00e1lisis de se\u00f1ales gravimetricas para evaluar la evoluci\u00f3n piezometrica de acu\u00edfero granular en valles Centrales de Oaxaca. Clave SIP: 20181176.<\/li>\n\n\n\n<li>Detecci\u00f3n de contaminaci\u00f3n de origen agr\u00edcola en San Antonino Castillo Velasco, Oaxaca. Clave SIP:20171973, Director de proyecto.<\/li>\n\n\n\n<li>Predicci\u00f3n de la piezometr\u00eda a trav\u00e9s de la modelaci\u00f3n computacional. Caso de estudio, Ocotl\u00e1n de Morelos, Oaxaca. Clave SIP: 20160636. Director de proyecto. Concluido.<\/li>\n\n\n\n<li>Evaluaci\u00f3n espacio temporal del acu\u00edfero de la subcuenca del valle de Ocotlan, Oaxaca a trav\u00e9s del modelado computacional. Clave SIP: 20151694, Director de proyecto. Concluido.<\/li>\n\n\n\n<li>Cambio clim\u00e1tico y su efecto en los Recursos h\u00eddricos subterr\u00e1neo y superficial. Clave SIP: 20121357, apoyado por el IPN. Concluido.<\/li>\n\n\n\n<li>Metodolog\u00eda para la evaluaci\u00f3n de zonas de riesgo por taludes debido a fen\u00f3menos hidrometeorol\u00f3gicos. Clave SIP:20110019, apoyado por el IPN.<\/li>\n\n\n\n<li>Modelaci\u00f3n Matem\u00e1tica de la respuesta s\u00edsmica de valles aluviales y cuencas sedimentarias\u201d, clave SIP: 20100473. Apoyado por el IPN (2010-2011).<\/li>\n\n\n\n<li>Caracterizaci\u00f3n hidrogeol\u00f3gica para evaluar la calidad y cantidad de agua subterr\u00e1nea en el Valle de Zaachila, Oaxaca. Clave SIP-IPN: 20090675.<\/li>\n\n\n\n<li>Caracterizaci\u00f3n geof\u00edsica en la zona de sutura entre los terrenos Zapoteco y Cuicateco, para la Identificaci\u00f3n de las zonas de recarga al sistema acu\u00edfero en los Valles Centrales de Oaxaca. Director de proyecto, financiado por CGPI. Clave CGPI: 20010872,&nbsp; 2002-2004.<\/li>\n\n\n\n<li>Evaluaci\u00f3n del riesgo de contaminaci\u00f3n del sistema acu\u00edfero de Valles Centrales de Oaxaca. Director de proyecto, financiado por el IPN a trav\u00e9s de la CGEPI., 1999-2001.<\/li>\n\n\n\n<li>Evaluaci\u00f3n de la vulnerabilidad del sistema acu\u00edfero de Valles Centrales de Oaxaca, a la contaminaci\u00f3n por aguas residuales. Director de proyecto, financiado por DEPI-IPN e Instituto Estatal del Agua, 1998-1999.<\/li>\n\n\n\n<li>Modelado matem\u00e1tico del sistema Acu\u00edfero de Valles Centrales de Oaxaca, etapa de calibraci\u00f3n, Director del Proyecto, 1995, DEPI-954250.<br>La hidrogeoqu\u00edmica en la detecci\u00f3n de contaminantes- Director del proyecto, 1994, DEPI-945226.<\/li>\n\n\n\n<li>Diagn\u00f3stico de la contaminaci\u00f3n del sistema Acu\u00edfero de Valles Centrales de Oaxaca &#8211; participante, 1993, DEPI-934259.<\/li>\n\n\n\n<li>Fomento a la Micro, Peque\u00f1a y Mediana Empresa, manufacturera del Edo. de Oaxaca, Participante, 1993.<\/li>\n\n\n\n<li>Un modelo de Desarrollo Integral en la Mixteca Alta de Oaxaca, participante, 1992, DEPI-903159.<\/li>\n\n\n\n<li>Desarrollo Integral de la comunidad de Santa Maria Ixcatl\u00e1n, Oaxaca, Participante DEPI-903159.<\/li>\n\n\n\n<li>Estudio geol\u00f3gico y evaluaci\u00f3n de las salinas en las costas de Oaxaca y propuesta de una planta de beneficio &#8211; Director de Proyecto, 1990, DEPI-90.<br>Estudio para el Desarrollo Integral de una Microcuenca en la Mixteca alta de Oaxaca, participante, 1991-DEPI.<\/li>\n\n\n\n<li>Estudio para el Aprovechamiento de Recursos Minerales en el Edo. de Oaxaca, utilizando t\u00e9cnicas instrumentales, Director de proyecto, 1988 &#8211; 1989.<\/li>\n<\/ul>\n\n\n\n<h3 class=\"wp-block-heading\">Proyectos CONACYT u otras fuentes de financiamiento<\/h3>\n\n\n\n<ul class=\"wp-block-list\">\n<li>Estudio geof\u00edsico realizado en el municipio de Santiago Chazumba, Huajuapan, Oaxaca, para evaluar las caracter\u00edsticas h\u00eddricas subterr\u00e1neas y proponer en su caso un aprovechamiento del recurso. Apoyado por el Municipio de Santiago Chazumba, <strong>2020<\/strong>. Responsable t\u00e9cnico del proyecto.<\/li>\n\n\n\n<li><strong>\u00abRepositorio de acceso abierto Centro Interdisciplinario de Investigaci\u00f3n para el desarrollo Integral Regional Unidad Oaxaca (CIIDIR)\u00bb <\/strong>del Instituto Polit\u00e9cnico Nacional. Clave:&nbsp;<strong>296258&nbsp;<\/strong>, apoyado por el FOINS\/CONACyT, 2018-2019. Responsable t\u00e9cnico de proyecto.<\/li>\n\n\n\n<li>Programa Estatal de Cambio Clim\u00e1tico de Oaxaca 2016-2022. Apoyado por SEMAEDESO, <strong>2018<\/strong>. Participante de proyecto.<\/li>\n\n\n\n<li>Evaluaci\u00f3n de las obras construidas con fines de recarga del sistema acu\u00edfero en el distrito de Ocotl\u00e1n, Oaxaca, y sus implicaciones respecto del decreto de veda establecido sobre dicho acu\u00edfero en el a\u00f1o de 1967. Apoyado por Centro de Derechos Indigenas Flor y Canto A.C. y Subsecretar\u00eda de Asuntos Ind\u00edgenas del Gob. de Oaxaca. <strong>2017<\/strong>. Responsable t\u00e9cnico del proyecto.<\/li>\n\n\n\n<li>Contribuci\u00f3n a Gases de&nbsp;Efecto&nbsp;Invernadero&nbsp;por&nbsp;cambio&nbsp;y&nbsp;uso&nbsp;de&nbsp;suelo&nbsp;en el&nbsp;estado&nbsp;de Oaxaca y&nbsp;medidas&nbsp;de&nbsp;mitigaci\u00f3n. Clave SIP: 20140469, &nbsp;20130242.&nbsp;Apoyado&nbsp;por&nbsp;el&nbsp;IPN, y WWF. Director de&nbsp;proyecto.<\/li>\n\n\n\n<li>\u200bEducaci\u00f3n y genero ante el cambio clim\u00e1tico. Convocatoria: M0036-2010-03 Solicitud:000000000154153, Modalidad: A1 (Investigaci\u00f3n Aplicada) del FOMIX del CONACyT, Oaxaca. Periodod de febrero\/2012-agosto\/2014. Participante. Directora: Dra. Virginia G. Reyes de la Cryz, Instituto de Ciencias Sociales de la UABJO.<\/li>\n\n\n\n<li>Particip\u00e9 con&nbsp;investigadores&nbsp;de la&nbsp;UNAM&nbsp;(Instituto&nbsp;de&nbsp;Geof\u00edsica), Universidad de Alberta&nbsp;Canad\u00e1&nbsp;y Universidad de Washington) en un&nbsp;proyecto&nbsp;para&nbsp;estudiar&nbsp;el&nbsp;cr\u00e1ter&nbsp;de&nbsp;Chichxulub&nbsp;en&nbsp;Yucat\u00e1n&nbsp;en 2001.<\/li>\n\n\n\n<li>Evaluaci\u00f3n&nbsp;de la&nbsp;contaminaci\u00f3n&nbsp;del&nbsp;agua&nbsp;subterr\u00e1nea&nbsp;producido&nbsp;por&nbsp;el&nbsp;tiradero&nbsp;de&nbsp;basura&nbsp;de la&nbsp;ciudad&nbsp;de Oaxaca.&nbsp;Financiado&nbsp;por&nbsp;la&nbsp;SEMARNAT-CONACyT, clave:&nbsp;C01-097, y&nbsp;SIP-IPN: 20060280.<\/li>\n\n\n\n<li>\u201cEstudio magnetotel\u00farico en la zona de sutura entre los terrenos tectonoestratigr\u00e1ficos Zapoteco y Cuicateco\u201d, entre investigadores de la UNAM (Instituto de Geof\u00edsica e Instituto de Geociencias, Juriquilla), 2008, 2009 y 2010.<\/li>\n\n\n\n<li>Evaluaci\u00f3n&nbsp;del&nbsp;riesgo&nbsp;de&nbsp;contaminaci\u00f3n&nbsp;del&nbsp;sistema&nbsp;acu\u00edfero&nbsp;de&nbsp;Valles&nbsp;Centrales&nbsp;de Oaxaca. Director de&nbsp;proyecto,&nbsp;financiado&nbsp;por&nbsp;el&nbsp;SIBEJ-CONACYT, 1999-2001.<\/li>\n\n\n\n<li>Modelado&nbsp;matem\u00e1tico&nbsp;del&nbsp;sistema&nbsp;Acu\u00edfero&nbsp;de&nbsp;Valles&nbsp;Centrales&nbsp;de Oaxaca,&nbsp;etapa&nbsp;de&nbsp;calibraci\u00f3n, Director del&nbsp;Proyecto, 1995, Apoyado&nbsp;por&nbsp;el&nbsp;SIBEJ-CONACYT.<\/li>\n<\/ul>\n\n\n\n<h3 class=\"wp-block-heading\">Proyectos de Investigaci\u00f3n-Consultor\u00eda<\/h3>\n\n\n\n<ul class=\"wp-block-list\">\n<li>Manuel Gerardo Alonso Guti\u00e9rrez, Salvador I. Belmonte Jim\u00e9nez, Arely Pablo Galindo, Manuel G Alonso Ram\u00edrez, 2010. Programa de monitoreo ambiental del proyecto minero \u201cSan Jos\u00e9\u201d, San Jos\u00e9 del Progreso, Ocotl\u00e1n, Oaxaca. CIIDIR, Instituto Polit\u00e9cnico Nacional.<\/li>\n\n\n\n<li>Manuel G. Alonso Guti\u00e9rrez, Ignacio Pi\u00f1a Espallargas, Juana Yolanda L\u00f3pez Cruz, Dora Lilia Guzm\u00e1n Cruz, Salvador I. Belmonte Jim\u00e9nez, Mar\u00eda de los \u00c1ngeles Ladr\u00f3n de Guevara Torres, Alejandro Flores Mart\u00ednez, Carlos Bonilla Ruz, Mar\u00eda Yescas Le\u00f3n, 2009. Programa Integral de Manejo Ambiental del Proyecto Minero \u201cEl Aquila\u201d, San Jos\u00e9 de Gracia, Totolapan, Oaxaca. CIIDIR, Instituto Polit\u00e9cnico Nacional.<\/li>\n\n\n\n<li>Jaime Alonso Reyes L\u00f3pez, Concepci\u00f3n Carre\u00f3n Diazconti, Jorge Ram\u00edrez Hern\u00e1ndez, Osvaldo Leyva Camacho, H\u00e9ctor Campbell Ram\u00edrez, Ren\u00e9 Palacios Barrios, Salvador Isidro Belmonte Jim\u00e9nez, 2009. Estudio de recarga artificial del acu\u00edfero valles centrales del Edo. De Oaxaca, Instituto de Ingenier\u00eda, Universidad Aut\u00f3noma de Baja California.<\/li>\n\n\n\n<li>Salvador I. Belmonte Jim\u00e9nez, Manuel Dino Arag\u00f3n Sulik, Mar\u00eda de los \u00c1ngeles Ladr\u00f3n de Guevara, Inocente Valeriano Hurtado, 2009. Proyecto de investigaci\u00f3n sobre la caracterizaci\u00f3n geol\u00f3gica-geof\u00edsica de las rocas localizadas en la zona donde se construir\u00e1 una presa para almacenar recursos h\u00eddricos en San Jos\u00e9 del Progreso, Ocotl\u00e1n, Oaxaca. CIIDIR, Instituto Polit\u00e9cnico Nacional.<\/li>\n\n\n\n<li>Salvador I. Belmonte Jim\u00e9nez, Manuel D. Arag\u00f3n Sulik, Susana M. Navarro Mendoza, 2008. Estudio hidrogeol\u00f3gico, realizado en terrenos del municipio de San Juna Guelavia, Tlacolula, Oaxaca para evaluar las caracter\u00edsticas h\u00eddricas subterr\u00e1neas. CIIDIR, Instituto Polit\u00e9cnico Nacional<\/li>\n<\/ul>\n","protected":false},"excerpt":{"rendered":"<p>Proyectos&nbsp;de Investigaci\u00f3n&nbsp;Apoyados por&nbsp;el IPN y fuentes externas. Proyectos CONACYT u otras fuentes de financiamiento Proyectos de Investigaci\u00f3n-Consultor\u00eda<\/p>\n","protected":false},"author":10,"featured_media":0,"parent":0,"menu_order":0,"comment_status":"closed","ping_status":"closed","template":"","meta":{"_swt_meta_header_display":false,"_swt_meta_footer_display":false,"_swt_meta_site_title_display":false,"_swt_meta_sticky_header":false,"_swt_meta_transparent_header":false,"footnotes":""},"class_list":["post-12","page","type-page","status-publish","hentry"],"_links":{"self":[{"href":"https:\/\/web.ciidiroaxaca.ipn.mx\/sjimenez\/wp-json\/wp\/v2\/pages\/12","targetHints":{"allow":["GET"]}}],"collection":[{"href":"https:\/\/web.ciidiroaxaca.ipn.mx\/sjimenez\/wp-json\/wp\/v2\/pages"}],"about":[{"href":"https:\/\/web.ciidiroaxaca.ipn.mx\/sjimenez\/wp-json\/wp\/v2\/types\/page"}],"author":[{"embeddable":true,"href":"https:\/\/web.ciidiroaxaca.ipn.mx\/sjimenez\/wp-json\/wp\/v2\/users\/10"}],"replies":[{"embeddable":true,"href":"https:\/\/web.ciidiroaxaca.ipn.mx\/sjimenez\/wp-json\/wp\/v2\/comments?post=12"}],"version-history":[{"count":4,"href":"https:\/\/web.ciidiroaxaca.ipn.mx\/sjimenez\/wp-json\/wp\/v2\/pages\/12\/revisions"}],"predecessor-version":[{"id":90,"href":"https:\/\/web.ciidiroaxaca.ipn.mx\/sjimenez\/wp-json\/wp\/v2\/pages\/12\/revisions\/90"}],"wp:attachment":[{"href":"https:\/\/web.ciidiroaxaca.ipn.mx\/sjimenez\/wp-json\/wp\/v2\/media?parent=12"}],"curies":[{"name":"wp","href":"https:\/\/api.w.org\/{rel}","templated":true}]}}