{"id":11,"date":"2011-10-27T19:12:29","date_gmt":"2011-10-27T19:12:29","guid":{"rendered":"https:\/\/web.ciidiroaxaca.ipn.mx\/sjimenez\/publicaciones\/"},"modified":"2025-10-20T14:26:53","modified_gmt":"2025-10-20T20:26:53","slug":"publicaciones","status":"publish","type":"page","link":"https:\/\/web.ciidiroaxaca.ipn.mx\/sjimenez\/publicaciones\/","title":{"rendered":"Publicaciones"},"content":{"rendered":"\n<ul class=\"wp-block-list\">\n<li>ANGEL FIGUEROA-SOTO, MATHIEU PERTON, MARTHA GABRIELA GOMEZ-VASCONCELOS, AVITH MENDOZA-PONCE, JOSE MANUEL JARA, JORGE ALEJANDRO AVILA OLIVERA, <strong>SALVADOR ISIDRO BELMONTE-JIMENEZ<\/strong>, and RASHAD SAWIRES. Seismic Site Response Using Microtremor Observations in Morelia, Michoac\u00e1n, M\u00e9xico. \u2014 <em>Pure and Applied Geophysics<\/em> (2025). <a href=\"https:\/\/doi.org\/10.1007\/s00024-025-03776-1\">https:\/\/doi.org\/10.1007\/s00024-025-03776-1<\/a><\/li>\n\n\n\n<li><\/li>\n\n\n\n<li>Monge-Cerda, F.E., Ramos-Leal, J.A., Delgado-Rodr\u00edguez, O., Torres-Hern\u00e1ndez, J.R., <strong>Belmonte-Jim\u00e9nez, S.I<\/strong>., &amp; Torres-Gayt\u00e1n, D.E. (2025) Geophysical, geological and tectonic study of active faulting inside the Villa de Reyes Graben, Central M\u00e9xico. <em>Near Surface Geophysics<\/em>, 23, 460\u2013482. <a href=\"https:\/\/doi.org\/10.1002\/nsg.70019\">https:\/\/doi.org\/10.1002\/nsg.70019<\/a><\/li>\n\n\n\n<li><\/li>\n\n\n\n<li>Merab, P. B. N., Sadoth, S. T., &amp; <strong> Belmonte. J. S.I. (2025<\/strong>). First-Order Decay Models for the Estimation of Methane Emissions in a Landfill in the Metropolitan Area of Oaxaca City, Mexico. <em>Waste<\/em>, <em>3<\/em>(2), 14.  <a href=\"https:\/\/doi.org\/10.3390\/waste3020014\">https:\/\/doi.org\/10.3390\/waste3020014<\/a><\/li>\n\n\n\n<li><\/li>\n\n\n\n<li>M\u00e1rquez-L\u00f3pez M., Figueroa-Soto A., L\u00f3pez Granados E., Mendoza-Ponce A., <strong>Belmonte Jim\u00e9nez S. I.<\/strong>, \u00c1vila-Olivera J. \u201cMapping seismic site classes in Oaxaca metropolitan Area, Mexico, based on microtremor records\u201d. <em>Revista Mexicana de Ciencias Geol\u00f3gicas<\/em> 41(3) (2024).<\/li>\n\n\n\n<li><\/li>\n\n\n\n<li>Mauro Espinoza-Ortiz: Juan Pablo Ap\u00fan-Molina; <strong>Salvador Isidro Belmonte-Jim\u00e9nez; <\/strong>Jaime Herrerra Barrientos; H\u00e9ctor Jos\u00e9 Peinado Guevara y Apolinar Santamaria Miranda. Development of Low-Cost IoT System for Monitoring Piezometric Level and Temperature of Groundwater.\u00a0Sensors 2023, 23(23), 9364; <a href=\"https:\/\/doi.org\/10.3390\/s23239364\" target=\"_blank\" rel=\"noreferrer noopener\">https:\/\/doi.org\/10.3390\/s23239364<\/a>\u00a0o\u00a0https:\/\/www.mdpi.com\/1424-8220\/23\/23\/9364<\/li>\n\n\n\n<li><\/li>\n\n\n\n<li>Ram\u00edrez-Cabrera, C., Regino-Maldonado, J., N\u00fa\u00f1ez-Hern\u00e1ndez, J. M., Toledo-L\u00f3pez, A., <strong>Belmonte-Jim\u00e9nez, S. I<\/strong>., M\u00e9ndez-Garc\u00eda, E. M. C., &amp; L\u00f3pez-Cruz, J. Y. (2024). Changes in the Economic Value of Ecosystem Services and Dynamics of Land Use and Land Cover in the Copalita Watershed, Oaxaca, Mexico. Revista Chapingo Serie Ciencias Forestales y del Ambiente, 30(2). https:\/\/doi.org\/10.5154\/r.rchscfa.2023.11.05 <\/li>\n\n\n\n<li><\/li>\n\n\n\n<li>Hern\u00e1ndez-S\u00e1nchez, R.I., Castellanos, F., Herrera-Barrientos, J. and Belmonte-Jim\u00e9nez, S.I.&nbsp;Gravimetric Determination of Storage Coefficient and Storage Change of Groundwater in an Uncontrolled and Unconfined Aquifer.&nbsp;Nat Resour Res&nbsp;(2021). <a href=\"https:\/\/doi.org\/10.1007\/s11053-021-09904-7\" target=\"_blank\" rel=\"noreferrer noopener\">https:\/\/doi.org\/10.1007\/s11053-021-09904-7<\/a>.<\/li>\n\n\n\n<li><\/li>\n\n\n\n<li>HERRERA BARRIENTOS, J., PEINADO GUEVARA, H. J., CAMPOS GAXIOLA, J. D. J., CRUZ ENRIQUEZ, A., PEINADO GUEVARA, V. M., LADR\u00d3N DE GUEVARA TORRES, M. D. L. A., BELMONTE JIM\u00c9NEZ, S. I., &amp; HERRERA, L. E. (2021). Determinaci\u00f3n de la transmisibilidad hidr\u00e1ulica en un acu\u00edfero costero mediante estimaci\u00f3n \u00f3ptima de la relaci\u00f3n Qe-T usando el filtro de Kalman.&nbsp;HIDROBIOL\u00d3GICA, vol.&nbsp;30, num.&nbsp;3, pp.211-219,&nbsp;&nbsp;<a href=\"https:\/\/doi.org\/10.24275\/uam\/izt\/dcbs\/hidro\/2020v30n3\/Herrera\" target=\"_blank\" rel=\"noreferrer noopener\">https:\/\/doi.org\/10.24275\/uam\/izt\/dcbs\/hidro\/2020v30n3\/Herrera<\/a><\/li>\n\n\n\n<li><\/li>\n\n\n\n<li>Espinoza Ortiz, M.; Ap\u00fan&nbsp;Molina, J.P.; Peinado Guevara, H.J.;&nbsp;Herrera Barrientos, -J.;&nbsp;Belmonte&nbsp;Jim\u00e9nez, S.I.; Ladr\u00f3n de Guevara&nbsp;Torres, M.d.l.A., Delgado Rodr\u00edguez,&nbsp;O.&nbsp;Evaluation of Groundwater in the&nbsp;Coastal Portion of Guasave, Sinaloa&nbsp;for White Shrimp Farming (Penaeus vannamei) through VES, Chemical&nbsp;Composition, and Survival Tests. J.&nbsp;Mar. Sci. Eng. (2021), 9, 276. <a href=\"https:\/\/doi.org\/10.3390\/jmse9030276\" target=\"_blank\" rel=\"noreferrer noopener\">https:\/\/doi.org\/10.3390\/jmse9030276<\/a>&nbsp;<\/li>\n\n\n\n<li><\/li>\n\n\n\n<li>Su\u00e1rez, M. E.; Mart\u00ednez-Hern\u00e1ndez, F. H.; Pedro P\u00e9rez, A. A. y Belmonte-Jim\u00e9nez, S. I. (2020).&nbsp;Simulaci\u00f3n del movimiento de part\u00edculas contaminantes sobre zonas de vulnerabilidad en el acu\u00edfero de&nbsp;los valles centrales de Oaxaca. GeoFocus, Revista Internacional de Ciencia y Tecnolog\u00eda de la&nbsp;Informaci\u00f3n Geogr\u00e1fica, 25, 3\u201325. <a href=\"http:\/\/www.geofocus.org\/index.php\/geofocus\/article\/view\/653\/491\" target=\"_blank\" rel=\"noreferrer noopener\">http:\/\/dx.doi.org\/10.21138\/GF.653<\/a><\/li>\n\n\n\n<li>Alatorre-Zamora, Miguel Angel;&nbsp;Jos\u00e9 Oscar Campos-Enriquez;&nbsp;Emilia Fregoso;&nbsp;Salvador&nbsp;Isidro Belmonte-Jim\u00e9nez;&nbsp;Ren\u00e9 Ch\u00e1vez-Segura, and Marcos Gaona-Mota. BASEMENT FAULTS DEDUCTION AT A DUMPSITE USING ADVANCED ANALYSIS OF GRAVITY&nbsp;AND MAGNETIC ANOMALIES.&nbsp;Near Surface Geophysics, (2020), 18, 307\u2013331. <a href=\"https:\/\/onlinelibrary.wiley.com\/doi\/10.1002\/nsg.12093\" target=\"_blank\" rel=\"noreferrer noopener\">DOI: 10.1002\/nsg.12093<\/a>.<\/li>\n\n\n\n<li>E.A. Ojeda Olivares;&nbsp;S.I. Belmonte Jim\u00e9nez;&nbsp;S. Sandoval Torres;&nbsp;J.O. Campos Enr\u00edquez;&nbsp;J.P. Tiefenbacher y, T.K. Takaro.&nbsp;&nbsp;A simple method to evaluate groundwater vulnerability in urbanizing&nbsp;agricultural regions.&nbsp;Journal of Environmental Management,&nbsp;261 (2020). <a href=\"https:\/\/doi.org\/10.1016\/j.jenvman.2020.110164\" target=\"_blank\" rel=\"noreferrer noopener\">DOI: 110164.&nbsp;261 (2020) 110164<\/a>.<\/li>\n\n\n\n<li>Edwin Antonio Ojeda Olivares,&nbsp; Sadoth Sandoval Torres, Salvador Isidro Belmonte Jim\u00e9nez, Jos\u00e9 Oscar Campos Enr\u00edquez, Francesco Zignol, Yunuen Reygadas and John P. Tiefenbacher. <a href=\"https:\/\/www.mdpi.com\/2072-4292\/11\/11\/1290\" target=\"_blank\" rel=\"noreferrer noopener\">Climate Change, Land Use\/Land Cover Change, and Population Growth as Drivers of Groundwater Depletion in the Central Valleys, Oaxaca, Mexico<\/a>. Remote&nbsp; Sensing.&nbsp;(2019),&nbsp;11(11), 1290;&nbsp;<a href=\"https:\/\/doi.org\/10.3390\/rs11111290\" target=\"_blank\" rel=\"noreferrer noopener\">https:\/\/doi.org\/10.3390\/rs11111290<\/a>.<\/li>\n\n\n\n<li>Elia Mar\u00eda del Carmen M\u00e9ndez Garc\u00eda;&nbsp;Salvador Isidro Belmonte Jim\u00e9nez, y&nbsp;Mar\u00eda de los \u00c1ngeles Ladr\u00f3n de Guevara Torres. Capitulo de libro: Hacia la sustentabilidad h\u00eddrica. Pr\u00e1cticas y saberes en di\u00e1logo:&nbsp;evaluaci\u00f3n de las obras de recarga en la microrregi\u00f3n Xnizaa., en el libro:&nbsp;Tendiendo puentes&nbsp; para una sustentabilidad integral, Ed. UAM,&nbsp;pp 83-103, (2019). <a href=\"https:\/\/1drv.ms\/b\/s!Ava-vCeVDqWU2CtErN5z4pBa-zzG?e=d3axXw\" target=\"_blank\" rel=\"noreferrer noopener\">Capitulo en pdf.<\/a><\/li>\n\n\n\n<li>Ojeda-Olivares, E.A.;Belmonte-Jimenez,&nbsp;S.I;&nbsp;Tim K.&nbsp;Takaro, Campos-Enrique, J.O.,&nbsp; Ladr\u00f3n de Guevara-Torres, M..&nbsp;&nbsp;(2018),&nbsp;&nbsp;Oct, JWC&nbsp;2017033, 2017.&nbsp;Decrease of the water recharge and identification of water recharge zones in the Alto Atoyac, Sub-Basin, Oaxaca, as a result of climate change. Vol. 09.1, pp.37-57.&nbsp;<a href=\"https:\/\/doi.org\/10.2166\/wcc.2017.033\">DOI:&nbsp;<\/a><a href=\"https:\/\/doi.org\/10.2166\/wcc.2017.033\" target=\"_blank\" rel=\"noreferrer noopener\">10.2166\/wcc.2017.033.<\/a>&nbsp;&nbsp;<\/li>\n\n\n\n<li>E. A. Ojeda-Olivares, S. I. Belmonte-Jim\u00e9nez y M.A. Ladr\u00f3n de Guevara-Torres. Cap\u00edtulo de libro con el tema: \u201cEvaluaci\u00f3n de obras de recarga h\u00eddrica construidas en la subcuenca del valle de Ocotl\u00e1n, Oaxaca, M\u00e9xico\u201d, &nbsp;en el libro \u00abManejo de la recarga de acu\u00edferos: un enfoque hacia Latinoam\u00e9rica\u00bb,:&nbsp; Ed. IMTA-SEMARNAT, M\u00e9x., pp-103-137, 2017.&nbsp;&nbsp;https:\/\/www.imta.gob.mx\/biblioteca\/libros_html\/manejo-recarga-acuiferos-ehl.pdf<\/li>\n\n\n\n<li>Mar\u00eda Ladr\u00f3n de Guevara, H\u00e9ctor J. Peinado-Guevara, Omar Delgado-Rodr\u00edguez, Vladimir Shevnin, Jaime Herrera-Barrientos, Salvador Isidro Belmonte-Jim\u00e9nez and V\u00edctor M. Peinado-Guevara. Geoelectrical and geochemical characterization of groundwater in shallow coastal aquifer (PJOES-01306-2016-02). Polish&nbsp;Journal of Environmental Studies, Vol. 26, No. 4 (2017), pp 1511-1519.&nbsp;<a href=\"https:\/\/doi.org\/10.15244\/pjoes\/68423\" target=\"_blank\" rel=\"noreferrer noopener\">DOI: https:\/\/doi.org\/10.15244\/pjoes\/68423<\/a>.<\/li>\n\n\n\n<li>J.O. Campos-Enr\u00edquez,&nbsp;,&nbsp;M.A. Alatorre-Zamora,&nbsp;J.D. Keppie,&nbsp;<a href=\"http:\/\/www.sciencedirect.com\/science\/article\/pii\/S0895981114001321\" target=\"_self\">S.I. <\/a>Belmonte<a href=\"http:\/\/www.sciencedirect.com\/science\/article\/pii\/S0895981114001321\" target=\"_self\">-Jim\u00e9nez<\/a>,&nbsp;V.M. Ram\u00f3n-M\u00e1rquez. <a href=\"http:\/\/www.sciencedirect.com\/science\/article\/pii\/S0895981114001321\" target=\"_blank\" rel=\"noreferrer noopener\">Interpretation of gravity profiles across the northern Oaxaca Terrane, its boundaries and the Tehuacan Valley, southern Mexico.<\/a> Aceptado para su publicaci\u00f3n en la Revista: Journal of South American Earth Sciences. 2014. DOI: 10.1016\/j.jsames.2014.09.020<\/li>\n\n\n\n<li>M.A. Alatorre-Zamora, J.O. Campos-Enr\u00edquez,&nbsp;S. Belmonte-Jim\u00e9nez&nbsp;and J. Ibarra-Nu\u00f1o; &nbsp;2014.&nbsp;<a href=\"http:\/\/www.geofisica.unam.mx\/unid_apoyo\/editorial\/publicaciones\/investigacion\/geofisica_internacional\/anteriores\/2014\/03\/2_alatorre.pdf\" target=\"_blank\" rel=\"noreferrer noopener\">Inference of fault and fracture systems beneath the Matatlan waste dump basement, a VLF study<\/a>.&nbsp;Geof\u00edsica internacional, 53-3: 241-257.<\/li>\n\n\n\n<li>Salvador I. Belmonte-Jim\u00e9nez,&nbsp;Alberto Bortolotti-Villalobos, Jos\u00e9 O. Campos-Enr\u00edquez, Marcos A. P\u00e9rez-Flores, Omar Delgado-Rodr\u00edguez, &nbsp;Mar\u00eda de los \u00c1. Ladr\u00f3n de Guevara T.&nbsp;http:\/\/www.journals.unam.mx\/index.php\/rica\/article\/viewFile\/43651\/43908.&nbsp;&nbsp;<a href=\"http:\/\/www.journals.unam.mx\/index.php\/rica\/article\/viewFile\/43651\/43908\" target=\"_blank\" rel=\"noreferrer noopener\">Application of electromagnetic methods for the characterization of a site contaminated by leachate.&nbsp;<\/a>2014.&nbsp;Revista &nbsp;Internacional de Contaminaci\u00f2n Ambiental (RICA), 30-3: 317-329. ISSN: 0188-4999;&nbsp; http:\/\/www.journals.unam.mx\/index.php\/rica\/article\/view\/45561<\/li>\n\n\n\n<li>Francisco J. G\u00f3mez-Puentes, Dina L. Lopez, Jaime A. Reyes-L\u00f3pez, Concepci\u00f3n Carre\u00f3n-Diazconti,&nbsp;Salvador Belmonte-Jim\u00e9nez;&nbsp;2014.&nbsp;<a href=\"http:\/\/148.204.117.11\/sjimenez\/sites\/148.204.117.11.sjimenez\/files\/pdf\/10.1007_s12665-013-2456-2%20Articulo%20Publicado_Abril-2013%20Springer.pdf\" target=\"_blank\" rel=\"noreferrer noopener\">Geochemical processes controlling the groundwater transport of contaminants released by a dump in an arid region of M\u00e9xico<\/a>. Environmental Earth Science. DOI: 10.1007\/s12665-013-2456-2. http:\/\/link.springer.com\/article\/10.1007\/s12665-013-2456-2\/fulltext.html<\/li>\n\n\n\n<li>Campos-Enriquez, J.O; Corbo-Camargo, F., Arzate- Flores, J., Keppie, J.D., Arango-Galv\u00e1n, C. Unsworth, M and Belmonte-J\u00edmenez, S.I. 2013. THE BURIED SOUTHERN CONTINUATION OF THE OAXACA-JUAREZ TERRANES BOUNDARY AND OAXACA FAULT, SOUTHERN MEXICO: MAGNETOTELLURIC CONSTRAINTS. PUBLICADO EN LINEA: DOI: 10.1016\/J.JSAMES.2013.01.001. ISSN: 0895-9811.&nbsp;&nbsp;Journal of South American Earth Sciences., Vol.43, Pag.62-73.<\/li>\n\n\n\n<li>Salvador I. Belmonte-Jim\u00e9nez, Martha Elena Jim\u00e9nez Casta\u00f1eda, Marco Antonio Perez-Flores, Jos\u00e9 O. Campos Enr\u00edquez y Jaime A. Reyes-L\u00f3pez. 2012. <a href=\"http:\/\/148.204.117.11\/sjimenez\/sites\/148.204.117.11.sjimenez\/files\/pdf\/Belmonte_et%20al%20Trabajo%20publicado%20Geof%20Int_sept%202012.pdf\" target=\"_blank\" rel=\"noreferrer noopener\">Characterization Of Leachate Contaminated Site Integrating Geophysical And Hydrogeological Information.<\/a>&nbsp; ISSN: 0016-7169. Geof\u00edsica Internacional. Vol. 51, 4. pp 309-321.<\/li>\n\n\n\n<li>Francisco Javier G\u00f3mez-Puentes,&nbsp; Jaime Alonso Reyes-L\u00f3pez, Dina L-L\u00f3pez, Salvador Belmonte-Jim\u00e9nez. 2012. <a href=\"http:\/\/www.redalyc.org\/articulo.oa?id=37025166017\" target=\"_blank\" rel=\"noreferrer noopener\">&nbsp;Modelaci\u00f3n Geoqu\u00edmica Del Agua Subterr\u00e1nea En Un Sitio De Disposici\u00f3n Final De Residuos S\u00f3lidos Urbanos<\/a>.&nbsp; ISSN: 0188-4999. Revista Internacional de Contaminaci\u00f3n Ambiental. Vol. 28,4. pp 125-131.<\/li>\n\n\n\n<li>H\u00e9ctor Jos\u00e9 Peinado Guevara, Carlos Ren\u00e9 Green Ruiz, Jaime Herrera Barrientos, Oscar Arnaldo Escolero Fuentes, Omar Delgado Rodr\u00edguez, Salvador Isidro Belmonte Jim\u00e9nez y Mar\u00eda de los \u00c1ngeles Ladr\u00f3n de Guevara. 2012. &nbsp;<a href=\"http:\/\/www.scielo.cl\/scielo.php?pid=S0718-16202012000100020&amp;script=sci_arttext\" target=\"_blank\" rel=\"noreferrer noopener\">Relationship Between Chloride Concentration And Electrical Conductivity In Groundwater And Its Estimation From Vertical Electrical Sounding (VESs) in Guasave, Sinaloa, M\u00e9xico.&nbsp;<\/a> ISSN: 0718-1620. Revista Ciencia e Investigaci\u00f3n Agraria. Pontifica Universidad Cat\u00f3lica de Chile. Vol. 39,1. pp. 229-239.<\/li>\n\n\n\n<li>Arag\u00f3n-Sulik M., Navarro-Mendoza S.,&nbsp; Belmonte-Jim\u00e9nez S.I., y Ladr\u00f3n de Guevara T.M.2012. <a href=\"http:\/\/revistascientificas.cujae.edu.cu\/Revistas\/Hidraulica\/Vol-XXXIII\/2-2012\/23-33-Aragon-VulnerabilidadAcuiferos.pdf\" target=\"_blank\" rel=\"noreferrer noopener\">Calibraci\u00f3n del M\u00e9todo Drastic en Acu\u00edferos Utilizando Nitratos como Indicador<\/a>. ISSN: 1815-591X. Revista Cient\u00edfica de Ingenier\u00eda Hidr\u00e1ulica y Ambiental. Vol. XXXII, 2. pp 23-33.<\/li>\n\n\n\n<li>H\u00e9ctor Jos\u00e9 Peinado-Guevara, Carlos Ren\u00e9 Green Ruiz, Jaime Herrera-Barrientos, \u00d3scar Arnoldo Escolero-Fuentes, Omar Delgado Rodr\u00edguez, Salvador I. Belmonte-Jim\u00e9nez y Mar\u00eda de los \u00c1ngeles Ladr\u00f3n de Guevara-T. 2011. <a href=\"http:\/\/www.scielo.org.mx\/scielo.php?pid=S0188-88972011000100006&amp;script=sci_arttext\" target=\"_blank\" rel=\"noreferrer noopener\">Calidad y Aptitud De Uso Agr\u00edcola y Domestico Del Agua del Acu\u00edfero del R\u00edo Sinaloa, Porci\u00f3n Costera<\/a>. ISSN: 0188-8897. Rev. Hidrobiol\u00f3gica (UAM), Vol. 21,1. pp 63-76.<\/li>\n\n\n\n<li>Susana M. Navarro-Mendoza, Manuel Arag\u00f3n Sulik, y Salvador Belmonte-Jim\u00e9nez, 2011. <a href=\"https:\/\/web.ciidiroaxaca.ipn.mx\/sjimenez\/wp-content\/uploads\/sites\/10\/2011\/10\/UTM_2011_ENSAYO_44_2.pdf\" target=\"_blank\" rel=\"noreferrer noopener\">Contribuci\u00f3n al Conocimiento de la Calidad del Agua en la Zona de Influenciad del Vertedero de Residuos Urbanos. Caso Oaxaca de Ju\u00e1rez<\/a>. Temas&nbsp;de Ciencia y Tecnolog\u00eda (Universidad Tecnol\u00f3gica de la Mixteca). Vol. 15, 44. pp 11-16.<\/li>\n\n\n\n<li>J.O. Campos-Enr\u00edquez, S.I. Belmonte-Jim\u00e9nez, J.D. Keppie, F. Ortega-Guti\u00e9rrez, J.A Arzate, J. Mart\u00ednez-Silva, R.G. Mart\u00ednez-Serrano, 2010. <a href=\"http:\/\/www.sciencedirect.com\/science\/article\/pii\/S0895981109001655\" target=\"_blank\" rel=\"noreferrer noopener\">Gravity and magnetic survey of the Oaxaca city region: Cenozoic horst-and-graben structure superimposed on the Oaxaca-Juarez terrane boundary, southern Mexico<\/a>. Journal of South American Earth Sciences, 29. pp 572-585.<\/li>\n\n\n\n<li>H\u00e9ctor Jos\u00e9 Peinado-Guevara, Carlos Ren\u00e9 Green-Ruiz, Omar Delgado-Rodr\u00edguez, Jaime Herrera-Barrientos, Salvador Isidro Belmonte-Jim\u00e9nez, Mar\u00eda de los \u00c1ngeles Ladr\u00f3n de Guevara y Vladimir Shevnin, 2010.<a href=\"https:\/\/web.ciidiroaxaca.ipn.mx\/sjimenez\/wp-content\/uploads\/sites\/10\/2011\/10\/Ra-Ximhai-Estimacion-de-la-ConductividadHidraulica.pdf\" target=\"_blank\" rel=\"noreferrer noopener\"> Estimaci\u00f3n de la conductividad hidr\u00e1ulica y contenido de finos a partir de leyes experimentales que relacionan par\u00e1metros hidr\u00e1ulicos y el\u00e9ctricos<\/a>. Revista Ra Ximhai a\u00f1o\/Vol. 6, Numero 3. Universidad Aut\u00f3noma Ind\u00edgena de M\u00e9xico. pp 469-478.<\/li>\n\n\n\n<li>Belmonte-Jim\u00e9nez Salvador I., &nbsp;Campos-Enr\u00edquez J. Oscar, Herrera-Barrientos Jaime. Determinaci\u00f3n de La Vulnerabilidad del Acu\u00edfero del Valle De Etla, Oaxaca. Revista del Instituto Panamericano de Geograf\u00eda e Historia, No. 59, Jul-Dic-2003 Publicado en 2006.<\/li>\n\n\n\n<li>Navarro_Mendoza, S., Arag\u00f3n_Sulik, M., Belmonte-Jim\u00e9nez, S.I., 2006. El tiradero de basura del municipio de Oaxaca de Ju\u00e1rez y su impacto en el medio subterr\u00e1neo: Es necesario preocuparse?. Revista Temas de Ciencia y Tecnolog\u00eda, Universidad Tecnol\u00f3gica de la Mixteca. Vol. 10, p:9-18.<\/li>\n\n\n\n<li>Belmonte-Jim\u00e9nez S.I, 2005. Tesis de Doctorado: Caracterizaci\u00f3n geof\u00edsica del sistema hidrogeol\u00f3gico del valle de Zaachila, Oaxaca y su relaci\u00f3n con la geolog\u00eda tect\u00f3nica regional, UNAM, 160 pp.<\/li>\n\n\n\n<li>Belmonte-Jim\u00e9nez S.I., Campos-Enr\u00edquez J.O. y Alatorre-Zamora, M.A., 2005. <a href=\"http:\/\/www.raugm.org.mx\/publicaciones\/GeofisicaInternacional\/GI%202005%20V.44\/03\/Belmonte.pdf\" target=\"_blank\" rel=\"noreferrer noopener\">Vulnerability to contamination of the Zaachila aquifer, Oaxaca, southern Mexico.<\/a> Geofisica Internacional, Vol. 44-3.<\/li>\n\n\n\n<li>Unsworth M., Campos-Enriquez O., Belmonte S., Arzate J., Bedrosian P., 2002. <a href=\"http:\/\/onlinelibrary.wiley.com\/doi\/10.1029\/2002GL014998\/full\" target=\"_blank\" rel=\"noreferrer noopener\">Electrical resistivity structure of the Chicxulub impact crater from magnetotelutic exploration<\/a>. Geophysical Research Letters, vol. 29, No. 16, 10.1029\/2002GL014998.<\/li>\n\n\n\n<li>E.L. Flores-M\u00e1rquez, R.E. Ch\u00e1vez, R.G. Mart\u00ednez-Serrano, J. Herrera-Barrientos, A. Tejero-Andrade and S. Belmonte, 2001. <a href=\"http:\/\/www.geofisica.unam.mx\/unid_apoyo\/editorial\/publicaciones\/investigacion\/geofisica_internacional\/anteriores\/2001\/04\/flores2.pdf\" target=\"_blank\" rel=\"noreferrer noopener\">Geophysical characterization of the Etla Valley aquier, Oaxaca, M\u00e9xico. <\/a>Revista Geof\u00edsica Internacional, Vol. 40, 4, octubre-diciembre.<\/li>\n<\/ul>\n\n\n\n<h4 class=\"wp-block-heading\">PARTICIPACI\u00d3N EN CONGRESOS (\u00daLTIMOS 3 A\u00d1OS)<\/h4>\n\n\n\n<ul class=\"wp-block-list\">\n<li>Susana Mar\u00eda Navarro, Salvador Belmonte Jim\u00e9nez, Mar\u00eda de los \u00c1ngeles Ladr\u00f3n de Guevara, 2009. El recurso h\u00eddrico y la actividad econ\u00f3mica en los valles centrales de Oaxaca, M\u00e9xico. III Congreso internacional perspectivas del desarrollo rural regional, Organizado por Universidad Aut\u00f3noma Chapingo, Oaxaca, M\u00e9xico. &nbsp;&nbsp;<\/li>\n\n\n\n<li>Salvador Belmonte, Alberto Bortolotti, Mar\u00eda Ladr\u00f3n de Guevara, Susana Navarro, 2010. M\u00e9todos electromagn\u00e9ticos en el estudio de lixiviados generados por un tiradero &nbsp;a cielo abierto. X Congreso Aguas subterr\u00e1neas y desarrollo sustentable de los pueblos latinoamericanos, Caracas, Venezuela.<\/li>\n\n\n\n<li>Villarreal Hern\u00e1ndez D, &nbsp;Belmonte Jim\u00e9nez S, Ladr\u00f3n de Guevara, 2010. An\u00e1lisis del cambio de uso de suelo en la subcuenca alto Atoyac de Oaxaca, inferido a trav\u00e9s de la teledetecci\u00f3n. X Congreso Aguas subterr\u00e1neas y desarrollo sustentable de los pueblos latinoamericanos, Caracas, Venezuela.<\/li>\n\n\n\n<li>De la Rosa Sarmiento Isela Coral, Belmonte Jim\u00e9nez Salvador Isidro, 2010. Dise\u00f1o de una red de monitoreo piezom\u00e9trica del sistema acu\u00edfero valles centrales de Oaxaca, M\u00e9xico. X Congreso Aguas subterr\u00e1neas y desarrollo sustentable de los pueblos latinoamericanos, Caracas, Venezuela.<\/li>\n\n\n\n<li>Susana Navarro Mendoza, &nbsp;Manuel Arag\u00f3n Sulik, Salvador Isidro Belmonte Jim\u00e9nez, 2010.Contribucion al conocimiento hidrogeol\u00f3gico del sitio donde se disponen residuos municipales. El caso de Oaxaca de Ju\u00e1rez. 12\u00ba Foro estatal de investigaci\u00f3n e innovaci\u00f3n. Organiza Gobierno del Estado de Oaxaca.<\/li>\n\n\n\n<li>Arag\u00f3n-Sulik M., Navarro-Mendoza S., Belmonte Jim\u00e9nez S, Ladr\u00f3n de Guevara M. 2009.Influencia de la mineralizaci\u00f3n para definir sitios de recarga artificial, caso San Juan Guelavia, Oaxaca. VIII Congreso Internacional de Ciencias Ambientales y XIV Congreso Nacional de Ciencias Ambientales. Universidad Aut\u00f3noma de Tlaxcala.<\/li>\n\n\n\n<li>De la Rosa Sarmiento I. C. y Belmonte Jim\u00e9nez S. I. 2009. Influencia del rio Atoyac en la calidad del agua subterr\u00e1nea del acu\u00edfero del valle de Zaachila, Oaxaca. VIII Congreso Internacional de Ciencias Ambientales y XIV Congreso Nacional de Ciencias Ambientales. Universidad Aut\u00f3noma de Tlaxcala.<\/li>\n\n\n\n<li>Reyes L\u00f3pez Francisco, Belmonte Jim\u00e9nez Salvador I. y Ladr\u00f3n de Guevara Mar\u00eda, 2009. Estudio de resistividad el\u00e9ctrica en un valle aluvial para adecuar los sistemas de puesta a tierra. Uni\u00f3n Geof\u00edsica Mexicana, A.C. Puerto Vallarta M\u00e9xico.<\/li>\n\n\n\n<li>Villarreal Hern\u00e1ndez Diana Roci\u00f3, Belmonte Jim\u00e9nez Salvador I. y Ladr\u00f3n de Guevara Mar\u00eda, 2009. Cambio de uso de suelo en la cuenca del valle de Oaxaca, inferido a trav\u00e9s de la percepci\u00f3n remota. Uni\u00f3n Geof\u00edsica Mexicana, A.C. Puerto Vallarta M\u00e9xico.<\/li>\n\n\n\n<li>Belmonte Jim\u00e9nez Salvador I. y Campos Enr\u00edquez Oscar, 2009. Caracterizaci\u00f3n hidrogeol\u00f3gica del acu\u00edfero del valle de Zaachila, Oaxaca, M\u00e9xico, como base para un manejo racional del recurso. Uni\u00f3n Geof\u00edsica Mexicana, A.C. Puerto Vallarta M\u00e9xico.<\/li>\n\n\n\n<li>Belmonte Jim\u00e9nez S., Jim\u00e9nez Casta\u00f1eda M. Bortolotti Villalobos, A. Reyes L\u00f3pez F., 2008. Evaluaci\u00f3n de un suelo contaminado por lixiviados, a partir de m\u00e9todos indirectos. VII Congreso internacional, II Congreso Nacional, Instituto Tecnol\u00f3gico de Sonora.<\/li>\n\n\n\n<li>Belmonte Jim\u00e9nez Salvador Isidro, Bortolotti Villalobos Alberto y Jim\u00e9nez Casta\u00f1eda Martha Elena, 2008. Aplicaci\u00f3n de dos m\u00e9todos electromagn\u00e9ticos en un medio fracturado afectado por lixiviados, generados por el tiradero a cielo abierto de la ciudad de Oaxaca. Uni\u00f3n Geof\u00edsica Mexicana, A.C. Puerto Vallarta M\u00e9xico.<\/li>\n\n\n\n<li>Belmonte Jim\u00e9nez Salvador Isidro, Jim\u00e9nez Casta\u00f1eda Martha Elena y Bortolotti Villalobos Alberto, 2008. Estudio de una pluma contaminante producida por lixiviados, utilizando m\u00e9todos geoel\u00e9ctricos. Uni\u00f3n Geof\u00edsica Mexicana, A.C. Puerto Vallarta M\u00e9xico.<\/li>\n<\/ul>\n\n\n\n<p><\/p>\n","protected":false},"excerpt":{"rendered":"<p>PARTICIPACI\u00d3N EN CONGRESOS (\u00daLTIMOS 3 A\u00d1OS)<\/p>\n","protected":false},"author":10,"featured_media":0,"parent":0,"menu_order":0,"comment_status":"closed","ping_status":"closed","template":"","meta":{"_swt_meta_header_display":false,"_swt_meta_footer_display":false,"_swt_meta_site_title_display":false,"_swt_meta_sticky_header":false,"_swt_meta_transparent_header":false,"footnotes":""},"class_list":["post-11","page","type-page","status-publish","hentry"],"_links":{"self":[{"href":"https:\/\/web.ciidiroaxaca.ipn.mx\/sjimenez\/wp-json\/wp\/v2\/pages\/11","targetHints":{"allow":["GET"]}}],"collection":[{"href":"https:\/\/web.ciidiroaxaca.ipn.mx\/sjimenez\/wp-json\/wp\/v2\/pages"}],"about":[{"href":"https:\/\/web.ciidiroaxaca.ipn.mx\/sjimenez\/wp-json\/wp\/v2\/types\/page"}],"author":[{"embeddable":true,"href":"https:\/\/web.ciidiroaxaca.ipn.mx\/sjimenez\/wp-json\/wp\/v2\/users\/10"}],"replies":[{"embeddable":true,"href":"https:\/\/web.ciidiroaxaca.ipn.mx\/sjimenez\/wp-json\/wp\/v2\/comments?post=11"}],"version-history":[{"count":5,"href":"https:\/\/web.ciidiroaxaca.ipn.mx\/sjimenez\/wp-json\/wp\/v2\/pages\/11\/revisions"}],"predecessor-version":[{"id":86,"href":"https:\/\/web.ciidiroaxaca.ipn.mx\/sjimenez\/wp-json\/wp\/v2\/pages\/11\/revisions\/86"}],"wp:attachment":[{"href":"https:\/\/web.ciidiroaxaca.ipn.mx\/sjimenez\/wp-json\/wp\/v2\/media?parent=11"}],"curies":[{"name":"wp","href":"https:\/\/api.w.org\/{rel}","templated":true}]}}