{"id":12,"date":"2011-11-03T19:28:43","date_gmt":"2011-11-03T19:28:43","guid":{"rendered":"https:\/\/web.ciidiroaxaca.ipn.mx\/rperezp\/proyectos-de-investigacion\/"},"modified":"2025-10-20T15:12:54","modified_gmt":"2025-10-20T21:12:54","slug":"proyectos-de-investigacion","status":"publish","type":"page","link":"https:\/\/web.ciidiroaxaca.ipn.mx\/rperezp\/proyectos-de-investigacion\/","title":{"rendered":"Proyectos de Investigaci\u00f3n"},"content":{"rendered":"\n<h3 class=\"wp-block-heading\"><strong>PROYECTOS &nbsp;DE &nbsp;INVESTIGACI\u00d3N &nbsp;FINANCIADOS &nbsp;POR&nbsp;FUENTES EXTERNAS AL IPN<\/strong><\/h3>\n\n\n\n<p><\/p>\n\n\n\n<ol class=\"wp-block-list\">\n<li>Fundaci\u00f3n Produce Oaxaca. Folio: 20-2008-0267. Alternativa sustentable para&nbsp;implementar &nbsp;un &nbsp;sistema &nbsp;de &nbsp;manejo &nbsp;integrado &nbsp;de &nbsp;los &nbsp;cultivos &nbsp;de &nbsp;jitomate &nbsp;y chile.&nbsp;Fecha de inicio: junio de 2008. Fecha de terminaci\u00f3n: mayo de 2010.&nbsp;<\/li>\n\n\n\n<li>Mermithid Nematodes in Mosquito Control. UC-MEXUS CONACYT. Coachella Valley Mosquito and Vector Control District.&nbsp;Marzo 2007-Marzo 2008.&nbsp;<\/li>\n\n\n\n<li>Biological &nbsp;Control of &nbsp;Mosquitoes with &nbsp;Nematodes. &nbsp;UC &nbsp;MEXUS &nbsp;CONACYT-Universidad &nbsp;de &nbsp;California &nbsp;Riverside. &nbsp;Periodo:  1  de octubre de  2005 a 30 de septiembre de 2006. P\u00e9rez P. R., Edward G. Platzer Y B. Hyman.&nbsp;<\/li>\n\n\n\n<li>Biological &nbsp;Control of &nbsp;Mosquitoes with &nbsp;Nematodes. &nbsp;UC &nbsp;MEXUS &nbsp;CONACYT-Universidad &nbsp;de &nbsp;California &nbsp;Riverside. &nbsp;Periodo:  1  de octubre de  2004 a 30 de septiembre de 2005. P\u00e9rez P. R., Edward G. Platzer y B. Hyman.&nbsp;<\/li>\n\n\n\n<li>Control &nbsp;biol\u00f3gico &nbsp;de &nbsp;larvas &nbsp;de &nbsp;mosquitos &nbsp;con &nbsp;nem\u00e1todos &nbsp;par\u00e1sitos Romanomermis &nbsp;iyengari &nbsp;en &nbsp;Tampico, &nbsp;Tamaulipas. &nbsp;Club &nbsp;Rotario &nbsp;Tampico&nbsp;Norte A.C. Fecha de Inicio: 21 de junio de 1999. Fecha final: 15 de enero de 2004.&nbsp;<\/li>\n\n\n\n<li>T\u00edtulo del Proyecto: Mosquito Control With Mermithid Nematodes. &nbsp;UC Mexus&nbsp;Small Grant Application. 2003. Edward G. Platzer, P\u00e9rez P. R.&nbsp;<\/li>\n\n\n\n<li>1996-1998: &nbsp;\u201cAlternativas &nbsp;biol\u00f3gicas &nbsp;para &nbsp;el &nbsp;control &nbsp;de &nbsp;larvas &nbsp;de &nbsp;mosquitos&nbsp;vectores de enfermedades de importancia en la salud p\u00fablica del sureste de M\u00e9xico\u201d.&nbsp;SIBEJ-CONACYT, &nbsp;Clave: &nbsp;S-11. &nbsp;Monto &nbsp;obtenido: &nbsp;111,092.00 pesos. Director de Proyecto.&nbsp;<\/li>\n\n\n\n<li>1996-1998: \u201cControl biol\u00f3gico de larvas de mosquitos anofelinos vectores del paludismo, &nbsp;con &nbsp;nematodos &nbsp;par\u00e1sitos &nbsp;en &nbsp;el &nbsp;distrito &nbsp;de &nbsp;Pochutla, &nbsp;Oaxaca\u201d. &nbsp;(CONACYT-Nacional, Clave, 1561 P-B). Monto obtenido: 163,660.00 pesos. Director de Proyecto.&nbsp;<\/li>\n\n\n\n<li>1998: &nbsp;\u201cEstablecimiento &nbsp;de &nbsp;una &nbsp;planta &nbsp;de &nbsp;producci\u00f3n &nbsp;masiva &nbsp;de &nbsp;nematodos&nbsp;par\u00e1sitos &nbsp;de &nbsp;larvas &nbsp;de &nbsp;mosquitos &nbsp;vectores &nbsp;del &nbsp;paludismo &nbsp;en &nbsp;la &nbsp;Costa &nbsp;de Oaxaca, M\u00e9xico.&nbsp;Comisi\u00f3n de Cooperaci\u00f3n Ambiental de Am\u00e9rica del Norte con sede en Canad\u00e1.&nbsp;Monto obtenido: 25,000 d\u00f3lares americanos. Director De Proyecto.&nbsp;<\/li>\n\n\n\n<li>1997: \u201cControl biol\u00f3gico de larvas de mosquitos vectores del paludismo &nbsp;con&nbsp;nematodos &nbsp;par\u00e1sitos, &nbsp;en &nbsp;Oaxaca, &nbsp;M\u00e9xico\u201d. &nbsp;Comisi\u00f3n  de  Cooperaci\u00f3n Ambiental  de  Am\u00e9rica  del  Norte con sede  en  Canad\u00e1. &nbsp;Monto  obtenido: 25,000 d\u00f3lares americanos. Director de proyecto.&nbsp;<\/li>\n\n\n\n<li>1996: &nbsp;\u201cControl &nbsp;biol\u00f3gico &nbsp;de &nbsp;larvas &nbsp;de &nbsp;mosquitos &nbsp;anofelinos &nbsp;vectores &nbsp;del paludismo &nbsp;con &nbsp;nematodos&nbsp;par\u00e1sitos &nbsp;en &nbsp;el &nbsp;estado &nbsp;de &nbsp;Oaxaca\u201d, &nbsp;cumpliendo con &nbsp;el &nbsp;convenio &nbsp;establecido &nbsp;con &nbsp;la &nbsp;Secretar\u00eda &nbsp;de &nbsp;Salud &nbsp;y &nbsp;PROFEPA &nbsp;del estado de Oaxaca. Monto obtenido: 13.800 d\u00f3lares americanos. Director de Proyecto.&nbsp;<\/li>\n<\/ol>\n\n\n\n<h3 class=\"wp-block-heading\"><strong>DIRECCI\u00d3N DE &nbsp;PROYECTOS DE INVESTIGACI\u00d3N FINANCIADOS POR EL &nbsp;IPN&nbsp;<\/strong><\/h3>\n\n\n\n<ol class=\"wp-block-list\">\n<li>Proyecto SIP: 20250765. Liberaci\u00f3n de mosquitos <em>Aedes aegypti<\/em> est\u00e9riles y aplicaci\u00f3n de nematodos par\u00e1sitos y alternativas en criaderos artificiales del mosquito transmisor del dengue en comunidades de Oaxaca, y desarrollo de un sistema integral de control de plagas en cultivos con extractos naturales y aceites esenciales. Enero 2025 &#8211; Diciembre 2025.<\/li>\n\n\n\n<li>Proyecto SIP: 20240973. Conservaci\u00f3n de cuatro cepas de nematodos par\u00e1sitos de mosquitos y cr\u00eda de chapul\u00edn. Enero 2024 &#8211; Diciembre 2024.<\/li>\n\n\n\n<li>Proyecto SIP: 20231866. Conservaci\u00f3n de cuatro cepas de nematodos par\u00e1sitos de mosquitos y cr\u00eda de chapul\u00edn. Enero 2023 &#8211; Diciembre 2023.<\/li>\n\n\n\n<li>Proyecto SIP: 20220271. Producci\u00f3n y evaluaci\u00f3n de nematodos par\u00e1sitos de mosquitos y comportamiento de chapulines en Oaxaca. Enero 2022 &#8211; Diciembre 2022.<\/li>\n\n\n\n<li>Proyecto SIP: 20211130. Capacidad infectiva de nematodos par\u00e1sitos de mosquitos y efecto de condiciones ambientales en chapulines y poblaci\u00f3n vegetal. Enero 2021 &#8211; Diciembre 2021.<\/li>\n\n\n\n<li>Proyecto SIP: 20196257. Producci\u00f3n masiva, estudios comparativos y evaluaci\u00f3n de criopreservaci\u00f3n de huevos de nematodos par\u00e1sitos de mosquitos. Enero 2019 &#8211; Diciembre 2019.<\/li>\n\n\n\n<li>Proyecto SIP: 20180752. Producci\u00f3n masiva, estudios comparativos y criopreservaci\u00f3n de nematodos par\u00e1sitos de mosquitos. Enero 2018 &#8211; Diciembre 2018.<\/li>\n\n\n\n<li>Proyecto SIP: 20171239. Producci\u00f3n y metodolog\u00edas para la criopreservaci\u00f3n de huevos de nematodos par\u00e1sitos de mosquitos. Enero 2017 &#8211; Diciembre 2017.<\/li>\n\n\n\n<li>Proyecto SIP: 20160948. Producci\u00f3n y an\u00e1lisis morfom\u00e9trico de nematodos par\u00e1sitos de mosquitos. Enero 2016 &#8211; Diciembre 2016.<\/li>\n\n\n\n<li>Proyecto SIP: 20151358. Uso de nematodos par\u00e1sitos para control de mosquitos y chapulines para consumo humano. Enero 2015 &#8211; Diciembre 2015.<\/li>\n\n\n\n<li>Proyecto SIP: 20144271. Alternativas racionales para el manejo de plagas agr\u00edcolas y control de mosquitos con nematodos par\u00e1sitos y extractos de plantas. Enero 2014 &#8211; Diciembre 2014.<\/li>\n\n\n\n<li>Proyecto SIP: 20131853. Control de mosquitos y plagas de tomate con nematodos, hongos y extractos vegetales. Enero 2013 &#8211; Diciembre 2013.<\/li>\n\n\n\n<li>Proyecto SIP: 20120804. Control de mosquitos y plagas de tomate con nematodos, hongos y extractos vegetales. Enero 2012 &#8211; Diciembre 2012.<\/li>\n\n\n\n<li>Proyecto SIP: 20110609. Alternativas no qu\u00edmicas para el control de mosquitos y plagas de hortalizas. Enero 2011 &#8211; Diciembre 2011.<\/li>\n\n\n\n<li>Proyecto \u00a0SIP: \u00a020100687. \u00a0Alternativas \u00a0no- \u00a0qu\u00edmicas \u00a0para \u00a0el \u00a0control \u00a0de mosquitos y plagas de hortalizas.\u00a0Enero 2010 &#8211; Diciembre 2010.\u00a0<\/li>\n\n\n\n<li>Proyecto \u00a0SIP: \u00a020090703. \u00a0Alternativas \u00a0no \u00a0qu\u00edmicas \u00a0para \u00a0el \u00a0control \u00a0de mosquitos (recurrente).\u00a0Enero 2009 &#8211; Diciembre 2009.\u00a0<\/li>\n\n\n\n<li>Proyecto \u00a0SIP: \u00a020080714. \u00a0Alternativas \u00a0no \u00a0qu\u00edmicas \u00a0para \u00a0el \u00a0control \u00a0de mosquitos. Enero 2008 &#8211; Diciembre 2008.\u00a0<\/li>\n\n\n\n<li>Caracterizaci\u00f3n &nbsp;de &nbsp;tres &nbsp;especies &nbsp;de &nbsp;nematodos &nbsp;par\u00e1sitos &nbsp;de &nbsp;larvas &nbsp;de mosquitos. &nbsp;CGPI-IPN. Fecha de inicio: 01 de marzo de 2004. Fecha final: 31 de diciembre de 2006.&nbsp;<\/li>\n\n\n\n<li>Estudios &nbsp;comparativos &nbsp;y &nbsp;producci\u00f3n &nbsp;masiva &nbsp;de &nbsp;dos &nbsp;especies &nbsp;de &nbsp;nematodos par\u00e1sitos &nbsp;de &nbsp;mosquitos. &nbsp;CIIDIR &nbsp;Unidad &nbsp;Oaxaca. &nbsp;Fecha &nbsp;de &nbsp;inicio: &nbsp;01 &nbsp;de marzo de 2002. Fecha final: 29 de febrero de 2004.&nbsp;<\/li>\n\n\n\n<li>1998-1999:  \u201cProducci\u00f3n masiva  de  nematodos  par\u00e1sitos  de mosquitos  y  su impacto sobre la prevalencia del paludismo en la Costa de Oaxaca\u201d. (CIIDIRIPN-Oaxaca, Clave DEPI: 980027). &nbsp;<\/li>\n\n\n\n<li>1996-1998: &nbsp;\u201cAlternativas &nbsp;biol\u00f3gicas &nbsp;para &nbsp;el &nbsp;control &nbsp;de &nbsp;larvas &nbsp;de &nbsp;mosquitos vectores &nbsp;de &nbsp;enfermedades&nbsp;de &nbsp;importancia &nbsp;en &nbsp;salud &nbsp;p\u00fablica &nbsp;del &nbsp;sureste &nbsp;de M\u00e9xico\u201d. (CIIDIR-IPN-Oaxaca, clave DEPI: 978002). &nbsp;<\/li>\n\n\n\n<li>1995-1996: &nbsp;Control &nbsp;microbiol\u00f3gico &nbsp;de &nbsp;larvas &nbsp;de &nbsp;mosquitos &nbsp;vectores &nbsp;de enfermedades &nbsp;de &nbsp;importancia&nbsp;m\u00e9dico-epidemiol\u00f3gica &nbsp;en &nbsp;Oaxaca. &nbsp;(CIIDIRIPN-oaxaca, Clave DEPI: 954225).<\/li>\n\n\n\n<li>1994-1996: &nbsp;Manejo &nbsp;integrado &nbsp;de &nbsp;plagas &nbsp;y &nbsp;enfermedades &nbsp;de &nbsp;cultivos hort\u00edcolas. (CIIDIR-IPN-Oaxaca). Clave DEPI: 945218.&nbsp;<\/li>\n\n\n\n<li>1993-1994: &nbsp;Control &nbsp;de &nbsp;plagas &nbsp;y &nbsp;enfermedades &nbsp;en &nbsp;jitomate &nbsp;y &nbsp;chile &nbsp;con extractos vegetales acuosos.&nbsp;(CIIDIR-IPN-Oaxaca).&nbsp;<\/li>\n\n\n\n<li>1990-1991:  Tratamientos  pregerminativos  en  semillas  de  durazno  (prunus persica (l.)) en la Mixteca Alta de Oaxaca. &nbsp;(CIIDIR-IPN-Oaxaca, &nbsp;clave DEPI: 903591).&nbsp;<\/li>\n<\/ol>\n\n\n\n<h3 class=\"wp-block-heading\"><strong>PARTICIPACI\u00d3N EN PROYECTOS<\/strong><\/h3>\n\n\n\n<ol class=\"wp-block-list\">\n<li>Estudio de brac\u00f3nidos (Hymenoptera) en el estado de Oaxaca, M\u00e9xico. CIIDIR Unidad Oaxaca. Clave SIP: 20071044.&nbsp;Fecha de inicio: enero de 2007.&nbsp;<\/li>\n\n\n\n<li>Estudio &nbsp;faun\u00edstico &nbsp;de &nbsp;braconidos &nbsp;(hymenoptera) &nbsp;presentes &nbsp;en &nbsp;la &nbsp;regi\u00f3n frut\u00edcola de Tapanatepec, Oaxaca.&nbsp;SIP. IPN. enero 2005-enero 2006.&nbsp;<\/li>\n\n\n\n<li>Mejoramiento &nbsp;de la tolerancia &nbsp;al &nbsp;calor &nbsp;y &nbsp;a &nbsp;la &nbsp;desecaci\u00f3n &nbsp;de tres &nbsp;nematodos entomopat\u00f3genos.&nbsp;SIP. IPN. Febrero 2005 &#8211; enero 2006.&nbsp;<\/li>\n\n\n\n<li>Estudio faun\u00edstico de braconidos  (hymenoptera) presentes en la  regi\u00f3n de la Sierra Sur y Costa de Oaxaca. &nbsp;CIIDIR Unidad Oaxaca. clave CGPI: 20031563. Fecha de inicio: 1.\u00ba de abril de 2004 , fecha final: 31 de marzo de 2005.&nbsp;<\/li>\n\n\n\n<li>Estudio faun\u00edstico de braconidos &nbsp;(Hymenoptera) presentes en la &nbsp;regi\u00f3n de la sierra sur y Csta de Oaxaca.&nbsp;CIIDIR Unidad Oaxaca. clave CGPI: 20040139. Fecha de inicio: 1.\u00ba de abril de 2004 , fecha final: 31 de marzo de 2005.&nbsp;<\/li>\n\n\n\n<li>1994-1995 &nbsp;\u201cSostenibilidad &nbsp;y &nbsp;potencial &nbsp;de &nbsp;mejoramiento &nbsp;de &nbsp;los &nbsp;sistemas &nbsp;de producci\u00f3n &nbsp;de &nbsp;la &nbsp;subcuenca &nbsp;del &nbsp;R\u00edo &nbsp;Atoyac.\u201d &nbsp;(CIIDIR-IPN-Oaxaca, &nbsp;clave DEPI-945277).&nbsp;<\/li>\n\n\n\n<li>1994-1996 &nbsp;\u201cControl &nbsp;de &nbsp;mosquita &nbsp;blanca &nbsp;con &nbsp;bioinsecticidas &nbsp;en &nbsp;cultivos hort\u00edcolas\u201d &nbsp;(CIIDIR-IPN-Oaxaca, clave DEPI-948039). &nbsp;<\/li>\n\n\n\n<li>1991-1993 &nbsp;\u201cEvaluaci\u00f3n &nbsp;de &nbsp;extractos &nbsp;vegetales &nbsp;para &nbsp;el &nbsp;control &nbsp;de enfermedades en hortalizas\u201d.&nbsp;(CIIDIR-IPN-oaxaca, clave DEPI-913316).&nbsp;<\/li>\n\n\n\n<li>1991-1992 &nbsp;\u201cMejoramiento &nbsp;de &nbsp;frutales &nbsp;caducifolios &nbsp;mediante &nbsp;estudios fisiol\u00f3gicos y fitosanitarios bajo producci\u00f3n forzada en Oaxaca\u201d. (CIIDIR-IPN-Oaxaca).&nbsp;<\/li>\n\n\n\n<li>1990-1992 &nbsp;\u201cDesarrollo &nbsp;integral &nbsp;de &nbsp;la &nbsp;comunidad &nbsp;de &nbsp;Santa &nbsp;Mar\u00eda &nbsp;Ixcatl\u00e1n\u201d. &nbsp;(CIIDIR-IPN-oaxaca, clave DEPI-900141). 11. 1990-1991 \u201cIntroducci\u00f3n de variedades mejoradas de nopal bajo sistema de&nbsp;manejo tradicional e intensivo\u201d. (CIIDIR-IPN-Oaxaca, clave DEPI: 90412).&nbsp;<\/li>\n\n\n\n<li>1989-1990 &nbsp;\u201cHuerto &nbsp;fenol\u00f3gico &nbsp;y &nbsp;manejo &nbsp;de &nbsp;especies &nbsp;frut\u00edcolas &nbsp;en &nbsp;dos regiones &nbsp;del &nbsp;estado &nbsp;de &nbsp;Oaxaca\u201d.&nbsp;(CIIDIR-IPN-OAXACA, &nbsp;Clave &nbsp;DEPI: 882461).&nbsp;<\/li>\n<\/ol>\n\n\n\n<h3 class=\"wp-block-heading\"><strong>ESTANCIAS DE ENTRENAMIENTO<\/strong><\/h3>\n\n\n\n<ol class=\"wp-block-list\">\n<li>Residencia Postdoctoral, apoyo UCMEXUS de tres a\u00f1os, de octubre de 2004 a septiembre de 2006, en la Universidad de California, Riverside.<\/li>\n\n\n\n<li>Con el apoyo del proyecto \u00abMosquito Control with Mermithid Nematodes\u00bb financiado por UC MEXUS Small Grant Application. En 2003, se realiz\u00f3 una estancia por 10 d\u00edas en el Campus Riverside de la Universidad de California.<\/li>\n\n\n\n<li>Entrenamiento en control biol\u00f3gico de mosquitos en el Instituto de Medicina Tropical \u00abPedro Kouri\u00bb de La Habana, Cuba. 11-21 de marzo de 1997.<\/li>\n\n\n\n<li>&nbsp;Estancia de investigaci\u00f3n en el Instituto de Medicina Tropical \u00abPedro Kouri\u00bb de La Habana, Cuba. Para el desarrollo del proyecto \u00abControl biol\u00f3gico de larvas de mosquitos vectores del paludismo con nematodos par\u00e1sitos\u00bb. Durante el per\u00edodo del 12 de mayo al 30 de noviembre de 1996.<\/li>\n\n\n\n<li>&nbsp;Entrenamiento en Control Biol\u00f3gico de mosquitos con nematodos par\u00e1sitos. Instituto de Medicina Tropical \u00abPedro Kouri\u00bb de La Habana, Cuba. 9-19 de mayo de 1995.<\/li>\n\n\n\n<li>Capacitaci\u00f3n en el control biol\u00f3gico de mosquitos en el Instituto de Medicina Tropical \u00abPedro Kouri\u00bb de La Habana, Cuba. 20 de agosto &#8211; 20 de octubre de 1995.<\/li>\n\n\n\n<li>&nbsp;Estancia de investigaci\u00f3n para el desarrollo del proyecto \u00abManejo Integral de Plagas y Enfermedades de hortalizas\u00bb en el Instituto Superior Agr\u00edcola Ciego de \u00c1vila, de La Habana, Cuba, durante el per\u00edodo del 18 al 29 de julio de 1994.<\/li>\n<\/ol>\n\n\n\n<p><\/p>\n","protected":false},"excerpt":{"rendered":"<p>PROYECTOS &nbsp;DE &nbsp;INVESTIGACI\u00d3N &nbsp;FINANCIADOS &nbsp;POR&nbsp;FUENTES EXTERNAS AL IPN DIRECCI\u00d3N DE &nbsp;PROYECTOS DE INVESTIGACI\u00d3N FINANCIADOS POR EL &nbsp;IPN&nbsp; PARTICIPACI\u00d3N EN PROYECTOS ESTANCIAS DE ENTRENAMIENTO<\/p>\n","protected":false},"author":52,"featured_media":0,"parent":0,"menu_order":0,"comment_status":"closed","ping_status":"closed","template":"","meta":{"_swt_meta_header_display":false,"_swt_meta_footer_display":false,"_swt_meta_site_title_display":false,"_swt_meta_sticky_header":false,"_swt_meta_transparent_header":false,"footnotes":""},"class_list":["post-12","page","type-page","status-publish","hentry"],"_links":{"self":[{"href":"https:\/\/web.ciidiroaxaca.ipn.mx\/rperezp\/wp-json\/wp\/v2\/pages\/12","targetHints":{"allow":["GET"]}}],"collection":[{"href":"https:\/\/web.ciidiroaxaca.ipn.mx\/rperezp\/wp-json\/wp\/v2\/pages"}],"about":[{"href":"https:\/\/web.ciidiroaxaca.ipn.mx\/rperezp\/wp-json\/wp\/v2\/types\/page"}],"author":[{"embeddable":true,"href":"https:\/\/web.ciidiroaxaca.ipn.mx\/rperezp\/wp-json\/wp\/v2\/users\/52"}],"replies":[{"embeddable":true,"href":"https:\/\/web.ciidiroaxaca.ipn.mx\/rperezp\/wp-json\/wp\/v2\/comments?post=12"}],"version-history":[{"count":5,"href":"https:\/\/web.ciidiroaxaca.ipn.mx\/rperezp\/wp-json\/wp\/v2\/pages\/12\/revisions"}],"predecessor-version":[{"id":117,"href":"https:\/\/web.ciidiroaxaca.ipn.mx\/rperezp\/wp-json\/wp\/v2\/pages\/12\/revisions\/117"}],"wp:attachment":[{"href":"https:\/\/web.ciidiroaxaca.ipn.mx\/rperezp\/wp-json\/wp\/v2\/media?parent=12"}],"curies":[{"name":"wp","href":"https:\/\/api.w.org\/{rel}","templated":true}]}}