{"id":7,"date":"2012-08-17T19:31:07","date_gmt":"2012-08-17T19:31:07","guid":{"rendered":"https:\/\/web.ciidiroaxaca.ipn.mx\/ralavez\/tesis\/"},"modified":"2025-09-17T21:00:22","modified_gmt":"2025-09-17T21:00:22","slug":"tesis","status":"publish","type":"page","link":"https:\/\/web.ciidiroaxaca.ipn.mx\/ralavez\/tesis\/","title":{"rendered":"Tesis"},"content":{"rendered":"\n<p><strong>Fabio Coralli. <\/strong>\u00abGesti\u00f3n de proyectos de permacultura para el rescate de la vivienda vern\u00e1cula, como estrategia para el desarrollo solidario en San Sebast\u00edan Rio Hondo, Oaxaca\u00bb. (2024).\u00a0Maestr\u00eda en Gesti\u00f3n de Proyectos para el Desarrollo Solidario del IPN CIIDIR Unidad Oaxaca.<\/p>\n\n\n\n<p><strong>Eliezer Palafox Montero y Jose Manuel Hern\u00e1ndez Castellanos. <\/strong>\u00abBiocompuesto con caracteristicas aislantes utilizando bagazo de ca\u00f1a y resina de pino\u00bb. (2023). Facultad de Arquitrctura Dise\u00f1o y Urbanismo de la Universidad Autonoma Benito Juarez de Oaxaca.<\/p>\n\n\n\n<p><strong>Adrian Boh\u00f3rquez Santiago. <\/strong>\u00abAmortiguamiento y desfase termico de un PCM inmerso en concreto ligero a base de tepetzil\u00bb. (2023).\u00a0Maestria en Ciencias y Aprovechamiento de Recursos Naturales IPN CIIDIR Unidad Oaxaca.<\/p>\n\n\n\n<p><strong>Grecia Aguilar Herrera.<\/strong> \u00abProducci\u00f3n social del h\u00e1bitat en el modelo de vivienda \u00abGuenda racane\u00e9 sa\u00e1\u00bb en Juchitan de Zaragoza Oaxaca. (2023).\u00a0Maestria en Gestion de Proyectos para el Desarrollo Solidario del IPN CIIDIR Unidad Oaxaca.<\/p>\n\n\n\n<p><strong>Josue Daniel Salazar Ruiz. <\/strong>\u00abArquitectura participativa y escolar en el dise\u00f1o de la Escuela Telesecundaria de Galea, Ocotl\u00e1n Oaxaca\u00bb. (2022).\u00a0Maestria en Gestion de Proyectos para el Desarrollo Solidario del IPN CIIDIR Unidad Oaxaca.<\/p>\n\n\n\n<p><strong>Rios Ventura Flor Gabriela. <\/strong>\u00abProyectos de dise\u00f1o sustentable para mejorar la vivienda de remesas y la conservaci\u00f3n de la vivienda tradicional de la Mixteca de Oaxaca\u00bb. (2022).\u00a0Maestria en Gestion de Proyectos para el Desarrollo Solidario del IPN CIIDIR Unidad Oaxaca.<\/p>\n\n\n\n<p><strong>Bruno Gregorio Salinas V\u00e1squez.<\/strong> \u00abEvaluaci\u00f3n y mejora higrotermica de cuatro modelos de aulas en la ciudad de Oaxaca\u00bb. (2022) Maestria en Arquitectura Sustentable, Universidad La Salle Oaxaca.<\/p>\n\n\n\n<p><strong>Rosa Romualdo Torres.<\/strong> \u00abAnalisis higrotermico de una vivienda de superadobe, en la localidad de Asunci\u00f3n Ixtaltepec, Oaxaca\u00bb. (2022)\u00a0Maestria en Arquitectura Sustentable, Universidad La Salle Oaxaca.<\/p>\n\n\n\n<p><strong>German Alberto Parma Valenzuela. <\/strong>\u00bb Dise\u00f1o de viviendas de emergencia sustentable con condiciones de habitabilidad permanente para zonas afectadas por desastres naturales\u00bb. (2021).\u00a0Maestria en Gestion de Proyectos para el Desarrollo Solidario del IPN CIIDIR Unidad Oaxaca.<\/p>\n\n\n\n<p><strong>Itzel Garcia Gomez. <\/strong>\u00abEstudio termico de un material organico de cambio de fase, probado en una vestimenta de seguridad para altas temperaturas\u00bb. (2021).\u00a0Maestria en Ciencias y Aprovechamiento de Recursos Naturales IPN CIIDIR Unidad Oaxaca.<\/p>\n\n\n\n<p><strong>Itzel Omara Matus Enriquez. <\/strong>\u00abEnergia Solar como fuente de desinfecci\u00f3n del agua para consumo humano a nivel domiciliario mediante una tecnologia social. Caso Magdalena Teitipac, Oaxaca\u00bb. (2020).\u00a0Maestria en Gestion de Proyectos para el Desarrollo Solidario<\/p>\n\n\n\n<p><strong>H\u00e9ctor Alfonso Boh\u00f3rquez. <\/strong>\u00abRedise\u00f1ando la vivienda, basado en los saberes indigenas y estrategias pasivas. Caso Magdalena Teitipac, Tlacolula de Matamoros, Oaxaca\u00bb. (2019). Maestria en Gestion de Proyectos para el Desarrollo Solidario<\/p>\n\n\n\n<p><strong>Andy Alfonso Olvera. <\/strong>\u00abCaracterizaci\u00f3n mecanica y termofisica de tejas hecha con cemento portland compuesto y fibras de bagazo de Agave angustifolia Haw\u00bb. (2018).\u00a0Maestria en Ciencias y Aprovechamiento de Recursos Naturales IPN CIIDIR Unidad Oaxaca.<\/p>\n\n\n\n<p><strong>Marco Antonio Ram\u00edrez Sorroza.<\/strong> \u00abConductividad termica de un panel biocompuesto empleando fibra de bagazo de agave angusrifolia Haw y L\u00e1tex\u00bb (2018). Maestria en Ciencias y Aprovechamiento de Recursos Naturales IPN CIIDIR Unidad Oaxaca.<\/p>\n\n\n\n<p><strong>Abraham Lavariega. <\/strong>\u00abComportamiento termofisico de sistemas de muro de tierra vertida + fibra vegetal para su uso en climas templados y semifrios del estado de Oaxaca \u00ab.(2018). FAC. ARQ. UABJO- Licenciatura<\/p>\n\n\n\n<p><strong>Itzel Garc\u00eda G\u00f3mez.<\/strong> \u00abEstudio de permeabilidad en el aobe implementando agregados naturales.2017. UTM-licenciartura<\/p>\n\n\n\n<p><strong>Amira Mar\u00eda Garc\u00eda Mart\u00ednez.<\/strong> \u00abMejoramiento de las condiciones t\u00e9rmicas de la vivienda de interes social de un fraccionamientos de la ciudad de Oaxaca de uarez (clima templado). (2017). Instituto Tecnologico de Oaxaca<\/p>\n\n\n\n<p><strong>Aurelio Mart\u00ednez Ibarra. <\/strong>\u00abDise\u00f1o de un panel modular biocompuesto con caracteristicas de absorci\u00f3n ac\u00fastica empleando como refuerzo fibras de Bagazo de agave angustifolia Haw y matriz polimerica\u00bb.\u00a0 (2017).\u00a0 Maestria en ingenieria CIIDIR IPN OAXACA<\/p>\n\n\n\n<p><strong>Uriel Le\u00f3n Venegas.<\/strong> \u00abProyecto participativo de vivienda vern\u00e1cula sustentable en la comunidad de santo Domingo Teojomulco, Sola de Vega, Oaxaca\u00bb. (2017)\u00a0\u00a0Maestria en gestion CIIDIR IPN OAXACA<\/p>\n\n\n\n<p><strong>Adriana Pacheco Calderon. <\/strong>\u00abProyecto de participaci\u00f3n comunitaria en el dise\u00f1o de un espacio p\u00fablico en el fraccionamiento Ciudad Yagul, Tlacolula, Oaxaca\u00bb. (2017).\u00a0Maestria en gestion CIIDIR IPN OAXACA<\/p>\n\n\n\n<p><strong>Ramses Flores Sosa.<\/strong> \u00abProyecto integral de vivienda rural bioclimatica en la comunidad de la ermita, Ejutla de Crespo Oaxaca\u00bb.\u00a0 (2017).\u00a0 FAC. ARQ. UABJO- Licenciatura<\/p>\n\n\n\n<p><strong>Ricardo Al\u00ed Ort\u00edz Cort\u00e9s. <\/strong>\u00abSistema mixto de muro y techo para elevar la eficiencia termica de las viviendas de interes social para la localidad de Oaxaca\u00bb . (2016). Instituto Tecnologico de Oaxaca- Licenciatura<\/p>\n\n\n\n<p><strong>Leonardo J. Rodr\u00edguez Gonz\u00e1lez.<\/strong> \u00abDise\u00f1o de infraestructura educativa con enfoques participativo y sustentable para supervisores de la zona escolar de Miahuatl\u00e1n, Oaxaca\u00bb . Mestr\u00eda en Gesti\u00f3n de Proyectos para el Desarrollo Solidario CIIDIR IPN Unidad Oaxaca. Mayo 2016.<\/p>\n\n\n\n<p><strong>Salvatore D&#8217;auria.\u00a0<\/strong> \u00abParticipaci\u00f3n y Dise\u00f1o Bioclim\u00e1tico para la elaboraci\u00f3n de proyectos arquitect\u00f3nicos en contextos rurales. Maestr\u00eda en Gesti\u00f3n de Proyectos para el Desarrollo Solidario\u00bb. Mestr\u00eda en Gesti\u00f3n de Proyectos para el Desarrollo Solidario CIIDIR IPN Unidad OaxacaJunio 2015<\/p>\n","protected":false},"excerpt":{"rendered":"<p>Fabio Coralli. \u00abGesti\u00f3n de proyectos de permacultura para el rescate de la vivienda vern\u00e1cula, como estrategia para el desarrollo solidario en San Sebast\u00edan Rio Hondo, Oaxaca\u00bb. (2024).\u00a0Maestr\u00eda en Gesti\u00f3n de Proyectos para el Desarrollo Solidario del IPN CIIDIR Unidad Oaxaca. Eliezer Palafox Montero y Jose Manuel Hern\u00e1ndez Castellanos. \u00abBiocompuesto con caracteristicas aislantes utilizando bagazo de [&hellip;]<\/p>\n","protected":false},"author":28,"featured_media":0,"parent":0,"menu_order":0,"comment_status":"closed","ping_status":"closed","template":"","meta":{"_swt_meta_header_display":false,"_swt_meta_footer_display":false,"_swt_meta_site_title_display":false,"_swt_meta_sticky_header":false,"_swt_meta_transparent_header":false,"footnotes":""},"class_list":["post-7","page","type-page","status-publish","hentry"],"_links":{"self":[{"href":"https:\/\/web.ciidiroaxaca.ipn.mx\/ralavez\/wp-json\/wp\/v2\/pages\/7","targetHints":{"allow":["GET"]}}],"collection":[{"href":"https:\/\/web.ciidiroaxaca.ipn.mx\/ralavez\/wp-json\/wp\/v2\/pages"}],"about":[{"href":"https:\/\/web.ciidiroaxaca.ipn.mx\/ralavez\/wp-json\/wp\/v2\/types\/page"}],"author":[{"embeddable":true,"href":"https:\/\/web.ciidiroaxaca.ipn.mx\/ralavez\/wp-json\/wp\/v2\/users\/28"}],"replies":[{"embeddable":true,"href":"https:\/\/web.ciidiroaxaca.ipn.mx\/ralavez\/wp-json\/wp\/v2\/comments?post=7"}],"version-history":[{"count":2,"href":"https:\/\/web.ciidiroaxaca.ipn.mx\/ralavez\/wp-json\/wp\/v2\/pages\/7\/revisions"}],"predecessor-version":[{"id":39,"href":"https:\/\/web.ciidiroaxaca.ipn.mx\/ralavez\/wp-json\/wp\/v2\/pages\/7\/revisions\/39"}],"wp:attachment":[{"href":"https:\/\/web.ciidiroaxaca.ipn.mx\/ralavez\/wp-json\/wp\/v2\/media?parent=7"}],"curies":[{"name":"wp","href":"https:\/\/api.w.org\/{rel}","templated":true}]}}