{"id":6,"date":"2012-08-17T19:22:53","date_gmt":"2012-08-17T19:22:53","guid":{"rendered":"https:\/\/web.ciidiroaxaca.ipn.mx\/ralavez\/proyectos-de-investigacion\/"},"modified":"2025-09-17T20:50:56","modified_gmt":"2025-09-17T20:50:56","slug":"proyectos-de-investigacion","status":"publish","type":"page","link":"https:\/\/web.ciidiroaxaca.ipn.mx\/ralavez\/proyectos-de-investigacion\/","title":{"rendered":"Proyectos de Investigaci\u00f3n"},"content":{"rendered":"\n<h3 class=\"wp-block-heading\">PROYECTOS CONACYT<\/h3>\n\n\n\n<p><strong>FOP01-2022-01<\/strong> \u00abVivienda ecotecnologica b\u00e1sica\u00bb.\u00a0 Proyectos Nacionales de Investigaci\u00f3n e Incidencia para una vivienda adecuada y acceso justo al H\u00e1bitat, administrado por el Instituto de Investigaciones en Ecosistemas y Sustentabilidad (IIES) UNAM. Participante en el AN\u00c1LISIS BIOCLIM\u00c1TICO<\/p>\n\n\n\n<p><strong>2014-2016<\/strong>\u00a0Dise\u00f1o, construcci\u00f3n y caracterizaci\u00f3n de un prototipo de componente constructivo para vivienda sustentable . CONAVI-2013-01-206387. DIRECTOR<\/p>\n\n\n\n<p><strong>2013.-<\/strong> Proyecto Ejecutivo para la construcci\u00f3n de la nueva sede del CIESAS-Pacifico Sur-Oaxaca, FOMIX-M0036-2011-01-177790. Participante en DISE\u00d1O BIOCLIM\u00c1TICO<\/p>\n\n\n\n<h3 class=\"wp-block-heading\">\u00a0PROYECTOS DE INVESTIGACI\u00d3N EN EL IPN<\/h3>\n\n\n\n<p>PROYECTO DE INVESTIGACI\u00d3N <strong>SIP 20242121<\/strong>. Caracterizaci\u00f3n mec\u00e1nica de muros de bahareque como sistema alternativo en el pacifico sur de Oaxaca, M\u00e9xico.<\/p>\n\n\n\n<p>PROYECTO DE INVESTIGACI\u00d3N <strong>SIP 20231420<\/strong>. Comportamiento termof\u00edsico de sistema de muros de Bahareque para climas c\u00e1lidos<\/p>\n\n\n\n<p>PROYECTO DE INVESTIGACI\u00d3N <strong>SIP 20220914<\/strong>. Construcci\u00f3n y caracterizaci\u00f3n t\u00e9rmica de b\u00f3veda a base de bloques de fibra vegetal<\/p>\n\n\n\n<p>PROYECTO DE INVESTIGACI\u00d3N <strong>SIP 20210968<\/strong>.\u00a0Desempe\u00f1o t\u00e9rmico de 3 aulas de la ciudad de Oaxaca en el periodo de calor (Clima templado)<\/p>\n\n\n\n<p>PROYECTO DE INVESTIGACI\u00d3N <strong>SIP 20200193<\/strong>. Desempe\u00f1o t\u00e9rmico de un intercambiador de calor tierra-aire en un clima templado.<\/p>\n\n\n\n<p>PROYECTO DE INVESTIGACI\u00d3N <strong>SIP 20195480<\/strong>. Propiedades termof\u00cdsicas de paneles biodegradables de techos para climas c\u00e1lidos del estado de Oaxaca.<\/p>\n\n\n\n<p>PROYECTO DE INVESTIGACI\u00d3N IPN <strong>SIP 20180144<\/strong>. Proyecto arquitect\u00f3nico de vivienda con sistemas pasivos para la comunidad de asunci\u00f3n Ixtaltepec Oaxaca.\u00a0<\/p>\n\n\n\n<p>PROYECTO DE INVESTIGACI\u00d3N IPN <strong>SIP 20170849<\/strong>. Caracterizaci\u00f3n t\u00e9rmica de un M\u00f3dulo-prototipo con sistema h\u00edbrido de muro y techo con inercia t\u00e9rmica.<\/p>\n\n\n\n<p>PROYECTO DE INVESTIGACI\u00d3N IPN <strong>SIP 20160734<\/strong>. Comportamiento termof\u00edsico de sistemas de muro de tierra vertida + fibra vegetal para su uso en climas templados y semifr\u00edos del estado de Oaxaca.<\/p>\n\n\n\n<p>PROYECTO DE INVESTIGACI\u00d3N IPN <strong>SIP 20151304<\/strong>. Clasificaci\u00f3n y estabilizaci\u00f3n de suelos para su uso en mezclas para sistemas de muros con inercia t\u00e9rmica para lograr condiciones de confort y ahorro de energ\u00eda en la vivienda de la ciudad de Oaxaca y zona conurbada.<\/p>\n\n\n\n<p>PROYECTO DE INVESTIGACI\u00d3N IPN <strong>SIP 20144597<\/strong>. Estudio comparativo de la eficiencia t\u00e9rmica de un sistema de techo, compuesto de canaletas de ferrocemento, suelo y materiales agr\u00edcolas.<\/p>\n\n\n\n<p>PROYECTO DE INVESTIGACI\u00d3N IPN <strong>SIP 20130755<\/strong>. Dise\u00f1o y caracterizaci\u00f3n termof\u00edsica de un material compuesto elaborado a base de residuos agr\u00edcolas para lograr ahorro de energ\u00eda en techos de ferrocemento y componentes constructivos de uso com\u00fan en la industria de la construcci\u00f3n en M\u00e9xico.<\/p>\n\n\n\n<p>PROYECTO DE INVESTIGACI\u00d3N IPN <strong>SIP20080472<\/strong>. Composici\u00f3n qu\u00edmica y clasificaci\u00f3n de 3 arcillas de la costa del estado de Oaxaca para su uso en la elaboraci\u00f3n de adobes compactados.<\/p>\n\n\n\n<p>PROYECTO DE INVESTIGACI\u00d3N IPN <strong>SIP 20050897<\/strong> Dise\u00f1o de una c\u00e1mara de ambiente controlado y conductiv\u00edmetro para realizar pruebas termof\u00edsicas de elementos multicompuestos para materiales de construcci\u00f3n.<\/p>\n\n\n\n<p><\/p>\n","protected":false},"excerpt":{"rendered":"<p>PROYECTOS CONACYT FOP01-2022-01 \u00abVivienda ecotecnologica b\u00e1sica\u00bb.\u00a0 Proyectos Nacionales de Investigaci\u00f3n e Incidencia para una vivienda adecuada y acceso justo al H\u00e1bitat, administrado por el Instituto de Investigaciones en Ecosistemas y Sustentabilidad (IIES) UNAM. Participante en el AN\u00c1LISIS BIOCLIM\u00c1TICO 2014-2016\u00a0Dise\u00f1o, construcci\u00f3n y caracterizaci\u00f3n de un prototipo de componente constructivo para vivienda sustentable . CONAVI-2013-01-206387. DIRECTOR 2013.- [&hellip;]<\/p>\n","protected":false},"author":28,"featured_media":0,"parent":0,"menu_order":0,"comment_status":"closed","ping_status":"closed","template":"","meta":{"_swt_meta_header_display":false,"_swt_meta_footer_display":false,"_swt_meta_site_title_display":false,"_swt_meta_sticky_header":false,"_swt_meta_transparent_header":false,"footnotes":""},"class_list":["post-6","page","type-page","status-publish","hentry"],"_links":{"self":[{"href":"https:\/\/web.ciidiroaxaca.ipn.mx\/ralavez\/wp-json\/wp\/v2\/pages\/6","targetHints":{"allow":["GET"]}}],"collection":[{"href":"https:\/\/web.ciidiroaxaca.ipn.mx\/ralavez\/wp-json\/wp\/v2\/pages"}],"about":[{"href":"https:\/\/web.ciidiroaxaca.ipn.mx\/ralavez\/wp-json\/wp\/v2\/types\/page"}],"author":[{"embeddable":true,"href":"https:\/\/web.ciidiroaxaca.ipn.mx\/ralavez\/wp-json\/wp\/v2\/users\/28"}],"replies":[{"embeddable":true,"href":"https:\/\/web.ciidiroaxaca.ipn.mx\/ralavez\/wp-json\/wp\/v2\/comments?post=6"}],"version-history":[{"count":2,"href":"https:\/\/web.ciidiroaxaca.ipn.mx\/ralavez\/wp-json\/wp\/v2\/pages\/6\/revisions"}],"predecessor-version":[{"id":34,"href":"https:\/\/web.ciidiroaxaca.ipn.mx\/ralavez\/wp-json\/wp\/v2\/pages\/6\/revisions\/34"}],"wp:attachment":[{"href":"https:\/\/web.ciidiroaxaca.ipn.mx\/ralavez\/wp-json\/wp\/v2\/media?parent=6"}],"curies":[{"name":"wp","href":"https:\/\/api.w.org\/{rel}","templated":true}]}}