{"id":5,"date":"2012-08-03T21:16:13","date_gmt":"2012-08-03T21:16:13","guid":{"rendered":"https:\/\/web.ciidiroaxaca.ipn.mx\/ralavez\/publicaciones\/"},"modified":"2025-10-17T14:04:31","modified_gmt":"2025-10-17T20:04:31","slug":"publicaciones","status":"publish","type":"page","link":"https:\/\/web.ciidiroaxaca.ipn.mx\/ralavez\/publicaciones\/","title":{"rendered":"Publicaciones"},"content":{"rendered":"\n<p>Jos\u00e9 Luis Caballero Montes, Flor Gabriela R\u00edos Ventura, <strong>Rafael Alav\u00e9z Ram\u00edrez<\/strong>. (2024).\u00a0<a href=\"https:\/\/revistas.ort.edu.uy\/anales-de-investigacion-en-arquitectura\/article\/view\/3427\" target=\"_blank\" rel=\"noreferrer noopener\">Mejoramiento de la habitabilidad de la vivienda construida con fondos de remesas mediante estrategias bioclim\u00e1ticas pasivas<\/a>. Anales de Investigaci\u00f3n en Arquitectura.\u00a0DOI:\u00a0<a href=\"https:\/\/doi.org\/10.18861\/ania.2024.14.13427\" target=\"_blank\" rel=\"noreferrer noopener\">https:\/\/doi.org\/10.18861\/ania.2024.14.13427<\/a><\/p>\n\n\n\n<p>Aguilar, G., Caballero, J.L., y <strong>Alav\u00e9z, R.<\/strong> (2023). Producci\u00f3n Social del H\u00e1bitat en la construcci\u00f3n de viviendas en contextos de desastres socioambientales.&nbsp;Brazilian Journal of Development, 9(3), 11072-11083.DOI:&nbsp;<a href=\"https:\/\/doi.org\/10.34117\/bjdv9n3-144\" target=\"_blank\" rel=\"noreferrer noopener\">https:\/\/doi.org\/10.34117\/bjdv9n3-144<\/a><\/p>\n\n\n\n<p>Robledo-Taboada LH, Jim\u00e9nez-Jarqu\u00edn FJ, Chi\u00f1as-Castillo F, M\u00e9ndez-Blas A, Camacho-L\u00f3pez S, Serrano-de la Rosa LE, Caballero-Caballero M, <strong>Alavez-Ramirez R,<\/strong> Bartolo-Alem\u00e1n H, Enr\u00edquez Porras EN. Tribological performance of porous silicon hydrophobic and hydrophilic surfaces, (2022), Journals of Materials Research and Technology, <a href=\"https:\/\/doi.org\/10.1016\/j.jmrt.2022.06.094\" target=\"_blank\" rel=\"noreferrer noopener\">https:\/\/doi.org\/10.1016\/j.jmrt.2022.06.094<\/a>.<\/p>\n\n\n\n<p>Caballero-Caballero M, Chi\u00f1as-Castillo F, G\u00f3mez-Guerrero AV, Valdez-V\u00e1squez I,<strong> Alavez-Ramirez R,<\/strong> Montes Bernab\u00e9 JL, (2022), Activated sludge as inoculum improves methane production and community functionality during the anaerobic digestion of mixed agave wastes. <a href=\"https:\/\/www.researchgate.net\/journal\/Biomass-Conversion-and-Biorefinery-2190-6823?_sg=GpfV5SLVPNzYT4nDxVV7etF1KvLOZBPHad-FNU3JtPskcS5YtHtEUlFB1yAe_vSYmBcSJ3UOv73cTBnikV6DwCmDZHp-yg.cDNG_Ko4cs8JayokTCsuRJaMiow8VUWrGPbiPHGEwzS1EaMu1G-GJK27WVl1dJ3GJR7MP7WLHvPrTTiz6zIXjQ&amp;_tp=eyJjb250ZXh0Ijp7ImZpcnN0UGFnZSI6InByb2ZpbGUiLCJwYWdlIjoicHVibGljYXRpb24iLCJwcmV2aW91c1BhZ2UiOiJwcm9maWxlIiwicG9zaXRpb24iOiJwYWdlSGVhZGVyIn19\" target=\"_blank\" rel=\"noreferrer noopener\">Biomass Conversion and Biorefinery<\/a> 14 (12). DOI:&nbsp;<a href=\"http:\/\/dx.doi.org\/10.1007\/s13399-022-02718-4\" target=\"_blank\" rel=\"noreferrer noopener\">10.1007\/s13399-022-02718-4<\/a><\/p>\n\n\n\n<p>Cruz-Elvira, J. D., Chi\u00f1as-Castillo, F., <strong>Alavez-Ram\u00edrez, R<\/strong>.,&nbsp;Caballero-Caballero, M.,&nbsp;L\u00e1zaro-Fern\u00e1ndez, A., Delgado-Gracia, M., Su\u00e1rez-Mart\u00ednez, R. (2022). A novel dodecanol\/tepexil PCM composite for thermal energy storage in buildings.&nbsp;Materials Chemistry and Physics, Vol. 284. &nbsp;<a href=\"https:\/\/dx.doi.org\/101016\/j.matchemphys.2022.126067\" target=\"_blank\" rel=\"noreferrer noopener\">https:\/\/dx.doi.org\/101016\/j.matchemphys.2022.126067<\/a><\/p>\n\n\n\n<p>Parma-Valenzuela GA, <strong>Alavez-Ramirez R<\/strong>, Caballero-Montes JC, (2022), Dise\u00f1o de vivienda de emergencia sustentable para zonas afectadas por los sismos en el Istmo de Tehuantepec Oaxaca. <a href=\"https:\/\/doi.org\/10.22533\/at.ed.558292208046\" target=\"_blank\" rel=\"noreferrer noopener\">https:\/\/doi.org\/10.22533\/at.ed.558292208046<\/a><\/p>\n\n\n\n<p>R\u00edos, F. G., Caballero, J.L., y <strong>Alav\u00e9z, R<\/strong>.&nbsp; (2022).&nbsp;Caracterizaci\u00f3n t\u00e9rmica de la vivienda tradicional de la Mixteca con el uso de herramientas tecnol\u00f3gicas. Universidad &amp; ciencia, 11, 191-201.<\/p>\n\n\n\n<p>Salazar, J.D., <strong>Alavez-Ramirez R<\/strong>, y&nbsp;Caballero-Montes JC, (2021). Dise\u00f1o sostenible de aulas para escuelas en condiciones precarias mediante software especializado en an\u00e1lisis bioclim\u00e1tico.&nbsp;Revista Contribuci\u00f3n al Conocimiento Cient\u00edfico y Tecnol\u00f3gico en Oaxaca, vol. 5, No. 5, pp. 50-62.<\/p>\n\n\n\n<p>Garc\u00eda G\u00f3mez, Itzel; <strong>Alavez Ramirez Rafael;<\/strong> Morales Dom\u00ednguez Valent\u00edn Juventino, (2021) Resina de pino como aglutinante sostenible para el refuerzo del adobe. &nbsp;<a href=\"https:\/\/dialnet.unirioja.es\/servlet\/revista?codigo=27317\" target=\"_blank\" rel=\"noreferrer noopener\">Universidad &amp; ciencia<\/a>,&nbsp;ISSN-e&nbsp;2227-2690, p\u00e1gs.&nbsp;179-190<\/p>\n\n\n\n<p>Alfaro-P\u00e9rez E, Chi\u00f1as-Castillo F, Flores-Ruiz FJ, <strong>Alavez-Ramirez R<\/strong>, Caballero-Caballero M, Lara-Romero J. Friction and Wear Behavior of Multilayer [Al\/AlN]n Coatings Deposited on AISI52100 Steel. ISSN 2070-2051, Protection of Metals and Physical Chemistry of Surfaces, 2019, Vol. 55, No. 3, pp.527\u2013534. \u00a9 Pleiades Publishing, Ltd., 2019. DOI: 10.1134\/S207020511903002X<\/p>\n\n\n\n<p>G\u00f3mez-Guerrero, A- V., Valdez-Vazquez, I.,&nbsp;Caballero-Caballero, M.,&nbsp;Chi\u00f1as-Castillo, F., <strong>Alav\u00e9z-Ram\u00edrez, R<\/strong>., Montes-Bernab\u00e9, J. L. (2019). Co-digestion of&nbsp;Agave angustifolia&nbsp;Haw bagasse and vinasses for biogas production from mezcal industry; Revista Mexicana de Ingenier\u00eda Qu\u00edmica; Vol. 18, (3):1073-1083. &nbsp;<a href=\"https:\/\/dx.doi.org\/10.24275\/uam\/izt\/dcbi\/revmexingquim\/2019v18n3\/Gomez\" target=\"_blank\" rel=\"noreferrer noopener\">https:\/\/dx.doi.org\/10.24275\/uam\/izt\/dcbi\/revmexingquim\/2019v18n3\/Gomez<\/a><\/p>\n\n\n\n<p>Morales-L\u00f3pez FU, Chi\u00f1as-Castillo F, <strong>Alavez-Ramirez R<\/strong>, Caballero-Caballero M, Montes Bernab\u00e9 JL, CANTERA STONE AND COCONUT OIL AS A PHASE CHANGE MATERIAL FOR THE CONSTRUCTION INDUSTRY. Revista CiBIyT (2019), 42, pp. 116-120. ISSN: 1870-056x. Latin Index<\/p>\n\n\n\n<p>Morales-Dom\u00ednguez VJ, <strong>Alavez-Ramirez R<\/strong>, Ortiz- Guzm\u00e1n Margarito (2019). Efecto de la humedad de compactaci\u00f3n en las propiedades mec\u00e1nicas del BTC. <a href=\"https:\/\/dialnet.unirioja.es\/servlet\/revista?codigo=27317\" target=\"_blank\" rel=\"noreferrer noopener\">Universidad &amp; ciencia<\/a>,&nbsp;ISSN-e&nbsp;2227-2690.<\/p>\n\n\n\n<p>Alfonso-Olivera A, <strong>Alavez-Ramirez R<\/strong>, Chi\u00f1as-Castillo, F, Caballero-Caballero, M.,&nbsp;Montes-Bernab\u00e9, J. L. CONDUCTIVIDAD T\u00c9RMICA DE UN BIOCOMPUESTO DE FIBRA DE Agave angustifolia Haw, CEMENTO PORTLAND Y TEPEXIL PARA FABRICAR AZULEJOS. Revista CiBIyT (2019), 42, p\u00e1gs. 109-115.&nbsp;ISSN: 1870-056x.&nbsp;\u00cdndice latino<\/p>\n\n\n\n<p>Magdaleno Caballero-Caballero, Fernando Chinas-Castillo, Jos\u00e9 Luis Montes Bernab\u00e9, <strong>Rafael Alav\u00e9z-Ramirez<\/strong> &amp;Mar\u00eda Eugenia Silva Rivera. EFFECT ON COMPRESSIVE AND FLEXURAL STRENGTH OF AGAVE FIBER REINFORCED ADOBES. (2018). Journal of natural fibers.<\/p>\n\n\n\n<p>Valent\u00edn J. Morales Dom\u00ednguez, <strong>Rafael Alavez Ram\u00edrez<\/strong>,&nbsp; Margarito Ortiz Guzm\u00e1n. DISE\u00d1O, CONSTRUCCI\u00d3N Y CARACTERIZACI\u00d3N MEC\u00c1NICA DE UN SISTEMA DE TECHOS PARA VIVIENDA SOCIAL. Universidad&amp;Ciencia P\u00e1g. 79-96. Vol.6, No. Especial de CIVITEC, octubre (2017) ISSN: 2227-2690 RNPS: 2450<\/p>\n\n\n\n<p><strong>Alav\u00e9z-Ram\u00edrez Rafael<\/strong>; Chi\u00f1as Castillo Fernando; Morales Dominguez Juventino; Ortiz Guzman Margarito; Caballero Montes Jose Luis; Caballero Caballero Magdaleno (2016). THERMAL LAG AND DECREMENT FACTOR OF A CONSTRUCTIVE COMPONENT REINFORCED MORTAR CHANNELS FILLED WITH SOIL-CEMENT-SAWDUST. Journal Indoor and Built Environment. DOI:10.1177\/1420326X16676611<\/p>\n\n\n\n<p>Caballero Montes Jose Luis; <strong>Alavez Ram\u00edrez<\/strong>, Rafael; P\u00e9rez Flores, Mar\u00eda E. (2016). IMPROVING THE THERMAL COMFORT OF FERROCEMENT CLASSROOMS BY INVOLVING THE COMMUNITY IN THE USE OF ALTERNATIVE CONSTRUCTION TECHNOLOGY. Journal of Engineering and Architecture, Vol 4, n\u00fam. 2.&nbsp;<\/p>\n\n\n\n<p><strong>Alavez Ram\u00edrez, Rafael<\/strong>; Caballero Montes, Jos\u00e9 L . (2015). BIOCLIMATIC HOUSING WITH SUSTAINABLE TECHNOLOGY FOR THE CITY OF OAXACA, M\u00c9XICO. Revista EDA (Esempi di Architettura), vol 2, n\u00fam. 2, pp: 83-93.<\/p>\n\n\n\n<p><strong>Rafael Alavez Ram\u00edrez<\/strong>, Fernando Chi\u00f1as, Valent\u00edn J Morales Dom\u00ednguez, Margarito Ortiz Guzm\u00e1n,&nbsp; Javier&nbsp; Lara Romero. THERMAL LAG AND DECREMENT FACTOR OF A COCONUT FERROCEMENT ROOFING SYSTEM. (2014).ISSN:0950-0618, , Construction&nbsp; and&nbsp; Building&nbsp; Materials, Vol.55,&nbsp; Pag.246-256<\/p>\n\n\n\n<p>Ortiz Guzm\u00e1n Margarito,&nbsp;<strong> Alavez Ramirez Rafael<\/strong>,&nbsp; Morales Dom\u00ednguez Valent\u00edn J. COMPORTAMIENTO&nbsp; DE&nbsp; TEMPERATURAS&nbsp; EN&nbsp; UNA&nbsp; ESTUFA&nbsp; SOLAR.&nbsp; (2014). ISSN:&nbsp; 978\u00ad607\u00ad83,&nbsp; ,&nbsp; Revista electr\u00f3nica de investigaci\u00f3n en educaci\u00f3n superior, Vol.2, Pag.1\u00ad13.<\/p>\n\n\n\n<p>Morales Dom\u00ednguez Valent\u00edn J, Ortiz Guzm\u00e1n Margarito, <strong>Alavez Ram\u00edrez Rafael<\/strong>,&nbsp;COMPORTAMIENTO DE LA HUMEDAD EN BTC ELABORADOS CON CEMENTO Y MUCILAGO DE NOPAL.&nbsp; (2014). ISSN: 978\u00ad607\u00ad83, REVISTA ELECTRONICA DE INVESTIGACION EN EDUCACION SUPERIOR, Vol.2, Pag.1\u00ad16.&nbsp;<\/p>\n\n\n\n<p><strong>Rafael Alav\u00e9z Ram\u00edrez<\/strong>, Pedro Montes Garc\u00eda, Jacobo Mart\u00ednez Reyes, Delia C. Altamirano Ju\u00e1rez y Yadira Gochi Ponce. THE USE OF SUGARCANE BAGASSE ASH AND LIME TO IMPROVE THE DURABILITY AND MECHANICAL PROPERTIES OF COMPACTED SOIL BLOCKS. (2012) ISSN: 0950-0618, Construction and Building Materials Vol. 34 Pag. 296-296<\/p>\n\n\n\n<p>Rafael Alav\u00e9z Ram\u00edrez, Fernando Chi\u00f1as, Valent\u00edn J Morales Dom\u00ednguez, Margarito Ortiz Guzm\u00e1n,THERMAL CONDUCTIVITY OF COCONUT FIBRE FILLED FERROCEMENT SANDWICH PANELS. (2012). ISSN: 0950-0618,&nbsp; Construction and Building Materials Vol. 37 Pag. 425-425.<\/p>\n\n\n\n<p>Jacobo Mart\u00ednez Reyes, Rafael Alav\u00e9z Ram\u00edrez, Pedro Montes Garc\u00eda, Victor Jimenez Quero, MINERALOGICAL EFFECT ON THE POZZOLANIC REACTIVITY OF A MEXICAN LACUSTRINE SOIL. CONSTRUCTION AND BUILDING MATERIALS. (2010).&nbsp;ISSN: 0950-0618,&nbsp; Construction and Building Materials Vol. 24 Pag. 2650-2650<\/p>\n\n\n\n<h3 class=\"wp-block-heading\">CAPITULOS DE LIBRO<\/h3>\n\n\n\n<p>Juarez-Lopez CR, Chi\u00f1as-Castillo F, <strong>Alavez-Ramirez R<\/strong>, Caballero-Caballero M. <a href=\"https:\/\/www.researchgate.net\/publication\/373094085_Mezcal_Agroindustry_Contribution_to_Climate_Change_in_Oaxaca?_sg%5B0%5D=ObX6KpjvENDZe2BlHCAun3hpgvUucUh25jaHAZeJS7pzp_w1B9D6_M9WSaUeZLooZ0mSCrPUhp-FLeio3P8IV0cEcGY8AqTLaIPJPIQR.fN00d_tVAB4_6yzQZN1Uxhe7R5XpsQUA-9nC7UDLpuyEDDcoG_Dl3iCU_10cm69EXKrw8OTQcUWPor4n4EGxyw&amp;_tp=eyJjb250ZXh0Ijp7ImZpcnN0UGFnZSI6InByb2ZpbGUiLCJwYWdlIjoicHJvZmlsZSIsInByZXZpb3VzUGFnZSI6InByb2ZpbGUiLCJwb3NpdGlvbiI6InBhZ2VDb250ZW50In19\" target=\"_blank\" rel=\"noreferrer noopener\">Mezcal Agroindustry Contribution to Climate Change in Oaxaca<\/a>, Caballero-Caballero M, 2023 DOI:&nbsp;<a href=\"http:\/\/dx.doi.org\/10.1007\/978-3-030-98067-2_60-1\" target=\"_blank\" rel=\"noreferrer noopener\">10.1007\/978-3-030-98067-2_60-1<\/a>&nbsp;<\/p>\n\n\n\n<p><strong>Alavez-Ramirez R<\/strong>, Chi\u00f1as-Castillo F, Caballero-Caballero M, Morales-Dom\u00ednguez VJ, Ortiz-Guzm\u00e1n M, Silva-Rivera M.E, Jimenez Pi\u00f1on R.C, Ramos-Alonso A. <a href=\"https:\/\/www.researchgate.net\/publication\/364235014_Sugar_Cane_Products_as_a_Sustainable_Construction_Material_Case_Study_Thermophysical_Properties_of_a_Corncob_and_Cane_Bagasse_Ash_Panel?_tp=eyJjb250ZXh0Ijp7ImZpcnN0UGFnZSI6InByb2ZpbGUiLCJwYWdlIjoicHJvZmlsZSIsInBvc2l0aW9uIjoicGFnZUNvbnRlbnQifX0\" target=\"_blank\" rel=\"noreferrer noopener\">Sugar Cane Products as a Sustainable Construction Material. Case Study: Thermophysical Properties of a Corncob and Cane Bagasse Ash Panel<\/a>. 2022, DOI:&nbsp;<a href=\"http:\/\/dx.doi.org\/10.5772\/intechopen.107473\" target=\"_blank\" rel=\"noreferrer noopener\">10.5772\/intechopen.107473<\/a><\/p>\n\n\n\n<p>Caballero, J.L., L\u00f3pez, A.N., y <strong>Alav\u00e9z, R.<\/strong> (2022). Las pol\u00edticas educativas para mejorar la infraestructura escolar en M\u00e9xico; propuesta de modelo de escuela sostenible para comunidades marginadas.&nbsp;Tendencias en innovaci\u00f3n y transferencia del conocimiento: de la universidad a la sociedad.&nbsp;&nbsp;Dykinson S.L.<\/p>\n\n\n\n<p>L\u00f3pez, A.N.,&nbsp;Caballero, J.L&nbsp;y <strong>Alav\u00e9z, R.<\/strong> (2022). Desarrollo de competencias digitales en estudiantes de nivel superior con la plataforma Microsoft Teams para el aprendizaje de la arquitectura sustentable.&nbsp;Aprender innovando. Transferencia del conocimiento en los estudios de Historia, Artes, Arquitectura y Dise\u00f1o. Aula Magna proyecto Clave McGraw-Hill.<\/p>\n\n\n\n<p>Caballero, J.L., L\u00f3pez, A.N., y <strong>Alav\u00e9z, R. <\/strong>(2022). La desigualdad de la educaci\u00f3n a distancia en estudiantes de nivel b\u00e1sico en M\u00e9xico ante la pandemia del COVID-19.&nbsp;Innovaci\u00f3n docente y educativa aplicadas a la intervenci\u00f3n social.&nbsp;Aula Magna. Clave McGraw-Hill.<\/p>\n\n\n\n<p>R\u00edos, F.G.,&nbsp;Caballero, J.L. y<strong> Alav\u00e9z, R.<\/strong> (2021).&nbsp;Una nueva concepci\u00f3n arquitect\u00f3nica en comunidades rurales producto de la migraci\u00f3n a Estados Unidos. M. Jim\u00e9nez Garc\u00eda (coord.),&nbsp;Retos y perspectivas sociales durante la pandemia de COVID-19 en M\u00e9xico (97-115). ASMIIA.<\/p>\n\n\n\n<p>R\u00edos, F.G.,&nbsp;Caballero, J.L. y <strong>Alav\u00e9z, R.<\/strong> (2021).&nbsp;Caracterizaci\u00f3n t\u00e9rmica de la vivienda tradicional Mixteca con el uso de herramientas tecnol\u00f3gicas. M.E. Ojeda Orta, M. S. Plazola Rivera y M. Berrelleza Carrillo (coord.),&nbsp;Innovaci\u00f3n y Multidisciplinariedad en la Pr\u00e1ctica Docente: Contribuci\u00f3n significativa al Aprendizaje (pp.&nbsp;245- 256).&nbsp;ILCSA.<\/p>\n\n\n\n<p>R\u00edos, F.G.,&nbsp;Caballero, J.L. y <strong>Alav\u00e9z, R. <\/strong>(2021).&nbsp;La etnograf\u00eda en el diagn\u00f3stico de la vivienda construida con fondos de remesas. una experiencia entre el trabajo de campo y el virtual. R.M. Rabet Temsamani, C. Herv\u00e1s G\u00f3mez (coord.),&nbsp;Innovaci\u00f3n en la docencia e investigaci\u00f3n de las ciencias sociales y en la educaci\u00f3n (pp. 626-). Dykinson S.L.<\/p>\n\n\n\n<p>Salazar, J.D.,&nbsp;Caballero, J.L. y <strong>Alav\u00e9z, R.<\/strong> (2021).&nbsp;Escuela sostenible que incida en los ambientes de aprendizaje en comunidades con infraestructura f\u00edsica educativa precaria de Oaxaca, M\u00e9xico. R.M. Rabet Temsamani, C. Herv\u00e1s G\u00f3mez (coord.),&nbsp;Innovaci\u00f3n en la docencia e investigaci\u00f3n de las ciencias sociales y en la educaci\u00f3n (pp. 1340-). Dykinson S.L.<\/p>\n\n\n\n<p>Caballero, J.L., R\u00edos, F.G. y <strong>Alav\u00e9z, R.<\/strong> (2021).&nbsp;El aprendizaje situado como metodolog\u00eda pedag\u00f3gica para la formaci\u00f3n de competencias en estudiantes de nivel posgrado. R.M. Rabet Temsamani, C. Herv\u00e1s G\u00f3mez (coord.),&nbsp;Innovaci\u00f3n en la docencia e investigaci\u00f3n de las ciencias sociales y en la educaci\u00f3n (pp. 2814-). Dykinson S.L.<\/p>\n\n\n\n<h3 class=\"wp-block-heading\">ARTICULOS DE DIVULGACI\u00d3N<\/h3>\n\n\n\n<p><strong>Rafael Alavez Ram\u00edrez. <\/strong>Investigador del IPN desarrolla materias primas h\u00edbridas para viviendas. MVS NOTICIAS. Julio 11 2015.<\/p>\n\n\n\n<p><strong>Rafael Alavez Ram\u00edrez.<\/strong> Desarrolla el IPN materiales de construcci\u00f3n mejorados. Peri\u00f3dico La Jornada, domingo 12 de Julio 2015. Pag.29<\/p>\n\n\n\n<p><strong>Rafael Alavez Ram\u00edrez. <\/strong>Investigador del IPN trabaja en materiales sustentables para viviendas. Green Screen Magazine. 14 Julio 2015<\/p>\n\n\n\n<p><strong>Rafael Alavez Ram\u00edrez.<\/strong> Desarrollan materiales para viviendas sustentables. Gaceta Politecnica. A\u00f1o LI Vol.17. ISSN 0061-3848. JULIO 2015<\/p>\n\n\n\n<p>Jos\u00e9 Luis Caballero Montes,&nbsp;<strong>Rafael Alav\u00e9z Ram\u00edrez<\/strong>. Vinculaci\u00f3n acad\u00e9mica y extensi\u00f3n en proyectos de vivienda e infraestructura b\u00e1sica en comunidades rurales de Oaxaca. P\u00e1gina 3.mx.&nbsp; 20 de marzo 2015.<\/p>\n\n\n\n<p>Jos\u00e9 Luis Caballero Montes, <strong>Rafael Alav\u00e9z Ram\u00edrez<\/strong>. Viviendas confortables con dise\u00f1o y estrategias pasivas. P\u00e1gina 3. mx. 25 marzo 2015.<\/p>\n\n\n\n<p>Jos\u00e9 Luis Caballero Montes, <strong>Rafael Alav\u00e9z Ram\u00edrez<\/strong>. Materiales alternativos para vivienda sustentable. P\u00e1gina 3. mx.18 de marzo 2015.<\/p>\n\n\n\n<p>Jos\u00e9 Luis Caballero Montes, <strong>Rafael Alav\u00e9z Ram\u00edrez<\/strong>,&nbsp; Lidia A. Ju\u00e1rez Ruiz. (2013) \u201cEL APRENDIZAJE DE LA ARQUITECTURA BIOCLIM\u00c1TICA PARA EL DESARROLLO DE EDIFICACIONES SUSTENTABLES\u201d. Oaxaca | pagina3.mx. Pagina3.mx.- CIIDIR Oaxaca&nbsp; &nbsp; &nbsp; &nbsp; &nbsp; &nbsp;Jueves, 21 Noviembre 2013<\/p>\n\n\n\n<p>Jos\u00e9 Luis Caballero Montes, <strong>Rafael Alav\u00e9z Ram\u00edrez<\/strong>, Lidia A. Ju\u00e1rez Ruiz. (2013). DISE\u00d1O Y TECNOLOG\u00cdAS SUSTENTABLES EN PROYECTOS PARA EL DESARROLLO SOLIDARIO EN COMUNIDADES DE OAXACA. (G) Oaxaca | pagina3.mx.&nbsp; &nbsp;Pagina3.mx.- CIIDIR Oaxaca&nbsp; &nbsp; Lunes, 24 Junio 2013.<\/p>\n\n\n\n<p>Jos\u00e9 Luis Caballero Montes, <strong>Rafael Alav\u00e9z Ram\u00edrez.<\/strong> (2013). Mejoramiento de aulas de nivel b\u00e1sico en Oaxaca a trav\u00e9s de talleres participativos. Pagin3.mx.- 24 Octubre 2013.<\/p>\n","protected":false},"excerpt":{"rendered":"<p>Jos\u00e9 Luis Caballero Montes, Flor Gabriela R\u00edos Ventura, Rafael Alav\u00e9z Ram\u00edrez. (2024).\u00a0Mejoramiento de la habitabilidad de la vivienda construida con fondos de remesas mediante estrategias bioclim\u00e1ticas pasivas. Anales de Investigaci\u00f3n en Arquitectura.\u00a0DOI:\u00a0https:\/\/doi.org\/10.18861\/ania.2024.14.13427 Aguilar, G., Caballero, J.L., y Alav\u00e9z, R. (2023). Producci\u00f3n Social del H\u00e1bitat en la construcci\u00f3n de viviendas en contextos de desastres socioambientales.&nbsp;Brazilian Journal [&hellip;]<\/p>\n","protected":false},"author":28,"featured_media":0,"parent":0,"menu_order":0,"comment_status":"closed","ping_status":"closed","template":"","meta":{"_swt_meta_header_display":false,"_swt_meta_footer_display":false,"_swt_meta_site_title_display":false,"_swt_meta_sticky_header":false,"_swt_meta_transparent_header":false,"footnotes":""},"class_list":["post-5","page","type-page","status-publish","hentry"],"_links":{"self":[{"href":"https:\/\/web.ciidiroaxaca.ipn.mx\/ralavez\/wp-json\/wp\/v2\/pages\/5","targetHints":{"allow":["GET"]}}],"collection":[{"href":"https:\/\/web.ciidiroaxaca.ipn.mx\/ralavez\/wp-json\/wp\/v2\/pages"}],"about":[{"href":"https:\/\/web.ciidiroaxaca.ipn.mx\/ralavez\/wp-json\/wp\/v2\/types\/page"}],"author":[{"embeddable":true,"href":"https:\/\/web.ciidiroaxaca.ipn.mx\/ralavez\/wp-json\/wp\/v2\/users\/28"}],"replies":[{"embeddable":true,"href":"https:\/\/web.ciidiroaxaca.ipn.mx\/ralavez\/wp-json\/wp\/v2\/comments?post=5"}],"version-history":[{"count":4,"href":"https:\/\/web.ciidiroaxaca.ipn.mx\/ralavez\/wp-json\/wp\/v2\/pages\/5\/revisions"}],"predecessor-version":[{"id":46,"href":"https:\/\/web.ciidiroaxaca.ipn.mx\/ralavez\/wp-json\/wp\/v2\/pages\/5\/revisions\/46"}],"wp:attachment":[{"href":"https:\/\/web.ciidiroaxaca.ipn.mx\/ralavez\/wp-json\/wp\/v2\/media?parent=5"}],"curies":[{"name":"wp","href":"https:\/\/api.w.org\/{rel}","templated":true}]}}