{"id":8,"date":"2011-10-19T17:06:13","date_gmt":"2011-10-19T17:06:13","guid":{"rendered":"https:\/\/web.ciidiroaxaca.ipn.mx\/psanchez\/proyectos-de-investigacion\/"},"modified":"2025-10-08T04:58:20","modified_gmt":"2025-10-08T04:58:20","slug":"proyectos-de-investigacion","status":"publish","type":"page","link":"https:\/\/web.ciidiroaxaca.ipn.mx\/psanchez\/proyectos-de-investigacion\/","title":{"rendered":"Proyectos de investigaci\u00f3n"},"content":{"rendered":"\n<h3 class=\"wp-block-heading\"><strong>Directora \/ Responsable T\u00e9cnico<\/strong><\/h3>\n\n\n\n<p><strong>Innovaci\u00f3n para la soberan\u00eda alimentaria, la salud y el buen vivir<\/strong>. Modulo 2 del proyecto Transdisciplinario: Aprovechamiento integral, innovaci\u00f3n y manejo sustentable de agroalimentos para la seguridad alimentaria y la preservaci\u00f3n del patrimonio culinario en comunidades oaxaque\u00f1as. SIP 20251135. Financiado por el Instituto Polit\u00e9cnico Nacional, 2025. <\/p>\n\n\n\n<p><strong>Disponibilidad de infraestructura en comunidades artesanales y su impacto en el bienestar del artesano y el desempe\u00f1o financiero de su negocio<\/strong>. SIP 20240871. Financiado por el Instituto Polit\u00e9cnico Nacional, 2024. <\/p>\n\n\n\n<p><strong>La mujer en la econom\u00eda del Istmo de Tehuantepec, desaf\u00edos y oportunidades.<\/strong> Financiado por el Instituto Polit\u00e9cnico Nacional, 2023.<\/p>\n\n\n\n<p><strong>Disponibilidad de infraestructura en comunidades artesanales y su impacto en el bienestar del artesano y el desempe\u00f1o financiero de su negocio.<\/strong> SIP 20230241. Financiado por el Instituto Polit\u00e9cnico Nacional, 2023.<\/p>\n\n\n\n<p><strong>Impacto de la sucesi\u00f3n intra-familiar en el desempe\u00f1o ambiental de talleres artesanales en Oaxaca, M\u00e9xico.<\/strong> SIP 20210370 y SIP 20220727 . Financiado por el Instituto Polit\u00e9cnico Nacional, 2021 y 2022.<\/p>\n\n\n\n<p><strong>Valores ambientales predominantes en artesanos de Oaxaca y Guanajuato.<\/strong> SIP 20190185 y 20200657. Financiado por el Instituto Polit\u00e9cnico Nacional,&nbsp;2019 y 2020.&nbsp;<\/p>\n\n\n\n<p><strong>La influencia de la sucesi\u00f3n familiar en el desempe\u00f1o ambiental de negocios familiares artesanales.<\/strong>&nbsp; SIP 20180258. Financiado por el Instituto Polit\u00e9cnico Nacional, 2018.<\/p>\n\n\n\n<p><strong>Las diferencias de g\u00e9nero en el an\u00e1lisis de la sustentabilidad en negocios familiares del sector artesanal. <\/strong>SIP 20170705. Financiado por el Instituto Polit\u00e9cnico Nacional, 2017.&nbsp;<\/p>\n\n\n\n<p><strong>G\u00e9nero y valores ambientales en artesanos de Guanajuato y Oaxaca, M\u00e9xico.<\/strong> SIP 20160594. Financiado por el Instituto Polit\u00e9cnico Nacional, 2016.&nbsp;<\/p>\n\n\n\n<p><strong>Capacidad organizacional para el cambio (OCC) y desempe\u00f1o econ\u00f3mico y ambiental en negocios de artesan\u00edas.<\/strong> SIP 20150672. Financiado por el Instituto Polit\u00e9cnico Nacional, 2015.&nbsp;<\/p>\n\n\n\n<p><strong>Regulaci\u00f3n ambiental y su relaci\u00f3n con la orientaci\u00f3n ambiental, innovaci\u00f3n ambiental y eco-emprendimiento en negocios de artesan\u00edas.<\/strong> SIP 20141020. Financiado por el Instituto Polit\u00e9cnico Nacional, 2014.&nbsp;<\/p>\n\n\n\n<p><strong>Sanitario Ecol\u00f3gico Maxi-Ahorrador de Agua<\/strong>, clave CONACYT 196312. Financiado por el Consejo Nacional de Ciencia y Tecnolog\u00eda CONACYT, 2013.<\/p>\n\n\n\n<p><strong>Calidad y desempe\u00f1o econ\u00f3mico y ambiental en negocios de artesan\u00edas<\/strong>,&nbsp; SIP 20130583. Financiado por el Instituto Polit\u00e9cnico Nacional, 2013.<\/p>\n\n\n\n<p><strong>La relaci\u00f3n entre el desempe\u00f1o ecol\u00f3gico y financiero de los negocios de artesan\u00eda, desde la perspectiva basada en los recursos. <\/strong>SIP 20120635. Financiado por el Instituto Polit\u00e9cnico Nacional, 2012.&nbsp;<\/p>\n\n\n\n<p><strong>Caracter\u00edsticas socio-demogr\u00e1ficas, valores y el desempe\u00f1o econ\u00f3mico y ambiental de los negocios de artesan\u00edas de barro en M\u00e9xico.<\/strong> SIP 20100268 y 20110528. Financiado por el Instituto Polit\u00e9cnico Nacional,&nbsp;2010 y 2011&nbsp;.<\/p>\n\n\n\n<p>&nbsp;<\/p>\n\n\n\n<h3 class=\"wp-block-heading\"><strong>Participante<\/strong><\/h3>\n\n\n\n<p><strong>Gesti\u00f3n ambiental y aprovechamiento de residuos de mezcal en Oaxaca.<\/strong> SIP 20195756. Financiado por el Instituto Polit\u00e9cnico Nacional, 2019.&nbsp;<\/p>\n\n\n\n<p><strong>Gesti\u00f3n local del conocimiento tecnol\u00f3gico en sistemas productivos.<\/strong> SIP 20140797.&nbsp; Financiado por el Instituto Polit\u00e9cnico Nacional, 2014.&nbsp;<\/p>\n\n\n\n<p><strong>Regulaci\u00f3n ambiental y desempe\u00f1o econ\u00f3mico de los negocios de artesan\u00edas de barro en M\u00e9xico.<\/strong> SIP 20090279 y 20080460. Financiado por Instituto Polit\u00e9cnico Nacional, 2009&nbsp;y&nbsp;2008.&nbsp;<\/p>\n\n\n\n<p><strong>Impacto de los programas del FONART en los indicadores de pobreza, producci\u00f3n y comercializaci\u00f3n artesanal.<\/strong> SIP 20070368 y CONACYT-SEDESOL 2002-CO1-3764. Financiado por el&nbsp;Instituto Polit\u00e9cnico Nacional y Consejo Nacional de Ciencia y Tecnolog\u00eda CONACYT,&nbsp; 2007.<\/p>\n\n\n\n<p><strong>Los recursos intangibles en el desempe\u00f1o de la empresa: el caso de los negocios de artesan\u00eda en Oaxaca, M\u00e9xico. <\/strong>SIP 20060113. Financiado por el&nbsp;Instituto Polit\u00e9cnico Nacional, 2006.&nbsp;<\/p>\n\n\n\n<p><strong>Transnacional migration and remittances: a longitudinal study of rural Oaxaca.<\/strong> Financiado por la National Science Foundation y la Pennsylvania State University,&nbsp;2000 a 2003.<\/p>\n\n\n\n<p><strong>Globalization and public goods from below: Migrant organisations, productive remittances, and economic development between Mexico and California. <\/strong>Financiado por la Fundaci\u00f3n MacArthur, 2001 y 2002.<\/p>\n\n\n\n<p><strong>El uso de las remesas internacionales y el papel de las organizaciones binacionales en el desarrollo de la Mixteca Oaxaque\u00f1a.<\/strong> clave 19990503012. Financiado por el Consejo Nacional de Ciencia y Tecnolog\u00eda CONACYT, 2000 y 2002.<\/p>\n\n\n\n<p><\/p>\n","protected":false},"excerpt":{"rendered":"<p>Directora \/ Responsable T\u00e9cnico Innovaci\u00f3n para la soberan\u00eda alimentaria, la salud y el buen vivir. Modulo 2 del proyecto Transdisciplinario: Aprovechamiento integral, innovaci\u00f3n y manejo sustentable de agroalimentos para la seguridad alimentaria y la preservaci\u00f3n del patrimonio culinario en comunidades oaxaque\u00f1as. SIP 20251135. Financiado por el Instituto Polit\u00e9cnico Nacional, 2025. Disponibilidad de infraestructura en comunidades [&hellip;]<\/p>\n","protected":false},"author":4,"featured_media":0,"parent":0,"menu_order":0,"comment_status":"closed","ping_status":"closed","template":"","meta":{"_swt_meta_header_display":false,"_swt_meta_footer_display":false,"_swt_meta_site_title_display":false,"_swt_meta_sticky_header":false,"_swt_meta_transparent_header":false,"footnotes":""},"class_list":["post-8","page","type-page","status-publish","hentry"],"_links":{"self":[{"href":"https:\/\/web.ciidiroaxaca.ipn.mx\/psanchez\/wp-json\/wp\/v2\/pages\/8","targetHints":{"allow":["GET"]}}],"collection":[{"href":"https:\/\/web.ciidiroaxaca.ipn.mx\/psanchez\/wp-json\/wp\/v2\/pages"}],"about":[{"href":"https:\/\/web.ciidiroaxaca.ipn.mx\/psanchez\/wp-json\/wp\/v2\/types\/page"}],"author":[{"embeddable":true,"href":"https:\/\/web.ciidiroaxaca.ipn.mx\/psanchez\/wp-json\/wp\/v2\/users\/4"}],"replies":[{"embeddable":true,"href":"https:\/\/web.ciidiroaxaca.ipn.mx\/psanchez\/wp-json\/wp\/v2\/comments?post=8"}],"version-history":[{"count":7,"href":"https:\/\/web.ciidiroaxaca.ipn.mx\/psanchez\/wp-json\/wp\/v2\/pages\/8\/revisions"}],"predecessor-version":[{"id":65,"href":"https:\/\/web.ciidiroaxaca.ipn.mx\/psanchez\/wp-json\/wp\/v2\/pages\/8\/revisions\/65"}],"wp:attachment":[{"href":"https:\/\/web.ciidiroaxaca.ipn.mx\/psanchez\/wp-json\/wp\/v2\/media?parent=8"}],"curies":[{"name":"wp","href":"https:\/\/api.w.org\/{rel}","templated":true}]}}