{"id":10,"date":"2011-10-19T17:12:05","date_gmt":"2011-10-19T17:12:05","guid":{"rendered":"https:\/\/web.ciidiroaxaca.ipn.mx\/psanchez\/actividades-academicas\/"},"modified":"2025-10-08T04:46:39","modified_gmt":"2025-10-08T04:46:39","slug":"actividades-academicas","status":"publish","type":"page","link":"https:\/\/web.ciidiroaxaca.ipn.mx\/psanchez\/actividades-academicas\/","title":{"rendered":"Actividades acad\u00e9micas"},"content":{"rendered":"\n<h4 class=\"wp-block-heading\"><strong>Asignaturas impartidas:<\/strong><\/h4>\n\n\n\n<p>Titular de las Asignaturas: Mercadotecnia Verde<\/p>\n\n\n\n<p>Gesti\u00f3n Ambiental Empresarial<\/p>\n\n\n\n<p>Seminarios de Investigaci\u00f3n (maestr\u00eda y doctorado)<\/p>\n\n\n\n<p>Asistente de las Asignaturas: G\u00e9nero, feminismo y medio ambiente<\/p>\n\n\n\n<h4 class=\"wp-block-heading\"><strong>&nbsp;Arbitro de Revistas:<\/strong><\/h4>\n\n\n\n<p>2025 Revista de Turismo y Patrimonio Cultural PASOS. Revista Cient\u00edfica SECIHTI.<\/p>\n\n\n\n<p>2025 Journal of Cleaner Production. Revista indizada JCR\u00a0Clarivate Analytic.<\/p>\n\n\n\n<p>2025 International Journal of Analytical Chemistry. Revista indizada SCIE Clarivate Analytic. <\/p>\n\n\n\n<p>2025 Quivera Revista de Estudios Territoriales.<\/p>\n\n\n\n<p>2024 Revista del Centro de Investigaci\u00f3n Universidad La Salle. Revista Cient\u00edfica SECIHTI.<\/p>\n\n\n\n<p>2022 Sustainability Accounting, Management and Policy Journal. Revista indizada SSCI Clarivate Analytic.<\/p>\n\n\n\n<p>2020 Journal of Cleaner Production.&nbsp; Revista indizada JCR&nbsp;Clarivate Analytic.<\/p>\n\n\n\n<p>2019 El Periplo Sustentable. Revista Cient\u00edfica Conacyt.<\/p>\n\n\n\n<p>2010-2014 Naturaleza y Desarrollo. Instituto Polit\u00e9cnico Nacional CIIDI Unidad Oaxaca. Revista arbitrada de difusi\u00f3n nacional.<\/p>\n\n\n\n<p>2013-2014 Revista Gesti\u00f3n y Pol\u00edtica P\u00fablica. CIDE. Revista indizada en&nbsp;JCR. Clarivate Analytic.&nbsp;<\/p>\n\n\n\n<p>2015 International Journal of Entrepreneurship and Innovation. IP Publishing Ltd. Revista Internacional. Reino Unido.<\/p>\n\n\n\n<h4 class=\"wp-block-heading\"><strong>&nbsp;Distinciones:<\/strong><\/h4>\n\n\n\n<p>2025. Reconocimiento por trayectoria acad\u00e9mica y contribuci\u00f3n al \u00e1rea de Ciencias Sociales, ingreso al Sal\u00f3n del Conocimiento de Mujeres Cient\u00edficas del Estado de Oaxaca.<\/p>\n\n\n\n<p>2025-2029 Miembro del Sistema Nacional de Investigadores. Nivel II.<\/p>\n\n\n\n<p>2021-2024 Miembro del Sistema Nacional de Investigadores. Nivel II.<\/p>\n\n\n\n<p>2017-2020 Miembro del Sistema Nacional de Investigadores. Nivel I.<\/p>\n\n\n\n<p>USD School of Business Award 2020. Best Paper on Business and Corporate Social Reponsibility, Social Impact and Social Innovation with the paper: \u00abGender and Sustainability in Latin American Artisan Family Businesses.<\/p>\n\n\n\n<p>Premio Estatal de Ciencia y Tecnolog\u00eda 2014. Area Econ\u00f3mico-Administrativas.<\/p>\n\n\n\n<p>Miembro de la Academy of Management<\/p>\n\n\n\n<p>Miembro de la Red de Medio Ambiente del IPN<\/p>\n","protected":false},"excerpt":{"rendered":"<p>Asignaturas impartidas: Titular de las Asignaturas: Mercadotecnia Verde Gesti\u00f3n Ambiental Empresarial Seminarios de Investigaci\u00f3n (maestr\u00eda y doctorado) Asistente de las Asignaturas: G\u00e9nero, feminismo y medio ambiente &nbsp;Arbitro de Revistas: 2025 Revista de Turismo y Patrimonio Cultural PASOS. Revista Cient\u00edfica SECIHTI. 2025 Journal of Cleaner Production. Revista indizada JCR\u00a0Clarivate Analytic. 2025 International Journal of Analytical Chemistry. [&hellip;]<\/p>\n","protected":false},"author":4,"featured_media":0,"parent":0,"menu_order":0,"comment_status":"closed","ping_status":"closed","template":"","meta":{"_swt_meta_header_display":false,"_swt_meta_footer_display":false,"_swt_meta_site_title_display":false,"_swt_meta_sticky_header":false,"_swt_meta_transparent_header":false,"footnotes":""},"class_list":["post-10","page","type-page","status-publish","hentry"],"_links":{"self":[{"href":"https:\/\/web.ciidiroaxaca.ipn.mx\/psanchez\/wp-json\/wp\/v2\/pages\/10","targetHints":{"allow":["GET"]}}],"collection":[{"href":"https:\/\/web.ciidiroaxaca.ipn.mx\/psanchez\/wp-json\/wp\/v2\/pages"}],"about":[{"href":"https:\/\/web.ciidiroaxaca.ipn.mx\/psanchez\/wp-json\/wp\/v2\/types\/page"}],"author":[{"embeddable":true,"href":"https:\/\/web.ciidiroaxaca.ipn.mx\/psanchez\/wp-json\/wp\/v2\/users\/4"}],"replies":[{"embeddable":true,"href":"https:\/\/web.ciidiroaxaca.ipn.mx\/psanchez\/wp-json\/wp\/v2\/comments?post=10"}],"version-history":[{"count":5,"href":"https:\/\/web.ciidiroaxaca.ipn.mx\/psanchez\/wp-json\/wp\/v2\/pages\/10\/revisions"}],"predecessor-version":[{"id":64,"href":"https:\/\/web.ciidiroaxaca.ipn.mx\/psanchez\/wp-json\/wp\/v2\/pages\/10\/revisions\/64"}],"wp:attachment":[{"href":"https:\/\/web.ciidiroaxaca.ipn.mx\/psanchez\/wp-json\/wp\/v2\/media?parent=10"}],"curies":[{"name":"wp","href":"https:\/\/api.w.org\/{rel}","templated":true}]}}