{"id":9,"date":"2011-10-27T15:47:14","date_gmt":"2011-10-27T15:47:14","guid":{"rendered":"https:\/\/web.ciidiroaxaca.ipn.mx\/pmontes\/tesis\/"},"modified":"2025-10-14T01:58:29","modified_gmt":"2025-10-14T01:58:29","slug":"tesis","status":"publish","type":"page","link":"https:\/\/web.ciidiroaxaca.ipn.mx\/pmontes\/tesis\/","title":{"rendered":"Tesis"},"content":{"rendered":"\n<h3 class=\"wp-block-heading\">TEMAS DE TESIS PARA DIRIGIR:<\/h3>\n\n\n\n<h4 class=\"wp-block-heading\">Concretos ternarios con desechos agr\u00edcolas e industriales:<\/h4>\n\n\n\n<ul class=\"wp-block-list\">\n<li>Uso de par\u00e1metros ultras\u00f3nicos para predecir ciertas propiedades de concretos ternarios.<\/li>\n\n\n\n<li>Evaluaci\u00f3n del efecto de la direcci\u00f3n de colado, el efecto pared y la segregaci\u00f3n del agregado grueso en concretos ternarios utilizando la t\u00e9cnica de resistividad el\u00e9ctrica.<\/li>\n\n\n\n<li>Elucidaci\u00f3n del mecanismo de corrosi\u00f3n del acero de refuerzo embebido en concretos ternarios.<\/li>\n\n\n\n<li>Estudio de las propiedades de durabilidad de concretos ternarios elaborados con una ceniza volante mexicana y ceniza de bagazo de ca\u00f1a sin post-tratamiento.<\/li>\n<\/ul>\n\n\n\n<h4 class=\"wp-block-heading\">Inhibidores de corrosi\u00f3n.<\/h4>\n\n\n\n<ul class=\"wp-block-list\">\n<li>Efecto interactivo a largo-plazo de ceniza volante y un inhibidor de corrosi\u00f3n a base nitrito de calcio en la corrosi\u00f3n del acero de refuerzo embebido en concreto.<\/li>\n\n\n\n<li>Efecto interactivo a largo-plazo de ceniza volante y un inhibidor de corrosi\u00f3n a base nitrito de calcio en la corrosi\u00f3n del acero de refuerzo embebido en concreto agrietado.<\/li>\n\n\n\n<li>Efecto de la corrosi\u00f3n en las propiedades mec\u00e1nicas del acero de refuerzo embebido en concretos preparados con ceniza volante e inhibidor de corrosi\u00f3n en sus condiciones no agrietada y agrietada.<\/li>\n<\/ul>\n\n\n\n<h4 class=\"wp-block-heading\">T\u00e9cnicas electroqu\u00edmicas:<\/h4>\n\n\n\n<ul class=\"wp-block-list\">\n<li>La t\u00e9cnica de potenciales de corrosi\u00f3n como predictor de eventos asociados con la corrosi\u00f3n del acero de refuerzo en concretos y morteros que contienen adiciones minerales.<\/li>\n\n\n\n<li>Estimaci\u00f3n de la capacidad de ligado de cloruros de concretos ternarios mediante la t\u00e9cnica de densidades de corrosi\u00f3n del acero de refuerzo.<\/li>\n<\/ul>\n\n\n\n<h4 class=\"wp-block-heading\">Cementos activados alcalinamente:<\/h4>\n\n\n\n<ul class=\"wp-block-list\">\n<li>Estudio de las propiedades micro-estructurales y mec\u00e1nicas de compuestos preparados con cementos activados alcalinamente a base de desechos agro-industriales<\/li>\n\n\n\n<li>Estudio de las propiedades de durabilidad de compuestos preparados con cementos activados alcalinamente a base de desechos agro-industriales.<\/li>\n<\/ul>\n\n\n\n<h3 class=\"wp-block-heading\">TESIS DIRIGIDAS O EN PROCESO:<\/h3>\n\n\n\n<h4 class=\"wp-block-heading\">Doctorado.<\/h4>\n\n\n\n<ul class=\"wp-block-list\"><\/ul>\n\n\n\n<ul class=\"wp-block-list\"><\/ul>\n\n\n\n<ul class=\"wp-block-list\">\n<li>Salvador Gonz\u00e1lez Rubio Gavarain. Biolixiviaci\u00f3n de compuestos de inter\u00e9s en pastas de cemento Portland; Doctorado en Ciencias en Conservaci\u00f3n y Aprovechamiento de Recursos Naturales, CIIDIR Oaxaca, IPN (en proceso).<\/li>\n\n\n\n<li>Jos\u00e9 Gerardo Epitacio F\u00e9lix. Aprovechamiento de residuos agroindustriales para la prevenci\u00f3n de la corrosi\u00f3n en concretos ternarios ecol\u00f3gicos; Doctorado en Ciencias en Conservaci\u00f3n y Aprovechamiento de Recursos Naturales, CIIDIR Oaxaca, IPN (en proceso).<\/li>\n\n\n\n<li>Andy Alfonso Olivera. Efecto de residuos industriales como reemplazo de cemento en la trabajabilidad, propiedades mec\u00e1nicas y durabilidad de compositos ecol\u00f3gicos, en proceso;\u00a0Doctorado en Ciencias en Conservaci\u00f3n y Aprovechamiento de Recursos Naturales, CIIDIR Oaxaca, IPN (en proceso).<\/li>\n\n\n\n<li>Gladis Fabiola G\u00f3mez Luna. Deterioration mechanisms of steel reinforcement embedded in HPC added with CNI, cracked and exposed to a natural marine environment, 2025;&nbsp;Doctorado en Ciencias en Conservaci\u00f3n y Aprovechamiento de Recursos Naturales, CIIDIR Oaxaca, IPN.<\/li>\n\n\n\n<li>V\u00edctor A. Franco Luj\u00e1n, Efecto de la corrosi\u00f3n por ion cloruro en las propiedades mec\u00e1nicas de acero de refuerzo embebido en concretos ternarios cemento Portland-ceniza volante-ceniza de bagazo de ca\u00f1a, 2020; Doctorado en Ciencias en Conservaci\u00f3n y Aprovechamiento de Recursos Naturales, CIIDIR Oaxaca, IPN.<\/li>\n\n\n\n<li>Marco Antonio Maldonado Garc\u00eda, &nbsp;Durabilidad de compositos cer\u00e1micos a base de cemento Portland-ceniza de bagazo de ca\u00f1a reforzados con acero galvanizado, 2018; Doctorado en Ciencias en Conservaci\u00f3n y Aprovechamiento de Recursos Naturales, CIIDIR Oaxaca, IPN.<\/li>\n\n\n\n<li>V\u00edctor Guillermo Jim\u00e9nez Quero, Efecto de la ceniza de bagazo de ca\u00f1a y ceniza volante en la trabajabilidad, propiedades mec\u00e1nicas y durabilidad de concretos ternarios, 2013; Centro de Investigaci\u00f3n en Materiales Avanzados (CIMAV-Chihuahua).&nbsp;&nbsp;<\/li>\n\n\n\n<li>Rafael Alavez Ram\u00edrez, Desarrollo de un material compuesto a base de arcilla compactada y estabilizada con puzolanas, 2013; Instituto Tecnol\u00f3gico de Oaxaca.<\/li>\n\n\n\n<li>Herwing Zeth L\u00f3pez Calvo, Evaluation of corrosion in cracked high performance concrete exposed to a natural chloride environment, 2012; University of New Brunswick, Canada (Asesor\u00eda).<\/li>\n<\/ul>\n\n\n\n<h4 class=\"wp-block-heading\">Maestr\u00eda.<\/h4>\n\n\n\n<ul class=\"wp-block-list\">\n<li>Jos\u00e9 Gerardo Epitacio F\u00e9lix,&nbsp;Influencia del agrietamiento en la corrosi\u00f3n del acero de refuerzo embebido en HPC en un ambiente marino natural, 2024; Maestr\u00eda en Ciencias en Conservaci\u00f3n y Aprovechamiento de Recursos Naturales, CIIDIR Oaxaca, IPN.<\/li>\n\n\n\n<li>David Irvin Valdivieso M\u00e9ndez, Caracterizaci\u00f3n de cementos activados alcalinamente base ceniza volante y ceniza de bagazo de ca\u00f1a mediante par\u00e1metros ultras\u00f3nicos, en proceso; Maestr\u00eda en Ciencias en Conservaci\u00f3n y Aprovechamiento de Recursos Naturales, CIIDIR Oaxaca, IPN (en proceso).<\/li>\n\n\n\n<li>Alejandra Ver\u00f3nica Pacheco Hern\u00e1ndez, Influencia de la CVmx y la CBCst en algunas propiedades de concretos ternarios, 2021; Maestr\u00eda en Ciencias en Conservaci\u00f3n y Aprovechamiento de Recursos Naturales, CIIDIR Oaxaca, IPN.<\/li>\n\n\n\n<li>Gladis Fabiola G\u00f3mez Luna, P\u00e9rdida de ductilidad por corrosi\u00f3n del acero de refuerzo embebido en HPC agrietado que contiene CNI, 2019; ; Maestr\u00eda en Ciencias en Conservaci\u00f3n y Aprovechamiento de Recursos Naturales, CIIDIR Oaxaca, IPN.<\/li>\n\n\n\n<li>Pedro P\u00e9rez Cort\u00e9s, Ceniza de bagazo de ca\u00f1a para la s\u00edntesis de nuevos cementos comp\u00f3sitos con ceniza volante, 2016; Maestr\u00eda en Ciencias en Conservaci\u00f3n y Aprovechamiento de Recursos Naturales, CIIDIR Oaxaca, IPN.<\/li>\n\n\n\n<li>Laura Virginia Bustamante Espinosa, Estabilizaci\u00f3n de la matriz granular para alojar&nbsp; nem\u00e1todos entomopat\u00f3genos (Steinernema glaseri), 2016; Maestr\u00eda en Ciencias en Conservaci\u00f3n y Aprovechamiento de Recursos Naturales, CIIDIR Oaxaca, IPN.<\/li>\n\n\n\n<li>Venustiano R\u00edos Parada, An\u00e1lisis de las propiedades mec\u00e1nicas, microestructurales y de durabilidad de concretos ternarios con ceniza de bagazo de ca\u00f1a, 2013; Maestr\u00eda en Ciencias en Conservaci\u00f3n y Aprovechamiento de Recursos Naturales, CIIDIR Oaxaca, IPN.<\/li>\n\n\n\n<li>Jenny Carolina Arenas Piedrahita, Correlaci\u00f3n entre&nbsp;propiedades mec\u00e1nicas y de durabilidad de morteros que contienen ceniza de bagazo de ca\u00f1a, 2013; Maestr\u00eda en Ciencias en Conservaci\u00f3n y Aprovechamiento de Recursos Naturales, CIIDIR Oaxaca, IPN.<\/li>\n\n\n\n<li>Marco Antonio Maldonado Garc\u00eda , Efecto de la adici\u00f3n de ceniza de bagazo de ca\u00f1a en la microestructura y durabilidad del ferrocemento, 2012; Maestr\u00eda en Ciencias en Conservaci\u00f3n y Aprovechamiento de Recursos Naturales, CIIDIR Oaxaca, IPN.<\/li>\n\n\n\n<li>Jes\u00fas Rojas de la Cruz, Estudio de los efectos de superficie en una matriz ox\u00eddica por la adici\u00f3n de cenizas de agave, para su uso potencial como recubrimiento anticorrosivo, 2012; Maestr\u00eda en Ciencias en Conservaci\u00f3n y Aprovechamiento de Recursos Naturales, CIIDIR Oaxaca, IPN.<\/li>\n\n\n\n<li>Juanito Benitez Carrasco, Estudio de la segregaci\u00f3n est\u00e1tica del concreto utilizando un dispositivo basado en la ley de Stokes, 2011; Maestr\u00eda en Ciencias en Conservaci\u00f3n y Aprovechamiento de Recursos Naturales, CIIDIR Oaxaca, IPN.<\/li>\n\n\n\n<li>Ur Iv\u00e1n Hern\u00e1ndez Toledo, Influencia de una puzolana de desperdicio agr\u00edcola y el tiempo de curado en la corrosi\u00f3n del ferrocemento, 2010; Maestr\u00eda en Ciencias en Conservaci\u00f3n y Aprovechamiento de Recursos Naturales, CIIDIR Oaxaca, IPN.&nbsp;<\/li>\n\n\n\n<li>Enrique Yahir R\u00edos P\u00e9rez, Efecto de la adici\u00f3n de l\u00e1tex natural y jab\u00f3n en la durabilidad de adobe compactado, 2010; Maestr\u00eda en Ciencias en Conservaci\u00f3n y Aprovechamiento de Recursos Naturales, CIIDIR Oaxaca, IPN.<\/li>\n\n\n\n<li>Alejandro Mart\u00ednez Hern\u00e1ndez , Evaluaci\u00f3n del efecto de adiciones industriales y naturales en la resistencia a la penetraci\u00f3n de cloruros en concreto hidr\u00e1ulico, 2009; Maestr\u00eda en Ciencias en Conservaci\u00f3n y Aprovechamiento de Recursos Naturales, CIIDIR Oaxaca, IPN.<\/li>\n\n\n\n<li>Omar Guzm\u00e1n Gonz\u00e1lez, Influencia del agrietamiento del concreto en la corrosi\u00f3n del acero de refuerzo, 2008; Maestr\u00eda en Ciencias en Conservaci\u00f3n y Aprovechamiento de Recursos Naturales, CIIDIR Oaxaca, IPN.<\/li>\n\n\n\n<li>Jes\u00fas Flores Guti\u00e9rrez, Estimaci\u00f3n del coeficiente de difusi\u00f3n de cloruros en concreto utilizando la t\u00e9cnica de velocidad de pulso ultras\u00f3nico, 2008; Maestr\u00eda en Ciencias en Conservaci\u00f3n y Aprovechamiento de Recursos Naturales, CIIDIR Oaxaca, IPN.<\/li>\n\n\n\n<li>Jacobo Mart\u00ednez Reyes, Estudio de las propiedades en estado fresco y endurecido de concreto que contenga ceniza de pergamino de caf\u00e9 y arcilla regional como materiales suplementarios, 2007; Maestr\u00eda en Ciencias en Conservaci\u00f3n y Aprovechamiento de Recursos Naturales, CIIDIR Oaxaca, IPN.<\/li>\n\n\n\n<li>Christian Ricardez Garc\u00eda, Efecto interactivo de la adici\u00f3n de ceniza volante y nitrito de calcio en la corrosi\u00f3n del concreto reforzado sometido a un ambiente contaminado con cloruros, 2007; Instituto Tecnol\u00f3gico de Oaxaca.<\/li>\n\n\n\n<li>Joel Hern\u00e1ndez Ruiz , Construcci\u00f3n experimental con materiales prefabricados y aislantes t\u00e9rmicos que utilice poca mano de obra, 2006; Maestr\u00eda en Ciencias en Conservaci\u00f3n y Aprovechamiento de Recursos Naturales, CIIDIR Oaxaca, IPN.<\/li>\n\n\n\n<li>Francisco Javier Sol Sampedro. Definici\u00f3n de estrategias de dise\u00f1o bioclim\u00e1tico para la ciudad de oaxaca y zona conurbada, 2006; Maestr\u00eda en Ciencias en Conservaci\u00f3n y Aprovechamiento de Recursos Naturales, CIIDIR Oaxaca, IPN.<\/li>\n\n\n\n<li>Edwin Aquino Bola\u00f1os, Diagn\u00f3stico de la interacci\u00f3n entre la corrosi\u00f3n y el da\u00f1o s\u00edsmico en las estructuras de concreto reforzado localizadas en la costa Oaxaque\u00f1a, 2004; Instituto Tecnol\u00f3gico de Oaxaca.<\/li>\n<\/ul>\n\n\n\n<h4 class=\"wp-block-heading\">Licenciatura.<\/h4>\n\n\n\n<ul class=\"wp-block-list\">\n<li>Pablo Mandar\u00edn D\u00edaz, Uso de la velocidad de pulso ultras\u00f3nico para evaluar la calidad de concretos, en proceso; Universidad Aut\u00f3noma Benito Ju\u00e1rez de Oaxaca (en proceso).<\/li>\n\n\n\n<li>Emanuel Miguel Caballero, Evaluaci\u00f3n de concretos adicionados con ceniza volante mexicana y ceniza de bagazo de ca\u00f1a mediante resistividad el\u00e9ctrica, 2019; Universidad Aut\u00f3noma Benito Ju\u00e1rez de Oaxaca.<\/li>\n\n\n\n<li>Dani Dom\u00ednguez Flores, Estudio de la resistencia de un nuevo cemento activado alcalinamente elaborado con desechos agr\u00edcola e industrial, 2016; Universidad Aut\u00f3noma Benito Ju\u00e1rez de Oaxaca.<\/li>\n\n\n\n<li>H\u00e9ctor A. Bohorquez Cruz, Estudio de la durabilidad del ferrocemento con ceniza de bagazo de ca\u00f1a, 2015; Universidad Aut\u00f3noma Benito Ju\u00e1rez de Oaxaca.<\/li>\n\n\n\n<li>Daniela L\u00f3pez Mart\u00ednez. Ligado de cloruros en concretos modificados con ceniza de bagazo de ca\u00f1a y ceniza volante, 2014; Instituto Tecnol\u00f3gico de Oaxaca.<\/li>\n\n\n\n<li>Xitlalli Cernas Garc\u00eda, Determinaci\u00f3n de coeficientes de penetraci\u00f3n de cloruros en concretos elaborados con materiales suplementarios, 2009; Instituto Tecnol\u00f3gico de Oaxaca.<\/li>\n\n\n\n<li>Elizabeth P\u00e9rez Bautista, Diagn\u00f3stico de la probabilidad de corrosi\u00f3n de micropresas de ferrocemento, 2008; Instituto Tecnol\u00f3gico de Oaxaca.<\/li>\n\n\n\n<li>Jos\u00e9 Luis Ayala Jim\u00e9nez, Efecto interactivo del agrietamiento, la relaci\u00f3n agua\/cemento y la ceniza volante en la corrosi\u00f3n de concreto reforzado expuesto a un ambiente marino natural, 2008; Instituto Tecnol\u00f3gico de Oaxaca.<\/li>\n\n\n\n<li>Ur Iv\u00e1n Hern\u00e1ndez Toledo, Estudio de las propiedades de pastas y morteros en su estado fresco y endurecido, que contenga aditivos qu\u00edmicos y minerales, 2007; Instituto Tecnol\u00f3gico de Chilpancingo.<\/li>\n\n\n\n<li>Gladis Fabiola G\u00f3mez Luna, Evaluaci\u00f3n de la correlaci\u00f3n entre la p\u00e9rdida de masa de acero de refuerzo en concreto y lecturas electroqu\u00edmicas de potenciales de corrosi\u00f3n, 2007; Instituto Tecnol\u00f3gico de Oaxaca.<\/li>\n\n\n\n<li>Omar Guzm\u00e1n Gonz\u00e1lez, Evaluaci\u00f3n de la confiabilidad del m\u00e9todo de media -celda en la determinaci\u00f3n de la corrosi\u00f3n del acero en concreto reforzado, 2006; Instituto Tecnol\u00f3gico de Oaxaca.<\/li>\n\n\n\n<li>Alejandro Mart\u00ednez Hern\u00e1ndez, Determinaci\u00f3n de perfiles de cloruros en diferentes tipos de concretos, 2006; Instituto Tecnol\u00f3gico de Oaxaca.<\/li>\n\n\n\n<li>Israel Cruz Morales, Efectos de la corrosi\u00f3n en la resistencia de estructuras de concreto reforzado, 2006; Instituto Tecnol\u00f3gico de Oaxaca.<\/li>\n\n\n\n<li>Jes\u00fas Flores Guti\u00e9rrez, Uso de inhibidores de nitrito de calcio como m\u00e9todo para prevenir la corrosi\u00f3n en concreto reforzado, 2005; Instituto Tecnol\u00f3gico de Oaxaca.<\/li>\n\n\n\n<li>Sonia Cruz Luna y Adri\u00e1n G\u00f3mez Cruz, Dise\u00f1o del edificio de posgrado para el centro interdisciplinario de investigaci\u00f3n para el desarrollo integral regional, 2005; Universidad Aut\u00f3noma Benito Ju\u00e1rez de Oaxaca.<\/li>\n<\/ul>\n","protected":false},"excerpt":{"rendered":"<p>TEMAS DE TESIS PARA DIRIGIR: Concretos ternarios con desechos agr\u00edcolas e industriales: Inhibidores de corrosi\u00f3n. T\u00e9cnicas electroqu\u00edmicas: Cementos activados alcalinamente: TESIS DIRIGIDAS O EN PROCESO: Doctorado. Maestr\u00eda. Licenciatura.<\/p>\n","protected":false},"author":20,"featured_media":0,"parent":0,"menu_order":0,"comment_status":"closed","ping_status":"closed","template":"","meta":{"_swt_meta_header_display":false,"_swt_meta_footer_display":false,"_swt_meta_site_title_display":false,"_swt_meta_sticky_header":false,"_swt_meta_transparent_header":false,"footnotes":""},"class_list":["post-9","page","type-page","status-publish","hentry"],"_links":{"self":[{"href":"https:\/\/web.ciidiroaxaca.ipn.mx\/pmontes\/wp-json\/wp\/v2\/pages\/9","targetHints":{"allow":["GET"]}}],"collection":[{"href":"https:\/\/web.ciidiroaxaca.ipn.mx\/pmontes\/wp-json\/wp\/v2\/pages"}],"about":[{"href":"https:\/\/web.ciidiroaxaca.ipn.mx\/pmontes\/wp-json\/wp\/v2\/types\/page"}],"author":[{"embeddable":true,"href":"https:\/\/web.ciidiroaxaca.ipn.mx\/pmontes\/wp-json\/wp\/v2\/users\/20"}],"replies":[{"embeddable":true,"href":"https:\/\/web.ciidiroaxaca.ipn.mx\/pmontes\/wp-json\/wp\/v2\/comments?post=9"}],"version-history":[{"count":5,"href":"https:\/\/web.ciidiroaxaca.ipn.mx\/pmontes\/wp-json\/wp\/v2\/pages\/9\/revisions"}],"predecessor-version":[{"id":57,"href":"https:\/\/web.ciidiroaxaca.ipn.mx\/pmontes\/wp-json\/wp\/v2\/pages\/9\/revisions\/57"}],"wp:attachment":[{"href":"https:\/\/web.ciidiroaxaca.ipn.mx\/pmontes\/wp-json\/wp\/v2\/media?parent=9"}],"curies":[{"name":"wp","href":"https:\/\/api.w.org\/{rel}","templated":true}]}}