{"id":8,"date":"2011-10-26T22:03:53","date_gmt":"2011-10-26T22:03:53","guid":{"rendered":"https:\/\/web.ciidiroaxaca.ipn.mx\/pmontes\/proyectos-de-investigacion\/"},"modified":"2025-10-18T15:25:38","modified_gmt":"2025-10-18T21:25:38","slug":"proyectos-de-investigacion","status":"publish","type":"page","link":"https:\/\/web.ciidiroaxaca.ipn.mx\/pmontes\/proyectos-de-investigacion\/","title":{"rendered":"Proyectos de investigaci\u00f3n"},"content":{"rendered":"\n<h3 class=\"wp-block-heading\">RESPONSABLE T\u00c9CNICO:<\/h3>\n\n\n\n<ul class=\"wp-block-list\">\n<li>Identificaci\u00f3n de vulnerabilidades e intervenci\u00f3n en elementos de infraestructura para el desarrollo de comunidades en Oaxaca- Casos: Istmo, Mixteca y Valles Centrales, Clave <strong>SIP 20250711<\/strong>, IPN, 2025.<\/li>\n\n\n\n<li>Efecto anti-segregante de la ceniza volante en concreto, Clave <strong>SIP 20240199<\/strong>, IPN, 2024.<\/li>\n\n\n\n<li>Efecto de residuos agr\u00edcolas e industriales como reemplazo de cemento en la trabajabilidad de compositos ecol\u00f3gicos, Clave <strong>SIP 20230346<\/strong>, IPN, 2023.<\/li>\n\n\n\n<li>EstudioPredicci\u00f3n de la resistividad el\u00e9ctrica de concretos sustentables mediante modelos ARIMA, Clave <strong>SIP 20220034<\/strong>, IPN, 2022.<\/li>\n\n\n\n<li>Estudio de los efectos de CVmx y CBCst en las propiedades mec\u00e1nicas del concreto mediante par\u00e1metros ultras\u00f3nicos,&nbsp;Clave <strong>SIP 20210484<\/strong>, IPN, 2021.<\/li>\n\n\n\n<li>Resistividad el\u00e9ctrica para la caracterizaci\u00f3n de concretos ternarios, Clave <strong>SIP&nbsp;20200390<\/strong>, IPN, 2020.<\/li>\n\n\n\n<li>Estudio de la amorficidad de dos cenizas con y sin post-tratamiento que ser\u00e1n utilizadas como materiales cementantes suplementarios, Clave <strong>SIP 20190199<\/strong>, IPN, 2019.<\/li>\n\n\n\n<li>Efecto de ICBNC en la corrosi\u00f3n de concreto reforzado de altas prestaciones agrietado, Clave <strong>SIP 20180032<\/strong>, IPN, 2018<\/li>\n\n\n\n<li>Efecto de la corrosi\u00f3n en las propiedades de tensi\u00f3n de acero embebido en concreto de altas prestaciones agrietado que contiene inhibidor a base de nitrito de calcio, Clave <strong>SIP 20170716<\/strong>, IPN, 2017.<\/li>\n\n\n\n<li>Estudio de las propiedades mec\u00e1nicas de morteros compositos activados alcalinamente utilizando velocidad de pulso ultras\u00f3nico, Clave <strong>SIP 20160756<\/strong>, IPN, 2016.<\/li>\n\n\n\n<li>Reolog\u00eda de pastas y morteros preparados con cementos activados alcalinamente utilizando como materiales base ceniza de bagazo de ca\u00f1a y ceniza volante, Clave <strong>SIP 20150472<\/strong>, IPN, 2015.<\/li>\n\n\n\n<li>An\u00e1lisis del periodo de iniciaci\u00f3n de la corrosi\u00f3n en concretos y morteros modificados con ceniza de bagazo de ca\u00f1a y ceniza volante (CBC y CV), Clave <strong>SIP 20140691<\/strong>, &nbsp;IPN, 2014.<\/li>\n\n\n\n<li>Estudio de las propiedades de durabilidad de morteros y concretos modificados con adiciones qu\u00edmicas y minerales, Clave <strong>SIP 20130569<\/strong>, &nbsp;IPN, 2013.<\/li>\n\n\n\n<li>Ceniza de bagazo de ca\u00f1a de az\u00facar como adici\u00f3n mineral para mejorar las propiedades de materiales basados en cemento y contribuir a la reducci\u00f3n de emisiones de CO2. , Claves <strong>SIP&nbsp; 20120783 y 20110104<\/strong>,&nbsp; IPN, 2012-2011.<\/li>\n\n\n\n<li>Estabilizaci\u00f3n qu\u00edmica y mec\u00e1nica del adobe compactado, Claves <strong>SIP 20100266, 20090144 y 20080209<\/strong>, IPN, 2010-2009.<\/li>\n\n\n\n<li>Desperdicios agr\u00edcolas e industriales como fuente alternativa para la producci\u00f3n de materiales suplementarios en concreto, Clave <strong>SIP 20070633 y 20060647<\/strong>, IPN, 2007-2006.<\/li>\n\n\n\n<li>Corrosi\u00f3n del acero en concreto ordinario y de alto desempe\u00f1o conteniendo puzolanas obtenidas de desperdicios agr\u00edcolas, C<strong>ONACYT P47937<\/strong>, 2004-2007<\/li>\n\n\n\n<li>Evaluaci\u00f3n de la confiabilidad del m\u00e9todo de media celda en la determinaci\u00f3n de la corrosi\u00f3n del acero en concreto reforzado, Claves <strong>SIP 20050101 y 20040621<\/strong>, IPN, 2005-2004.<\/li>\n\n\n\n<li>Estudio de la interacci\u00f3n entre corrosi\u00f3n y da\u00f1o s\u00edsmico de estructuras de concreto reforzado localizadas en la costa de Oaxaca, Clave <strong>SIP 20030837<\/strong>, IPN, 2003.<\/li>\n<\/ul>\n\n\n\n<h3 class=\"wp-block-heading\">PARTICIPANTE:<\/h3>\n\n\n\n<ul class=\"wp-block-list\">\n<li>Morteros ecol\u00f3gicos elaborados con cemento portland y residuos de losetas triturados como reemplazo parcial de arena de r\u00edo. IPN. 2025.<\/li>\n\n\n\n<li>Comportamiento mec\u00e1nico de morteros elaborados con cemento, ceniza de bagazo de ca\u00f1a y polvo de vidrio. IPN. 2024.<\/li>\n\n\n\n<li>Piezas de mamposter\u00eda elaboradas con vidrio residual como sustituto parcial de materia prima. IPN. 2022-2023.<\/li>\n\n\n\n<li>Estudio de las propiedades en estado fresco y endurecido de pastas elaboradas con cemento portland y polvo de vidrio. IPN. 2023.<\/li>\n\n\n\n<li>Resistencia a flexi\u00f3n de paneles delgados elaborados con mortero ecol\u00f3gico y ligero. IPN 2022.<\/li>\n\n\n\n<li>Efecto de la adici\u00f3n de humo de s\u00edlice en la resistencia a compresi\u00f3n de concretos hidr\u00e1ulicos verdes. IPN 2021.<\/li>\n\n\n\n<li>Caracterizaci\u00f3n de polvos de vidrio para su empleo como materiales sustitutos de cemento portland. IPN. 2020.<\/li>\n\n\n\n<li>Ladrillo ecol\u00f3gico elaborado con arcilla y residuos industriales. IPN. 2016-2020<\/li>\n\n\n\n<li>Concreto ecol\u00f3gico, una alternativa para la industria de la construcci\u00f3n en M\u00e9xico. IPN. 2019-2020.<\/li>\n\n\n\n<li>Concretos hidr\u00e1ulicos elaborados con residuos industriales como sustitutos parciales de cemento Portland. IPN. 2019.<\/li>\n\n\n\n<li>Evaluaci\u00f3n de la durabilidad de ladrillos ternarios elaborados con arcilla y residuos industriales. IPN. 2018.<\/li>\n\n\n\n<li>Efecto del tiempo de curado en la resistencia a compresi\u00f3n y durabilidad de morteros ecol\u00f3gicos. IPN. 2017.<\/li>\n\n\n\n<li>Ceniza de bagazo de ca\u00f1a como constituyente de materiales cer\u00e1micos artesanales. IPN. 2016.<\/li>\n\n\n\n<li>Adici\u00f3n de desechos industriales a una matriz arcillosa para la elaboraci\u00f3n de ladrillos sinterizados. IPN. 2015.<\/li>\n\n\n\n<li>Resistividad el\u00e9ctrica de morteros hidr\u00e1ulicos elaborados con materiales suplementarios. IPN. 2014.<\/li>\n\n\n\n<li>An\u00e1lisis de la condici\u00f3n en el acero y de la matriz del concreto en el dominio tiempo-frecuencia, IPN, 2010-2008.<\/li>\n\n\n\n<li>Innovaci\u00f3n y desarrollo de tecnolog\u00edas para productos de concreto prefabricados, CONACYT 113169, 2009-2010.<\/li>\n\n\n\n<li>Mejoramiento de micropresas de ferrocemento con base en criterios de durabilidad y seguridad estructural, IPN, 2010-2008.<\/li>\n\n\n\n<li>Pol\u00edmeros naturales y adiciones minerales para mejorar las propiedades mec\u00e1nicas y de durabilidad de materiales basados en cemento, IPN, 2008-2006.<\/li>\n\n\n\n<li>Una construcci\u00f3n experimental que utiliza poca mano de obra y resiste temblores y vientos huracanados, IPN, 2004-2006.<\/li>\n\n\n\n<li>Puente experimental muy econ\u00f3mico de ferrocemento sobre el r\u00edo Atoyac, IPN, 1997.<\/li>\n\n\n\n<li>Dise\u00f1o y construcci\u00f3n de un aula magna muy econ\u00f3mica, IPN, 1997-1994<\/li>\n\n\n\n<li>Un m\u00e9todo de construcci\u00f3n de escuelas resistente y econ\u00f3mico que utiliza pocos materiales, IPN, 1996.<\/li>\n\n\n\n<li>C\u00e1lculo, dise\u00f1o y construcci\u00f3n de un &nbsp;prototipo integral de aula-laboratorio-servicios sanitarios con criterio ecol\u00f3gico para educaci\u00f3n, IPN, 1994-1993<\/li>\n\n\n\n<li>Nuevo dise\u00f1o de un arco de carga, resistente y econ\u00f3mico, IPN, 1994.<\/li>\n\n\n\n<li>Dise\u00f1o y construcci\u00f3n de un edificio con estructura integral para biblioteca, IPN, 1993-1992.<\/li>\n\n\n\n<li>Dise\u00f1o y construcci\u00f3n de un edificio integral de dos niveles y estudio de sus caracter\u00edsticas, IPN, 1993.<\/li>\n\n\n\n<li>Construcci\u00f3n integral de una casa de inter\u00e9s social, IPN, 1993.<\/li>\n\n\n\n<li>Una edificaci\u00f3n tipo domo con estructura integral, IPN, 1992.<\/li>\n\n\n\n<li>Un auditorio con estructura integral, IPN, 1991.<\/li>\n\n\n\n<li>Desarrollo de materiales para construcci\u00f3n reforzados con fibras naturales, IPN, 1990.<\/li>\n\n\n\n<li>Desarrollo de un m\u00e9todo de construcci\u00f3n utilizando materiales naturales de la regi\u00f3n, IPN, 1990.<\/li>\n<\/ul>\n\n\n\n<p><\/p>\n","protected":false},"excerpt":{"rendered":"<p>RESPONSABLE T\u00c9CNICO: PARTICIPANTE:<\/p>\n","protected":false},"author":20,"featured_media":0,"parent":0,"menu_order":0,"comment_status":"closed","ping_status":"closed","template":"","meta":{"_swt_meta_header_display":false,"_swt_meta_footer_display":false,"_swt_meta_site_title_display":false,"_swt_meta_sticky_header":false,"_swt_meta_transparent_header":false,"footnotes":""},"class_list":["post-8","page","type-page","status-publish","hentry"],"_links":{"self":[{"href":"https:\/\/web.ciidiroaxaca.ipn.mx\/pmontes\/wp-json\/wp\/v2\/pages\/8","targetHints":{"allow":["GET"]}}],"collection":[{"href":"https:\/\/web.ciidiroaxaca.ipn.mx\/pmontes\/wp-json\/wp\/v2\/pages"}],"about":[{"href":"https:\/\/web.ciidiroaxaca.ipn.mx\/pmontes\/wp-json\/wp\/v2\/types\/page"}],"author":[{"embeddable":true,"href":"https:\/\/web.ciidiroaxaca.ipn.mx\/pmontes\/wp-json\/wp\/v2\/users\/20"}],"replies":[{"embeddable":true,"href":"https:\/\/web.ciidiroaxaca.ipn.mx\/pmontes\/wp-json\/wp\/v2\/comments?post=8"}],"version-history":[{"count":6,"href":"https:\/\/web.ciidiroaxaca.ipn.mx\/pmontes\/wp-json\/wp\/v2\/pages\/8\/revisions"}],"predecessor-version":[{"id":70,"href":"https:\/\/web.ciidiroaxaca.ipn.mx\/pmontes\/wp-json\/wp\/v2\/pages\/8\/revisions\/70"}],"wp:attachment":[{"href":"https:\/\/web.ciidiroaxaca.ipn.mx\/pmontes\/wp-json\/wp\/v2\/media?parent=8"}],"curies":[{"name":"wp","href":"https:\/\/api.w.org\/{rel}","templated":true}]}}