{"id":7,"date":"2011-10-26T21:46:07","date_gmt":"2011-10-26T21:46:07","guid":{"rendered":"https:\/\/web.ciidiroaxaca.ipn.mx\/pmontes\/publicaciones\/"},"modified":"2025-09-04T20:19:20","modified_gmt":"2025-09-04T20:19:20","slug":"publicaciones","status":"publish","type":"page","link":"https:\/\/web.ciidiroaxaca.ipn.mx\/pmontes\/publicaciones\/","title":{"rendered":"Publicaciones"},"content":{"rendered":"\n<h3 class=\"wp-block-heading\">PUBLICACIONES EN REVISTAS INTERNACIONALES:<\/h3>\n\n\n\n<ul class=\"wp-block-list\">\n<li>Samuel Ram\u00edrez-Arellanes, Marco Antonio Maldonado-Garc\u00eda, V\u00edctor Alberto Franco-Luj\u00e1n, Omar Farid Ojeda-Farias, Pedro Montes-Garc\u00eda. Ultrasonic parameters to assess durability of ecological concretes containing fly ash and untreated sugarcane bagasse ash. Journal of Building Engineering 100 (2025) 111785. <a href=\"https:\/\/doi.org\/10.1016\/j.jobe.2025.111785\" target=\"_blank\" rel=\"noreferrer noopener\">https:\/\/doi.org\/10.1016\/j.jobe.2025.111785<\/a><\/li>\n\n\n\n<li>G.F. G\u00f3mez-Luna, H.Z. Lopez-Calvo, T.W. Bremner, P. Castro-Borges, P. Montes-Garc\u00eda. Performance of fly ash and CNI as corrosion prevention methods for steel reinforcement embedded in cracked HPC concrete exposed to a natural marine environment. Construction and Building Materials 428 (2024) 136260. <a href=\"https:\/\/doi.org\/10.1016\/j.conbuildmat.2024.136260\" target=\"_blank\" rel=\"noreferrer noopener\">https:\/\/doi.org\/10.1016\/j.conbuildmat.2024.136260<\/a><\/li>\n\n\n\n<li>V\u00edctor A. Franco-Luj\u00e1n, Marco A. Maldonado-Garc\u00eda, V\u00edctor G. Jim\u00e9nez-Quero, Pedro Montes-Garc\u00eda. Reliability of electrical resistivity on the long-term monitoring of concrete. Results in Engineering 18 (2023) 101154. <a href=\"https:\/\/doi.org\/10.1016\/j.rineng.2023.101154\" target=\"_blank\" rel=\"noreferrer noopener\">https:\/\/doi.org\/10.1016\/j.rineng.2023.101154<\/a><\/li>\n\n\n\n<li>G.F. G\u00f3mez-Luna, H.Z. L\u00f3pez-Calvo, T.W. Bremner, G.J. Fajardo-San Miguel, P. Castro-Borges, P. Montes-Garc\u00eda. Assessment of corrosion prevention methods for steel reinforcement embedded in concrete exposed to a natural marine environment. Construction and Building Materials 385 (2023) 131514. <a href=\"https:\/\/doi.org\/10.1016\/j.conbuildmat.2023.131514\" target=\"_blank\" rel=\"noreferrer noopener\">https:\/\/doi.org\/10.1016\/j.conbuildmat.2023.131514<\/a><\/li>\n\n\n\n<li>V\u00edctor Alberto Franco-Luj\u00e1n, Marco Antonio Maldonado-Garc\u00eda, Jos\u00e9 Manuel Mendoza-Rangel, Pedro Montes-Garc\u00eda.\u00a0(2022). Effect of Cl- induced corrosion on the mechanical properties of reinforcing steel embedded in ternary concretes containing FA and UtSCBA.\u00a0Construction and Building Materials, 339, 127655. <a href=\"https:\/\/doi.org\/10.1016\/j.conbuildmat.2022.127655\" target=\"_blank\" rel=\"noreferrer noopener\">https:\/\/doi.org\/10.1016\/j.conbuildmat.2022.127655<\/a><\/li>\n\n\n\n<li>V\u00edctor Alberto Franco-Luj\u00e1n, Jos\u00e9 Manuel Mendoza-Rangel, V\u00edctor Guillermo Jim\u00e9nez-Quero, Pedro Montes-Garc\u00eda.\u00a0(2021). Chloride-binding capacity of ternary concretes containing fly ash and untreated sugarcane bagasse ash.\u00a0Cement and Concrete Composites,\u00a0120,10404.\u00a0<a href=\"https:\/\/doi.org\/10.1016\/j.cemconcomp.2021.104040\" target=\"_blank\" rel=\"noreferrer noopener\">https:\/\/doi.org\/10.1016\/j.cemconcomp.2021.104040<\/a><\/li>\n\n\n\n<li>Bustamante-Espinosa, L.V., Casta\u00f1eda-Ovando, A., Hern\u00e1ndez-\u00c1vila, J., Reyes-P\u00e9rez, M., Montes-Garc\u00eda P. &amp; Jim\u00e9nez-Quero, V.G. (2020). Manufacturing of Granular Matrix with Diatomacious earth, Lime and Sugarcane Bagasse ash to Encapsulate Entomopathogenic Nematodes (Steinernema glaseri). American Journal of Agricultural and Biological Science, 15(1), pp. 8-22. <a href=\"http:\/\/doi : 10.3844\/ajabssp.2020.8.22\" target=\"_blank\" rel=\"noreferrer noopener\">doi : 10.3844\/ajabssp.2020.8.22<\/a><\/li>\n\n\n\n<li>Maza-Ignacio, O.T., Jim\u00e9nez-Quero, V.G., Guerrero-Paz, J. &amp; Montes-Garc\u00eda, P. (2020). Recycling untreated sugarcane bagasse ash and industrial wastes for the preparation of resistant, lightweight and ecological fired bricks. Construction and Building Materials, 234, article117314.\u00a0<a href=\"https:\/\/doi.org\/10.1016\/j.conbuildmat.2019.117314\" target=\"_blank\" rel=\"noreferrer noopener\">https:\/\/doi.org\/10.1016\/j.conbuildmat.2019.117314<\/a><\/li>\n\n\n\n<li>Franco-Luj\u00e1n, V.A., Maldonado-Garc\u00eda, M.A., Mendoza-Rangel, J.M. &amp; Montes-Garc\u00eda, P. (2019). Chloride-induced reinforcing steel corrosion in ternary concretes containing fly ash and untreated sugarcane bagasse ash. Construction and Building Materials, 198, pp. 608-618.\u00a0<a href=\"https:\/\/doi.org\/10.1016\/j.conbuildmat.2018.12.004\" target=\"_blank\" rel=\"noreferrer noopener\">https:\/\/doi.org\/10.1016\/j.conbuildmat.2018.12.004<\/a><\/li>\n\n\n\n<li>Maldonado-Garc\u00eda, M.A, Hern\u00e1ndez-Toledo, U.I., Montes-Garc\u00eda, P. &amp; Valdez-Tamez, P.L. (2019). Long-term corrosion risk of thin cement composites containing untreated sugarcane bagasse ash. Journal of Materials in Civil Engineering, 31, pp. 04019020_1-04019020_13.<a href=\"http:\/\/\u00a0https:\/\/doi.org\/10.1061\/(ASCE)MT.1943-5533.0002647\" target=\"_blank\" rel=\"noreferrer noopener\">\u00a0https:\/\/doi.org\/10.1061\/(ASCE)MT.1943-5533.0002647<\/a><\/li>\n\n\n\n<li>Lopez-Calvo, H.Z., Montes-Garcia, P., Jimenez-Quero, V.G., G\u00f3mez-Barranco, H., Bremner, T.W. &amp; Thomas, M.D.A. (2018). Influence of Crack Width, cover depth and concrete quality on Corrosion of Steel in HPC Containing Corrosion Inhibiting Admixtures. Cement and Concrete Composites, 88, pp. 200-210.\u00a0<a href=\"https:\/\/doi.org\/10.1016\/j.cemconcomp.2018.01.016\" target=\"_blank\" rel=\"noreferrer noopener\">https:\/\/doi.org\/10.1016\/j.cemconcomp.2018.01.016<\/a><\/li>\n\n\n\n<li>Maldonado-Garc\u00eda, M. A., Hern\u00e1ndez-Toledo, U. I., Montes-Garc\u00eda, P. &amp; Valdez-Tamez, P. L. (2018). Influence of untreated sugar cane bagasse ash on the\u00a0 microstructural and mechanical properties of mortars. Materiales de Construcci\u00f3n, 68, e148, pp. 1-13.\u00a0<a href=\"https:\/\/dx.doi.org\/10.3989\/mc.2018.13716.5\" target=\"_blank\" rel=\"noreferrer noopener\">https:\/\/dx.doi.org\/10.3989\/mc.2018.13716.5<\/a><\/li>\n\n\n\n<li>R\u00edos-Parada, V., Jim\u00e9nez-Quero, V.G., Valdez-Tamez, P.L. &amp; Montes-Garc\u00eda, P. (2017). Characterization and use of an Untreated Mexican Sugarcane Bagasse Ash as supplementary material for the preparation of ternary concretes. Construction and Building Materials, 157, pp. 83-95.\u00a0<a href=\"https:\/\/doi.org\/10.1016\/j.conbuildmat.2017.09.060\" target=\"_blank\" rel=\"noreferrer noopener\">https:\/\/doi.org\/10.1016\/j.conbuildmat.2017.09.060<\/a><\/li>\n\n\n\n<li>Lopez-Calvo, H.Z., Montes-Garcia, P., Alonso-Guzm\u00e1n, E. M., Martinez-Molina, W., Bremner, T. W. &amp; Thomas, M.D.A. (2017). Effects of CIAs and SCMs combinations on the strength and certain durability properties of HPC. Canadian Journal of Civil Engineering, 44, pp. 918-926.\u00a0<a href=\"https:\/\/dx.doi.org\/10.1139\/cjce-2016-0237\" target=\"_blank\" rel=\"noreferrer noopener\">https:\/\/dx.doi.org\/10.1139\/cjce-2016-0237<\/a><\/li>\n\n\n\n<li>Arenas-Piedrahita, J.C., Montes-Garc\u00eda, P., Mendoza-Rangel, J.M., L\u00f3pez-Calvo, H.Z., Valdez-Tamez, P.L. &amp; Mart\u00ednez-Reyes, J. (2016). Mechanical and durability properties of mortars prepared with untreated sugarcane bagasse ash and untreated fly ash. Construction and Building Materials, 105, pp. 69-81.\u00a0<a href=\"https:\/\/doi.org\/10.1016\/j.conbuildmat.2015.12.047\" target=\"_blank\" rel=\"noreferrer noopener\">https:\/\/doi.org\/10.1016\/j.conbuildmat.2015.12.047<\/a><\/li>\n\n\n\n<li>Montes-Garc\u00eda, P., Jim\u00e9nez-Quero, V.G. &amp; L\u00f3pez-Calvo, H. (2015). Assessment of high performance concrete containing fly ash and calcium nitrite based corrosion inhibitor as a mean to prevent the corrosion of reinforcing steel. Journal of Physics: Conference Series, 582 (1), pp.1-6.\u00a0<a href=\"http:\/\/doi:10.1088\/1742-6596\/582\/1\/012028\" target=\"_blank\" rel=\"noreferrer noopener\">doi:10.1088\/1742-6596\/582\/1\/012028<\/a><\/li>\n\n\n\n<li>L\u00f3pez-Calvo, H. Z., Montes-Garcia, P., Kondratova, I., Bremner T. W. &amp; Thomas, M. D. A. (2013). Epoxy-coated bars as corrosion control in cracked reinforced concrete. Materials and Corrosion, 63, pp. 599-608.\u00a0doi:<a href=\"https:\/\/www.researchgate.net\/deref\/http%3A%2F%2Fdx.doi.org%2F10.1002%2Fmaco.201106319?_sg%5B0%5D=Dm8f2eS9HJAu_mMzqYVkyLWgVhLU6RqjsFPfcEYeNWrBJjFgB_FF2MJWuFoxvYD8kGGgOPzQ8-KE__BuuhBqyzsLgA.FtlcmfbENPHn5y7AcIyk96Nx9qaDD5RzPRBkUUboNTTaiKLT5bFYDHFWvsaKsSgUCegwCaut4i0jMBO153GGEg\" target=\"_blank\" rel=\"noreferrer noopener\">10.1002\/maco.201106319<\/a><\/li>\n\n\n\n<li>Jim\u00e9nez-Quero, V.G., Le\u00f3n-Mart\u00ednez, F.M., Montes-Garcia, P., Gaona-Tiburcio, C. &amp; Chac\u00f3n-Nava, J.G. (2013). Influence of sugarcane bagasse ash and fly ash on the rheological behaviour of cement pastes and mortars. Construction and Building Materials, 40, pp.691-701.\u00a0<a title=\"Persistent link using digital object identifier\" href=\"https:\/\/doi.org\/10.1016\/j.conbuildmat.2012.11.023\" target=\"_blank\" rel=\"noopener\">https:\/\/doi.org\/10.1016\/j.conbuildmat.2012.11.023<\/a><\/li>\n\n\n\n<li>V\u00e1zquez-Feijoo, J.A., Montes-Garc\u00eda, P., Matadamas-Ortiz, P.T. &amp; Ju\u00e1rez-Rodr\u00edguez, N. (2013). Characteristics of the elastic response of isotropic linear micropolar solids under imposed loads. World Journal of Mechanics, 3, pp. 245-255.\u00a0doi:<a href=\"https:\/\/www.researchgate.net\/deref\/http%3A%2F%2Fdx.doi.org%2F10.4236%2Fwjm.2013.35025?_sg%5B0%5D=z4lX6Ooy9ImHj6XhtHNnX6mJAP7tfrHKf5350Lp0jK9dcSiwElABCROzOaDQeBKyO6dr-lVrd7fbWTYQZEA0wh7fZw.w2oxJuwb-nNAd59jSkSHi4FFv9yv6IlScL73CYIfkVo6OMWsKu44nPivBNrq9xl81K8uHrGyEUexpGAqF0MVuw\" target=\"_blank\" rel=\"noreferrer noopener\">10.4236\/wjm.2013.35025<\/a><\/li>\n\n\n\n<li>Alav\u00e9z-Ram\u00edrez, R., Montes-Garc\u00eda, P., Mart\u00ednez-Reyes, J., Altamirano-Ju\u00e1rez, D.C. &amp; Gochi-Ponce, Y. (2012). The use of sugarcane bagasse ash and lime to improve the durability and mechanical properties of compacted soil blocks. Construction and Building Materials, 34, pp. 296-305.\u00a0<a title=\"Persistent link using digital object identifier\" href=\"https:\/\/doi.org\/10.1016\/j.conbuildmat.2012.02.072\" target=\"_blank\" rel=\"noopener\">https:\/\/doi.org\/10.1016\/j.conbuildmat.2012.02.072<\/a><\/li>\n\n\n\n<li>Lopez-Calvo, H.Z., Montes-Garcia, P., Thomas, M.D.A., &amp; Bremner, T.W. (2012). Effectiveness of CNI in slabs with a construction joint in a marine environment. Magazine of Concrete Research, 64, pp. 307\u2013316.\u00a0https:\/\/doi.org\/10.1680\/macr.11.0007<\/li>\n\n\n\n<li>\u00a0Lopez-Calvo, H.Z., Montes-Garcia, Bremner, T.W., Thomas, M.D.A., &amp; Jim\u00e9nez-Quero, V.G. (2012). Compressive strength of HPC containing CNI and fly ash after long-term exposure to a marine environment. Cement and Concrete Composites, 34, pp.110-118.\u00a0<a title=\"Persistent link using digital object identifier\" href=\"https:\/\/doi.org\/10.1016\/j.cemconcomp.2011.08.007\" target=\"_blank\" rel=\"noopener\">https:\/\/doi.org\/10.1016\/j.cemconcomp.2011.08.007<\/a><\/li>\n\n\n\n<li>Mart\u00ednez-Hern\u00e1ndez, A., Montes-Garc\u00eda, P., Moreno, E. &amp; Fern\u00e1ndez-Gonz\u00e1lez, A. (2011). Efecto de la adici\u00f3n de un suelo lacustre o ceniza volante en las propiedades de concretos hidr\u00e1ulicos. Revista Latinoamericana ALCONPAT, 1, pp. 218-227. doi:https:\/\/doi.org\/10.21041\/ra.v1i3.16.<\/li>\n\n\n\n<li>\u00a0Montes-Garc\u00eda, P., Jim\u00e9nez-Quero, V., Caballero-Aquino, T. &amp; Fern\u00e1ndez-Gonz\u00e1lez, A. (2011). Corrosi\u00f3n de presas de ferrocemento. Revista Latinoamericana ALCONPAT, 1, pp. 31-40. doi:\u00a0<a href=\"https:\/\/doi.org\/10.21041\/ra.v1i1.4\" target=\"_blank\" rel=\"noreferrer noopener\">https:\/\/doi.org\/10.21041\/ra.v1i1.4<\/a><\/li>\n\n\n\n<li>V\u00e1zquez-Feijoo, J.A., Worden, K., Montes-Garc\u00eda, P., Lagunez-Rivera, L., Ju\u00e1rez-Rodr\u00edguez, N. &amp; Pech-P\u00e9rez, A. (2010). Analysis of MDOF Non-linear Systems Using Associated Linear Equations.\u00a0 Journal of Mechanical Systems and Signal Processing, 24, pp. 2824-2843.\u00a0<a title=\"Persistent link using digital object identifier\" href=\"https:\/\/doi.org\/10.1016\/j.ymssp.2010.04.008\" target=\"_blank\" rel=\"noopener\">https:\/\/doi.org\/10.1016\/j.ymssp.2010.04.008<\/a><\/li>\n\n\n\n<li>Mart\u00ednez-Reyes, J., Alavez-Ram\u00edrez, R., Montes-Garc\u00eda, P. &amp; Jim\u00e9nez-Quero. V. (2010). Mineralogical effect on the pozzolanic reactivity of a Mexican lacustrine soil. Construction and Building Materials, 24, pp. 2650-2657.\u00a0<a title=\"Persistent link using digital object identifier\" href=\"https:\/\/doi.org\/10.1016\/j.conbuildmat.2010.04.059\" target=\"_blank\" rel=\"noopener\">https:\/\/doi.org\/10.1016\/j.conbuildmat.2010.04.059<\/a><\/li>\n\n\n\n<li>Montes, P., Castellanos, F. &amp; Feijoo, A. (2010). Assessing corrosion risk in reinforced concrete using wavelets, Corrosion Science, 52 (2), pp. 555-561.\u00a0<a title=\"Persistent link using digital object identifier\" href=\"https:\/\/doi.org\/10.1016\/j.corsci.2009.10.014\" target=\"_blank\" rel=\"noopener\">https:\/\/doi.org\/10.1016\/j.corsci.2009.10.014<\/a><\/li>\n\n\n\n<li>Montes, P., Lopez, H.Z., &amp; Bremner, T. W. (2009). Effectiveness of CNI in cracked concrete, Revista Ingenier\u00eda de Construcci\u00f3n, 24 (3), pp. 233-244.\u00a0http:\/\/dx.doi.org\/10.4067\/S0718-50732009000300002<\/li>\n\n\n\n<li>Montes, P., Bremner, T. &amp; Castellanos, F. (2006). Interactive effects of fly ash and cni on corrosion of reinforced high performance concrete, Materials and Structures, 39 (2), pp. 177-185.\u00a0https:\/\/doi.org\/10.1617\/s11527-005-9026-3<\/li>\n\n\n\n<li>Montes, P., Bremner, T.W. &amp; Mrawira, D. (2005). Effects of cni and fly ash on the compressive strength of high performance concrete. ACI Materials Journal, 102 (1), pp. 3-8.<a href=\"https:\/\/www.researchgate.net\/publication\/279558043_Effects_of_calcium_nitrate-based_corrosion_inhibitor_and_fly_ash_on_compressive_strength_of_high-performance_concrete\" target=\"_blank\" rel=\"noreferrer noopener\">https:\/\/www.researchgate.net\/publication\/279558043_Effects_of_calcium_nitrate-based_corrosion_inhibitor_and_fly_ash_on_compressive_strength_of_high-performance_concrete<\/a><\/li>\n\n\n\n<li>Montes, P., Bremner, T.W. &amp; Kondratova, I. (2004). Eighteen-year performance of epoxy-coated rebar in a tunnel structure subjected to a very aggressive chloride contaminated environment.\u00a0 Corrosion, 60 (10), pp. 974-981.\u00a0<a href=\"https:\/\/doi.org\/10.5006\/1.3287832\" target=\"_blank\" rel=\"noopener\">https:\/\/doi.org\/10.5006\/1.3287832<\/a><\/li>\n\n\n\n<li>Montes, P., Bremner, T. &amp; Lister D. (2004). Influence of calcium nitrite inhibitor and crack width on corrosion of steel in high performance concrete subjected to a simulated marine environment. Cement and Concrete Composites, 26, pp. 243-253.\u00a0<a title=\"Persistent link using digital object identifier\" href=\"https:\/\/doi.org\/10.1016\/S0958-9465(03)00043-X\" target=\"_blank\" rel=\"noopener\">https:\/\/doi.org\/10.1016\/S0958-9465(03)00043-X<\/a><\/li>\n\n\n\n<li>Kondratova, I., Montes, P. &amp; Bremner, T.W. (2003). Natural marine exposure results for reinforced concrete slabs with corrosion inhibitors. Cement and Concrete Composites, 25, pp. 483-490.\u00a0<a title=\"Persistent link using digital object identifier\" href=\"https:\/\/doi.org\/10.1016\/S0958-9465(02)00088-4\" target=\"_blank\" rel=\"noopener\">https:\/\/doi.org\/10.1016\/S0958-9465(02)00088-4<\/a><\/li>\n\n\n\n<li>Fern\u00e1ndez, A., Alavez, R., &amp; Montes, P. (2003). Small, resistant, durable and low cost houses. Journal of Ferrocement, 33 (4), pp.249-258.<\/li>\n\n\n\n<li>Montes, P. &amp; Fernandez, A. (2001). Behaviour of a hemispherical dome subjected to wind loading. Journal of Wind Engineering and Industrial Aeroynamics, 89 (10), pp. 911-924.\u00a0<a title=\"Persistent link using digital object identifier\" href=\"https:\/\/doi.org\/10.1016\/S0167-6105(01)00082-4\" target=\"_blank\" rel=\"noopener\">https:\/\/doi.org\/10.1016\/S0167-6105(01)00082-4<\/a><\/li>\n\n\n\n<li>Fernandez A., &amp; Montes, P. (2000). A monolithic ferrocement auditorium.\u00a0 Journal of Ferrocement, 30 (2), pp. 59-68.<\/li>\n<\/ul>\n\n\n\n<h3 class=\"wp-block-heading\">&nbsp;PUBLICACIONES EN REVISTAS NACIONALES:<\/h3>\n\n\n\n<ul class=\"wp-block-list\">\n<li>Hern\u00e1ndez-Toledo, U.I., Alavez-Ram\u00edrez, r. &amp; Montes-Garc\u00eda, P. (2009).\u00a0 Cenizas de coco y hoja de pino para su uso como puzolana. Naturaleza y Desarrollo, 7 (2), pp. 33-44.<\/li>\n\n\n\n<li>Montes-G., P., Guzm\u00e1n-G., O., L\u00f3pez-C., H.Z. &amp; Jim\u00e9nez-Q., V.G. (2007). Propiedades en estado endurecido de concreto preparado con agua contaminada con cloruros. Revista Naturaleza y Desarrollo, 5 (2), pp 35-42.<\/li>\n\n\n\n<li>Mart\u00ednez-Reyes, J. &amp; Montes Garc\u00eda. P. (2007). Reactividad puzol\u00e1nica de una arcilla regional. Revista Naturaleza y Desarrollo, 5 (2), pp. 43-53.<\/li>\n\n\n\n<li>Caballero, J.L., Alavez, A. &amp; Montes, P. (2006). Materiales regionales como recurso bioclim\u00e1tico para techumbres en climas c\u00e1lidos h\u00famedos- un caso de estudio en Oaxaca, M\u00e9xico. Revista Naturaleza y Desarrollo, 4 (1), pp. 64-75.<\/li>\n\n\n\n<li>Caballero, J.L., Alavez, R., Fern\u00e1ndez, A. &amp; Montes, P. (2005). Proyecto aula magna: auditorio con estructura tipo domo, revista facdearq, 4, pp. 40-42.<\/li>\n\n\n\n<li>Caballero, J. L., Alavez Rafael &amp; Montes, P. (2004).Tecnolog\u00eda alternativa para una vivienda de bajo costo en zonas suburbanas a la ciudad de Oaxaca. Revista Naturaleza y Desarrollo, 2 (2),pp. 26-40.<\/li>\n\n\n\n<li>Fern\u00e1ndez, A., Montes, P., Caballero, T. &amp; Alavez, R. (2001). Ferrocemento: una alternativa para la educaci\u00f3n. Construcci\u00f3n y Tecnolog\u00eda, xiv(163) ISSN 0187-7885., pp. 14-20.<\/li>\n<\/ul>\n\n\n\n<p><\/p>\n","protected":false},"excerpt":{"rendered":"<p>PUBLICACIONES EN REVISTAS INTERNACIONALES: &nbsp;PUBLICACIONES EN REVISTAS NACIONALES:<\/p>\n","protected":false},"author":20,"featured_media":0,"parent":0,"menu_order":0,"comment_status":"closed","ping_status":"closed","template":"","meta":{"_swt_meta_header_display":false,"_swt_meta_footer_display":false,"_swt_meta_site_title_display":false,"_swt_meta_sticky_header":false,"_swt_meta_transparent_header":false,"footnotes":""},"class_list":["post-7","page","type-page","status-publish","hentry"],"_links":{"self":[{"href":"https:\/\/web.ciidiroaxaca.ipn.mx\/pmontes\/wp-json\/wp\/v2\/pages\/7","targetHints":{"allow":["GET"]}}],"collection":[{"href":"https:\/\/web.ciidiroaxaca.ipn.mx\/pmontes\/wp-json\/wp\/v2\/pages"}],"about":[{"href":"https:\/\/web.ciidiroaxaca.ipn.mx\/pmontes\/wp-json\/wp\/v2\/types\/page"}],"author":[{"embeddable":true,"href":"https:\/\/web.ciidiroaxaca.ipn.mx\/pmontes\/wp-json\/wp\/v2\/users\/20"}],"replies":[{"embeddable":true,"href":"https:\/\/web.ciidiroaxaca.ipn.mx\/pmontes\/wp-json\/wp\/v2\/comments?post=7"}],"version-history":[{"count":4,"href":"https:\/\/web.ciidiroaxaca.ipn.mx\/pmontes\/wp-json\/wp\/v2\/pages\/7\/revisions"}],"predecessor-version":[{"id":44,"href":"https:\/\/web.ciidiroaxaca.ipn.mx\/pmontes\/wp-json\/wp\/v2\/pages\/7\/revisions\/44"}],"wp:attachment":[{"href":"https:\/\/web.ciidiroaxaca.ipn.mx\/pmontes\/wp-json\/wp\/v2\/media?parent=7"}],"curies":[{"name":"wp","href":"https:\/\/api.w.org\/{rel}","templated":true}]}}