{"id":6,"date":"2011-10-26T21:32:49","date_gmt":"2011-10-26T21:32:49","guid":{"rendered":"https:\/\/web.ciidiroaxaca.ipn.mx\/pmontes\/dr-pedro-montes-garcia\/"},"modified":"2025-09-04T19:16:55","modified_gmt":"2025-09-04T19:16:55","slug":"dr-pedro-montes-garcia","status":"publish","type":"page","link":"https:\/\/web.ciidiroaxaca.ipn.mx\/pmontes\/","title":{"rendered":"Dr. Pedro Montes Garc\u00eda"},"content":{"rendered":"\n<figure class=\"wp-block-image aligncenter\"><img decoding=\"async\" src=\"https:\/\/web.ciidiroaxaca.ipn.mx\/pmontes\/wp-content\/uploads\/sites\/15\/2011\/10\/Pedro-montes.JPG\" alt=\"\"\/><\/figure>\n\n\n\n<h4 class=\"wp-block-heading has-text-align-center\">Doctor en Ingenier\u00eda Civil por la University of New Brunswick, Canad\u00e1<\/h4>\n\n\n\n<p class=\"has-text-align-center\">Miembro del Sistema Nacional de Investigadores, Nivel 1<\/p>\n\n\n\n<p class=\"has-text-align-center\">Profesor colegiado del posgrado del CIIDIR Oaxaca, Instituto Polit\u00e9cnico Nacional.<\/p>\n\n\n\n<p class=\"has-text-align-center\">\u00c1reas de inter\u00e9s: Durabilidad de estructuras de concreto (inhibidores de corrosi\u00f3n, recubrimientos ep\u00f3xicos),<\/p>\n\n\n\n<p class=\"has-text-align-center\">Materiales para ingenieros civiles (adobe compactado, puzolanas, geopol\u00edmeros).<\/p>\n\n\n\n<p class=\"has-text-align-center\">Correo electr\u00f3nico: pmontes@ipn.mx &nbsp; &nbsp; &nbsp;Extensi\u00f3n: 82775<\/p>\n","protected":false},"excerpt":{"rendered":"<p>Doctor en Ingenier\u00eda Civil por la University of New Brunswick, Canad\u00e1 Miembro del Sistema Nacional de Investigadores, Nivel 1 Profesor colegiado del posgrado del CIIDIR Oaxaca, Instituto Polit\u00e9cnico Nacional. \u00c1reas de inter\u00e9s: Durabilidad de estructuras de concreto (inhibidores de corrosi\u00f3n, recubrimientos ep\u00f3xicos), Materiales para ingenieros civiles (adobe compactado, puzolanas, geopol\u00edmeros). Correo electr\u00f3nico: pmontes@ipn.mx &nbsp; &nbsp; [&hellip;]<\/p>\n","protected":false},"author":20,"featured_media":0,"parent":0,"menu_order":0,"comment_status":"closed","ping_status":"closed","template":"","meta":{"_swt_meta_header_display":false,"_swt_meta_footer_display":false,"_swt_meta_site_title_display":false,"_swt_meta_sticky_header":false,"_swt_meta_transparent_header":false,"footnotes":""},"class_list":["post-6","page","type-page","status-publish","hentry"],"_links":{"self":[{"href":"https:\/\/web.ciidiroaxaca.ipn.mx\/pmontes\/wp-json\/wp\/v2\/pages\/6","targetHints":{"allow":["GET"]}}],"collection":[{"href":"https:\/\/web.ciidiroaxaca.ipn.mx\/pmontes\/wp-json\/wp\/v2\/pages"}],"about":[{"href":"https:\/\/web.ciidiroaxaca.ipn.mx\/pmontes\/wp-json\/wp\/v2\/types\/page"}],"author":[{"embeddable":true,"href":"https:\/\/web.ciidiroaxaca.ipn.mx\/pmontes\/wp-json\/wp\/v2\/users\/20"}],"replies":[{"embeddable":true,"href":"https:\/\/web.ciidiroaxaca.ipn.mx\/pmontes\/wp-json\/wp\/v2\/comments?post=6"}],"version-history":[{"count":2,"href":"https:\/\/web.ciidiroaxaca.ipn.mx\/pmontes\/wp-json\/wp\/v2\/pages\/6\/revisions"}],"predecessor-version":[{"id":36,"href":"https:\/\/web.ciidiroaxaca.ipn.mx\/pmontes\/wp-json\/wp\/v2\/pages\/6\/revisions\/36"}],"wp:attachment":[{"href":"https:\/\/web.ciidiroaxaca.ipn.mx\/pmontes\/wp-json\/wp\/v2\/media?parent=6"}],"curies":[{"name":"wp","href":"https:\/\/api.w.org\/{rel}","templated":true}]}}