{"id":12,"date":"2014-02-25T20:45:58","date_gmt":"2014-02-25T20:45:58","guid":{"rendered":"https:\/\/web.ciidiroaxaca.ipn.mx\/pmontes\/grupo-de-durabilidad-de-materiales-para-ingenieros-civiles\/"},"modified":"2025-10-14T02:12:20","modified_gmt":"2025-10-14T02:12:20","slug":"grupo-de-durabilidad-de-materiales-para-ingenieros-civiles","status":"publish","type":"page","link":"https:\/\/web.ciidiroaxaca.ipn.mx\/pmontes\/grupo-de-durabilidad-de-materiales-para-ingenieros-civiles\/","title":{"rendered":"Grupo de Durabilidad de Materiales para Ingenieros Civiles"},"content":{"rendered":"\n<p>En el a\u00f1o 2003, una vez concluido mi doctorado en la Universidad de New Brunswick, Canad\u00e1, me reincorpor\u00e9 al CIIDIR Oaxaca, el cual es un Centro de Investigaci\u00f3n del IPN, y ha sido mi Centro de Adscripci\u00f3n desde hace mas de 30 a\u00f1os. Ese a\u00f1o, y en codirecci\u00f3n con profesores de otras instituciones (Universidad de New Brunswick, Canad\u00e1, y Centro de Investigaci\u00f3n de Materiales Avanzados-Chihuahua) inici\u00e9 la formaci\u00f3n de tres doctores, con el fin de integrar un Grupo de Investigaci\u00f3n que se dedicara al estudio de las propiedades de materiales com\u00fanmente usados en ingenier\u00eda civil.\u00a0<\/p>\n\n\n\n<p>En 2008, inici\u00e9 la l\u00ednea de investigaci\u00f3n sobre durabilidad de concreto reforzado; en 2012 incorpor\u00e9 una l\u00ednea de investigaci\u00f3n sobre el estudio de suelo compactado y ladrillos cer\u00e1micos; y recientemente, inclu\u00ed una tercera l\u00ednea de investigaci\u00f3n sobre concretos ecol\u00f3gicos elaborados mediante adiciones minerales al concreto hidr\u00e1ulico, con el objeto de reducir su impacto ambiental y consumo energ\u00e9tico.<\/p>\n\n\n\n<p>Actualmente, se ha creado un Grupo s\u00f3lido de expertos en la Durabilidad de Materiales para Ingenieros Civiles. Otro doctor, egresado de la Escuela Superior de F\u00edsica y Matem\u00e1ticas, IPN, quien fue mi estudiante de maestr\u00eda y actualmente es profesor en la Escuela Superior de Ingenier\u00eda Mec\u00e1nica y El\u00e9ctrica del IPN (ESIME), forma parte del Grupo. La mayor\u00eda de los miembros del Grupo participan en la maestr\u00eda en Ciencias en Conservaci\u00f3n y Aprovechamiento de Recursos Naturales que se imparte en el CIIDIR Oaxaca, la cual pertenece al Sistema Nacional de Posgrados. A continuaci\u00f3n se dan detalles de las l\u00edneas de investigaci\u00f3n:<\/p>\n\n\n\n<h3 class=\"wp-block-heading\">M\u00e9todos para la prevenci\u00f3n de la corrosi\u00f3n de concreto reforzado (concretos de altas prestaciones, inhibidores de corrosi\u00f3n y recubrimientos ep\u00f3xicos).<\/h3>\n\n\n\n<p>Participantes:<br>Dr. Pedro Montes Garc\u00eda (CIIDIR Oaxaca &#8211; IPN) (Nivel 1, SNI)<br>Dr. Herwing Zeth L\u00f3pez Calvo (Universidad Aut\u00f3noma Benito Ju\u00e1rez de Oaxaca)<br>Dr. V\u00edctor G. Jim\u00e9nez Quero (CIIDIR Oaxaca &#8211; IPN)<\/p>\n\n\n\n<h3 class=\"wp-block-heading\">Suelo estabilizado qu\u00edmica y mec\u00e1nicamente, y ladrillos cer\u00e1micos<\/h3>\n\n\n\n<p>Participantes:<br>Dr. Pedro Montes Garc\u00eda (CIIDIR Oaxaca &#8211; IPN) (Nivel 1, SNI)<br>Dr. V\u00edctor G. Jim\u00e9nez Quero (CIIDIR Oaxaca &#8211; IPN)<br>Dr. Rafael Alavez Ram\u00edrez (CIIDIR Oaxaca &#8211; IPN) (Nivel 1, SNI)<\/p>\n\n\n\n<h3 class=\"wp-block-heading\">Concreto ecol\u00f3gico (materiales suplementarios al concreto, cementos activados alcalinamente).<\/h3>\n\n\n\n<p>Participantes:<br>Dr. Pedro Montes Garc\u00eda (CIIDIR Oaxaca &#8211; IPN) (Nivel 1, SNI)<br>Dr. Jacobo Mart\u00ednez Reyes (ESIME -IPN) (Candidato, SNI)<br>Dr. Marco Antonio Maldonado Garc\u00eda (Instituto Tecnol\u00f3gico de Oaxaca) (Candidato,SNI)<br>Dr. V\u00edctor Alberto Franco Luj\u00e1n (Instituto Tecnol\u00f3gico del Valle de Etla, Oaxaca) (Candidato, SNI)<\/p>\n\n\n\n<p>Los miembros del Grupo de Durabilidad de Materiales para Ingenieros Civiles han publicado 16 art\u00edculos en revistas con arbitraje riguroso (JCR-Q1), y actualmente escriben un cap\u00edtulo de libro; adem\u00e1s, participan en congresos especializados.<\/p>\n\n\n\n<h3 class=\"wp-block-heading\">Vinculaci\u00f3n.<\/h3>\n\n\n\n<p>Se tienen proyectos de colaboraci\u00f3n acad\u00e9mica con las siguientes instituciones:<\/p>\n\n\n\n<ul class=\"wp-block-list\">\n<li>University of New Brunswick, Canad\u00e1.<\/li>\n\n\n\n<li>Universidad Aut\u00f3noma de Nuevo Le\u00f3n.<\/li>\n\n\n\n<li>Centro de Investigaci\u00f3n de Materiales Avanzados &#8211; Chihuahua<\/li>\n\n\n\n<li>Centro de Investigaci\u00f3n Avanzada &#8211; Unidad Saltillo<\/li>\n\n\n\n<li>Centro de Investigaci\u00f3n Avanzada- Unidad M\u00e9rida<\/li>\n\n\n\n<li>Escuela Superior de Ingenier\u00eda Mec\u00e1nica y El\u00e9ctrica &#8211; &nbsp;IPN.<\/li>\n\n\n\n<li>Facultad de Arquitectura de la Universidad Aut\u00f3noma Benito Ju\u00e1rez de Oaxaca Campus 5 de Mayo<\/li>\n\n\n\n<li>Facultad de Arquitectura de la Universidad Aut\u00f3noma Benito Ju\u00e1rez de Oaxaca Campus CU <\/li>\n\n\n\n<li>Instituto Tecnol\u00f3gico de Oaxaca<\/li>\n\n\n\n<li>Instituto Tecnol\u00f3gico del Valle de Etla (Oaxaca) <\/li>\n<\/ul>\n\n\n\n<h3 class=\"wp-block-heading\">Infraestructura. <\/h3>\n\n\n\n<h4 class=\"wp-block-heading\">Laboratorio de durabilidad de concreto reforzado<\/h4>\n\n\n\n<ul class=\"wp-block-list\">\n<li>Multimetros de alta impedancia<\/li>\n\n\n\n<li>Electrodos de referencia de Cu\/CuSO4<\/li>\n\n\n\n<li>Dos potenciostatos\/galvanostatos Marca Gamry, Inc.<\/li>\n\n\n\n<li>Resistiv\u00edmetro, Marca Resipod<\/li>\n<\/ul>\n\n\n\n<h4 class=\"wp-block-heading\">Laboratorio de caracterizaci\u00f3n de materiales<\/h4>\n\n\n\n<ul class=\"wp-block-list\">\n<li>Re\u00f3metro<\/li>\n\n\n\n<li>Mesa de fluidez<\/li>\n\n\n\n<li>Dispositivo para pruebas de l\u00edmites de suelos<\/li>\n\n\n\n<li>Moldes cil\u00edndricos y prism\u00e1ticos para la elaboraci\u00f3n de probetas de concreto<\/li>\n\n\n\n<li>Flaw detector (5058 PR, OLYMPUS)<\/li>\n\n\n\n<li>Prensa de carga marca ELVEC<\/li>\n\n\n\n<li>Marco de carga<\/li>\n<\/ul>\n","protected":false},"excerpt":{"rendered":"<p>En el a\u00f1o 2003, una vez concluido mi doctorado en la Universidad de New Brunswick, Canad\u00e1, me reincorpor\u00e9 al CIIDIR Oaxaca, el cual es un Centro de Investigaci\u00f3n del IPN, y ha sido mi Centro de Adscripci\u00f3n desde hace mas de 30 a\u00f1os. Ese a\u00f1o, y en codirecci\u00f3n con profesores de otras instituciones (Universidad de [&hellip;]<\/p>\n","protected":false},"author":20,"featured_media":0,"parent":0,"menu_order":0,"comment_status":"closed","ping_status":"closed","template":"","meta":{"_swt_meta_header_display":false,"_swt_meta_footer_display":false,"_swt_meta_site_title_display":false,"_swt_meta_sticky_header":false,"_swt_meta_transparent_header":false,"footnotes":""},"class_list":["post-12","page","type-page","status-publish","hentry"],"_links":{"self":[{"href":"https:\/\/web.ciidiroaxaca.ipn.mx\/pmontes\/wp-json\/wp\/v2\/pages\/12","targetHints":{"allow":["GET"]}}],"collection":[{"href":"https:\/\/web.ciidiroaxaca.ipn.mx\/pmontes\/wp-json\/wp\/v2\/pages"}],"about":[{"href":"https:\/\/web.ciidiroaxaca.ipn.mx\/pmontes\/wp-json\/wp\/v2\/types\/page"}],"author":[{"embeddable":true,"href":"https:\/\/web.ciidiroaxaca.ipn.mx\/pmontes\/wp-json\/wp\/v2\/users\/20"}],"replies":[{"embeddable":true,"href":"https:\/\/web.ciidiroaxaca.ipn.mx\/pmontes\/wp-json\/wp\/v2\/comments?post=12"}],"version-history":[{"count":7,"href":"https:\/\/web.ciidiroaxaca.ipn.mx\/pmontes\/wp-json\/wp\/v2\/pages\/12\/revisions"}],"predecessor-version":[{"id":63,"href":"https:\/\/web.ciidiroaxaca.ipn.mx\/pmontes\/wp-json\/wp\/v2\/pages\/12\/revisions\/63"}],"wp:attachment":[{"href":"https:\/\/web.ciidiroaxaca.ipn.mx\/pmontes\/wp-json\/wp\/v2\/media?parent=12"}],"curies":[{"name":"wp","href":"https:\/\/api.w.org\/{rel}","templated":true}]}}