{"id":10,"date":"2011-10-27T15:52:47","date_gmt":"2011-10-27T15:52:47","guid":{"rendered":"https:\/\/web.ciidiroaxaca.ipn.mx\/pmontes\/actividades-academicas\/"},"modified":"2025-10-14T02:17:38","modified_gmt":"2025-10-14T02:17:38","slug":"actividades-academicas","status":"publish","type":"page","link":"https:\/\/web.ciidiroaxaca.ipn.mx\/pmontes\/actividades-academicas\/","title":{"rendered":"Actividades acad\u00e9micas"},"content":{"rendered":"\n<p>Profesor titular de las unidades de aprendizaje que se imparten en la Maestr\u00eda y Doctorado en Ciencias en Conservaci\u00f3n y Aprovechamiento de Recursos Naturales:<\/p>\n\n\n\n<ul class=\"wp-block-list\">\n<li>Tecnolog\u00eda del Concreto.<\/li>\n\n\n\n<li>Procesos de Corrosi\u00f3n.<\/li>\n\n\n\n<li>Seminarios de Investigaci\u00f3n de la Maestr\u00eda.<\/li>\n\n\n\n<li>Seminarios de Investigaci\u00f3n del Doctorado.<\/li>\n<\/ul>\n\n\n\n<p>Profesor asistente&nbsp;de las unidades de aprendizaje que se imparten en la Maestr\u00eda y Doctorado en Ciencias en Conservaci\u00f3n y Aprovechamiento de Recursos Naturales:<\/p>\n\n\n\n<ul class=\"wp-block-list\">\n<li>Materiales para Ingenier\u00eda<\/li>\n\n\n\n<li>Seminarios de Investigaci\u00f3n.<\/li>\n<\/ul>\n\n\n\n<p>\u00c1rbitro de mas de 300 manuscritos sometidos a journals de alto impacto, por ejemplo:<\/p>\n\n\n\n<ul class=\"wp-block-list\">\n<li>Construction and Building Materials <br><a href=\"https:\/\/www.journals.elsevier.com\/construction-and-building-materials\" target=\"_blank\" rel=\"noreferrer noopener\">https:\/\/www.journals.elsevier.com\/construction-and-building-materials<\/a><\/li>\n\n\n\n<li>Journal of Materials in Civil Engineering<br><a href=\"https:\/\/ascelibrary.org\/journal\/jmcee7\" target=\"_blank\" rel=\"noreferrer noopener\">https:\/\/ascelibrary.org\/journal\/jmcee7<\/a><\/li>\n\n\n\n<li>Journal of Construction Engineering&nbsp;&amp; Management<br><a href=\"https:\/\/ascelibrary.org\/journal\/jcemd4\" target=\"_blank\" rel=\"noreferrer noopener\">https:\/\/ascelibrary.org\/journal\/jcemd4<\/a><\/li>\n\n\n\n<li>Corrosion Science<br><a href=\"https:\/\/www.sciencedirect.com\/journal\/corrosion-science\">https:\/\/www.sciencedirect.com\/journal\/<\/a><a href=\"https:\/\/www.sciencedirect.com\/journal\/corrosion-science\" target=\"_blank\" rel=\"noreferrer noopener\">corrosion<\/a><a href=\"https:\/\/www.sciencedirect.com\/journal\/corrosion-science\">-science<\/a><\/li>\n\n\n\n<li>Cement and Concrete Composites<br><a href=\"https:\/\/www.journals.elsevier.com\/cement-and-concrete-composites\" target=\"_blank\" rel=\"noreferrer noopener\">https:\/\/www.journals.elsevier.com\/cement-and-concrete-composites<\/a><\/li>\n\n\n\n<li>European Journal of Environmental and Civil Engineering<br><a href=\"https:\/\/www.tandfonline.com\/toc\/tece20\/current\" target=\"_blank\" rel=\"noreferrer noopener\">https:\/\/www.tandfonline.com\/toc\/tece20\/current<\/a><\/li>\n\n\n\n<li>Journal of Building Engineering<br><a href=\"https:\/\/www.sciencedirect.com\/journal\/journal-of-building-engineering\">g<a href=\"https:\/\/www.sciencedirect.com\/journal\/journal-of-building-engineering\">https:\/\/www.sciencedirect.com\/journal\/journal-of-building-engineering<\/a><\/a><\/li>\n<\/ul>\n","protected":false},"excerpt":{"rendered":"<p>Profesor titular de las unidades de aprendizaje que se imparten en la Maestr\u00eda y Doctorado en Ciencias en Conservaci\u00f3n y Aprovechamiento de Recursos Naturales: Profesor asistente&nbsp;de las unidades de aprendizaje que se imparten en la Maestr\u00eda y Doctorado en Ciencias en Conservaci\u00f3n y Aprovechamiento de Recursos Naturales: \u00c1rbitro de mas de 300 manuscritos sometidos a [&hellip;]<\/p>\n","protected":false},"author":20,"featured_media":0,"parent":0,"menu_order":0,"comment_status":"closed","ping_status":"closed","template":"","meta":{"_swt_meta_header_display":false,"_swt_meta_footer_display":false,"_swt_meta_site_title_display":false,"_swt_meta_sticky_header":false,"_swt_meta_transparent_header":false,"footnotes":""},"class_list":["post-10","page","type-page","status-publish","hentry"],"_links":{"self":[{"href":"https:\/\/web.ciidiroaxaca.ipn.mx\/pmontes\/wp-json\/wp\/v2\/pages\/10","targetHints":{"allow":["GET"]}}],"collection":[{"href":"https:\/\/web.ciidiroaxaca.ipn.mx\/pmontes\/wp-json\/wp\/v2\/pages"}],"about":[{"href":"https:\/\/web.ciidiroaxaca.ipn.mx\/pmontes\/wp-json\/wp\/v2\/types\/page"}],"author":[{"embeddable":true,"href":"https:\/\/web.ciidiroaxaca.ipn.mx\/pmontes\/wp-json\/wp\/v2\/users\/20"}],"replies":[{"embeddable":true,"href":"https:\/\/web.ciidiroaxaca.ipn.mx\/pmontes\/wp-json\/wp\/v2\/comments?post=10"}],"version-history":[{"count":6,"href":"https:\/\/web.ciidiroaxaca.ipn.mx\/pmontes\/wp-json\/wp\/v2\/pages\/10\/revisions"}],"predecessor-version":[{"id":64,"href":"https:\/\/web.ciidiroaxaca.ipn.mx\/pmontes\/wp-json\/wp\/v2\/pages\/10\/revisions\/64"}],"wp:attachment":[{"href":"https:\/\/web.ciidiroaxaca.ipn.mx\/pmontes\/wp-json\/wp\/v2\/media?parent=10"}],"curies":[{"name":"wp","href":"https:\/\/api.w.org\/{rel}","templated":true}]}}