{"id":9,"date":"2011-10-20T21:34:40","date_gmt":"2011-10-20T21:34:40","guid":{"rendered":"https:\/\/web.ciidiroaxaca.ipn.mx\/pmatadamaso\/tesis\/"},"modified":"2025-10-24T15:34:38","modified_gmt":"2025-10-24T21:34:38","slug":"tesis","status":"publish","type":"page","link":"https:\/\/web.ciidiroaxaca.ipn.mx\/pmatadamaso\/tesis\/","title":{"rendered":"Tesis"},"content":{"rendered":"\n<h4 class=\"wp-block-heading\">Maestr\u00eda<\/h4>\n\n\n\n<p>Maestr\u00eda. Ileana Sof\u00eda L\u00f3pez Ju\u00e1rez. Formulaci\u00f3n de nem\u00e1todos y hongos entomopat\u00f3genos en pellets multicapa para el control de plagas edaf\u00edcolas y dise\u00f1o de una planta productora. Instituto Polit\u00e9cnico Nacional. CIIDIR OAXACA. A\u00f1o 2023.<\/p>\n\n\n\n<p>Maestr\u00eda. Tamara Aquino Aguilar. Efecto en el crecimiento de tilapia (<em>Oreochromis sp<\/em>) a base de pellets de larvas de <em>Tenebrio molitor<\/em> y <em>Galleria mellonella<\/em>. Instituto Polit\u00e9cnico Nacional. CIIDIR OAXACA. A\u00f1o 2022.<\/p>\n\n\n\n<p>Maestr\u00eda. Heriberto Cruz Mart\u00ednez. Efecto del recubriiento del pellet en la supervivencia del nematodo entomopat\u00f3geno <em>Steinernema glaseri<\/em> encapsulado mec\u00e1nicamente. Instituto Polit\u00e9cnico Nacional. CIIDIR OAXACA. A\u00f1o 2013.<\/p>\n\n\n\n<p>Maestr\u00eda. Mayolo Mendoza P\u00e9rez. Efecto de la dureza del pellet sobre la mortalidad del nematodo <em>Steinernema glaseri<\/em> encapsulado mec\u00e1nicamente. Instituto Polit\u00e9cnico Nacional. CIIDIR OAXACA. A\u00f1o 2012.<\/p>\n\n\n\n<p>Maestr\u00eda. Andr\u00e9s Gerza\u00edn Mart\u00ednez Iba\u00f1ez. Desarrollo de un modelo auto-regresivo con entradas ex\u00f3genas para la predicci\u00f3n de la temperatura en un invernadero del Estado de Oaxaca. Instituto Polit\u00e9cnico Nacional. A\u00f1o 2011.<\/p>\n\n\n\n<p>Maestr\u00eda. Gerardo Cruz G\u00f3mez. Identificaci\u00f3n de la respuesta din\u00e1mica de una viga doblemente empotrada con cambio de secci\u00f3n para validaci\u00f3n de tecnolog\u00edas aplicables al an\u00e1lisis y dise\u00f1o de estructuras sometidas a movimientos tel\u00faricos. Instituto Polit\u00e9cnico Nacional. CIIDIR OAXACA. Junio 2010.<\/p>\n\n\n\n<p>Maestr\u00eda. Alberto Mijangos Hern\u00e1ndez. Mecanizaci\u00f3n y desempleo en el municipio de San Pablo Huixtepec, Oax. Instituto Tecnol\u00f3gico de Oaxaca. Febrero 2006.<\/p>\n\n\n\n<h4 class=\"wp-block-heading\">Licenciatura<\/h4>\n\n\n\n<p>Licenciatura. Angel de Jes\u00fas Galv\u00e1n M\u00e9ndez. Efecto de la humedad relativa de almacenamiento de infectivos juveniles de <em>Steinernema carpocapsae<\/em> W peletizados mec\u00e1nicamente sobre su sobrevivencia y capacidad infectiva. Facultad de Sistemas Biol\u00f3gicos e Innovaci\u00f3n Tecnol\u00f3gica. Universidad Aut\u00f3noma Benito Ju\u00e1rez de Oaxaca. Mayo 2025.<\/p>\n\n\n\n<p>Licenciatura. Keyla Odaliz Santos G\u00f3mez. Propuesta de accionamiento del sistema de conformaci\u00f3n del pellet con energ\u00eda solar. Instituto Tecnol\u00f3gico de Valles Centrales de Oaxaca. Julio 2019.<\/p>\n\n\n\n<p>Licenciatura. Alexis Matadamas Ortiz. Mejoramiento del proceso de conservaci\u00f3n de nematodos entomopat\u00f3genos en suspensi\u00f3n acuosa bajo condiciones de laboratorio. Instituto Tecnol\u00f3gico de Oaxaca. 30 de abril del 2018.<\/p>\n\n\n\n<p>Licenciatura. Idarh Claudio Matadamas Ortiz y H\u00e9ctor Miguel Morales Bautista. Dise\u00f1o y construcci\u00f3n de un sistema de control t\u00e9rmico para invernaderos. Instituto Tecnol\u00f3gico del Valle de Oaxaca. A\u00f1o 2012.<\/p>\n\n\n\n<p>Licenciatura. Mois\u00e9s Espinosa Rodr\u00edguez. Dise\u00f1o de una m\u00e1quina para encapsular nematodos entomopat\u00f3genos. Universidad Aut\u00f3noma Chapingo. Junio del 2005.<\/p>\n\n\n\n<p>Licenciatura: Carlos Inocencio Cort\u00e9s Mart\u00ednez. Dise\u00f1o y construcci\u00f3n de un mecanismo de elevaci\u00f3n para envasado de agua purificada\u201d. Instituto tecnol\u00f3gico de Oaxaca. Mayo del 2004.<\/p>\n\n\n\n<p>Licenciatura: Florentino Orocio M\u00e9ndez. Term\u00f3metro digital para altas temperaturas. Instituto tecnol\u00f3gico de Oaxaca. Septiembre del 2004.<\/p>\n\n\n\n<p>Licenciatura (tesina): Ma. Elena Hern\u00e1ndez G\u00f3mez y Carlos Reyes M\u00e9ndez. Tecnificaci\u00f3n del proceso de cocci\u00f3n de la alfarer\u00eda de los Valles Centrales de Oaxaca. CIIDIR-UNIDAD OAXACA. 2000.<\/p>\n\n\n\n<p>Licenciatura (tesina): Patricia Mar\u00eda Alvarado Hern\u00e1ndez, Eleazar Flores Villavicencio y Gerardo S\u00e1nchez Torres. Dise\u00f1o de un programa para incrementar la higiene y seguridad industrial en el proceso de fabricaci\u00f3n de puertas de madera de exportaci\u00f3n. CIIDIR \u2013UNIDAD OAXACA. 2000.<\/p>\n\n\n\n<p>Licenciatura (tesina): Ren\u00e9 Mart\u00ednez S\u00e1nchez. Dise\u00f1o y Construcci\u00f3n de una engargoladora de envases de hojalata. CIIDIR-UNIDAD OAXACA. 1999.<\/p>\n\n\n\n<p>Licenciatura. Isa\u00edas L\u00f3pez Robles y Roberto Rosas L\u00f3pez. Estudio de factibilidad de la modernizaci\u00f3n del aserradero \u00abLas Vigas\u00bb de la Unidad de Aprovechamiento Forestal de los Pueblos Mancomunados. Instituto Tecnol\u00f3gico de Oaxaca. Noviembre 1998.<\/p>\n\n\n\n<p>Licenciatura (tesina). Liborio Cruz Ortiz y Hector Rojas Hern\u00e1ndez. Metodolog\u00eda para el establecimiento de un programa de mantenimiento mediante el an\u00e1lisis de vibraciones. UPIICSA. 1998.<\/p>\n\n\n\n<p>Licenciatura (tesina): On\u00e9simo Huantes Santiba\u00f1ez, Rey Alberto Garc\u00eda S\u00e1nchez y Mariano Espinoza Guti\u00e9rrez. Control de calidad en la fabricaci\u00f3n de puertas de madera para el mercado de exportaci\u00f3n. CIIDIR-UNIDAD OAXACA. 1998<\/p>\n\n\n\n<p>Licenciatura (tesina): Daniel Espejel Cr\u00faz, Orlando V\u00e1zquez S\u00e1nchez y Esther Ochoa Miguel. An\u00e1lisis del proceso de fabricaci\u00f3n para puertas de madera para el mercado de exportaci\u00f3n. CIIDIR-UNIDAD OAXACA. 1998<\/p>\n\n\n\n<p>Licenciatura. Arturo Moz\u00f3n L\u00f3pez. Clasificaci\u00f3n de part\u00edculas contenidas en aceites minerales usados. Universidad Aut\u00f3noma Chapingo. Chapingo, M\u00e9x. 1997.<\/p>\n\n\n\n<p>Licenciatura. Carlos Ram\u00f3n V\u00e1zquez L\u00f3pez. Adecuaci\u00f3n de par\u00e1metros para el diagn\u00f3stico del deterioro de aceites minerales usados. Universidad Aut\u00f3noma Chapingo. Chapingo, M\u00e9x. 1997.<\/p>\n\n\n\n<p>Licenciatura. Bonifacio Gaona Ponce. Dise\u00f1o y construcci\u00f3n de un scanner magn\u00e9tico. Universidad Aut\u00f3noma Chapingo. Chapingo, M\u00e9x. 1997.<\/p>\n\n\n\n<p>Licenciatura. Mart\u00edn Rodr\u00edguez Quiroz. Investigaci\u00f3n y Desarrollo del Mantenimiento Preventivo en el Ejemplo de los Tractores Diesel\u00bb. Universidad Aut\u00f3noma Chapingo. 1989.<\/p>\n","protected":false},"excerpt":{"rendered":"<p>Maestr\u00eda Maestr\u00eda. Ileana Sof\u00eda L\u00f3pez Ju\u00e1rez. Formulaci\u00f3n de nem\u00e1todos y hongos entomopat\u00f3genos en pellets multicapa para el control de plagas edaf\u00edcolas y dise\u00f1o de una planta productora. Instituto Polit\u00e9cnico Nacional. CIIDIR OAXACA. A\u00f1o 2023. Maestr\u00eda. Tamara Aquino Aguilar. Efecto en el crecimiento de tilapia (Oreochromis sp) a base de pellets de larvas de Tenebrio molitor [&hellip;]<\/p>\n","protected":false},"author":30,"featured_media":0,"parent":0,"menu_order":0,"comment_status":"closed","ping_status":"closed","template":"","meta":{"_swt_meta_header_display":false,"_swt_meta_footer_display":false,"_swt_meta_site_title_display":false,"_swt_meta_sticky_header":false,"_swt_meta_transparent_header":false,"footnotes":""},"class_list":["post-9","page","type-page","status-publish","hentry"],"_links":{"self":[{"href":"https:\/\/web.ciidiroaxaca.ipn.mx\/pmatadamaso\/wp-json\/wp\/v2\/pages\/9","targetHints":{"allow":["GET"]}}],"collection":[{"href":"https:\/\/web.ciidiroaxaca.ipn.mx\/pmatadamaso\/wp-json\/wp\/v2\/pages"}],"about":[{"href":"https:\/\/web.ciidiroaxaca.ipn.mx\/pmatadamaso\/wp-json\/wp\/v2\/types\/page"}],"author":[{"embeddable":true,"href":"https:\/\/web.ciidiroaxaca.ipn.mx\/pmatadamaso\/wp-json\/wp\/v2\/users\/30"}],"replies":[{"embeddable":true,"href":"https:\/\/web.ciidiroaxaca.ipn.mx\/pmatadamaso\/wp-json\/wp\/v2\/comments?post=9"}],"version-history":[{"count":5,"href":"https:\/\/web.ciidiroaxaca.ipn.mx\/pmatadamaso\/wp-json\/wp\/v2\/pages\/9\/revisions"}],"predecessor-version":[{"id":66,"href":"https:\/\/web.ciidiroaxaca.ipn.mx\/pmatadamaso\/wp-json\/wp\/v2\/pages\/9\/revisions\/66"}],"wp:attachment":[{"href":"https:\/\/web.ciidiroaxaca.ipn.mx\/pmatadamaso\/wp-json\/wp\/v2\/media?parent=9"}],"curies":[{"name":"wp","href":"https:\/\/api.w.org\/{rel}","templated":true}]}}