{"id":8,"date":"2011-10-20T21:32:09","date_gmt":"2011-10-20T21:32:09","guid":{"rendered":"https:\/\/web.ciidiroaxaca.ipn.mx\/pmatadamaso\/proyectos-de-investigacion\/"},"modified":"2025-10-24T15:55:08","modified_gmt":"2025-10-24T21:55:08","slug":"proyectos-de-investigacion","status":"publish","type":"page","link":"https:\/\/web.ciidiroaxaca.ipn.mx\/pmatadamaso\/proyectos-de-investigacion\/","title":{"rendered":"Proyectos de investigaci\u00f3n"},"content":{"rendered":"\n<ul class=\"wp-block-list\">\n<li><strong>SIP 2024 y 2025.<\/strong> Modelo socioproductivo basado en la biodiversidad e integraci\u00f3n de saberes tradicionales para fortalecer la econom\u00eda solidaria en comunidades ind\u00edgenas. Caso: Procesamiento de frutos org\u00e1nicos en Sta. Catarina Lachatao, Ixtl\u00e1n, Oaxaca.<\/li>\n\n\n\n<li><strong>SIP 20242588.<\/strong> An\u00e1lisis de fallas estructurales por compresi\u00f3n uniaxial de microreservorios de agentes entomopat\u00f3genos para la formulaci\u00f3n de bioplaguicidas.<\/li>\n\n\n\n<li><strong>ANUIES 2023.<\/strong> Estudio de la tipolog\u00eda de tecnolog\u00edas para la producci\u00f3n industrial de totopos tradicionales del Istmo con el enfoque de econom\u00eda circular, desarrollo solidario y empleo digno.<\/li>\n\n\n\n<li><strong>SIP20231465.<\/strong> Sobrevivencia de nematodos <em>Steinernema glaseri<\/em> incrustados en un medio poroso h\u00famedo bajo compresi\u00f3n uniaxial confinada<\/li>\n\n\n\n<li><strong>SIP 20131406<\/strong>. Efecto de la deshidrataci\u00f3n y rehidrataci\u00f3n de pellets conteniendo <em>Steinernema glaseri<\/em>  en la infectividad de nematodos entomopat\u00f3genos encapsulados mec\u00e1nicamente.<\/li>\n\n\n\n<li><strong>SIP 20121045<\/strong><em>. <\/em>Efecto del contenido de l\u00edpidos en el tiempo de supervivencia de nematodos entomopat\u00f3genos <em>Steinernema glaseri<\/em> encapsulados mec\u00e1nicamente<\/li>\n\n\n\n<li><strong>SIP 20110657<\/strong>. Efecto de la granulometr\u00eda y recubrimiento superficial del pellet sobre la viabilidad de nematodos <em>Steinernema glaseri<\/em> encapsulados mec\u00e1nicamente.<\/li>\n\n\n\n<li><strong>SIP 20100395<\/strong>. Aplicaciones de las Ecuaciones Lineales Asociadas para sistemas no lineales en las diversas \u00e1reas de la ingenier\u00eda.<\/li>\n\n\n\n<li><strong>SIP 20100510.<\/strong> Evaluaci\u00f3n de formulaciones de cepas nativas e introducidas de nematodos entomopat\u00f3genos para el control de la gallina ciega (<em>Phillophaga vetula<\/em> Hor) en ma\u00edz (<em>Zea mays<\/em>)<\/li>\n\n\n\n<li><strong>SIP 20082787 y 20090656<\/strong>. Determinaci\u00f3n de las condiciones clim\u00e1ticas en el interior de los invernaderos en tres ambientes en el Estado de Oaxaca.<\/li>\n\n\n\n<li><strong>SIP 20082457 y 20090368<\/strong>. Evaluaci\u00f3n de formulaciones de cepas nativas e introducidas de nematodos entomopat\u00f3genos para el control de gallina ciega (<em>Phylophaga vetula<\/em> Horn) en ma\u00edz (<em>Zea mays<\/em>).<\/li>\n\n\n\n<li><strong>SIP 2005816, 2006616 y 20071210<\/strong>. Mejoramiento de la tolerancia al calor a la desecaci\u00f3n de tres nem\u00e1todos entomopat\u00f3genos.<\/li>\n<\/ul>\n","protected":false},"excerpt":{"rendered":"","protected":false},"author":30,"featured_media":0,"parent":0,"menu_order":0,"comment_status":"closed","ping_status":"closed","template":"","meta":{"_swt_meta_header_display":false,"_swt_meta_footer_display":false,"_swt_meta_site_title_display":false,"_swt_meta_sticky_header":false,"_swt_meta_transparent_header":false,"footnotes":""},"class_list":["post-8","page","type-page","status-publish","hentry"],"_links":{"self":[{"href":"https:\/\/web.ciidiroaxaca.ipn.mx\/pmatadamaso\/wp-json\/wp\/v2\/pages\/8","targetHints":{"allow":["GET"]}}],"collection":[{"href":"https:\/\/web.ciidiroaxaca.ipn.mx\/pmatadamaso\/wp-json\/wp\/v2\/pages"}],"about":[{"href":"https:\/\/web.ciidiroaxaca.ipn.mx\/pmatadamaso\/wp-json\/wp\/v2\/types\/page"}],"author":[{"embeddable":true,"href":"https:\/\/web.ciidiroaxaca.ipn.mx\/pmatadamaso\/wp-json\/wp\/v2\/users\/30"}],"replies":[{"embeddable":true,"href":"https:\/\/web.ciidiroaxaca.ipn.mx\/pmatadamaso\/wp-json\/wp\/v2\/comments?post=8"}],"version-history":[{"count":5,"href":"https:\/\/web.ciidiroaxaca.ipn.mx\/pmatadamaso\/wp-json\/wp\/v2\/pages\/8\/revisions"}],"predecessor-version":[{"id":69,"href":"https:\/\/web.ciidiroaxaca.ipn.mx\/pmatadamaso\/wp-json\/wp\/v2\/pages\/8\/revisions\/69"}],"wp:attachment":[{"href":"https:\/\/web.ciidiroaxaca.ipn.mx\/pmatadamaso\/wp-json\/wp\/v2\/media?parent=8"}],"curies":[{"name":"wp","href":"https:\/\/api.w.org\/{rel}","templated":true}]}}