{"id":7,"date":"2011-10-20T21:23:02","date_gmt":"2011-10-20T21:23:02","guid":{"rendered":"https:\/\/web.ciidiroaxaca.ipn.mx\/pmatadamaso\/publicaciones\/"},"modified":"2025-10-24T14:56:38","modified_gmt":"2025-10-24T20:56:38","slug":"publicaciones","status":"publish","type":"page","link":"https:\/\/web.ciidiroaxaca.ipn.mx\/pmatadamaso\/publicaciones\/","title":{"rendered":"Publicaciones"},"content":{"rendered":"\n<p><\/p>\n\n\n\n<ul class=\"wp-block-list\">\n<li>Brenda Garc\u00eda-Hilerio, Lidia Santiago-Silva, Pastor T. Matadamas-Ortiz, Alejandro Gomez-Sanchez, V\u00edctor A. Franco-Luj\u00e1n and Heriberto Cruz-Mart\u00ednez. Theoretical Investigation of O2 and CO2 Adsorption on Small PdNi Clusters Supported on N-Doped Graphene Quantum Dots. Journal of Carbon Research\u00a0 C 2025, 11, 43. https:\/\/doi.org\/10.3390\/c11030043<\/li>\n\n\n\n<li>Mario Alejandro Mej\u00eda-Delgadillo, Mar\u00eda Valdez-Hern\u00e1ndez, German David Mendoza-Mart\u00ednez, Nicol\u00e1sTorresSalado, Pastor Matadamas-Ort\u00edz, Azareel Angulo Castro, Luis Alaniz Guti\u00e9rrez, H\u00e9ctor Aaron LeeRangel\u00a0 and Luis M.ValenzuelaNu\u00f1ez. Nutritional evaluation and comparison of extraction processes of parota <em>Enterolobium cyclocarpum<\/em> (Jacq.) Griseb. Mimosaceae] almonds. Range Management and Agroforestry 45 (1) : 175-179, 2024. ISSN 0971-2070 (Print); 2249-5231 (Online). https:\/\/doi.org\/10.59515\/rma.2024.v45.i1.25<\/li>\n\n\n\n<li>Cruz-Mart\u00ednez, H., Rojas-Ch\u00e1vez, H., Montejo-Alvaro, F., Pe\u00f1a-Casta\u00f1eda, Y. A., Matadamas-Ortiz, P. T. &amp; Medina, D. I. (2021) Recent Developments in Graphene-Based Toxic Gas Sensors: A Theoretical Overview. <em>Sensors<\/em>, 21, 1992. DOI: 10.3390\/s21061992 (JCR\/Review)<\/li>\n\n\n\n<li>Cruz-Mart\u00ednez, H., Rojas-Ch\u00e1vez H., Matadamas-Ortiz P.T., Ortiz-Herrera J. C., L\u00f3pez-Ch\u00e1vez E., Solorza-Feria O. &amp; Medina, D. I. (2021) Current progress of Pt-based ORR electrocatalysts for PEMFCs: An integrated view combining theory and experiment. <em>Materials Today Physics<\/em>, 19, 100406. DOI: 10.1016\/j.mtphys.2021.100406 (JCR).<\/li>\n\n\n\n<li>Ruiz-Vega, J., Cort\u00e9s-Mart\u00ednez, C. I., Aquino-Bola\u00f1os, T., Matadamas-Ortiz, P. T., Garc\u00eda-Guti\u00e9rrez, C. &amp; Navarro-Antonio, J. (2021) Mortality of <em>Phyllophaga vetula<\/em> larvae by the separate and combined application of <em>Metarhizium anisopliae<\/em>, <em>Steinernema carpocapsae <\/em>and <em>Steinernema glaseri<\/em>. <em>Journal of Nematology<\/em>, 52, e2020-68. DOI: 10.21307\/jofnem-2020-068<\/li>\n\n\n\n<li>Cort\u00e9s-Mart\u00ednez, C.I., Sandoval-Torres, S., Ruiz-Vega, J., Matadamas-Ortiz P. T., &amp; Aquino Bola\u00f1os T. (2020) Modelling approach for analysis of moisture transport in diatomaceous earth pellets. <em>SN Applied Sciences<\/em> <strong>2<\/strong>, 1684. DOI: 10.1007\/s42452-020-03467-7 (JCR)<\/li>\n\n\n\n<li>Aquino Bola\u00f1os T., Matadamas-Ortiz P. T., Lopez Vasquez C. F., &amp; Ines Vasquez S. (2019) Management of the nematode of the nodule of Meloidogyne incognita in tomato (Solanum lycopersicum L.) with extracts in a biospace condition. <em>African Journal of Agricultural Research<\/em>. Vol 14 (4) pp. 180-184. DOI: <a href=\"https:\/\/doi.org\/10.5897\/AJAR2018.13602\">10.5897\/AJAR2018.13602<\/a>. (JCR).<\/li>\n\n\n\n<li>Cruz-Mart\u00ednez, H., Ruiz-Vega, J., Matadamas-Ort\u00edz, P. T., Cort\u00e9s-Mart\u00ednez, C. I., &amp; Rosas-D\u00edaz, J. (2017). Formulation of entomopathogenic nematodes for crop pest control: a Review. <em>Plant Protection Science<\/em>, 53, 15-24. DOI:10.17221\/35\/2016-PPS. (JCR).<\/li>\n\n\n\n<li>Cort\u00e9s-Mart\u00ednez, C. I., Ruiz-Vega, J., Matadamas-Ortiz, P. T., Lewis, E. E., Aquino-Bola\u00f1os, T., &amp; Navarro-Antonio, J. (2016). Effect of moisture evaporation from diatomaceous earth pellets on storage stability of <em>Steinernema glaseri<\/em>, <em>Biocontrol Science and Technology<\/em>. 26(3), 305-319. DOI:10.1080\/09583157.2015.1104650 (JCR).<\/li>\n\n\n\n<li>Matadamas-Ortiz, P. T., Ruiz-Vega, J., Vazquez-Feijoo, J. A., Cruz-Mart\u00ednez, H., &amp; Cort\u00e9s-Mart\u00ednez, C. I. (2014). Mechanical production of pellets for the application of entomopathogenic nematodes: factors that determine survival time of <em>Steinernema glaseri<\/em>. <em>Biocontrol Science and Technology<\/em>, 24(2), 145-157. DOI:10.1080\/09583157.2013.852161 (JCR).<\/li>\n\n\n\n<li>N.J. Rodr\u00edguez, M. Ya\u00f1ez-Lim\u00f3n, F.A. Guti\u00e9rrez_miceli, O. G\u00f3mez-Guzm\u00e1n, T. P. Matadamas-Ortiz, Luicita Lagunez-Rivera, J.A. V\u00e1squez-Feijoo. Assesment of coconut fibre insulation characteristics and its use to modulate temperatures in concrete slabs with the aid os a finite element methodology. Original Research Article. Energy and Buildings. In Press. Corrected Proof, Avalaible online 18 January 2011. Vol. 43, Issue 6, June 2011, pages 1264-1272.&nbsp;&nbsp; doi:10.1016\/j.enbuild.2011.01.005<\/li>\n\n\n\n<li>Vazquez-Feijoo, J.A., Worden K., Rodr\u00edguez N.J., Pozos-Osorio J., Matadamas-Ortiz P. An\u00e1lisis and Control of nonlinear System with DC Terms. Nonlinear Dynamics. ISSN: 092409x. Vol 58, issue 4. Date: december 2009, pages: 753-775.<\/li>\n\n\n\n<li>Dur\u00e1n-Garc\u00eda H. M., Gonz\u00e1lez-Galv\u00e1n E. H., Matadamas-Ort\u00edz P. T. Mechanization Process in the Production of Mezcal. Journal of Food, Agriculture and Environment. Finnland. 2007. Vol. 5, No. 3 and 4. Pp 32-35.<\/li>\n\n\n\n<li>Dur\u00e1n-Garc\u00eda H. M., Gonz\u00e1lez-Galv\u00e1n E. H., Matadamas-Ort\u00edz P. T.<strong> <\/strong>Use of the Rolling Mill in the Extraction of Magueys Juice. Journal of Food, Agriculture and Environment. Finnland. 2007. Vol. 5, No. 2. Pp 84-87.<\/li>\n<\/ul>\n\n\n\n<h3 class=\"wp-block-heading rtejustify\"><br>Editor de libros:<\/h3>\n\n\n\n<p><strong>Matadamas O.P.<\/strong>: Investigaci\u00f3n en Oaxaca-Compendio a inicios del siglo XXI. CIIDIR-Oaxaca, IPN. M\u00e9xico 2008. 108 pp.<\/p>\n\n\n\n<p><strong>Matadamas, O.P.<\/strong>, Serrano B. C., Navarro A.J. Problemas de contaminaci\u00f3n de la alfarer\u00eda oaxaque\u00f1a. Rev. CIECAS, Hacia los l\u00edmites del conocimiento. CIECAS IPN. 4\/2004. Vol. VI. Pp. 40-45.<\/p>\n\n\n\n<h3 class=\"wp-block-heading\">Art\u00edculos de Divulgaci\u00f3n<\/h3>\n\n\n\n<p>Matadamas O. P. Serrano B. C. Tecnolog\u00eda para una bebida legendaria. Rev. Conversus. Instituto Polit\u00e9cnico Nacional. M\u00e9xico. 2006, Abril, No. 49. Pp. 32-37.<\/p>\n\n\n\n<p>Alvarado, J.M., <strong>Matadamas, O.P.<\/strong> Econolog\u00eda: econom\u00eda y ambiente. Rev. CIECAS, Hacia los l\u00edmites del conocimiento. CIECAS IPN. 4\/2004. Vol. VI. Pp. 4-9.<\/p>\n\n\n\n<p>Matadamas O. P., Navarrro J. A., Serrano B. C. y Coronado R. E. La tecnificaci\u00f3n de la alfarer\u00eda oaxaque\u00f1a, un esfuerzo multidisciplinario. Rev. Conexi\u00f3n Sur. CONACYT-SIBEJ. A\u00f1o II, n\u00famero 4 julio-diciembre 2002.<\/p>\n\n\n\n<p><strong>Matadamas, O.P.<\/strong>, Serrano, B.C., Montes B.J. y R\u00edos O.V. Optimizaci\u00f3n del proceso de cocci\u00f3n en la alfarer\u00eda oaxaque\u00f1a. Rev. Avances en Ciencia y Tecnolog\u00eda. CIIDIR-UNIDAD OAXACA. Mayo-Agosto 1999, vol. 3. Pp 3-11.<\/p>\n\n\n\n<p>Schnuir, A.; Day, M.J.; Reintjes, J.; <strong>Matadamas, P.<\/strong>; Wilke, R.A. y Cowan, M. P. \u201cPARTICLE COUNTING TECHNIQUES\u201d en \u201cCondition Monitoring 1994\u201d, Editorial PINERIDGE PRESS LIMITED, Swansea U.K. 1a. edici\u00f3n de 1000 ejemplares. ISBN 0-906674-83-2. Editores: Mervin H. Jones, pag. 344 a 354. GRAN BRETA\u00d1A, 1994.<\/p>\n\n\n\n<p>\u00c1dame, A., Garske, E., <strong>Matadamas, P.<\/strong> \u201cInvestigaci\u00f3n y desarrollo del mantenimiento y conservaci\u00f3n de cosechadoras autopropulsadas de cereales\u201d. Revista Chapingo. Junio 1991. <strong>Matadamas, P.<\/strong>, Garske, W., R\u00f6ssell D. \u201cDesarrollo de las condiciones t\u00e9cnicas previas para la medici\u00f3n del consumo de combustible en un tractor diesel\u201d. Revista Chapingo, Junio 1991.<\/p>\n\n\n\n<h3 class=\"wp-block-heading\">Recientes cap\u00edtulos de libro<\/h3>\n\n\n\n<p>Dr. Pastor Teodoro Matadamas Ortiz, M.I. Jos\u00e9 Navarro Antonio, M.C. Gabriel Isa\u00edas Cruz Ruiz, Dra. Lilia Leticia M\u00e9ndez Lagunas y Dr. Carlos Inocencio Cort\u00e9s Mart\u00ednez. Estudio de la tipolog\u00eda de tecnolog\u00edas para la producci\u00f3n industrial de totopos tradicionales del Istmo con el enfoque de econom\u00eda circular, desarrollo solidario y empleo digno. Libro de resultados de proyectos de investigaci\u00f3n Primera edici\u00f3n 2024: Diagn\u00f3stico integral de la regi\u00f3n Istmo del Estado de Oaxaca en el marco del megaproyecto Corredor Interoce\u00e1nico del Istmo de Tehuantepec. Editorial Asociaci\u00f3n Nacional de Universidades e Instituciones de Educaci\u00f3n Superior. Colecci\u00f3n de documentos ANUIES. 624 pp. ISBN 978-607-451-248-9.<\/p>\n\n\n\n<p>Juana Yolanda L\u00f3pez Cruz, Pastor Teodoro Matadamas Ortiz y Victoria Bautista L\u00f3pez. Estrategias de aprovechamiento de frutos org\u00e1nicos para promover el desarrollo regional y sustentabilidad ambiental en comunidades de la Sierra Norte de Oaxaca. Editorial UNAM. 2024. Colecci\u00f3n Desafios contempor\u00e1neos del desarrollo regional. Vol. 1 Sostenibilidad y desarrollo regional de cara a los desaf\u00edos socioambientales. ISBN UNAM Colecci\u00f3n: 978-607-30-9746-8. ISBN UNAM Volumen I: 978-607-30-9747-5.<\/p>\n\n\n\n<p><\/p>\n","protected":false},"excerpt":{"rendered":"<p>Editor de libros: Matadamas O.P.: Investigaci\u00f3n en Oaxaca-Compendio a inicios del siglo XXI. CIIDIR-Oaxaca, IPN. M\u00e9xico 2008. 108 pp. Matadamas, O.P., Serrano B. C., Navarro A.J. Problemas de contaminaci\u00f3n de la alfarer\u00eda oaxaque\u00f1a. Rev. CIECAS, Hacia los l\u00edmites del conocimiento. CIECAS IPN. 4\/2004. Vol. VI. Pp. 40-45. Art\u00edculos de Divulgaci\u00f3n Matadamas O. P. Serrano B. [&hellip;]<\/p>\n","protected":false},"author":30,"featured_media":0,"parent":0,"menu_order":0,"comment_status":"closed","ping_status":"closed","template":"","meta":{"_swt_meta_header_display":false,"_swt_meta_footer_display":false,"_swt_meta_site_title_display":false,"_swt_meta_sticky_header":false,"_swt_meta_transparent_header":false,"footnotes":""},"class_list":["post-7","page","type-page","status-publish","hentry"],"_links":{"self":[{"href":"https:\/\/web.ciidiroaxaca.ipn.mx\/pmatadamaso\/wp-json\/wp\/v2\/pages\/7","targetHints":{"allow":["GET"]}}],"collection":[{"href":"https:\/\/web.ciidiroaxaca.ipn.mx\/pmatadamaso\/wp-json\/wp\/v2\/pages"}],"about":[{"href":"https:\/\/web.ciidiroaxaca.ipn.mx\/pmatadamaso\/wp-json\/wp\/v2\/types\/page"}],"author":[{"embeddable":true,"href":"https:\/\/web.ciidiroaxaca.ipn.mx\/pmatadamaso\/wp-json\/wp\/v2\/users\/30"}],"replies":[{"embeddable":true,"href":"https:\/\/web.ciidiroaxaca.ipn.mx\/pmatadamaso\/wp-json\/wp\/v2\/comments?post=7"}],"version-history":[{"count":9,"href":"https:\/\/web.ciidiroaxaca.ipn.mx\/pmatadamaso\/wp-json\/wp\/v2\/pages\/7\/revisions"}],"predecessor-version":[{"id":61,"href":"https:\/\/web.ciidiroaxaca.ipn.mx\/pmatadamaso\/wp-json\/wp\/v2\/pages\/7\/revisions\/61"}],"wp:attachment":[{"href":"https:\/\/web.ciidiroaxaca.ipn.mx\/pmatadamaso\/wp-json\/wp\/v2\/media?parent=7"}],"curies":[{"name":"wp","href":"https:\/\/api.w.org\/{rel}","templated":true}]}}