{"id":6,"date":"2011-10-20T21:20:40","date_gmt":"2011-10-20T21:20:40","guid":{"rendered":"https:\/\/web.ciidiroaxaca.ipn.mx\/pmatadamaso\/dr-pastor-teodoro-matadamas-ortiz\/"},"modified":"2025-10-24T15:38:25","modified_gmt":"2025-10-24T21:38:25","slug":"dr-pastor-teodoro-matadamas-ortiz","status":"publish","type":"page","link":"https:\/\/web.ciidiroaxaca.ipn.mx\/pmatadamaso\/","title":{"rendered":"Dr. Pastor Teodoro Matadamas Ortiz"},"content":{"rendered":"\n<figure class=\"wp-block-image aligncenter\"><img decoding=\"async\" src=\"https:\/\/web.ciidiroaxaca.ipn.mx\/pmatadamaso\/wp-content\/uploads\/sites\/25\/2011\/10\/MATADAMAS-ORTIZ-PASTOR-TEODORO1.jpg\" alt=\"\" \/><\/figure>\n\n\n\n<h3 class=\"wp-block-heading has-text-align-center\">Doctor en Ciencias Agr\u00edcolas con especialidad en Maquinaria, Universidad Humboldt de Berl\u00edn, Alemania.<\/h3>\n\n\n\n<p class=\"has-text-align-center\">Profesor colegiado del posgrado del CIIDIR Oaxaca, Instituto Polit\u00e9cnico Nacional.<\/p>\n\n\n\n<p class=\"has-text-align-center\">\u00c1reas de inter\u00e9s: Dise\u00f1o mec\u00e1nico de prototipos de m\u00e1quinas agroindustriales<\/p>\n\n\n\n<p class=\"has-text-align-center\">Correo electr\u00f3nico: pmatadamaso@ipn.mx&nbsp;&nbsp;&nbsp;&nbsp;&nbsp; Extensi\u00f3n: 82739<\/p>\n\n\n\n<p><\/p>\n","protected":false},"excerpt":{"rendered":"<p>Doctor en Ciencias Agr\u00edcolas con especialidad en Maquinaria, Universidad Humboldt de Berl\u00edn, Alemania. Profesor colegiado del posgrado del CIIDIR Oaxaca, Instituto Polit\u00e9cnico Nacional. \u00c1reas de inter\u00e9s: Dise\u00f1o mec\u00e1nico de prototipos de m\u00e1quinas agroindustriales Correo electr\u00f3nico: pmatadamaso@ipn.mx&nbsp;&nbsp;&nbsp;&nbsp;&nbsp; Extensi\u00f3n: 82739<\/p>\n","protected":false},"author":30,"featured_media":0,"parent":0,"menu_order":0,"comment_status":"closed","ping_status":"closed","template":"","meta":{"_swt_meta_header_display":false,"_swt_meta_footer_display":false,"_swt_meta_site_title_display":false,"_swt_meta_sticky_header":false,"_swt_meta_transparent_header":false,"footnotes":""},"class_list":["post-6","page","type-page","status-publish","hentry"],"_links":{"self":[{"href":"https:\/\/web.ciidiroaxaca.ipn.mx\/pmatadamaso\/wp-json\/wp\/v2\/pages\/6","targetHints":{"allow":["GET"]}}],"collection":[{"href":"https:\/\/web.ciidiroaxaca.ipn.mx\/pmatadamaso\/wp-json\/wp\/v2\/pages"}],"about":[{"href":"https:\/\/web.ciidiroaxaca.ipn.mx\/pmatadamaso\/wp-json\/wp\/v2\/types\/page"}],"author":[{"embeddable":true,"href":"https:\/\/web.ciidiroaxaca.ipn.mx\/pmatadamaso\/wp-json\/wp\/v2\/users\/30"}],"replies":[{"embeddable":true,"href":"https:\/\/web.ciidiroaxaca.ipn.mx\/pmatadamaso\/wp-json\/wp\/v2\/comments?post=6"}],"version-history":[{"count":6,"href":"https:\/\/web.ciidiroaxaca.ipn.mx\/pmatadamaso\/wp-json\/wp\/v2\/pages\/6\/revisions"}],"predecessor-version":[{"id":67,"href":"https:\/\/web.ciidiroaxaca.ipn.mx\/pmatadamaso\/wp-json\/wp\/v2\/pages\/6\/revisions\/67"}],"wp:attachment":[{"href":"https:\/\/web.ciidiroaxaca.ipn.mx\/pmatadamaso\/wp-json\/wp\/v2\/media?parent=6"}],"curies":[{"name":"wp","href":"https:\/\/api.w.org\/{rel}","templated":true}]}}