{"id":12,"date":"2011-10-20T21:39:29","date_gmt":"2011-10-20T21:39:29","guid":{"rendered":"https:\/\/web.ciidiroaxaca.ipn.mx\/pmatadamaso\/actividades-academicas\/"},"modified":"2025-10-24T15:14:17","modified_gmt":"2025-10-24T21:14:17","slug":"actividades-academicas","status":"publish","type":"page","link":"https:\/\/web.ciidiroaxaca.ipn.mx\/pmatadamaso\/actividades-academicas\/","title":{"rendered":"Actividades acad\u00e9micas"},"content":{"rendered":"\n<h3 class=\"wp-block-heading\">Docente de las asignaturas:<\/h3>\n\n\n\n<ul class=\"wp-block-list\">\n<li>Procesos de transformaci\u00f3n con tecnolog\u00edas adecuadas<\/li>\n\n\n\n<li>Modelaci\u00f3n matem\u00e1tica y computacional<\/li>\n\n\n\n<li>M\u00e9todos de dise\u00f1o en ingenier\u00eda<\/li>\n\n\n\n<li>Seminarios de investigaci\u00f3n<\/li>\n<\/ul>\n\n\n\n<h3 class=\"wp-block-heading\">Experiencia en administraci\u00f3n educativa<\/h3>\n\n\n\n<ul class=\"wp-block-list\">\n<li>Subdirector Acad\u00e9mico y de Investigaci\u00f3n del Centro Interdisciplinario de Investigaci\u00f3n para el Desarrollo Integral Regional, Unidad Oaxaca. A partir del 1\u00ba de diciembre de 2019 a Mayo 2023.<\/li>\n\n\n\n<li>Coordinador de la Maestr\u00eda en Ciencias en Conservaci\u00f3n y Aprovechamiento de Recursos Naturales del Centro Interdisciplinario de Investigaci\u00f3n para el Desarrollo Integral Regional, Unidad Oaxaca. De 2011 a 2013.<\/li>\n\n\n\n<li>Subdirector Acad\u00e9mico del Centro Interdisciplinario de Investigaci\u00f3n para el Desarrollo Integral Regional, Unidad Oaxaca. De 2005 a 2008.<\/li>\n\n\n\n<li>Subdirector Acad\u00e9mico del Centro Interdisciplinario de Investigaci\u00f3n para el Desarrollo Integral Regional, Unidad Oaxaca. De 2000 a 2001.<\/li>\n\n\n\n<li>Coordinador del programa de investigaci\u00f3n: Desarrollo de tecnolog\u00eda para la micro, peque\u00f1a y mediana empresa de los sectores agr\u00edcola, industrial y de servicios. Centro Interdisciplinario de Investigaci\u00f3n para el Desarrollo Integral Regional, Unidad Oaxaca. De 1997 a 2000.<\/li>\n\n\n\n<li>Jefe del \u00c1rea Acad\u00e9mica: \u201cMaquinaria Agr\u00edcola General y Especial. Universidad Aut\u00f3noma Chapingo. De 1988 a 1989.<\/li>\n\n\n\n<li>Coordinador del complejo tem\u00e1tico de investigaci\u00f3n: \u201cEstrategias de mecanizaci\u00f3n agropecuaria en M\u00e9xico\u201d. Dentro del programa conjunto de investigaci\u00f3n entre la Universidad Aut\u00f3noma Chapingo y la Universidad Humboldt de Berl\u00edn, Rep\u00fablica Democr\u00e1tica Alemana. 1987.<\/li>\n<\/ul>\n","protected":false},"excerpt":{"rendered":"<p>Docente de las asignaturas: Experiencia en administraci\u00f3n educativa<\/p>\n","protected":false},"author":30,"featured_media":0,"parent":0,"menu_order":0,"comment_status":"closed","ping_status":"closed","template":"","meta":{"_swt_meta_header_display":false,"_swt_meta_footer_display":false,"_swt_meta_site_title_display":false,"_swt_meta_sticky_header":false,"_swt_meta_transparent_header":false,"footnotes":""},"class_list":["post-12","page","type-page","status-publish","hentry"],"_links":{"self":[{"href":"https:\/\/web.ciidiroaxaca.ipn.mx\/pmatadamaso\/wp-json\/wp\/v2\/pages\/12","targetHints":{"allow":["GET"]}}],"collection":[{"href":"https:\/\/web.ciidiroaxaca.ipn.mx\/pmatadamaso\/wp-json\/wp\/v2\/pages"}],"about":[{"href":"https:\/\/web.ciidiroaxaca.ipn.mx\/pmatadamaso\/wp-json\/wp\/v2\/types\/page"}],"author":[{"embeddable":true,"href":"https:\/\/web.ciidiroaxaca.ipn.mx\/pmatadamaso\/wp-json\/wp\/v2\/users\/30"}],"replies":[{"embeddable":true,"href":"https:\/\/web.ciidiroaxaca.ipn.mx\/pmatadamaso\/wp-json\/wp\/v2\/comments?post=12"}],"version-history":[{"count":6,"href":"https:\/\/web.ciidiroaxaca.ipn.mx\/pmatadamaso\/wp-json\/wp\/v2\/pages\/12\/revisions"}],"predecessor-version":[{"id":64,"href":"https:\/\/web.ciidiroaxaca.ipn.mx\/pmatadamaso\/wp-json\/wp\/v2\/pages\/12\/revisions\/64"}],"wp:attachment":[{"href":"https:\/\/web.ciidiroaxaca.ipn.mx\/pmatadamaso\/wp-json\/wp\/v2\/media?parent=12"}],"curies":[{"name":"wp","href":"https:\/\/api.w.org\/{rel}","templated":true}]}}