{"id":6,"date":"2011-10-26T20:35:06","date_gmt":"2011-10-26T20:35:06","guid":{"rendered":"https:\/\/web.ciidiroaxaca.ipn.mx\/pcano\/tesis\/"},"modified":"2026-02-03T21:30:42","modified_gmt":"2026-02-04T03:30:42","slug":"tesis","status":"publish","type":"page","link":"https:\/\/web.ciidiroaxaca.ipn.mx\/pcano\/tesis\/","title":{"rendered":"Tesis"},"content":{"rendered":"\n<h3 class=\"wp-block-heading\">Temas de tesis para desarrollar:<\/h3>\n\n\n\n<ul class=\"wp-block-list\">\n<li>Uso de la Imagenolog\u00eda por Resonancia Magn\u00e9tica para el estudio del movimiento de fluidos y microestructura del concreto.<\/li>\n\n\n\n<li>Sensores miniatura\/arreglos unilaterales de resonancia magn\u00e9tica para monitoreo de propiedades mec\u00e1nicas, distribuci\u00f3n de tama\u00f1o de poro, contenido de humedad, carbonataci\u00f3n y agrietamiento en materiales basados en cemento.<\/li>\n\n\n\n<li>Ultrasonido para detectar defectos y da\u00f1os, as\u00ed como penetraci\u00f3n de fluidos y carbonataci\u00f3n en materiales basados en cemento.<\/li>\n\n\n\n<li>Resistividad el\u00e9ctrica para detectar penetraci\u00f3n de iones cloruro y carbonataci\u00f3n en materiales basados en cemento.<\/li>\n\n\n\n<li>Uso de pol\u00edmeros naturales, adiciones minerales de bajo costo, subproductos &nbsp;industriales y materiales reciclados en materiales basados en cemento.<\/li>\n\n\n\n<li>Geopol\u00edmeros base subproductos industriales.<\/li>\n\n\n\n<li>Reolog\u00eda de materiales basados en cemento.<\/li>\n\n\n\n<li>Durabilidad de estructuras de concreto y ferrocemento.<\/li>\n\n\n\n<li>Curado interno del concreto (con agregados ligeros y SAPs).<\/li>\n\n\n\n<li>Curado de concreto en climas c\u00e1lidos y su impacto en la permeabilidad del recubrimiento.<\/li>\n<\/ul>\n\n\n\n<h4 class=\"wp-block-heading\">Doctorado&nbsp;<\/h4>\n\n\n\n<div class=\"wp-block-group has-global-padding is-layout-constrained wp-block-group-is-layout-constrained\">\n<ul class=\"wp-block-list\">\n<li><strong>Alma Delia Zacaria Vital, <\/strong>Tierra vertida autoconsolidable, Codirecci\u00f3n con el Dr. Miguel Ch\u00e1vez Guti\u00e9rrez, en proceso, CIIDIR Unidad Oaxaca.<\/li>\n\n\n\n<li><strong>\u00d3scar Eduardo Luna Mart\u00ednez<\/strong>, Biocarb\u00f3n activado en la propiedades de materiales basados en cemento, en proceso, CIIDIR Unidad Oaxaca.  <\/li>\n\n\n\n<li><strong>Hugo Pel\u00e1ez Ram\u00edrez<\/strong>, Desarrollo de mezclas geopolim\u00e9ricas con base en jales mineros y subproductos industriales, <strong>en proceso<\/strong>, CIIDIR Unidad Oaxaca del IPN.<\/li>\n\n\n\n<li><strong>Frank Manuel Le\u00f3n Mart\u00ednez<\/strong>, Evaluaci\u00f3n de alginato de sargazo y muc\u00edlago de nopal como modificadores reol\u00f3gicos de pastas y lechadas de cemento Portland para aplicaciones en impresi\u00f3n 3D. Codirecci\u00f3n con el Dr. Luis Medina Torres de la UNAM, <strong>en proceso<\/strong>, CIIDIR Unidad Oaxaca del IPN.<\/li>\n\n\n\n<li><strong>Miguel Alberto Pablo Calder\u00f3n<\/strong>, Determinaci\u00f3n de la penetraci\u00f3n de iones cloruro en materiales base cemento mediante resistividad el\u00e9ctrica y resonancia magn\u00e9tica. Defensa: 7 de febrero 2024, CIIDIR Unidad Oaxaca del IPN.<\/li>\n\n\n\n<li><strong>Floriberto D\u00edaz D\u00edaz<\/strong>, Sensores de resonancia magn\u00e9tica para la caracterizaci\u00f3n de aspectos de durabilidad del recubrimiento de concreto. Defensa 11 de agosto 2021, CIIDIR Unidad Oaxaca del IPN.<\/li>\n\n\n\n<li><strong>Arturo Emanuel Ram\u00edrez Ort\u00edz<\/strong>,&nbsp;Respuesta ultras\u00f3nica de pastas de cemento sujetas a difusi\u00f3n y ligado de iones cloruro. Codirecci\u00f3n con el Dr. Francisco Castellanos Le\u00f3n. Defensa: 10 de diciembre 2018, CIIDIR Unidad Oaxaca del IPN.<\/li>\n\n\n\n<li><strong>Mario Fernando Cosmes L\u00f3pez<\/strong>, Estudio de se\u00f1ales ultras\u00f3nicas de materiales basados en cemento durante procesos de hidrataci\u00f3n, carbonataci\u00f3n y penetraci\u00f3n de cloruros.&nbsp;Codirecci\u00f3n con el Dr. Francisco Castellanos. Defensa: 18 enero 2017, CIIDIR Unidad Oaxaca del IPN.<\/li>\n\n\n\n<li><strong>Eddisson Francisco Hern\u00e1ndez<\/strong>, Efecto del muc\u00edlago de nopal y extracto de algas en la hidrataci\u00f3n del cemento y en las propiedades de la soluci\u00f3n de poro. Codirecci\u00f3n con el Dr. Andr\u00e9s A. Torres Acosta (IMT), Defensa: 7 julio, 2016, CIIDIR Unidad Oaxaca del IPN.<\/li>\n\n\n\n<li><strong>Emilio Hern\u00e1ndez Bautista<\/strong>. Transferencia de masa y calor con reacci\u00f3n qu\u00edmica en materiales base cemento durante el curado con vapor de agua. Codirecci\u00f3n con el Dr. Sadoth Sandoval Torres, Defensa: 3 de febrero 2016, CIIDIR Unidad Oaxaca del IPN.<\/li>\n\n\n\n<li><strong>Lidia Argelia Ju\u00e1rez Ruiz<\/strong>, Durabilidad de concreto expuesto a un ambiente marino. Codirecci\u00f3n con el Dr. Pedro Castro Borges (CINVESTAV M\u00e9rida). Defensa: Julio 2010, CIIDIR Unidad Oaxaca del IPN.<\/li>\n<\/ul>\n<\/div>\n\n\n\n<h4 class=\"wp-block-heading\">Maestr\u00eda<\/h4>\n\n\n\n<ul class=\"wp-block-list\">\n<li><strong>Julieta Garc\u00eda Guzm\u00e1n<\/strong>, Absorci\u00f3n capilar de fluidos en mortero de cemento Portland, Codirecci\u00f3n con el M. en C. Frank Manuel Le\u00f3n Mart\u00ednez, en proceso, CIIDIR Unidad Oaxaca del IPN.<\/li>\n\n\n\n<li><strong>Alejandro Fabi\u00e1n Hern\u00e1ndez<\/strong>, Absorci\u00f3n de fluidos en materiales base cemento, Codirecci\u00f3n con el Dr. Sadoth Sandoval Torres, <strong>en proceso<\/strong>, CIIDIR Unidad Oaxaca del IPN.<\/li>\n\n\n\n<li><strong>\u00d3scar Eduardo Luna Mart\u00ednez<\/strong>, Propiedades mec\u00e1nicas y de durabilidad de morteros con adiciones de biocarb\u00f3n de caf\u00e9 y carb\u00f3n vegetal activado. Defensa: 6 de noviembre 2025, CIIDIR Unidad Oaxaca del IPN.<\/li>\n\n\n\n<li><strong>Manuel Alejandro L\u00f3pez Arellanes<\/strong>, Monitoreo mediante resonancia magn\u00e9tica del curado interno de pasta de cemento conteniendo vidrio volc\u00e1nico o pol\u00edmero superabsorbente. Codirecci\u00f3n con M. en C. Frank Manuel Le\u00f3n Mart\u00ednez. Defensa: 13 de enero 2020, CIIDIR Unidad Oaxaca del IPN.&nbsp;<\/li>\n\n\n\n<li><strong>Marcelino Benito V\u00e1squez L\u00f3pez<\/strong>,&nbsp;Propiedades mec\u00e1nicas de mortero de cemento Portland conteniendo&nbsp;PET reciclado, Alumno Visitante de la Universidad Chapingo. Codirecci\u00f3n con el Dr. Martin Hidalgo Reyes de la Universidad Aut\u00f3noma Chapingo.&nbsp;Defensa: 31 de enero 2019, Universidad Aut\u00f3noma Chapingo.&nbsp;<\/li>\n\n\n\n<li><strong>Alejandra del Carmen Amaya Pineda<\/strong>,&nbsp;Estudio por resonancia magn\u00e9tica nuclear de la hidrataci\u00f3n de pastas de cemento Portland conteniendo muc\u00edlago de nopal. Codirecci\u00f3n con el Dr. Ra\u00fal G. Enr\u00edquez Habib (UNAM). Defensa: 20 de enero 2016, CIIDIR Unidad Oaxaca del IPN.<\/li>\n\n\n\n<li><strong>Arturo Emanuel Ram\u00edrez Ortiz<\/strong>,&nbsp;Ultrasonido aplicado al estudio de la penetraci\u00f3n y ligado de cloruros en pastas de cemento. Codirecci\u00f3n con el Dr. Francisco Castellanos Le\u00f3n. Defensa: diciembre 2013, CIIDIR Unidad Oaxaca del IPN.<\/li>\n\n\n\n<li><strong>Floriberto D\u00edaz D\u00edaz<\/strong>,&nbsp;Sensor miniatura de resonancia magn\u00e9tica nuclear para caracterizaci\u00f3n no destructiva de materiales basados en cemento. &nbsp;Codirecci\u00f3n con el Dr. Sergio Enrique Sol\u00eds N\u00e1jera. Defensa: enero 2013, CIIDIR Unidad Oaxaca del IPN.<\/li>\n\n\n\n<li><strong>Susana Edith Hern\u00e1ndez Arrazola<\/strong>,&nbsp;Tiempos de relajaci\u00f3n de resonancia magn\u00e9tica nuclear y su relaci\u00f3n con el grado de hidrataci\u00f3n de pastas de cemento. Codirecci\u00f3n con el Dr. Alfredo Od\u00f3n Rodr\u00edguez (UAM). Defensa: junio 2012, CIIDIR Unidad Oaxaca del IPN.&nbsp; &nbsp;<\/li>\n\n\n\n<li><strong>Edisson Francisco Hern\u00e1ndez<\/strong>,&nbsp;Permeabilidad a cloruros y carbonataci\u00f3n en concreto conteniendo muc\u00edlago de nopal y alginatos. Codirecci\u00f3n con el Dr. Andr\u00e9s A. Torres Acosta (IMT). Defensa: junio 2012, CIIDIR Unidad Oaxaca del IPN.&nbsp;&nbsp;<\/li>\n\n\n\n<li><strong>Juanito Benitez Carrasco<\/strong>,&nbsp;Evaluaci\u00f3n de la segregaci\u00f3n est\u00e1tica en concreto auto-consolidable utilizando un dispositivo basado en la ley de Stokes, Codirecci\u00f3n. Defensa: junio 2011, CIIDIR Unidad Oaxaca del IPN.<\/li>\n\n\n\n<li><strong>Eduardo Cortez Ortiz<\/strong>,&nbsp;Caracterizaci\u00f3n de procesos f\u00edsicos en materiales basados en cemento mediante interferometr\u00eda ultras\u00f3nica, Codirecci\u00f3n con el Dr. Andres Pech Perez. Defensa: junio 2011, CIIDIR Unidad Oaxaca del IPN.&nbsp;<\/li>\n\n\n\n<li><strong>Samuel Ram\u00edrez Arellanes<\/strong>,&nbsp;Determinaci\u00f3n de las propiedades mec\u00e1nicas y microestructurales del concreto conteniendo muc\u00edlago de nopal como aditivo natural. Codirecci\u00f3n con el Dr. Carlos G\u00f3mez Y\u00e1nez (ESIQIE IPN). Defensa:&nbsp;Julio 2008, CIIDIR Unidad Oaxaca del IPN.<\/li>\n\n\n\n<li><strong>Roberto Rom\u00e1n M\u00e9ndez Mariano<\/strong>,&nbsp;Determinaci\u00f3n de la reactividad puzol\u00e1nica de adiciones minerales de origen natural con el cemento P\u00f3rtland. Codirecci\u00f3n con el Dr. Pedro Leobardo Tamez Valdez (UANL). Defensa: junio 2008, CIIDIR Unidad Oaxaca del IPN.&nbsp;&nbsp;<\/li>\n\n\n\n<li><strong>Fernando Juli\u00e1n Caballero<\/strong>,&nbsp;Secado, absorci\u00f3n de agua y difusi\u00f3n de cloruros en concreto conteniendo extracto de nopal. Defensa:, Diciembre 2008, CIIDIR Unidad Oaxaca del IPN.&nbsp;<\/li>\n\n\n\n<li><strong>Sildia Mecott G\u00f3mez<\/strong>,&nbsp;Vivienda bioclim\u00e1tica con paneles modulares de ferrocemento y materiales aislantes alternativos para la ciudad de Oaxaca, Oax. Defensa: noviembre 2007 (Menci\u00f3n Honor\u00edfica), CIIDIR Unidad Oaxaca del IPN.&nbsp;&nbsp;<\/li>\n\n\n\n<li><strong>Ricardo Carrillo Maciel<\/strong>,&nbsp;Resistencia &nbsp;la compresi\u00f3n y absorci\u00f3n de agua de concreto conteniendo agregado p\u00e9treo reciclado. Defensa:&nbsp;Julio 2007, Instituto Tecnol\u00f3gico de Oaxaca.&nbsp;&nbsp;&nbsp;<\/li>\n\n\n\n<li><strong>Herwing Zeth L\u00f3pez Calvo<\/strong>,&nbsp;Desarrollo de un sistema constructivo modular de mortero armado para una vivienda de inter\u00e9s social en el municipio de Oaxaca de Ju\u00e1rez, Oaxaca.&nbsp;Defensa: 2005 (Menci\u00f3n Honor\u00edfica), Benem\u00e9rita Universidad Aut\u00f3noma de Puebla.&nbsp;&nbsp;&nbsp;<\/li>\n\n\n\n<li><strong>Sebasti\u00e1n Ruiz Garc\u00eda<\/strong>,&nbsp;Concreto autoconsolidante para climas calidos utilizando una soluci\u00f3n de extracto de nopal y polvo de caliza. Defensa:&nbsp;2005, Instituto Tecnol\u00f3gico de Oaxaca.&nbsp;<\/li>\n<\/ul>\n\n\n\n<h4 class=\"wp-block-heading\">Licenciatura<\/h4>\n\n\n\n<ul class=\"wp-block-list\">\n<li><strong>Jan\u00edn Coral Vara Ram\u00edrez<\/strong>, Dise\u00f1o de una Ludoteca de Ferrocemento para el IEEPO. Defensa: Mayo 2008, Facultad de Arquitectura 5 de Mayo de la UABJO.&nbsp;<\/li>\n\n\n\n<li><strong>Kristian Hern\u00e1ndez Soriano<\/strong>, Propiedades de durabilidad de materiales basados en cemento que contienen ceniza de c\u00e1scara de cacahuate como puzolana. Defensa: noviembre 2006, Instituto Tecnol\u00f3gico de Oaxaca.<\/li>\n\n\n\n<li><strong>Fernando Juli\u00e1n Caballero<\/strong>, Efecto del extracto de nopal en las propiedades mec\u00e1nicas y de durabilidad de en concreto ordinario y de alto desempe\u00f1o. Defensa: octubre 2006, Instituto Tecnol\u00f3gico de Oaxaca.<\/li>\n<\/ul>\n\n\n\n<h3 class=\"wp-block-heading\">Residencia profesional<\/h3>\n\n\n\n<ul class=\"wp-block-list\">\n<li><strong>Eloy Mart\u00ednez S\u00e1nchez<\/strong>. Terminada: febrero 2015, Instituto Tecnol\u00f3gico de Oaxaca.<\/li>\n\n\n\n<li><strong>Yossune Dayanira Castellanos Hern\u00e1ndez<\/strong> (Ingenier\u00eda Civil). Terminada:&nbsp;enero 2015, Instituto Tecnol\u00f3gico de Oaxaca.&nbsp;<\/li>\n\n\n\n<li><strong>Manuel Alejandro L\u00f3pez Arellanes<\/strong> (Ingenier\u00eda Civil), Curado de pastas de cemento con vapor de agua estudiado por medio de RMN. Instituto Tecnol\u00f3gico de Oaxaca.<\/li>\n\n\n\n<li><strong>Yecenia Luna Osorno<\/strong> (Ingenier\u00eda Civil). Terminada: junio 2015, Instituto Tecnol\u00f3gico de Oaxaca.<\/li>\n\n\n\n<li><strong>Julio C\u00e9sar Hern\u00e1ndez Salinas<\/strong> (Ingenier\u00eda en Dise\u00f1o Industrial). Terminada, Universidad Tecnol\u00f3gica de la Mixteca.&nbsp;<\/li>\n\n\n\n<li><strong>Julieta Garc\u00eda Guzm\u00e1n <\/strong>(Ingenier\u00eda Civil). Presentada el 30 de abril.&nbsp;Terminada:&nbsp;2018, Instituto tecnol\u00f3gico de Oaxaca.<\/li>\n\n\n\n<li><strong>Alejandro Fabian Hern\u00e1ndez<\/strong> (Ingenier\u00eda Civil-Instituto Tecnol\u00f3gico de Oaxaca), Porosidad saturada y coeficiente de absorci\u00f3n en mortero de cemento Portland ordinario durante absorci\u00f3n capilar de agua y alcohol isoprop\u00edlico. Terminada marzo 2021.<\/li>\n\n\n\n<li><strong>Casandra Camacho Sampablo<\/strong> (Ingenier\u00eda Qu\u00edmica-Instituto Tecnol\u00f3gico de Oaxaca), Desarrollo de concreto autoconsolidable. Terminada septiembre 2025.<\/li>\n\n\n\n<li><strong>Alexis Miguel P\u00e9rez Bautista<\/strong> (Ingenier\u00eda Qu\u00edmica-Instituto Tecnol\u00f3gico de Oaxaca), Desarrollo de concreto autoconsolidable. Terminada septiembre 2025.<\/li>\n<\/ul>\n\n\n\n<p><\/p>\n","protected":false},"excerpt":{"rendered":"<p>Temas de tesis para desarrollar: Doctorado&nbsp; Maestr\u00eda Licenciatura Residencia profesional<\/p>\n","protected":false},"author":12,"featured_media":0,"parent":0,"menu_order":0,"comment_status":"closed","ping_status":"closed","template":"","meta":{"_swt_meta_header_display":false,"_swt_meta_footer_display":false,"_swt_meta_site_title_display":false,"_swt_meta_sticky_header":false,"_swt_meta_transparent_header":false,"footnotes":""},"class_list":["post-6","page","type-page","status-publish","hentry"],"_links":{"self":[{"href":"https:\/\/web.ciidiroaxaca.ipn.mx\/pcano\/wp-json\/wp\/v2\/pages\/6","targetHints":{"allow":["GET"]}}],"collection":[{"href":"https:\/\/web.ciidiroaxaca.ipn.mx\/pcano\/wp-json\/wp\/v2\/pages"}],"about":[{"href":"https:\/\/web.ciidiroaxaca.ipn.mx\/pcano\/wp-json\/wp\/v2\/types\/page"}],"author":[{"embeddable":true,"href":"https:\/\/web.ciidiroaxaca.ipn.mx\/pcano\/wp-json\/wp\/v2\/users\/12"}],"replies":[{"embeddable":true,"href":"https:\/\/web.ciidiroaxaca.ipn.mx\/pcano\/wp-json\/wp\/v2\/comments?post=6"}],"version-history":[{"count":17,"href":"https:\/\/web.ciidiroaxaca.ipn.mx\/pcano\/wp-json\/wp\/v2\/pages\/6\/revisions"}],"predecessor-version":[{"id":128,"href":"https:\/\/web.ciidiroaxaca.ipn.mx\/pcano\/wp-json\/wp\/v2\/pages\/6\/revisions\/128"}],"wp:attachment":[{"href":"https:\/\/web.ciidiroaxaca.ipn.mx\/pcano\/wp-json\/wp\/v2\/media?parent=6"}],"curies":[{"name":"wp","href":"https:\/\/api.w.org\/{rel}","templated":true}]}}