{"id":5,"date":"2011-10-26T20:29:25","date_gmt":"2011-10-26T20:29:25","guid":{"rendered":"https:\/\/web.ciidiroaxaca.ipn.mx\/pcano\/proyectos-de-investigacion-equipamiento\/"},"modified":"2025-10-21T21:05:39","modified_gmt":"2025-10-22T03:05:39","slug":"proyectos-de-investigacion","status":"publish","type":"page","link":"https:\/\/web.ciidiroaxaca.ipn.mx\/pcano\/proyectos-de-investigacion\/","title":{"rendered":"Proyectos de investigaci\u00f3n\/Equipamiento"},"content":{"rendered":"\n<h3 class=\"wp-block-heading\">Proyectos de Investigaci\u00f3n<\/h3>\n\n\n\n<ul class=\"wp-block-list\">\n<li>Desarrollo de materiales reducidos en huella de carbono para impresi\u00f3n 3D: An\u00e1lisis reol\u00f3gico-mec\u00e1nico de mezclas y modelamiento del proceso de impresi\u00f3n, Clave CBF-2025-I-2711, SECIHTI.<\/li>\n\n\n\n<li>Subproductos industriales y materiales de desecho para producir cementantes con aplicaciones en materiales de construcci\u00f3n, clave SIP 20250540<\/li>\n\n\n\n<li>Subproductos industriales y materiales de desecho para producir cementantes con aplicaciones en materiales de construcci\u00f3n, clave SIP 20240334.<\/li>\n\n\n\n<li>Propiedades f\u00edsicas, qu\u00edmicas y funcionales de biopol\u00edmeros de cactus, clave SIP 20231520.<\/li>\n\n\n\n<li>Hidrataci\u00f3n y propiedades en estado endurecido de materiales base cemento conteniendo extracto de sargazo, clave SIP 20221260.<\/li>\n\n\n\n<li>Penetraci\u00f3n de iones cloruro en mortero de cemento Portland estudiada por medio de resistividad el\u00e9ctrica, clave SIP 20210481.<\/li>\n\n\n\n<li>Propiedades mec\u00e1nicas y reol\u00f3gicas de mortero de cemento Portland conteniendo part\u00edculas de tereftalato de polietileno (PET, clave SIP 20200022.<\/li>\n\n\n\n<li>Curado interno de morteros de cemento Portland utilizando vidrio volc\u00e1nico y un pol\u00edmero superabsorbente saturados, clave SIP 20196038.<\/li>\n\n\n\n<li>Perfiles de distribuci\u00f3n de humedad en mortero y concreto determinados por medio de un arreglo unilateral de tres magnetos de resonancia magn\u00e9tica, clave SIP 20180029.<\/li>\n\n\n\n<li>Carbonataci\u00f3n de mortero de cemento Portland estudiada por medio de resonancia magn\u00e9tica de bajo campo, clave SIP 20170803.<\/li>\n\n\n\n<li>Penetraci\u00f3n de l\u00edquidos inertes\/reactivos en pastas y morteros de cemento Portland durante absorci\u00f3n capilar, clave SIP 20160926.<\/li>\n\n\n\n<li>Estudio de las propiedades de durabilidad del recubrimiento del concreto por medio de resonancia magn\u00e9tica de los n\u00facleos <sup>1<\/sup>H y <sup>35<\/sup>Cl, Proyecto Conacyt CB-2014 (2015-2018), clave 239727. Director de proyecto.<\/li>\n\n\n\n<li>Agrietamiento, distribuci\u00f3n de tama\u00f1o de poro y durabilidad de materiales base cemento estudiados por medio de resonancia magn\u00e9tica. Clave SIP 20150498. Director de proyecto.<\/li>\n\n\n\n<li>Reolog\u00eda, microestructura e hidrataci\u00f3n de pastas de cemento conteniendo aditivos modificadores de viscosidad naturales. Clave SIP 20140613. Director de proyecto.<\/li>\n\n\n\n<li>Resonancia magn\u00e9tica nuclear como t\u00e9cnica no destructiva y no invasiva para estudiar microestructura y fen\u00f3menos de transporte en medios porosos, Clave Conacyt CB 103763 (2010-2013, terminado). Director de proyecto.<\/li>\n\n\n\n<li>Desarrollo y caracterizaci\u00f3n no destructiva de materiales de alto desempe\u00f1o basados en cemento, Clave SIP 20130808. Director de proyecto.<\/li>\n\n\n\n<li>An\u00e1lisis en el dominio tiempo-frecuencia de la penetraci\u00f3n de agentes agresivos en elementos de concreto hidra\u00falico. Conacyt Ciencia B\u00e1sica Clave 154552 (2012-2014). Participante.<\/li>\n\n\n\n<li>Prototipo de cimiento prefabricado de concreto armado para la construcci\u00f3n de vivienda convencional, Proyecto Proinnova 2012, clave Conacyt 181915. Participante.<\/li>\n\n\n\n<li>Desarrollo tecnol\u00f3gico de aditivos sustentables de alto valor agregado para la industria del concreto: modificadores de viscosidad, aligerantes y desmoldantes. Proyecto Proinnova 2011, clave Conacyt 150440. Participante.&nbsp;<\/li>\n\n\n\n<li>Desarrollo de aditivos, compuestos y energ\u00eda sustentables para la industria del concreto. Proyecto Proinnova 2010, Clave Conacyt 137669. Responsable t\u00e9cnico por parte del CIIDIR Oaxaca.<\/li>\n\n\n\n<li>Innovaci\u00f3n y desarrollo de tecnolog\u00edas para productos de concreto prefabricados. Conacyt-Herrozinc (2009), Clave 113169. Responsable t\u00e9cnico por parte del CIIDIR Oaxaca. Terminado.<\/li>\n\n\n\n<li>Resonancia magn\u00e9tica nuclear in situ para monitorear materiales basados en cemento en estructuras en campo. Conacyt 82752 (2008-2009). Director de proyecto. &nbsp;Terminado.<\/li>\n\n\n\n<li>Resonancia magn\u00e9tica nuclear para la evaluaci\u00f3n no destructiva del desarrollo de propiedades mec\u00e1nicas y refinamiento de porosidad en materiales basados en cemento, SIP-IPN 20100391, 20110616 (2009-2011). Director.<\/li>\n<\/ul>\n\n\n\n<h2 class=\"wp-block-heading\">Proyectos de Equipamiento&nbsp;<\/h2>\n\n\n\n<ul class=\"wp-block-list\">\n<li>Fortalecimiento del Laboratorio de T\u00e9cnicas no Destructivas y An\u00e1lisis de Materiales del CIIDIR Unidad Oaxaca, Clave Conacyt 225183 (INFR-2014-01). Director de proyecto.<\/li>\n\n\n\n<li>Laboratorio Central para An\u00e1lisis de Materiales, Clave Conacyt 123158, 2009-2010. Director de proyecto.<\/li>\n<\/ul>\n","protected":false},"excerpt":{"rendered":"<p>Proyectos de Investigaci\u00f3n Proyectos de Equipamiento&nbsp;<\/p>\n","protected":false},"author":12,"featured_media":0,"parent":0,"menu_order":0,"comment_status":"closed","ping_status":"closed","template":"","meta":{"_swt_meta_header_display":false,"_swt_meta_footer_display":false,"_swt_meta_site_title_display":false,"_swt_meta_sticky_header":false,"_swt_meta_transparent_header":false,"footnotes":""},"class_list":["post-5","page","type-page","status-publish","hentry"],"_links":{"self":[{"href":"https:\/\/web.ciidiroaxaca.ipn.mx\/pcano\/wp-json\/wp\/v2\/pages\/5","targetHints":{"allow":["GET"]}}],"collection":[{"href":"https:\/\/web.ciidiroaxaca.ipn.mx\/pcano\/wp-json\/wp\/v2\/pages"}],"about":[{"href":"https:\/\/web.ciidiroaxaca.ipn.mx\/pcano\/wp-json\/wp\/v2\/types\/page"}],"author":[{"embeddable":true,"href":"https:\/\/web.ciidiroaxaca.ipn.mx\/pcano\/wp-json\/wp\/v2\/users\/12"}],"replies":[{"embeddable":true,"href":"https:\/\/web.ciidiroaxaca.ipn.mx\/pcano\/wp-json\/wp\/v2\/comments?post=5"}],"version-history":[{"count":8,"href":"https:\/\/web.ciidiroaxaca.ipn.mx\/pcano\/wp-json\/wp\/v2\/pages\/5\/revisions"}],"predecessor-version":[{"id":103,"href":"https:\/\/web.ciidiroaxaca.ipn.mx\/pcano\/wp-json\/wp\/v2\/pages\/5\/revisions\/103"}],"wp:attachment":[{"href":"https:\/\/web.ciidiroaxaca.ipn.mx\/pcano\/wp-json\/wp\/v2\/media?parent=5"}],"curies":[{"name":"wp","href":"https:\/\/api.w.org\/{rel}","templated":true}]}}