{"id":26,"date":"2012-05-25T15:53:53","date_gmt":"2012-05-25T15:53:53","guid":{"rendered":"https:\/\/web.ciidiroaxaca.ipn.mx\/pcano\/grupo-de-materiales-basados-en-cemento\/"},"modified":"2025-10-13T19:38:05","modified_gmt":"2025-10-13T19:38:05","slug":"grupo-de-materiales-basados-en-cemento","status":"publish","type":"page","link":"https:\/\/web.ciidiroaxaca.ipn.mx\/pcano\/grupo-de-materiales-basados-en-cemento\/","title":{"rendered":"Grupo de Materiales Basados en Cemento"},"content":{"rendered":"\n<figure class=\"wp-block-image aligncenter size-full\"><img loading=\"lazy\" decoding=\"async\" width=\"455\" height=\"132\" src=\"https:\/\/web.ciidiroaxaca.ipn.mx\/pcano\/wp-content\/uploads\/sites\/12\/2012\/05\/Logo_0.png\" alt=\"Logo Grupo de Materiales Basados en Cemento\" class=\"wp-image-14\" srcset=\"https:\/\/web.ciidiroaxaca.ipn.mx\/pcano\/wp-content\/uploads\/sites\/12\/2012\/05\/Logo_0.png 455w, https:\/\/web.ciidiroaxaca.ipn.mx\/pcano\/wp-content\/uploads\/sites\/12\/2012\/05\/Logo_0-300x87.png 300w\" sizes=\"auto, (max-width: 455px) 100vw, 455px\" \/><\/figure>\n\n\n\n<h2 class=\"wp-block-heading\">Introducci\u00f3n<\/h2>\n\n\n\n<p>El Grupo de Materiales Basados en Cemento del CIIDIR Unidad Oaxaca, del Instituto Polit\u00e9cnico Nacional inici\u00f3 actividades el 4 de septiembre de 2006 con el objetivo de realizar investigaci\u00f3n aplicada y desarrollo tecnol\u00f3gico relacionados con materiales sustentables basados en cemento para la industria de la construcci\u00f3n, as\u00ed como la aplicaci\u00f3n de t\u00e9cnicas no destructivas como la resonancia magn\u00e9tica y el ultrasonido para caracterizar su microestructura, propiedades mec\u00e1nicas y durabilidad.<\/p>\n\n\n\n<p>El Grupo colabora a nivel nacional e internacional.&nbsp;A nivel nacional se ha colaborado con el Laboratorio de Tecnolog\u00eda del Concreto de la UANL, con el Instituto de Investigaciones en Materiales de la UNAM,&nbsp;&nbsp;la ESIQIE del IPN, y con el Instituto Mexicano del Transporte.&nbsp;A nivel internacional se ha colaborado con el Centro de Imagenolog\u00eda por Resonancia Magn\u00e9tica del Depto. de F\u00edsica, cuyo director es el Dr. Bruce J. Balcom, as\u00ed como con el Dr. Michael D. A. Thomas del Departamento de Ing. Civil. Ambos departamentos son de la Universidad de New Brunswick, Canad\u00e1. As\u00ed tambi\u00e9n se colabora con el Dr. Eddisson Hern\u00e1ndez de la Universidad Nacional de Ingenier\u00eda de Managua, Nicaragua. Los productos de estas colaboraciones han sido principalmente art\u00edculos cient\u00edficos en revistas indizadas en el Journal Citations Report, as\u00ed como direcci\u00f3n de tesis de alumnos de Maestr\u00eda y Doctorado.<\/p>\n\n\n\n<p>Los miembros del grupo participan como profesores en la Maestr\u00eda y el Doctorado en Ciencias en Conservaci\u00f3n y Aprovechamiento de Recursos Naturales, los cuales se encuentran reconocidos por el Sistema Nacional de Posgrado (SNP) del Consejo Nacional de Ciencia y Tecnolog\u00eda (Conacyt).<\/p>\n\n\n\n<p>Por otra parte, el grupo ofrece servicios de investigaci\u00f3n y desarrollo tecnol\u00f3gico a la industria de la construcci\u00f3n en el \u00e1rea de tecnolog\u00eda y durabilidad de concreto.<\/p>\n\n\n\n<h3 class=\"wp-block-heading\">Profesores investigadores<\/h3>\n\n\n\n<p>Dr. Prisciliano Felipe de Jes\u00fas Cano Barrita<br>L\u00edder del Grupo y Responsable de los&nbsp;Laboratorios de Materiales Basados en Cemento y el Laboratorio de T\u00e9cnicas no Destructivas y An\u00e1lisis de Materiales.<\/p>\n\n\n\n<p>Dr. Francisco Castellanos Le\u00f3n<br>Profesor Investigador&nbsp;<\/p>\n\n\n\n<p>M. en C. Frank Manuel Le\u00f3n Mart\u00ednez<br>Profesor Investigador<\/p>\n\n\n\n<p>Dr. Floriberto D\u00edaz D\u00edaz<br>Estancia posdoctoral<\/p>\n\n\n\n<p>Dr. AlejandroVillarreal L\u00f3pez&nbsp;<br>Estancia posdoctoral<\/p>\n\n\n\n<h3 class=\"wp-block-heading\">Estudiantes de posgrado actuales<\/h3>\n\n\n\n<p>M. en C. Frank Manuel Le\u00f3n Mart\u00ednez (Doctorado)<\/p>\n\n\n\n<p>M. en C. Hugo Pel\u00e1ez Ram\u00edrez (Doctorado)<\/p>\n\n\n\n<p>Ing. Oscar Eduardo Luna Mart\u00ednez (Maestr\u00eda)<\/p>\n\n\n\n<p>Ing. Alejandro Fabi\u00e1n Hern\u00e1ndez (Maestr\u00eda)<\/p>\n\n\n\n<p>Estudiantes de licenciatura actuales<\/p>\n\n\n\n<p>Eliel Reyes Alavez (Servicio Social)<\/p>\n\n\n\n<p>Jaquelinne Flores Mendoza (Residencia profesional)<\/p>\n\n\n\n<p>Viktor Acevedo Arzola (Pr\u00e1cticas profesionales)<\/p>\n\n\n\n<h2 class=\"wp-block-heading\">L\u00edneas de Investigaci\u00f3n<\/h2>\n\n\n\n<p>1.&nbsp; Tecnolog\u00eda y durabilidad de materiales sustentable basados en cemento<\/p>\n\n\n\n<ul class=\"wp-block-list\">\n<li>Aditivos naturales para modificar propiedades en estado fresco y endurecido, as\u00ed como desmoldantes base aceites vegetales<\/li>\n\n\n\n<li>Puzolanas naturales y subproductos&nbsp; de la industria como adiciones minerales<\/li>\n\n\n\n<li>Reolog\u00eda de&nbsp; materiales basados en cemento<\/li>\n\n\n\n<li>Agregados reciclados y agregados ligeros (curado interno)<\/li>\n\n\n\n<li>Concreto de alto desempe\u00f1o incluyendo autoconsolidable, ligero, polvos reactivos, modificado con pol\u00edmeros, polim\u00e9rico, permeable, revenimiento cero, etc.<\/li>\n<\/ul>\n\n\n\n<p>2. T\u00e9cnicas no destructivas para la caracterizaci\u00f3n de materiales (Resonancia magn\u00e9tica, ultrasonido y resistividad el\u00e9ctrica)<\/p>\n\n\n\n<ul class=\"wp-block-list\">\n<li>Propiedades mec\u00e1nicas y de durabilidad en materiales<\/li>\n\n\n\n<li>Hidrataci\u00f3n y caracterizaci\u00f3n microestructural de materiales base cemento<\/li>\n\n\n\n<li>Propiedades f\u00edsicas y qu\u00edmicas de la soluci\u00f3n de poro<\/li>\n\n\n\n<li>Absorci\u00f3n capilar de agua en condiciones de campo y de laboratorio<\/li>\n\n\n\n<li>Penetraci\u00f3n y ligado de cloruros, carbonataci\u00f3n del&nbsp; concreto, agrietamiento<\/li>\n<\/ul>\n\n\n\n<p>El trabajo de investigaci\u00f3n realizado se apoya con dos laboratorios creados y equipados principalmente a trav\u00e9s de proyectos de investigaci\u00f3n y proyectos de apoyo a la infraestructura del Conacyt, dirigidos por el Dr. Prisciliano Felipe de Jes\u00fas Cano Barrita. Estos laboratorios tambi\u00e9n ofrecen servicio a otros investigadores y estudiantes de posgrado del CIIDIR Oaxaca, as\u00ed como de otras instituciones locales. A continuaci\u00f3n se describen los dos laboratorios y el equipamiento con que cuentan.<\/p>\n\n\n\n<h3 class=\"wp-block-heading\">Laboratorio de Materiales Basados en Cemento<\/h3>\n\n\n\n<p>Responsable: Dr. Prisciliano Felipe de Jes\u00fas Cano Barrita<\/p>\n\n\n\n<p>Este laboratorio est\u00e1 equipado para realizar investigaci\u00f3n y proporcionar servicio a la industria de la construcci\u00f3n en el \u00e1rea de ciencia y tecnolog\u00eda de materiales basados en cemento. Estos servicios incluyen dise\u00f1o de mezclas de concreto ordinario y de alto desempe\u00f1o (auto-consolidable, ligero, alta resistencia, permeable, etc.), determinaci\u00f3n de propiedades mec\u00e1nicas (resistencia a la compresi\u00f3n y m\u00f3dulo de elasticidad), permeabilidad r\u00e1pida a cloruros, coeficientes de difusi\u00f3n de cloruros, carbonataci\u00f3n acelerada, absorci\u00f3n capilar de agua, caracterizaci\u00f3n de concreto por medio de velocidad de pulso ultras\u00f3nico y martillo de rebote, as\u00ed como detecci\u00f3n de la ubicaci\u00f3n del acero de refuerzo.<\/p>\n\n\n\n<p>Este laboratorio cuenta con el siguiente equipamiento:&nbsp; &nbsp; &nbsp; &nbsp;<\/p>\n\n\n\n<ul class=\"wp-block-list\">\n<li>Equipo para permeabilidad r\u00e1pida a cloruros (ASTM 1202) Germann Instruments con capacidad para ocho celdas<\/li>\n\n\n\n<li>Sistema para ensayos de cloruros en campo<\/li>\n\n\n\n<li>Titulador potenciom\u00e9trico para ion cloruro marca Metrohm<\/li>\n\n\n\n<li>Resistiv\u00edmetro marca RESIPOD 38 mm, con aditamento para distancia de puntas variable<\/li>\n\n\n\n<li>Calor\u00edmetro para medir calor de hidrataci\u00f3n del cemento<\/li>\n\n\n\n<li>C\u00e1mara ambiental Lumistel Modelo ITH-450, rango de temperatura de 10-50 oC y humedad relativa &gt;45%, capacidad m\u00e1xima de 450 L<\/li>\n\n\n\n<li>C\u00e1mara de carbonataci\u00f3n Lumistel Modelo ITH 75A, rango de temperatura de 15-50 oC, humedad relativa desde ambiente-80%,&nbsp;control de CO2 m\u00e1ximo de 5%,&nbsp;capacidad m\u00e1xima para 250 L,&nbsp;<\/li>\n\n\n\n<li>Extractor de polvos Germann Instruments para determinaci\u00f3n de contenido de cloruros<\/li>\n\n\n\n<li>Detector de acero de refuerzo (profundidad y diametro) marca CONTROLS<\/li>\n\n\n\n<li>Medidor Marca Vaisala de humedad relativa en el interior del concreto<\/li>\n\n\n\n<li>Prensa digital con capacidad de carga de 120 toneladas marca ELVEC<\/li>\n\n\n\n<li>Prensa digital con capacidad de carga de 200 toneladas marca CONTROLS<\/li>\n\n\n\n<li>Marco de carga con capacidad para 30 toneladas<\/li>\n\n\n\n<li>Equipo para instrumentaci\u00f3n con medidores de deformaci\u00f3n (strain gages)<\/li>\n\n\n\n<li>Equipo para extracci\u00f3n de n\u00facleos de concreto<\/li>\n\n\n\n<li>Mezcladoras el\u00e9ctricas para pastas de cemento, mortero y concreto<\/li>\n\n\n\n<li>Mesa vibradora para la compactaci\u00f3n de cilindros de concreto<\/li>\n\n\n\n<li>Rotap para granulometr\u00eda de agregados<\/li>\n\n\n\n<li>Sierra cortadora de cilindros marca CONTROLS<\/li>\n\n\n\n<li>Sierra&nbsp; VC-50 VARI\/CUT para secciones delgadas 0-500 rpm con micr\u00f3metro m\u00e9trico<\/li>\n\n\n\n<li>Cuarto de curado en h\u00famedo<\/li>\n\n\n\n<li>Anillos de carga de distintas capacidades<\/li>\n<\/ul>\n\n\n\n<div class=\"wp-block-columns is-layout-flex wp-container-core-columns-is-layout-28f84493 wp-block-columns-is-layout-flex\">\n<div class=\"wp-block-column is-layout-flow wp-block-column-is-layout-flow\" style=\"flex-basis:25%\">\n<figure class=\"wp-block-image is-resized\"><img decoding=\"async\" src=\"https:\/\/web.ciidiroaxaca.ipn.mx\/pcano\/wp-content\/uploads\/sites\/12\/2012\/05\/DSC_8293.JPG\" alt=\"\" style=\"width:183px;height:auto\"\/><\/figure>\n<\/div>\n\n\n\n<div class=\"wp-block-column is-layout-flow wp-block-column-is-layout-flow\" style=\"flex-basis:50%\">\n<figure class=\"wp-block-image\"><img decoding=\"async\" src=\"https:\/\/web.ciidiroaxaca.ipn.mx\/pcano\/wp-content\/uploads\/sites\/12\/2012\/05\/DSC_8291.JPG\" alt=\"\"\/><\/figure>\n<\/div>\n\n\n\n<div class=\"wp-block-column is-layout-flow wp-block-column-is-layout-flow\" style=\"flex-basis:25%\">\n<figure class=\"wp-block-image is-resized\"><img decoding=\"async\" src=\"https:\/\/web.ciidiroaxaca.ipn.mx\/pcano\/wp-content\/uploads\/sites\/12\/2012\/05\/DSC_6166.JPG\" alt=\"\" style=\"width:183px;height:auto\"\/><\/figure>\n<\/div>\n<\/div>\n\n\n\n<div class=\"wp-block-columns is-layout-flex wp-container-core-columns-is-layout-28f84493 wp-block-columns-is-layout-flex\">\n<div class=\"wp-block-column is-layout-flow wp-block-column-is-layout-flow\">\n<figure class=\"wp-block-image aligncenter\"><img decoding=\"async\" src=\"https:\/\/web.ciidiroaxaca.ipn.mx\/pcano\/wp-content\/uploads\/sites\/12\/2012\/05\/DSC_8285.JPG\" alt=\"\"\/><\/figure>\n<\/div>\n\n\n\n<div class=\"wp-block-column is-layout-flow wp-block-column-is-layout-flow\">\n<figure class=\"wp-block-image aligncenter is-resized\"><img decoding=\"async\" src=\"https:\/\/web.ciidiroaxaca.ipn.mx\/pcano\/wp-content\/uploads\/sites\/12\/2012\/05\/20140524_085859.jpg\" alt=\"\" style=\"width:367px;height:auto\"\/><\/figure>\n<\/div>\n<\/div>\n\n\n\n<h3 class=\"wp-block-heading\">Laboratorio de T\u00e9cnicas no Destructivas y An\u00e1lisis de Materiales<\/h3>\n\n\n\n<p>Responsable: Dr. Prisciliano Felipe de Jes\u00fas Cano Barrita&nbsp;<\/p>\n\n\n\n<p>Este laboratorio est\u00e1 equipado para realizar investigaci\u00f3n y proporcionar servicio a la industria en el \u00e1rea de caracterizaci\u00f3n de materiales org\u00e1nicos e inorg\u00e1nicos por medio de espectroscopia infrarroja con transformada de Fourier, imaginolog\u00eda y relaxometr\u00eda por resonancia magn\u00e9tica, reolog\u00eda de fluidos, ultrasonido y microscop\u00eda electr\u00f3nica de barrido en bajo (modo ambiental) y alto vac\u00edo. Este laboratorio cuenta con el primer microscopio electr\u00f3nico de barrido en la Ciudad de Oaxaca y brindar\u00e1 amplio servicio a la academia y a la industria.<\/p>\n\n\n\n<p>Este laboratorio cuenta con el siguiente equipamiento:&nbsp; &nbsp;&nbsp;<\/p>\n\n\n\n<ul class=\"wp-block-list\">\n<li>Microscopio electr\u00f3nico de barrido de presi\u00f3n variable (alto y bajo vac\u00edo) Marca JEOL modelo JSM-IT300LV, que permite observar muestras conteniendo humedad<\/li>\n\n\n\n<li>Unidad sputter\/etch<\/li>\n\n\n\n<li>Espectr\u00f3metro para la obtenci\u00f3n de im\u00e1genes por medio de resonancia magn\u00e9tica (12.9 MHz) Marca Oxford Instruments Modelo MARAN DRX HF 12\/50. &nbsp;<\/li>\n\n\n\n<li>Espectr\u00f3metro para imagenolog\u00eda por resonancia magn\u00e9tica marca Magritek Modelo Terranova<\/li>\n\n\n\n<li>Espectr\u00f3metro de NMR marca Magritek Modelo Kea2 a 3.2 MHz con sensor unilateral MOLE<\/li>\n\n\n\n<li>Arreglo de tres magnetos para NMR (4.64 MHz) donado por el Dr. Bruce J. Balcom de la Universidad de New Brunswick, Canad\u00e1<\/li>\n\n\n\n<li>Sweeper marca Morris Instruments<\/li>\n\n\n\n<li>Gaus\u00edmetro para mapeo manual de campo magn\u00e9tico<\/li>\n\n\n\n<li>Emisores\/Receptores de ultrasonido 5058 PR y 5077PR-15U, marca Olympus con transductores a cortante y\/o compresi\u00f3n desde 50 KHz hasta 2.25 MHz<\/li>\n\n\n\n<li>Osciloscopio marca Tektronix<\/li>\n\n\n\n<li>PUNDIT con transductores a 54 KHz<\/li>\n\n\n\n<li>Re\u00f3metro Anton Paar Physica Modelo MCR 301, que cuenta con sistema de esferas y geometr\u00edas de platos paralelos, c\u00f3nicos y cilindros conc\u00e9ntricos<\/li>\n\n\n\n<li>Equipo de espectroscop\u00eda infrarroja con Transformada de Fourier Marca ThermoScientific Modelo Nicolet 6700 de grado investigaci\u00f3n<\/li>\n<\/ul>\n\n\n\n<div class=\"wp-block-columns is-layout-flex wp-container-core-columns-is-layout-28f84493 wp-block-columns-is-layout-flex\">\n<div class=\"wp-block-column is-layout-flow wp-block-column-is-layout-flow\">\n<figure class=\"wp-block-image aligncenter\"><img decoding=\"async\" src=\"https:\/\/web.ciidiroaxaca.ipn.mx\/pcano\/wp-content\/uploads\/sites\/12\/2012\/05\/DSC_8269.JPG\" alt=\"\"\/><\/figure>\n\n\n\n<figure class=\"wp-block-image\"><img decoding=\"async\" src=\"https:\/\/web.ciidiroaxaca.ipn.mx\/pcano\/wp-content\/uploads\/sites\/12\/2012\/05\/DSC_6394.JPG\" alt=\"\"\/><\/figure>\n\n\n\n<figure class=\"wp-block-image\"><img decoding=\"async\" src=\"https:\/\/web.ciidiroaxaca.ipn.mx\/pcano\/wp-content\/uploads\/sites\/12\/2012\/05\/DSC_6415.JPG\" alt=\"\"\/><\/figure>\n<\/div>\n\n\n\n<div class=\"wp-block-column is-layout-flow wp-block-column-is-layout-flow\">\n<figure class=\"wp-block-image aligncenter is-resized\"><img decoding=\"async\" src=\"https:\/\/web.ciidiroaxaca.ipn.mx\/pcano\/wp-content\/uploads\/sites\/12\/2012\/05\/20150616_162345.jpg\" alt=\"\" style=\"width:367px;height:auto\"\/><\/figure>\n\n\n\n<figure class=\"wp-block-image\"><img decoding=\"async\" src=\"https:\/\/web.ciidiroaxaca.ipn.mx\/pcano\/wp-content\/uploads\/sites\/12\/2012\/05\/DSC_6402.JPG\" alt=\"\"\/><\/figure>\n\n\n\n<figure class=\"wp-block-image\"><img decoding=\"async\" src=\"https:\/\/web.ciidiroaxaca.ipn.mx\/pcano\/wp-content\/uploads\/sites\/12\/2012\/05\/DSC_6373.JPG\" alt=\"\"\/><\/figure>\n<\/div>\n<\/div>\n\n\n\n<p>Para solicitar colaboraci\u00f3n acad\u00e9mica o cualquier servicio relacionado con los laboratorios, favor de enviar una solicitud al Dr. Prisciliano Felipe de Jes\u00fas Cano Barrita.<\/p>\n","protected":false},"excerpt":{"rendered":"<p>Introducci\u00f3n El Grupo de Materiales Basados en Cemento del CIIDIR Unidad Oaxaca, del Instituto Polit\u00e9cnico Nacional inici\u00f3 actividades el 4 de septiembre de 2006 con el objetivo de realizar investigaci\u00f3n aplicada y desarrollo tecnol\u00f3gico relacionados con materiales sustentables basados en cemento para la industria de la construcci\u00f3n, as\u00ed como la aplicaci\u00f3n de t\u00e9cnicas no destructivas [&hellip;]<\/p>\n","protected":false},"author":12,"featured_media":0,"parent":0,"menu_order":0,"comment_status":"closed","ping_status":"closed","template":"","meta":{"_swt_meta_header_display":false,"_swt_meta_footer_display":false,"_swt_meta_site_title_display":false,"_swt_meta_sticky_header":false,"_swt_meta_transparent_header":false,"footnotes":""},"class_list":["post-26","page","type-page","status-publish","hentry"],"_links":{"self":[{"href":"https:\/\/web.ciidiroaxaca.ipn.mx\/pcano\/wp-json\/wp\/v2\/pages\/26","targetHints":{"allow":["GET"]}}],"collection":[{"href":"https:\/\/web.ciidiroaxaca.ipn.mx\/pcano\/wp-json\/wp\/v2\/pages"}],"about":[{"href":"https:\/\/web.ciidiroaxaca.ipn.mx\/pcano\/wp-json\/wp\/v2\/types\/page"}],"author":[{"embeddable":true,"href":"https:\/\/web.ciidiroaxaca.ipn.mx\/pcano\/wp-json\/wp\/v2\/users\/12"}],"replies":[{"embeddable":true,"href":"https:\/\/web.ciidiroaxaca.ipn.mx\/pcano\/wp-json\/wp\/v2\/comments?post=26"}],"version-history":[{"count":3,"href":"https:\/\/web.ciidiroaxaca.ipn.mx\/pcano\/wp-json\/wp\/v2\/pages\/26\/revisions"}],"predecessor-version":[{"id":77,"href":"https:\/\/web.ciidiroaxaca.ipn.mx\/pcano\/wp-json\/wp\/v2\/pages\/26\/revisions\/77"}],"wp:attachment":[{"href":"https:\/\/web.ciidiroaxaca.ipn.mx\/pcano\/wp-json\/wp\/v2\/media?parent=26"}],"curies":[{"name":"wp","href":"https:\/\/api.w.org\/{rel}","templated":true}]}}