{"id":12,"date":"2011-10-26T21:22:48","date_gmt":"2011-10-26T21:22:48","guid":{"rendered":"https:\/\/web.ciidiroaxaca.ipn.mx\/pcano\/dr-prisciliano-felipe-de-jesus-cano-barrita\/"},"modified":"2025-11-05T20:11:08","modified_gmt":"2025-11-06T02:11:08","slug":"dr-prisciliano-felipe-de-jesus-cano-barrita","status":"publish","type":"page","link":"https:\/\/web.ciidiroaxaca.ipn.mx\/pcano\/","title":{"rendered":"Dr. Prisciliano Felipe de Jes\u00fas Cano Barrita"},"content":{"rendered":"\n<figure class=\"wp-block-image aligncenter is-resized\"><img decoding=\"async\" src=\"https:\/\/web.ciidiroaxaca.ipn.mx\/pcano\/wp-content\/uploads\/sites\/12\/2011\/10\/large_IMG20240924221735-menor_0.jpg\" alt=\"\" style=\"width:254px;height:auto\" \/><\/figure>\n\n\n\n<h3 class=\"wp-block-heading has-text-align-center\">Doctor en Ingenier\u00eda Civil, Universidad de New Brunswick, Canad\u00e1<\/h3>\n\n\n\n<h5 class=\"wp-block-heading has-text-align-center\">Miembro del Sistema Nacional de Investigadores Nivel II<\/h5>\n\n\n\n<h5 class=\"wp-block-heading has-text-align-center\">Presidente de Alconpat M\u00e9xico 2024-2026<\/h5>\n\n\n\n<p class=\"has-text-align-center\"><strong>L\u00edneas de investigaci\u00f3n:<\/strong> Ciencia y Tecnolog\u00eda de materiales basados en cemento, t\u00e9cnicas no destructivas para el estudio de materiales.<\/p>\n\n\n\n<p class=\"has-text-align-center\">Tel\u00e9fono: 52 (951) 5170610 Ext 82773<\/p>\n\n\n\n<p class=\"has-text-align-center\">Correo electr\u00f3nico: pcano@ipn.mx &nbsp; &nbsp; &nbsp;<\/p>\n\n\n\n<p class=\"has-text-align-center\"><a href=\"https:\/\/scholar.google.com\/citations?user=4-xxNNEAAAAJ&amp;hl=es\" target=\"_blank\" rel=\"noreferrer noopener\">Perfil en Google Scholar<\/a><\/p>\n\n\n\n<p class=\"has-text-align-center\"><a href=\"https:\/\/www.researchgate.net\/profile\/Prisciliano_Cano_Barrita\" target=\"_blank\" rel=\"noreferrer noopener\">Perfil en Researchgate<\/a><\/p>\n\n\n\n<p class=\"has-text-align-center\"><a href=\"https:\/\/www.scopus.com\/authid\/detail.uri?authorId=25636835800\" target=\"_blank\" rel=\"noreferrer noopener\">Perfil en Scopus<\/a><\/p>\n\n\n\n<p><strong>Temas de inter\u00e9s:<\/strong><\/p>\n\n\n\n<ul class=\"wp-block-list\">\n<li>Uso de la Imagenolog\u00eda por Resonancia Magn\u00e9tica para el estudio del movimiento de agua en concreto, as\u00ed como la penetraci\u00f3n de iones cloruro y otros agentes agresivos<\/li>\n\n\n\n<li>Sensores miniatura\/arreglos unilaterales de resonancia magn\u00e9tica para monitoreo de propiedades mec\u00e1nicas, distribuci\u00f3n de tama\u00f1o de poro, contenido de humedad, carbonataci\u00f3n y agrietamiento en materiales basados en cemento<\/li>\n\n\n\n<li>Ultrasonido para detectar defectos y da\u00f1os, as\u00ed como penetraci\u00f3n de fluidos y carbonataci\u00f3n en materiales basados en cemento<\/li>\n\n\n\n<li>Resistividad el\u00e9ctrica para detectar penetraci\u00f3n de iones cloruro y carbonataci\u00f3n en materiales basados en cemento&nbsp;<\/li>\n\n\n\n<li>Uso de pol\u00edmeros naturales, adiciones minerales de bajo costo, subproductos &nbsp;industriales y materiales reciclados en materiales basados en cemento<\/li>\n\n\n\n<li>Reolog\u00eda de materiales basados en cemento<\/li>\n\n\n\n<li>Durabilidad de estructuras de concreto y ferrocemento<\/li>\n\n\n\n<li>Curado interno del concreto (con agregados ligeros y SAPs)<\/li>\n\n\n\n<li>Curado de concreto en climas c\u00e1lidos y su impacto en la permeabilidad del recubrimiento<\/li>\n<\/ul>\n\n\n\n<p>He formado y dirijo\u00a0el Grupo de Materiales Basados en Cemento,\u00a0as\u00ed como tambi\u00e9n he\u00a0creado y equipado dos laboratorios especializados:\u00a0el Laboratorio\u00a0de Materiales Basados en Cemento y el Laboratorio de T\u00e9cnicas no Destructivas y An\u00e1lisis de Materiales del CIIDIR Unidad Oaxaca, a trav\u00e9s de proyectos de investigaci\u00f3n y de fortalecimiento a la infraestructura financiados por el Conacyt. Se ha colaborado con profesores del Departamento de Ingenier\u00eda Civil y el <a href=\"http:\/\/www2.unb.ca\/mri\/\" target=\"_blank\" rel=\"noreferrer noopener\">Centro de Imaginolog\u00eda por Resonancia Magn\u00e9tica de la Universidad de New Brunswick<\/a>, Canad\u00e1, el Laboratorio de Tecnolog\u00eda del Concreto de la UANL, el Departamento de Metalurgia de la ESIQIE IPN, el Instituto de Investigaci\u00f3n en Materiales de la UNAM, el Instituto Mexicano del Transporte, el Departamento de Ciencias de la UNAM, as\u00ed como del propio CIIDIR Oaxaca.<\/p>\n\n\n\n<p>Participo como profesor titular en los programas de posgrado de <a href=\"https:\/\/www.ciidiroaxaca.ipn.mx\/oferta-educativa\/mccarn\/inicio.html\" target=\"_blank\" rel=\"noreferrer noopener\">Maestr\u00eda<\/a> y <a href=\"https:\/\/www.ciidiroaxaca.ipn.mx\/oferta-educativa\/dccarn\/inicio.html\" target=\"_blank\" rel=\"noreferrer noopener\">Doctorado en Conservaci\u00f3n y Aprovechamiento de Recursos Naturales<\/a>, ambos con nivel de Consolidado en el PNPC del Conacyt. A partir de agosto 2024 participo tambi\u00e9n como profesor titular en el <a href=\"https:\/\/www.ciidiroaxaca.ipn.mx\/oferta-educativa\/dicmmc\/inicio.html\" target=\"_blank\" rel=\"noreferrer noopener\">Doctorado en Ciencia y Tecnolog\u00eda de Ingenier\u00eda Civil, Materiales y Mec\u00e1nica Computacional<\/a>, programa impartido conjuntamente con la ESIA Zacatenco del IPN.<\/p>\n\n\n\n<p><\/p>\n","protected":false},"excerpt":{"rendered":"<p>Doctor en Ingenier\u00eda Civil, Universidad de New Brunswick, Canad\u00e1 Miembro del Sistema Nacional de Investigadores Nivel II Presidente de Alconpat M\u00e9xico 2024-2026 L\u00edneas de investigaci\u00f3n: Ciencia y Tecnolog\u00eda de materiales basados en cemento, t\u00e9cnicas no destructivas para el estudio de materiales. Tel\u00e9fono: 52 (951) 5170610 Ext 82773 Correo electr\u00f3nico: pcano@ipn.mx &nbsp; &nbsp; &nbsp; Perfil en [&hellip;]<\/p>\n","protected":false},"author":12,"featured_media":0,"parent":0,"menu_order":0,"comment_status":"closed","ping_status":"closed","template":"","meta":{"_swt_meta_header_display":false,"_swt_meta_footer_display":false,"_swt_meta_site_title_display":false,"_swt_meta_sticky_header":false,"_swt_meta_transparent_header":false,"footnotes":""},"class_list":["post-12","page","type-page","status-publish","hentry"],"_links":{"self":[{"href":"https:\/\/web.ciidiroaxaca.ipn.mx\/pcano\/wp-json\/wp\/v2\/pages\/12","targetHints":{"allow":["GET"]}}],"collection":[{"href":"https:\/\/web.ciidiroaxaca.ipn.mx\/pcano\/wp-json\/wp\/v2\/pages"}],"about":[{"href":"https:\/\/web.ciidiroaxaca.ipn.mx\/pcano\/wp-json\/wp\/v2\/types\/page"}],"author":[{"embeddable":true,"href":"https:\/\/web.ciidiroaxaca.ipn.mx\/pcano\/wp-json\/wp\/v2\/users\/12"}],"replies":[{"embeddable":true,"href":"https:\/\/web.ciidiroaxaca.ipn.mx\/pcano\/wp-json\/wp\/v2\/comments?post=12"}],"version-history":[{"count":6,"href":"https:\/\/web.ciidiroaxaca.ipn.mx\/pcano\/wp-json\/wp\/v2\/pages\/12\/revisions"}],"predecessor-version":[{"id":108,"href":"https:\/\/web.ciidiroaxaca.ipn.mx\/pcano\/wp-json\/wp\/v2\/pages\/12\/revisions\/108"}],"wp:attachment":[{"href":"https:\/\/web.ciidiroaxaca.ipn.mx\/pcano\/wp-json\/wp\/v2\/media?parent=12"}],"curies":[{"name":"wp","href":"https:\/\/api.w.org\/{rel}","templated":true}]}}