{"id":8,"date":"2016-09-29T17:10:45","date_gmt":"2016-09-29T17:10:45","guid":{"rendered":"https:\/\/web.ciidiroaxaca.ipn.mx\/pbenito\/tesis\/"},"modified":"2025-10-18T11:12:02","modified_gmt":"2025-10-18T17:12:02","slug":"tesis","status":"publish","type":"page","link":"https:\/\/web.ciidiroaxaca.ipn.mx\/pbenito\/tesis\/","title":{"rendered":"Tesis"},"content":{"rendered":"\n<h3 class=\"wp-block-heading\">DIRECCI\u00d3N DE TESIS DE MAESTR\u00cdA<\/h3>\n\n\n\n<p>Agroecolog\u00eda y Postcosecha en la Cafeticultura Zapoteca: Estrategias para mejorar la calidad del caf\u00e9 ar\u00e1bica var. Typica (<em>Coffea arabica <\/em>L.) en San Juan Taba\u00e1, Oaxaca&nbsp;<strong>Fidel  Ismsel Solis Castellanos <\/strong> Menci\u00f3n&nbsp;Cum Laude. Maestr\u00eda en Gesti\u00f3n de Proyectos para el Desarrollo Solidario. Instituto Polit\u00e9cnico Nacional. CIIDIR Unidad Oaxaca.&nbsp;Junio 2025<\/p>\n\n\n\n<p>Aprovechamiento de recursos frut\u00edcolas que permitan fortalecer la econom\u00eda familiar en la comunidad de Santo Domingo del Progreso, Juxtlahuaca, Oaxaca.&nbsp;<strong>Clara Mendoza Fidencio<\/strong>.&nbsp;Maestr\u00eda en Gesti\u00f3n de Proyectos para el Desarrollo Solidario. Instituto Polit\u00e9cnico Nacional. CIIDIR Unidad Oaxaca.&nbsp;Junio 2025<\/p>\n\n\n\n<p>Red solidaria para la comercializaci\u00f3n de productos agroecol\u00f3gicos de peque\u00f1os productores de los Valles Centrales y Sierra Norte de Oaxaca.&nbsp;<strong>Alejandra Sibilina Luis Luis.<\/strong>&nbsp;Maestr\u00eda en Gesti\u00f3n de Proyectos para el Desarrollo Solidario. Instituto Polit\u00e9cnico Nacional. CIIDIR Unidad Oaxaca.&nbsp;Junio 2025<\/p>\n\n\n\n<p>Reactivaci\u00f3n y fortalecimiento productivo de un grupo de mujeres campesinas de Zaachila, Oaxaca, como aportaci\u00f3n a su empoderamiento social y econ\u00f3mico.&nbsp;<strong>Dhalia Alejandra Villag\u00f3mez Gonz\u00e1lez<\/strong>.&nbsp;Maestr\u00eda en Gesti\u00f3n de Proyectos para el Desarrollo Solidario. Instituto Polit\u00e9cnico Nacional. CIIDIR Unidad Oaxaca.&nbsp;Diciembre 2023<\/p>\n\n\n\n<p>Estrategias prioritarias con enfoque solidario, para impulsar la cafeticultura en Campo M\u00e9xico, Asunci\u00f3n Cacalotepec, Oaxaca.<strong>&nbsp;Dalia Lisandra Eleuterio Ram\u00edrez.<\/strong>&nbsp;&nbsp;Maestr\u00eda en Gesti\u00f3n de Proyectos para el Desarrollo Solidario. Instituto Polit\u00e9cnico Nacional. CIIDIR Unidad Oaxaca. Julio 2023.<\/p>\n\n\n\n<p>Fortalecimiento de una Unidad Productora Familiar de quesillo, en Nazareno Etla, Oaxaca, a trav\u00e9s de los principios de Econom\u00eda Solidaria y la innovaci\u00f3n del sistema de producci\u00f3n.<strong> Nidia Karina Porras S\u00e1nchez<\/strong>. Maestr\u00eda en Gesti\u00f3n de Proyectos para el desarrollo solidario. Instituto Polit\u00e9cnico Nacional. CIIDIR Unidad Oaxaca. Agosto 2022.<\/p>\n\n\n\n<p>Gesti\u00f3n socioecon\u00f3mica para la transici\u00f3n del sistema de&nbsp;producci\u00f3n de caf\u00e9 tradicional a caf\u00e9 de especialidad, de peque\u00f1os productores de la etnia mazateca de Eloxochitl\u00e1n de Flores Mag\u00f3n, Oaxaca. <strong>Guillermo Aldaz Santaella<\/strong>. Menci\u00f3n&nbsp;Cum Laude.&nbsp;Maestr\u00eda en Gesti\u00f3n de Proyectos para el Desarrollo Solidario. Instituto Polit\u00e9cnico Nacional. CIIDIR Unidad Oaxaca. Trabajo ganador del segundo lugar del Premio Nacional \u201cDip. Francisco J. M\u00fagica\u201d sobre Desarrollo Rural Sustentable y Soberan\u00eda Alimentaria sexta edici\u00f3n, 2022, convocado por la&nbsp;C\u00e1mara de Diputados del H. Congreso de la Uni\u00f3n. Premio a la Mejor Tesis de Posgrado 2022, otorgado por el Instituto Polit\u00e9cnico Nacional.&nbsp;Junio 2022.<\/p>\n\n\n\n<p>Manejo postcosecha y transformaci\u00f3n de chile de agua (Capsicum annum L.) en Ayoquezco de Aldama, mediante la implementaci\u00f3n de pr\u00e1cticas solidarias.<strong>&nbsp;Itzel Hern\u00e1ndez Hern\u00e1ndez. <\/strong>Maestr\u00eda en Gesti\u00f3n de Proyectos para el Desarrollo Solidario. Instituto Polit\u00e9cnico Nacional. CIIDIR Unidad Oaxaca. Agosto 2021.<\/p>\n\n\n\n<p>Fortalecimiento del sistema productivo de un grupo de caprinocultores de Ayoquezco de Aldama, Zimatl\u00e1n, Oaxaca, bajo principios de Econom\u00eda Solidaria.&nbsp;<strong>Evelyn Itzel L\u00e1zaro Ju\u00e1rez.<\/strong> Menci\u00f3n Honor\u00edfica. Maestr\u00eda en Gesti\u00f3n de Proyectos para el Desarrollo Solidario. Instituto Polit\u00e9cnico Nacional. CIIDIR Unidad Oaxaca. Septiembre 2020.<\/p>\n\n\n\n<p>Contribuci\u00f3n a la seguridad alimentaria mediante la creaci\u00f3n de una cadena corta agroalimentaria del nopal en Villa Sola de Vega, Oaxaca. <strong>Ariadna P\u00e9rez Saucedo.<\/strong> Menci\u00f3n Honor\u00edfica.&nbsp;Maestr\u00eda en Gesti\u00f3n de Proyectos para el Desarrollo Solidario.&nbsp;Instituto Polit\u00e9cnico Nacional. CIIDIR Unidad Oaxaca. Enero 2019.<\/p>\n\n\n\n<p>Aprovechamiento sustentable de recursos frut\u00edcolas silvestres, en R\u00edo Seco, Zoquitl\u00e1n Oaxaca, para el fortalecimiento de la seguridad alimentaria. <strong>Hilda Nayeli Cortez<\/strong>.&nbsp;Maestr\u00eda en Gesti\u00f3n de Proyectos para el Desarrollo Solidario.&nbsp;Instituto Polit\u00e9cnico Nacional. CIIDIR Unidad Oaxaca. Enero 2019.&nbsp;Trabajo ganador del Tercer lugar en&nbsp;el Tercer Premio Nacional \u201cDip. Francisco J. M\u00fagica\u201d sobre Desarrollo Rural Sustentable y Soberan\u00eda Alimentaria 2019, convocado por la&nbsp;C\u00e1mara de Diputados del H. Congreso de la Uni\u00f3n.<\/p>\n\n\n\n<p>Emprendimiento social de mujeres del municipio de Santa Mar\u00eda Jaltianguis, como alternativa de desarrollo local desde sus potencialidades agroproductivas. <strong>Magdalena Mart\u00ednez Monterroza<\/strong>. Menci\u00f3n Honor\u00edfica. Maestr\u00eda en Gesti\u00f3n de Proyectos para el Desarrollo Solidario. Instituto Polit\u00e9cnico Nacional. Centro Interdisciplinario de Investigaci\u00f3n para el Desarrollo Integral Regional Unidad Oaxaca. 2016.<\/p>\n\n\n\n<p>Evaluaci\u00f3n de recursos frut\u00edcolas potenciales que permitan fortalecer su producci\u00f3n en el marco de una econom\u00eda solidaria en San Pedro Nexicho, Santa Catarina Ixtepeji, Ixtl\u00e1n, Oaxaca. <strong>Denisse Bibiana Hern\u00e1ndez Quevedo<\/strong>. Maestr\u00eda en Gesti\u00f3n de Proyectos para el Desarrollo Solidario. Menci\u00f3n Honor\u00edfica. Instituto Polit\u00e9cnico Nacional. Centro Interdisciplinario de Investigaci\u00f3n para el Desarrollo Integral Regional Unidad Oaxaca. 2015.<\/p>\n\n\n\n<p>Evaluaci\u00f3n del efecto de la aplicaci\u00f3n de atm\u00f3sferas extremas de CO2&nbsp;y bajas en O2&nbsp;sobre la actividad de las enzimas piruvato descarboxilasa (PDC) y alcohol deshidrogenasa (ADH), en frutos de mango (Mangifera indica L.) var oro.<strong> Nelly Arellanes Ju\u00e1rez<\/strong>. Maestr\u00eda en Ciencias en Ingenier\u00eda Bioqu\u00edmica. Instituto Tecnol\u00f3gico de Oaxaca. Oaxaca, Oax. 2008.<\/p>\n\n\n\n<p>Actividad de la enzima \u03b2-galactosidasa durante el almacenamiento de papaya (Carica papaya L.). Var. Maradol y su efecto sobre los par\u00e1metros de maduraci\u00f3n. <strong>Patricia Santiago Garc\u00eda<\/strong>. Maestr\u00eda en Ciencias en Ingenier\u00eda Bioqu\u00edmica. Instituto Tecnol\u00f3gico de Oaxaca. Oaxaca, Oax. 2002.<\/p>\n\n\n\n<h3 class=\"wp-block-heading\">DIRECCI\u00d3N DE TRABAJOS DE TITULACI\u00d3N NIVEL LICENCIATURA<\/h3>\n\n\n\n<p>Evaluaci\u00f3n funcional del mucilago obtenido de c\u00e1scaras de frutos de <em>stenocereus stellatus<\/em> como aditivo en sistemas alimentarios. <strong>Alberto Chanel Peralta Madrano<\/strong>.\u00a0Residencia profesional. Instituto Tecnol\u00f3gico Zacatepec-CIIDIR IPN Unidad Oaxaca.\u00a0En Proceso.<\/p>\n\n\n\n<p>Estableciminto y especificaci\u00f3n de las etapas de caf\u00e9 tradiconal en municipios de alta marginaci\u00f3n de la Sierra Norte de Oaxaca d\u00e1ndole un valor agregado al sistema productivo. <strong>Giovana Eillen Barr\u00f3n Hern\u00e1ndez<\/strong>.\u00a0Tesis profesional. Instituto Tecnol\u00f3gico Nacional de M\u00e9xico Campus Oaxaca &#8211; CIIDIR IPN Unidad Oaxaca.\u00a0En Proceso.<\/p>\n\n\n\n<p>Estableciminto y especificaci\u00f3n de las etapas de caf\u00e9 tradiconal en municipios de alta marginaci\u00f3n de la Sierra Norte de Oaxaca d\u00e1ndole un valor agregado al sistema productivo. <strong>Guadalupe Ruiz Luis<\/strong>.\u00a0Tesis profesional. Instituto Tecnol\u00f3gico Nacional de M\u00e9xico Campus Oaxaca &#8211; CIIDIR IPN Unidad Oaxaca.\u00a0En Proceso.<\/p>\n\n\n\n<p>Desarrollo tecnol\u00f3gico de licor y mermelada a partir de tres variedades de caf\u00e9 ar\u00e1biga de la sierra norte de Oaxaca. <strong>Adriana <strong>Ram\u00edrez Garc\u00eda<\/strong><\/strong>.\u00a0Tesis profesional. Instituto Tecnol\u00f3gico Nacional de M\u00e9xico Campus Oaxaca &#8211; CIIDIR IPN Unidad Oaxaca.\u00a0Junio 2025.<\/p>\n\n\n\n<p>Estableciminto y especificaci\u00f3n de las etapas de caf\u00e9 tradiconal en municipios de alta marginaci\u00f3n de la Sierra Norte de Oaxaca d\u00e1ndole un valor agregado al sistema productivo. <strong>Bibiana Esmeralda Ram\u00edrez Matus<\/strong>.\u00a0Tesis profesional. Instituto Tecnol\u00f3gico Nacional de M\u00e9xico Campus Oaxaca &#8211; CIIDIR IPN Unidad Oaxaca.\u00a0Marzo 2025<\/p>\n\n\n\n<p>Evaluaci\u00f3n de la pectina extra\u00edda del residuo h\u00famedo de caf\u00e9 como agente gelificante en alimentos. <strong>Mar\u00eda Guadalupe Sebasti\u00e1n Santiago<\/strong>.\u00a0Tesis profesional. Instituto Tecnol\u00f3gico de San Miguel el Grande-CIIDIR IPN Unidad Oaxaca.\u00a0Enero 2024.<\/p>\n\n\n\n<p>Elaboraci\u00f3n de vino a base de tunillo [Stenocereus stellatus (Pfeiffer) Riccobono]. <strong>Pablo Antonio Rodr\u00edguez Mendoza<\/strong>. Informe de Residencia Profesional. Instituto Tecnol\u00f3gico de Comitancillo- CIIDIR IPN Unidad Oaxaca. Enero 2020.<\/p>\n\n\n\n<p>Evaluaci\u00f3n del comportamiento de los compuestos funcionales en productos procesados del fruto de jiotilla [Escontria chiotilla (Weber) Rose]. <strong>Blanca Cruz Garz\u00f3n<\/strong>. Memoria de Estad\u00eda Profesional. Universidad de la Sierra Sur de Oaxaca- CIIDIR IPN Unidad Oaxaca. Agosto 2019.<\/p>\n\n\n\n<p>Efecto de la temperatura de almacenamiento sobre la calidad del fruto de zarzamora silvestre de localidades de la Sierra Norte de Oaxaca. <strong>Herminia Ch\u00e1vez Diego<\/strong>. Memoria de Estad\u00eda Profesional. Universidad de la Sierra Sur de Oaxaca- CIIDIR IPN Unidad Oaxaca. Abril 2019.<\/p>\n\n\n\n<p>Comportamiento de las propiedades funcionales de las mezclas de jugos de ar\u00e1ndano (Vaccinum corymbosum L.) y zarzamora (Rubus spp), cultivados en el estado de Oaxaca, por efecto del proceso de elaboraci\u00f3n y almacenamiento.<strong> Brenda Rojas V\u00e1squez<\/strong>.&nbsp;Memoria de Estad\u00eda Profesional.&nbsp;Universidad Tecnol\u00f3gica de la Sierra Sur-CIIDIR IPN Unidad Oaxaca. Agosto 2018.<\/p>\n\n\n\n<p>Efecto de las enzimas poligalacturonasa (PG) y \u00df-galactosidasa en la maduraci\u00f3n del tomatillo verde (Physalis ixocarpa Brot). <strong>Sherida Ruiz Orozco <\/strong>y Petrona Castillo L\u00f3pez. Instituto Tecnol\u00f3gico de Comitancillo, Oaxaca. 2013.&nbsp;&nbsp;<\/p>\n\n\n\n<p>Estudio preliminar del efecto del tratamiento hidrot\u00e9rmico sobre la maduraci\u00f3n del fruto de papaya (Carica papaya&nbsp;L.) Var. <strong>Maradol. Reyna D\u00edaz.<\/strong> Universidad Aut\u00f3noma Benito Ju\u00e1rez de Oaxaca.&nbsp; Oaxaca, Oax. 2002.<\/p>\n\n\n\n<p>Uso y control de agentes micost\u00e1ticos para la conservaci\u00f3n de trozos de pi\u00f1a \u201ccriolla\u201d (Ananas comosus&nbsp;L.). <strong>Margarita V\u00e1squez Mart\u00ednez<\/strong>. Universidad Aut\u00f3noma Benito Ju\u00e1rez de Oaxaca.&nbsp;Oaxaca, Oax. 2000.<\/p>\n\n\n\n<p>Efecto de los da\u00f1os por frio sobre los l\u00edpidos del fruto de papaya (Carica papaya L.). <strong>Marisol Crist\u00f3bal Maldonado<\/strong>. Universidad Aut\u00f3noma Benito Ju\u00e1rez de Oaxaca. Oaxaca, Oax. 2000.<\/p>\n\n\n\n<p>Aplicaci\u00f3n de tratamientos poscosecha para el control de antracnosis en frutos de papaya (Carica papaya&nbsp;L.). <strong>Gabriela Blas V\u00e1zquez<\/strong>. Universidad Aut\u00f3noma Benito Ju\u00e1rez de Oaxaca.&nbsp; Oaxaca, Oax. 1999.<\/p>\n\n\n\n<p>Cambios en la composici\u00f3n de compuestos p\u00e9cticos durante la maduraci\u00f3n de la papaya (Carica papaya&nbsp;L.) a diferentes temperaturas. <strong>Aruee K. Hern\u00e1ndez Carrasco<\/strong>. Universidad Aut\u00f3noma Benito Ju\u00e1rez de Oaxaca.&nbsp; Oaxaca, Oax. 1999.<\/p>\n\n\n\n<p>Obtenci\u00f3n y caracterizaci\u00f3n de betala\u00ednas en&nbsp;Opuntia decumbens Salm-Dyck. <strong>Minerva Martinez Cruz. <\/strong>Universidad Aut\u00f3noma Benito Ju\u00e1rez de Oaxaca.&nbsp; Oaxaca, Oax. 1999.<\/p>\n","protected":false},"excerpt":{"rendered":"<p>DIRECCI\u00d3N DE TESIS DE MAESTR\u00cdA Agroecolog\u00eda y Postcosecha en la Cafeticultura Zapoteca: Estrategias para mejorar la calidad del caf\u00e9 ar\u00e1bica var. Typica (Coffea arabica L.) en San Juan Taba\u00e1, Oaxaca&nbsp;Fidel Ismsel Solis Castellanos Menci\u00f3n&nbsp;Cum Laude. Maestr\u00eda en Gesti\u00f3n de Proyectos para el Desarrollo Solidario. Instituto Polit\u00e9cnico Nacional. CIIDIR Unidad Oaxaca.&nbsp;Junio 2025 Aprovechamiento de recursos frut\u00edcolas [&hellip;]<\/p>\n","protected":false},"author":72,"featured_media":0,"parent":0,"menu_order":0,"comment_status":"closed","ping_status":"closed","template":"","meta":{"_swt_meta_header_display":false,"_swt_meta_footer_display":false,"_swt_meta_site_title_display":false,"_swt_meta_sticky_header":false,"_swt_meta_transparent_header":false,"footnotes":""},"class_list":["post-8","page","type-page","status-publish","hentry"],"_links":{"self":[{"href":"https:\/\/web.ciidiroaxaca.ipn.mx\/pbenito\/wp-json\/wp\/v2\/pages\/8","targetHints":{"allow":["GET"]}}],"collection":[{"href":"https:\/\/web.ciidiroaxaca.ipn.mx\/pbenito\/wp-json\/wp\/v2\/pages"}],"about":[{"href":"https:\/\/web.ciidiroaxaca.ipn.mx\/pbenito\/wp-json\/wp\/v2\/types\/page"}],"author":[{"embeddable":true,"href":"https:\/\/web.ciidiroaxaca.ipn.mx\/pbenito\/wp-json\/wp\/v2\/users\/72"}],"replies":[{"embeddable":true,"href":"https:\/\/web.ciidiroaxaca.ipn.mx\/pbenito\/wp-json\/wp\/v2\/comments?post=8"}],"version-history":[{"count":5,"href":"https:\/\/web.ciidiroaxaca.ipn.mx\/pbenito\/wp-json\/wp\/v2\/pages\/8\/revisions"}],"predecessor-version":[{"id":43,"href":"https:\/\/web.ciidiroaxaca.ipn.mx\/pbenito\/wp-json\/wp\/v2\/pages\/8\/revisions\/43"}],"wp:attachment":[{"href":"https:\/\/web.ciidiroaxaca.ipn.mx\/pbenito\/wp-json\/wp\/v2\/media?parent=8"}],"curies":[{"name":"wp","href":"https:\/\/api.w.org\/{rel}","templated":true}]}}