{"id":5,"date":"2016-09-29T17:05:05","date_gmt":"2016-09-29T17:05:05","guid":{"rendered":"https:\/\/web.ciidiroaxaca.ipn.mx\/pbenito\/dr-pedro-benito-bautista\/"},"modified":"2025-09-21T22:45:29","modified_gmt":"2025-09-21T22:45:29","slug":"dr-pedro-benito-bautista","status":"publish","type":"page","link":"https:\/\/web.ciidiroaxaca.ipn.mx\/pbenito\/","title":{"rendered":"Dr. Pedro Benito Bautista"},"content":{"rendered":"\n<figure class=\"wp-block-image aligncenter\"><img decoding=\"async\" src=\"https:\/\/web.ciidiroaxaca.ipn.mx\/pbenito\/wp-content\/uploads\/sites\/72\/2016\/09\/medium_Imagen-28.jpg\" alt=\"\"\/><\/figure>\n\n\n\n<h3 class=\"wp-block-heading has-text-align-center\">Doctor en Ciencias de los Alimentos <\/h3>\n\n\n\n<p class=\"has-text-align-center\">por la Facultad de Qu\u00edmica de la Universidad Aut\u00f3noma de Quer\u00e9taro.<\/p>\n\n\n\n<h3 class=\"wp-block-heading has-text-align-center\">M. en C. en Tecnolog\u00eda de los Alimentos<\/h3>\n\n\n\n<p class=\"has-text-align-center\"> por la Escuela de Ciencias Biol\u00f3gicas del IPN.<\/p>\n\n\n\n<h3 class=\"wp-block-heading has-text-align-center\">Ingeniero Bioqu\u00edmico <\/h3>\n\n\n\n<p class=\"has-text-align-center\">por la Escuela de Ciencias Biol\u00f3gicas del IPN.<\/p>\n\n\n\n<p class=\"has-text-align-center\">Profesor colegiado de posgrado del CIIDIR Oaxaca, Instituto Polit\u00e9cnico Nacional<\/p>\n\n\n\n<p class=\"has-text-align-center\">Premio como Director de la Mejor Tesis de Posgrado del IPN 2022<\/p>\n\n\n\n<p class=\"has-text-align-center\">(Nivel: Maestr\u00eda, Categor\u00eda: Interdisciplinaria)<\/p>\n\n\n\n<p><strong>\u00a0L\u00edneas de investigaci\u00f3n:<\/strong><\/p>\n\n\n\n<ul class=\"wp-block-list\">\n<li>Desarrollo de tecnolog\u00eda para el manejo postcosecha.<\/li>\n\n\n\n<li>Procesos de conservaci\u00f3n de frutos y vegetales.<\/li>\n\n\n\n<li>Fortalecimiento de empresas locales para el aprovechamiento de productos alimentarios.<\/li>\n<\/ul>\n\n\n\n<p class=\"has-text-align-center\">Correo electr\u00f3nico: \u00a0pbenito@ipn.mx\u00a0\u00a0 \u00a0 \u00a0 \u00a0 Ext: 82735<\/p>\n\n\n\n<p><\/p>\n","protected":false},"excerpt":{"rendered":"<p>Doctor en Ciencias de los Alimentos por la Facultad de Qu\u00edmica de la Universidad Aut\u00f3noma de Quer\u00e9taro. M. en C. en Tecnolog\u00eda de los Alimentos por la Escuela de Ciencias Biol\u00f3gicas del IPN. Ingeniero Bioqu\u00edmico por la Escuela de Ciencias Biol\u00f3gicas del IPN. Profesor colegiado de posgrado del CIIDIR Oaxaca, Instituto Polit\u00e9cnico Nacional Premio como [&hellip;]<\/p>\n","protected":false},"author":72,"featured_media":0,"parent":0,"menu_order":0,"comment_status":"closed","ping_status":"closed","template":"","meta":{"_swt_meta_header_display":false,"_swt_meta_footer_display":false,"_swt_meta_site_title_display":false,"_swt_meta_sticky_header":false,"_swt_meta_transparent_header":false,"footnotes":""},"class_list":["post-5","page","type-page","status-publish","hentry"],"_links":{"self":[{"href":"https:\/\/web.ciidiroaxaca.ipn.mx\/pbenito\/wp-json\/wp\/v2\/pages\/5","targetHints":{"allow":["GET"]}}],"collection":[{"href":"https:\/\/web.ciidiroaxaca.ipn.mx\/pbenito\/wp-json\/wp\/v2\/pages"}],"about":[{"href":"https:\/\/web.ciidiroaxaca.ipn.mx\/pbenito\/wp-json\/wp\/v2\/types\/page"}],"author":[{"embeddable":true,"href":"https:\/\/web.ciidiroaxaca.ipn.mx\/pbenito\/wp-json\/wp\/v2\/users\/72"}],"replies":[{"embeddable":true,"href":"https:\/\/web.ciidiroaxaca.ipn.mx\/pbenito\/wp-json\/wp\/v2\/comments?post=5"}],"version-history":[{"count":3,"href":"https:\/\/web.ciidiroaxaca.ipn.mx\/pbenito\/wp-json\/wp\/v2\/pages\/5\/revisions"}],"predecessor-version":[{"id":29,"href":"https:\/\/web.ciidiroaxaca.ipn.mx\/pbenito\/wp-json\/wp\/v2\/pages\/5\/revisions\/29"}],"wp:attachment":[{"href":"https:\/\/web.ciidiroaxaca.ipn.mx\/pbenito\/wp-json\/wp\/v2\/media?parent=5"}],"curies":[{"name":"wp","href":"https:\/\/api.w.org\/{rel}","templated":true}]}}