{"id":5,"date":"2016-10-19T16:12:30","date_gmt":"2016-10-19T16:12:30","guid":{"rendered":"https:\/\/web.ciidiroaxaca.ipn.mx\/narellanes\/m-en-c-nelly-arellanes-juarez\/"},"modified":"2025-10-23T15:35:08","modified_gmt":"2025-10-23T21:35:08","slug":"m-en-c-nelly-arellanes-juarez","status":"publish","type":"page","link":"https:\/\/web.ciidiroaxaca.ipn.mx\/narellanes\/","title":{"rendered":"M. en C. Nelly Arellanes Ju\u00e1rez"},"content":{"rendered":"\n<figure class=\"wp-block-image aligncenter\"><img decoding=\"async\" src=\"https:\/\/web.ciidiroaxaca.ipn.mx\/narellanes\/wp-content\/uploads\/sites\/73\/2016\/10\/large_NELLY-1-CAMPO-TUNILLO.jpg\" alt=\"\" \/><\/figure>\n\n\n\n<p><\/p>\n\n\n\n<h3 class=\"wp-block-heading has-text-align-center\">Maestra en Ciencias en Ingenier\u00eda Bioqu\u00edmica<\/h3>\n\n\n\n<p class=\"has-text-align-center\"> por el Instituto Tecnol\u00f3gico de Oaxaca<\/p>\n\n\n\n<p class=\"has-text-align-center\">Ingeniera Industrial en Qu\u00edmica por el Instituto Tecnol\u00f3gico de Oaxaca<\/p>\n\n\n\n<p class=\"has-text-align-center\">Miembro del Colegio de Profesores de Posgrado&nbsp;<\/p>\n\n\n\n<p class=\"has-text-align-center\">Premio como Directora de la Mejor Tesis de Posgrado del IPN 2022<\/p>\n\n\n\n<p class=\"has-text-align-center\">(Nivel: Maestr\u00eda, Categor\u00eda: Interdisciplinaria)<\/p>\n\n\n\n<h3 class=\"wp-block-heading\">L\u00edneas de trabajo:<\/h3>\n\n\n\n<ul class=\"wp-block-list\">\n<li>Procesos de conservaci\u00f3n de frutos y vegetales.<\/li>\n\n\n\n<li>Manejo postcosecha de frutos y vegetales.<\/li>\n\n\n\n<li>Aseguramiento de la calidad e inocuidad alimentaria en productos locales.<\/li>\n\n\n\n<li>Fortalecimiento de empresas locales para el aprovechamiento de productos alimentarios.<\/li>\n<\/ul>\n\n\n\n<div class=\"wp-block-columns is-layout-flex wp-container-core-columns-is-layout-28f84493 wp-block-columns-is-layout-flex\">\n<div class=\"wp-block-column is-layout-flow wp-block-column-is-layout-flow\">\n<p>Correo electr\u00f3nico: &nbsp;narellanes@ipn.mx<\/p>\n<\/div>\n\n\n\n<div class=\"wp-block-column is-layout-flow wp-block-column-is-layout-flow\">\n<p>  Extensi\u00f3n: 82735<\/p>\n<\/div>\n<\/div>\n\n\n\n<p><\/p>\n","protected":false},"excerpt":{"rendered":"<p>Maestra en Ciencias en Ingenier\u00eda Bioqu\u00edmica por el Instituto Tecnol\u00f3gico de Oaxaca Ingeniera Industrial en Qu\u00edmica por el Instituto Tecnol\u00f3gico de Oaxaca Miembro del Colegio de Profesores de Posgrado&nbsp; Premio como Directora de la Mejor Tesis de Posgrado del IPN 2022 (Nivel: Maestr\u00eda, Categor\u00eda: Interdisciplinaria) L\u00edneas de trabajo: Correo electr\u00f3nico: &nbsp;narellanes@ipn.mx Extensi\u00f3n: 82735<\/p>\n","protected":false},"author":73,"featured_media":0,"parent":0,"menu_order":0,"comment_status":"closed","ping_status":"closed","template":"","meta":{"_swt_meta_header_display":false,"_swt_meta_footer_display":false,"_swt_meta_site_title_display":false,"_swt_meta_sticky_header":false,"_swt_meta_transparent_header":false,"footnotes":""},"class_list":["post-5","page","type-page","status-publish","hentry"],"_links":{"self":[{"href":"https:\/\/web.ciidiroaxaca.ipn.mx\/narellanes\/wp-json\/wp\/v2\/pages\/5","targetHints":{"allow":["GET"]}}],"collection":[{"href":"https:\/\/web.ciidiroaxaca.ipn.mx\/narellanes\/wp-json\/wp\/v2\/pages"}],"about":[{"href":"https:\/\/web.ciidiroaxaca.ipn.mx\/narellanes\/wp-json\/wp\/v2\/types\/page"}],"author":[{"embeddable":true,"href":"https:\/\/web.ciidiroaxaca.ipn.mx\/narellanes\/wp-json\/wp\/v2\/users\/73"}],"replies":[{"embeddable":true,"href":"https:\/\/web.ciidiroaxaca.ipn.mx\/narellanes\/wp-json\/wp\/v2\/comments?post=5"}],"version-history":[{"count":4,"href":"https:\/\/web.ciidiroaxaca.ipn.mx\/narellanes\/wp-json\/wp\/v2\/pages\/5\/revisions"}],"predecessor-version":[{"id":45,"href":"https:\/\/web.ciidiroaxaca.ipn.mx\/narellanes\/wp-json\/wp\/v2\/pages\/5\/revisions\/45"}],"wp:attachment":[{"href":"https:\/\/web.ciidiroaxaca.ipn.mx\/narellanes\/wp-json\/wp\/v2\/media?parent=5"}],"curies":[{"name":"wp","href":"https:\/\/api.w.org\/{rel}","templated":true}]}}