{"id":9,"date":"2015-01-28T19:53:47","date_gmt":"2015-01-28T19:53:47","guid":{"rendered":"https:\/\/web.ciidiroaxaca.ipn.mx\/mros\/publicaciones\/"},"modified":"2026-01-07T15:54:07","modified_gmt":"2026-01-07T21:54:07","slug":"publicaciones","status":"publish","type":"page","link":"https:\/\/web.ciidiroaxaca.ipn.mx\/mros\/publicaciones\/","title":{"rendered":"Publicaciones"},"content":{"rendered":"\n<p>Martinez-Hernandez JG, <strong>R\u00f6s M<\/strong>, Trujillo-Argueta S, Reyes-Gonzalez R, Gonzalez-Vanegas PA, del Castillo RF. 2025. First Annotated DNA Barcodes for Four Saproxylophagous Beetle Species (Coleoptera: Buprestidae, Cerambycidae) from the Central Valleys of Oaxaca, Mexico.&nbsp;<em>Taxonomy<\/em>,&nbsp;<em>6<\/em>(1), 1.<\/p>\n\n\n\n<p>Reyes-Gonz\u00e1lez R, Toledo-Hern\u00e1ndez VH, Flores-Palacios A, <strong>R\u00f6s M<\/strong>, Bueno-Villegas J, Corona-L\u00f3pez AM. 2024.&nbsp;Exploring the proportion of rarity in tropical insects: evaluating hypotheses and variables.&nbsp;\u00c9coscience. DOI: 10.1080\/11956860.2024.2435133<\/p>\n\n\n\n<p>Mart\u00ednez-Hern\u00e1ndez JG, Reyes-Gonz\u00e1lez R, <strong>R\u00f6s M.<\/strong> 2024. New host records for Buprestidae and Cerambycidae (Coleoptera) from oak forests in Oaxaca, Mexico.&nbsp;Journal of Natural History,&nbsp;58(13\u201316), 547\u2013552. https:\/\/doi.org\/10.1080\/00222933.2024.2331832<\/p>\n\n\n\n<p>Reyes-Gonz\u00e1lez R, <strong>R\u00f6s M<\/strong>, Mart\u00ednez-Hern\u00e1ndez JG, Corona-L\u00f3pez AM. 2024. Buprestidae (Coleoptera) from Oaxaca State, Mexico. Zootaxa 5447 (1): 091\u2013102.&nbsp;DOI: 10.11646\/zootaxa.5447.1.5<\/p>\n\n\n\n<p>Mart\u00ednez-Hern\u00e1ndez JG, <strong>R\u00f6s M<\/strong>, P\u00e9rez-Flores O, Toledo-Hern\u00e1ndez VH. 2024.&nbsp;Checklist of the Cerambycidae (Coleoptera: Chrysomeloidea) of Oaxaca,&nbsp;Mexico.&nbsp;Zootaxa, 5405 (2): 185\u2013208. DOI:&nbsp;<a href=\"https:\/\/doi.org\/10.11646\/zootaxa.5405.2.2\" target=\"_blank\" rel=\"noreferrer noopener\">10.11646\/ZOOTAXA.5405.2.2<\/a>&nbsp;<\/p>\n\n\n\n<p>Barrios JM, Bedolla-Garc\u00eda BY, Gonz\u00e1lez-Vanegas PA, Lira-Noriega, A, L\u00f3pez-Enriquez JC, M\u00e9rida-Rivas JA, Madrigal-Gonz\u00e1lez D, Rodr\u00edguez P,<strong> R\u00f6s M<\/strong>, Vandame R, Sierra-Alcocer R, Cultid-Medina CA .2023. Xicotli Data: a project to retrieve plant-bee interactions from citizen science. Biodiversity Data Journal 11: e114688. <a href=\"https:\/\/doi.org\/10.3897\/BDJ.11.e114688\" target=\"_blank\" rel=\"noreferrer noopener\">https:\/\/doi.org\/10.3897\/BDJ.11.e114688<\/a><\/p>\n\n\n\n<p>de los Santos Reyes E, del Castillo RF, <strong>R\u00f6s M<\/strong>, Bray DB. 2023.&nbsp;Contrasting patterns of land-cover change between early and late&nbsp;successional forests in a tropical montane cloud forest area managed under&nbsp;the milpa system. Forest Ecology and Management 549 (2023) 121469.&nbsp;https:\/\/doi.org\/10.1016\/j.foreco.2023.121469<\/p>\n\n\n\n<p><strong>R\u00f6s M<\/strong>. 2022. Los Paisajes. La biodiversidad en Oaxaca. Estudio de Estado. Volumen 1, CONABIO, M\u00e9xico, pp. 303-317. ISBN&nbsp;978-607-8570-61-4<\/p>\n\n\n\n<p>Reyes-Gonz\u00e1lez R, Toledo-Hern\u00e1ndez VH, Flores-Palacios A, <strong>R\u00f6s M<\/strong>, Bueno-Villegas J, Corona-Lopez AM. 2022. Testing three hypotheses of rarity among the Buprestidae species of a tropical dry forest. Ecological Entomology, 47:262\u2013272. https:\/\/doi.org\/10.1111\/een.13110<\/p>\n\n\n\n<p>Velasco-Murgu\u00eda A, del Castillo RF, <strong>R\u00f6s M<\/strong>, Rivera-Garcia R. 2021.&nbsp;Successional pathways of post-milpa fallows in Oaxaca, Mexico. Forest Ecology and&nbsp;Management&nbsp;500(1):119644.&nbsp; https:\/\/doi.org\/10.1016\/j.foreco.2021.119644<\/p>\n\n\n\n<p>Gonzalez-Vanegas P,&nbsp;<strong>R\u00f6s M<\/strong>, Garcia-Franco&nbsp;JG, Aguirre Jaimes A. 2021.&nbsp;Buzz-pollination in a tropical montane cloud forest: Compositional similarity and plant-pollinator interactions. Neotropical Entomology,&nbsp;50:524\u2013536. https:\/\/doi.org\/10.1007\/s13744-021-00867-1<\/p>\n\n\n\n<p>Su\u00e1rez-Garc\u00eda O, L\u00f3pez-Osorio E, <strong>R\u00f6s M<\/strong>.&nbsp;2021. Breeding in the cold? A White-eared Hummingbird (Basilinna leucotis) winter nest record from the mountains of Southern Oaxaca, Mexico. The Wilson Journal of Ornithology. doi:10.1676\/20-17<\/p>\n\n\n\n<p>Guzm\u00e1n-V\u00e1squez HM, Sanchez Garcia JA, Hern\u00e1ndez-Cruz J, <strong>R\u00f6s M<\/strong>, Deloya C. 2021 The Dynastinae scarab beetles (Coleoptera: Scarabaeidae) from Oaxaca, Mexico: updated checklist and analysis of their distribution. Revista Mexicana de Biodiversidad 92:e923419. doi: <a href=\"https:\/\/www.researchgate.net\/deref\/http%3A%2F%2Fdx.doi.org%2F10.22201%2Fib.20078706e.2021.92.3419?_sg%5B0%5D=pM_0gdR8krD_fvX3KA24kVM0-aSH2JcwR0E0bzvl0GyoDRkE8EMUt6-eIp2ZIRMqNHgG7Hz4X0wn-QPu4iraSBRWtg.B6c6SmLJR3oLwyM2ErSYCV_8swcsp0WU3lDW-fO3_Yh6qBvNbZP55lctFHavtMk3zoDkGCigpT2bXfaGYMUYaw\" target=\"_blank\" rel=\"noreferrer noopener\">https:\/\/doi.org\/10.22201\/ib.20078706e.2021.92.3419<\/a><\/p>\n\n\n\n<p>Pulido D, Salas J, <strong>R\u00f6s M<\/strong>, Puettmann K, Karaman S. 2020. Assessment of Tree Detection Methods in Multispectral Aerial Images.&nbsp;Remote Sensing, 12(15):2379.&nbsp;<a href=\"https:\/\/doi.org\/10.3390\/rs12152379\" target=\"_blank\" rel=\"noreferrer noopener\">https:\/\/doi.org\/10.3390\/rs12152379<\/a><\/p>\n\n\n\n<p>Kohlmann B, Arriaga-Jim\u00e9nez A, <strong>R\u00f6s M<\/strong>. 2020. Case 3807\u2013Onthophagus anthracinus Harold, 1873 (Insecta, Coleoptera, Scarabaeidae): proposed conservation of the specific name. The Bulletin of Zoological Nomenclature 77 (1), 79-82.<\/p>\n\n\n\n<p>Arriaga-Jim\u00e9nez A, Kohlmann B, V\u00e1zquez-Selem L, Uma\u00f1a Y, <strong>R\u00f6s M.<\/strong> 2020. Past and future sky-island dynamics of tropical mountains: A model for two Geotrupes (Coleoptera: Geotrupidae) species in Oaxaca Mexico. The Holocene. https:\/\/doi.org\/10.1177\/0959683620932977<\/p>\n\n\n\n<p>Villase\u00f1or E, Porter-Bolland&nbsp;L, Escobar-Sarria F,&nbsp;<strong>R\u00f6s M<\/strong>, Chan Dzul A, Oliveros L\u00f3pez S, L\u00f3pez D\u00edaz A. 2020. Selection of indicators as a tool for negotiating objectives and evaluating targets within participatory monitoring. Sustainability Science.&nbsp;https:\/\/doi.org\/10.1007\/s11625-020-00795-w<\/p>\n\n\n\n<p>Arriaga-Jim\u00e9nez A, Escobar-Hern\u00e1ndez F, <strong>R\u00f6s M<\/strong>, Kohlmann B. 2020. The establishment of the Onthophagus anthracinus (Coleoptera: Scarabaeidae) species complex and the description of a new species.&nbsp;The Canadian Entomologist, 152:1-17. https:\/\/doi:10.4039\/tce.2019.62.<\/p>\n\n\n\n<p>Mart\u00ednez-Hern\u00e1ndez JG, Corona-L\u00f3pez AM, Flores-Palacios A,<strong> R\u00f6s M,<\/strong> Toledo-Hern\u00e1ndez VH. 2019. Seasonal diversity of Cerambycidae (Coleoptera) is more complex than thought: evidence from a tropical dry forest of Mexico. PeerJ 7, e7866.&nbsp;<a href=\"https:\/\/doi.org\/10.7717\/peerj.7866\" target=\"_blank\" rel=\"noreferrer noopener\">https:\/\/doi.org\/10.7717\/peerj.7866<\/a><\/p>\n\n\n\n<p>Porter-Bolland&nbsp;L, Villase\u00f1or E, Escobar-Sarria F, <strong>R\u00f6s M<\/strong>, Chan Dzul A, Oliveros L\u00f3pez S, L\u00f3pez D\u00edaz A. 2019.&nbsp;Identificando temas de investigaci\u00f3n conjunta a trav\u00e9s del an\u00e1lisis de la problem\u00e1tica socioambiental: la experiencia de COMBIOSERVE en la Reserva de la Biosfera de Calakmul, M\u00e9xico. Sociedad y Ambiente. 19, 195-215. doi:&nbsp;<a href=\"https:\/\/doi.org\/10.31840\/sya.v0i19.1941\" target=\"_blank\" rel=\"noreferrer noopener\">https:\/\/doi.org\/10.31840\/sya.v0i19.1941<\/a><\/p>\n\n\n\n<p>Kohlmann B, Arriaga-Jim\u00e9nez A, <strong>R\u00f6s M<\/strong>.&nbsp;2018. Dung beetle vicariant speciation in the mountains of Oaxaca, Mexico, with a description of a new species of Phanaeus (Coleoptera, Geotrupidae, Scarabaeidae). ZooKeys743:67-93.&nbsp;<a href=\"https:\/\/zookeys.pensoft.net\/articles.php?id=23029\" target=\"_blank\" rel=\"noreferrer noopener\">https:\/\/zookeys.pensoft.net\/articles.php?id=23029<\/a><\/p>\n\n\n\n<p>Arriaga-Jim\u00e9nez A, <strong>R\u00f6s M<\/strong>, Halffter G.&nbsp;2018.&nbsp;High variability of dung beetle diversity patterns at four mountains of the trans-Mexican volcanic belt.&nbsp;PeerJ 6:e4468.&nbsp;<a href=\"https:\/\/doi.org\/10.7717\/peerj.4468\" target=\"_blank\" rel=\"noreferrer noopener\">https:\/\/doi.org\/10.7717\/peerj.4468<\/a><\/p>\n\n\n\n<p>Kohlmann B, Arriaga-Jimenez&nbsp;A, &amp;&nbsp;<strong>R\u00f6s M<\/strong>.&nbsp;2018. An unusual new species of&nbsp;Canthidium&nbsp;(Coleoptera: Scarabaeidae: Scarabaeinae) from Oaxaca, Mexico. Zootaxa 4378 (2): 273\u2013278.&nbsp;https:\/\/doi.org\/10.11646\/zootaxa.4378.2.7<\/p>\n\n\n\n<p>Hudson LN, Newbold T, Contu S, Hill SL, Lysenko I, De Palma A,, &#8230;, <strong>M. R\u00f6s<\/strong>, &#8230;, A. Purvis. 2017. The database of the PREDICTS (Projecting Responses of Ecological Diversity in Changing Terrestrial Systems) project. Ecology and Evolution 7:145-188.<\/p>\n\n\n\n<p>Murillo-Pacheco J, <strong>R\u00f6s M<\/strong>, Escobar F, Castro-Lima F, Verd\u00fa JR, L\u00f3pez-Iborra GM. 2016. Effect of wetland management: are lentic wetlands refuges of plant-species diversity in the Andean\u2013Orinoco Piedmont of Colombia? PeerJ 4:e2267.&nbsp;https:\/\/doi.org\/10.7717\/peerj.2267<\/p>\n\n\n\n<p>Ruiz-Mall\u00e9n I, Schunko C, Corbera E, <strong>R\u00f6s M<\/strong>, Reyes-Garc\u00eda V. 2015. Meanings, drivers, and motivations for community-based conservation in Latin America. Ecology and Society 20(3):33.&nbsp;https:\/\/doi.org\/10.5751\/ES-07733-200333<\/p>\n\n\n\n<p>Mart\u00ednez E, <strong>R\u00f6s M<\/strong>., Bonilla MA, Dirzo R. 2015. Habitat Heterogeneity Affects Plant and Arthropod Species Diversity and Turnover in Traditional Cornfields. Plos One 10, e0128950.<\/p>\n\n\n\n<p>Gonz\u00e1lez-Zamora A, Arroyo-Rodriguez V, Escobar F, <strong>R\u00f6s M<\/strong>, Oyama K, Ibarra-Manr\u00edquez K, Stoner K, Chapman C. 2014. Contagious deposition of seeds in Spider Monkeys&#8217; sleeping trees limits effective seed dispersal in fragmented landscapes. Plos One 9, e89346.&nbsp;https:\/\/doi.org\/10.1371\/journal.pone.0089346<\/p>\n\n\n\n<p>Arroyo\u2010Rodr\u00edguez V, <strong>R\u00f6s M<\/strong>, Escobar F, Melo FP, Santos BA, Tabarelli M. 2013. Plant \u03b2\u2010diversity in fragmented rain forests: testing floristic homogenization and differentiation hypotheses. Journal of Ecology, 101, 1449-1458. <a href=\"https:\/\/doi.org\/10.1111\/1365-2745.12153\" target=\"_blank\" rel=\"noreferrer noopener\">https:\/\/doi.org\/10.1111\/1365-2745.12153<\/a><\/p>\n\n\n\n<p>Halffter G, <strong>R\u00f6s M<\/strong>.&nbsp;2013. A strategy for measuring biodiversity. Acta Zool\u00f3gica Mexicana (ns), 29, 400-411.<\/p>\n\n\n\n<p><strong>R\u00f6s M<\/strong>, Escobar F, Halffter G. 2012. How dung beetles respond to a human-modified variegated landscape in Mexican cloud forest: a study of biodiversity integrating ecological and biogeographical perspectives. Diversity and Distributions, 18, 377-389. https:\/\/doi.org\/<a href=\"https:\/\/doi.org\/10.1111\/j.1472-4642.2011.00834.x\" target=\"_blank\" rel=\"noreferrer noopener\">10.1111\/j.1472-4642.2011.00834.x<\/a><\/p>\n\n\n\n<p>Escobar F, Koleff P, <strong>R\u00f6s M<\/strong>. 2009. Evaluaci\u00f3n de capacidades para el conocimiento: El Sistema Nacional de Informaci\u00f3n sobre Biodiversidad (SNIB) como un estudio de caso, 23 &#8211; 49 Pp. En CONABIO-PNUD, M\u00e9xico: Capacidades para la conservaci\u00f3n y el uso sustentable de la biodiversidad. Comisi\u00f3n Nacional para el Conocimiento y Uso de la Biodiversidad y Programa de las Naciones Unidas para el Desarrollo, M\u00e9xico.<\/p>\n\n\n\n<p><strong>R\u00f6s M<\/strong>, Pineda E. 2009. Apparent extinction or insufficient sampling?: Comment on \u2018Deforestation and apparent extinctions of endemic forest beetles in Madagascar\u2019. Biology Letters, 5:651-652.&nbsp;<a href=\"https:\/\/royalsocietypublishing.org\/doi\/10.1098\/rsbl.2009.0341\" target=\"_blank\" rel=\"noreferrer noopener\">https:\/\/royalsocietypublishing.org\/doi\/10.1098\/rsbl.2009.0341<\/a><\/p>\n\n\n\n<p>Majunke C, Dreger F, Schulz U, <strong>R\u00f6s M<\/strong>,&nbsp;Torkler F. 2005. Zur Bedeutung des Waldumbaus f\u00fcr die Erh\u00f6hung von Biodiversit\u00e4t und f\u00fcr die Selbstregulation \u2014 Potenziale in kieferndominierten Waldbest\u00e4nden. Eberswalder Forstliche Schriftenreihe (B. XXIII): 120 \u2014 137.<\/p>\n\n\n\n<p>Apel K, Hauswirth M,&nbsp;<strong>R\u00f6s M<\/strong>,&nbsp;Wenk M. 2004. Schadgebiete der wichtigsten nadelfressenden Forstschadinsekten der Kiefer und Risikobewertung von Waldgebieten f\u00fcr das Nordostdeutsche Tiefland. Beitr\u00e4ge f\u00fcr Forstwirtschaft und Landschafts\u00f6kologie; 38, 1\/2004.&nbsp;<\/p>\n\n\n\n<h3 class=\"wp-block-heading\">Trabajos de divulgaci\u00f3n cient\u00edfica:<\/h3>\n\n\n\n<p><\/p>\n\n\n\n<p>Molina-Gaytan G, <strong>R\u00f6s M<\/strong>, Santiago-Cuevas G, Hernandez MS, de los Santos-Reyes E, Astudillo MR. 2026. Macroinvertebrados acuaticos: su funci\u00f3n como indicadores de la calidad del agua y su uso para monitoreos participativos en Oaxaca. <em>Bolet\u00edn de la Asociaci\u00f3n Mexicana de Sistem\u00e1tica de Artr\u00f3podos <\/em>9(2): 69-72<\/p>\n\n\n\n<p>Reyes-Gonz\u00e1lez R, Fern\u00e1ndez-Rivera L, Ram\u00edrez-Ruiz ED, Mart\u00ednez-Hern\u00e1ndez G, Gonz\u00e1lez-Vanegas PA, <strong>R\u00f6s M<\/strong>. 2025. Entre \u00e9litros y encinos: explorando la diversidad de escarabajos (Insecta-Coleoptera) en Oaxaca. <em>Bolet\u00edn de la Asociaci\u00f3n Mexicana de Sistem\u00e1tica de Artr\u00f3podos <\/em>9(2): 69-72<\/p>\n\n\n\n<p>Ju\u00e1rez L\u00f3pez CR, L\u00f3pez M\u00e1rquez CY, <strong>R\u00f6s M<\/strong>. 2024. Rescate de un insecto desconocido y casi extinto en Oaxaca.&nbsp;Amerika. M\u00e9moires, identit\u00e9s, territoires, (29).&nbsp;<a href=\"https:\/\/doi.org\/10.4000\/1330v\" target=\"_blank\" rel=\"noreferrer noopener\">https:\/\/doi.org\/10.4000\/1330v<\/a><\/p>\n\n\n\n<p>Garc\u00eda Garc\u00eda G,&nbsp;Rodr\u00edguez S\u00e1nchez LC,&nbsp;<strong>R\u00f6s M<\/strong>,&nbsp;D\u00edaz Porras DF. 2024.&nbsp;Plan de arborizaci\u00f3n urbana para el&nbsp;municipio de Oaxaca de Ju\u00e1rez. En: Vel\u00e1zquez Ruiz A,&nbsp; Mart\u00ed Capitanachi DR,&nbsp; Uehara Guerrero&nbsp;MGN&nbsp;(Coord)&nbsp;Temas metropolitanas selectas. Vivienda y h\u00e1bitat adecuados. Universidad Veracruzana. 364 p.<\/p>\n\n\n\n<p>Gonzalez-Vanegas PA, <strong>R\u00f6s M<\/strong>,&nbsp;Mart\u00ednez-Hern\u00e1ndez JG, Reyes-Gonz\u00e1lez R, Mart\u00ednez-Mart\u00ednez L. 2024.&nbsp;\u00bfQui\u00e9n habita en los bosques de encino de Oaxaca? Una mirada a la diversidad de himen\u00f3pteros.&nbsp;<em>Bolet\u00edn de la Asociaci\u00f3n Mexicana de Sistem\u00e1tica de Artr\u00f3podos<\/em>, 8(1): 27-30.&nbsp;https:\/\/amxsa.org\/2024\/06\/05\/boletin-amxsa-8-1-2024\/<\/p>\n\n\n\n<p>Mart\u00ednez-Hern\u00e1ndez JG,Reyes-Gonz\u00e1lez R, <strong>R\u00f6s M<\/strong>, Mart\u00ednez-Mart\u00ednez L, Toledo-Hern\u00e1ndez VH. 2024.&nbsp;Joyas insectiles del sur de M\u00e9xico: los ceramb\u00edcidos de Oaxaca.&nbsp;<em>Bolet\u00edn de la Asociaci\u00f3n Mexicana de Sistem\u00e1tica de Artr\u00f3podos<\/em>, 8(1): 23-26.&nbsp;https:\/\/amxsa.org\/2024\/06\/05\/boletin-amxsa-8-1-2024\/<\/p>\n\n\n\n<p>Barrios JM, Bedolla-Garc\u00eda BY, Vandame R, Gonz\u00e1lez-Vanegas PA, Lira-Noriega A, L\u00f3pez-Enr\u00edquez JC, M\u00e9rida-Rivas JA, Madrigal-Gonz\u00e1lez D, Rodr\u00edguez P, <strong>R\u00f6s M<\/strong>, Sierra-Alcocer R, Cultid-Medina CA. 2024. Xicotli data: acciones de ciencia abierta en pro de los polinizadores nativos. Cronica, 09\/02\/2024 10:01. https:\/\/www.cronica.com.mx\/academia\/xicotli-data-acciones-ciencia-abierta-pro-polinizadores-nativos.html<\/p>\n\n\n\n<p>Reyes-Gonz\u00e1lez R, Mart\u00ednez-Hern\u00e1ndez JG , <strong>R\u00f6s M<\/strong>, Corona-L\u00f3pez AM, &nbsp;Toledo-Hern\u00e1ndez VH. 2023. Un vistazo a la diversidad de bupr\u00e9stidos en bosques de encinos de Oaxaca. Boletin AMXSA, 7(1): 13-15.&nbsp;https:\/\/amxsa.org\/wp-content\/uploads\/2023\/08\/Boletin-AMXSA-71-JUNIO-2023-1-1.pdf<\/p>\n\n\n\n<p>Gonzalez Vanegas P, <strong>R\u00f6s M<\/strong>. 2022. Buenas vibras para la polinizaci\u00f3n. En: Polinizadores, CONVERSUS, 153, pp.16-18.&nbsp;https:\/\/www.ipn.mx\/ddicyt\/conversus.html<\/p>\n\n\n\n<p>Suarez Garcia O, Lopez Osorio E, <strong>R\u00f6s M<\/strong>. 2021. Las tierras altas de Oaxaca: el paraiso ancestral de las aves. Eco-logico. Vol. 2:4, 51-58.&nbsp;https:\/\/www.flipsnack.com\/deblith\/volumen-2-no-4-invierno-2021\/full-view.html?fbclid=IwAR1p-D0p0BQ0utC8nd4xZY_wfkHxpE-RtiKpUdouq0DD6JD2cu-CkFgsB2Q<\/p>\n\n\n\n<p><strong>R\u00f6s M<\/strong>, Arriaga-Jimenez A, Kohlmann B. 2020. Dung beetles in High Mountain Landscapes of Oaxaca. Blog of the Entomological Society of Canada.&nbsp;<a href=\"https:\/\/esc-sec.ca\/2020\/03\/10\/dung-beetles-in-high-mountain-landscapes-of-oaxaca\/\" target=\"_blank\" rel=\"noreferrer noopener\">https:\/\/esc-sec.ca\/2020\/03\/10\/dung-beetles-in-high-mountain-landscapes-of-oaxaca\/<\/a><\/p>\n\n\n\n<p>Escamirosa C, Rivera R, <strong>R\u00f6s M<\/strong>. 2019. Mapeo de Viveros de Agaves Silvestres, con Veh\u00edculos Aut\u00f3nomos no Tripulados (VANT), en&nbsp;la Regi\u00f3n Mixteca, del Estado de Oaxaca, M\u00e9xico. En:&nbsp;Ojeda Orta ME, Berrelleza Carrillo M, Bernal Escoto BE (eds).&nbsp;Gesti\u00f3n Integral de Pr\u00e1cticas Innovadoras. EDICIONES ILCSA S.A. DE C.V.&nbsp;ISBN 978-607-8705-07-8. pp 156-166.<\/p>\n\n\n\n<p>Suarez Garcia O, <strong>R\u00f6s M<\/strong>. 2019. Los cantos que persisten &#8211; las aves en campos agricolas. Revista Especies (11):6-15.&nbsp;NATURALIA, A.C.&nbsp; &nbsp; &nbsp; &nbsp; &nbsp; &nbsp; &nbsp; &nbsp; &nbsp; &nbsp; &nbsp; &nbsp; &nbsp; &nbsp; &nbsp; &nbsp; &nbsp; &nbsp; &nbsp; &nbsp; &nbsp; &nbsp; &nbsp; &nbsp; &nbsp; &nbsp; &nbsp; &nbsp; &nbsp; &nbsp; &nbsp; &nbsp; &nbsp; &nbsp; &nbsp; &nbsp; &nbsp; &nbsp; <a href=\"http:\/\/www.revistaespecies.ga\/?fbclid=IwAR0Y3OqjNG5aAabLvx2lT-PWT7J5K22fFxVRRjnYSf9KPbzdtdv0pKVW5hI\" target=\"_blank\" rel=\"noreferrer noopener\">http:\/\/www.revistaespecies.ga\/?fbclid=IwAR0Y3OqjNG5aAabLvx2lT-WT7J5K22fFxVRRjnYSf9KPbzdtdv0pKVW5hI<\/a>.<\/p>\n\n\n\n<p><strong>R\u00f6s M<\/strong>, Porter-Bolland L, Escobar F, Villase\u00f1or E, Chan Dzul A, Oliveros L\u00f3pez S, L\u00f3pez D\u00edaz A, &nbsp;Bandeira F. 2018. Cuaderno educativo sobre mapeo participativo y conocimiento ecol\u00f3gico tradicional, Calakmul, Campeche, M\u00e9xico. Feira de Santana: UEFS Editorial, 44pp.&nbsp;ISBN: 978-85-5592-081-3.<\/p>\n\n\n\n<p>Morales Avenda\u00f1o J, Hern\u00e1ndez-Cruz J, L\u00f3pez Cid I, <strong>R\u00f6s M<\/strong>. 2019. Propuesta metodol\u00f3gica para monitoreo de cultivos de agave con veh\u00edculos a\u00e9reos no tripulados (VANT) en Oaxaca, M\u00e9xico. Revista de Ingenier\u00eda e Investigaci\u00f3n Aplicada UPB\/UPTap, 3:28-35.<\/p>\n\n\n\n<p><strong>R\u00f6s M<\/strong>, Arriaga-Jim\u00e9nez A, Gonzalez-Vanegas P., 2018. Los escarabajos del esti\u00e9rcol: los conocidos desconocidos. BioDIVERSITAS. 139: 12-16.&nbsp;https:\/\/bioteca.biodiversidad.gob.mx\/janium-bin\/detalle.pl?Id=20210620191908<\/p>\n\n\n\n<p>Gonzalez-Vanegas P, Baena M, <strong>R\u00f6s M<\/strong>. 2018. Abejas nativas: nuestras vecinas inadvertidas. BioDIVERSITAS. 139:2-5.&nbsp;https:\/\/bioteca.biodiversidad.gob.mx\/janium-bin\/detalle.pl?Id=20210620191908<\/p>\n\n\n\n<p>Suarez-Garcia O, <strong>R\u00f6s M<\/strong>. 2018. Aves urbanas. Conversus. 130:22-23.&nbsp;<a href=\"https:\/\/www.ipn.mx\/cedicyt\/conversus-electronica\/conversus130\/mobile\/index.html#p=24\" target=\"_blank\" rel=\"noreferrer noopener\">https:\/\/www.ipn.mx\/cedicyt\/conversus-electronica\/conversus130\/mobile\/index.html#p=24<\/a><\/p>\n\n\n\n<p>Mart\u00ednez-L\u00f3pez C, Hern\u00e1ndez-Santiago E, <strong>R\u00f6s M<\/strong>.&nbsp;2017. Comparaci\u00f3n de la riqueza y abundancia arb\u00f3rea entre zona urbana y rural en Valles Centrales de Oaxaca. Revista Mexicana de Agroecosistemas 4(2): 103-112.<\/p>\n\n\n\n<p><strong>R\u00f6s M<\/strong>.&nbsp;2016. Diversidad en paisajes modificados por el hombre. Memorias del 43\u00b0 Congreso SOCOLEN, pp 132-142. Manizales, Colombia.&nbsp;<\/p>\n\n\n\n<p>Angel Hern\u00e1ndez de los Santos, Jes\u00fas Hern\u00e1ndez Perez, Lucia Valencia Figueroa, \u00c1rely Hernandez Valencia, Mirella Figueroa Valencia, Jose Luis Valera, Daniel Perez Gomez, Albert Chan-Dzul y <strong>Matthias R\u00f6s<\/strong>. 2016. Flora y Fauna de El Desierto. Once de Mayo, Calakmul, Campeche. COMBIOSERVE. 75pp.<\/p>\n","protected":false},"excerpt":{"rendered":"<p>Martinez-Hernandez JG, R\u00f6s M, Trujillo-Argueta S, Reyes-Gonzalez R, Gonzalez-Vanegas PA, del Castillo RF. 2025. First Annotated DNA Barcodes for Four Saproxylophagous Beetle Species (Coleoptera: Buprestidae, Cerambycidae) from the Central Valleys of Oaxaca, Mexico.&nbsp;Taxonomy,&nbsp;6(1), 1. Reyes-Gonz\u00e1lez R, Toledo-Hern\u00e1ndez VH, Flores-Palacios A, R\u00f6s M, Bueno-Villegas J, Corona-L\u00f3pez AM. 2024.&nbsp;Exploring the proportion of rarity in tropical insects: evaluating [&hellip;]<\/p>\n","protected":false},"author":18,"featured_media":0,"parent":0,"menu_order":0,"comment_status":"closed","ping_status":"closed","template":"","meta":{"_swt_meta_header_display":false,"_swt_meta_footer_display":false,"_swt_meta_site_title_display":false,"_swt_meta_sticky_header":false,"_swt_meta_transparent_header":false,"footnotes":""},"class_list":["post-9","page","type-page","status-publish","hentry"],"_links":{"self":[{"href":"https:\/\/web.ciidiroaxaca.ipn.mx\/mros\/wp-json\/wp\/v2\/pages\/9","targetHints":{"allow":["GET"]}}],"collection":[{"href":"https:\/\/web.ciidiroaxaca.ipn.mx\/mros\/wp-json\/wp\/v2\/pages"}],"about":[{"href":"https:\/\/web.ciidiroaxaca.ipn.mx\/mros\/wp-json\/wp\/v2\/types\/page"}],"author":[{"embeddable":true,"href":"https:\/\/web.ciidiroaxaca.ipn.mx\/mros\/wp-json\/wp\/v2\/users\/18"}],"replies":[{"embeddable":true,"href":"https:\/\/web.ciidiroaxaca.ipn.mx\/mros\/wp-json\/wp\/v2\/comments?post=9"}],"version-history":[{"count":11,"href":"https:\/\/web.ciidiroaxaca.ipn.mx\/mros\/wp-json\/wp\/v2\/pages\/9\/revisions"}],"predecessor-version":[{"id":68,"href":"https:\/\/web.ciidiroaxaca.ipn.mx\/mros\/wp-json\/wp\/v2\/pages\/9\/revisions\/68"}],"wp:attachment":[{"href":"https:\/\/web.ciidiroaxaca.ipn.mx\/mros\/wp-json\/wp\/v2\/media?parent=9"}],"curies":[{"name":"wp","href":"https:\/\/api.w.org\/{rel}","templated":true}]}}