{"id":8,"date":"2015-01-28T19:52:20","date_gmt":"2015-01-28T19:52:20","guid":{"rendered":"https:\/\/web.ciidiroaxaca.ipn.mx\/mros\/patrones-de-diversidad-en-paisajes-naturales-y-modificados\/"},"modified":"2025-09-19T17:50:36","modified_gmt":"2025-09-19T17:50:36","slug":"patrones-de-diversidad-en-paisajes-naturales-y-modificados","status":"publish","type":"page","link":"https:\/\/web.ciidiroaxaca.ipn.mx\/mros\/","title":{"rendered":"Dr. Matthias R\u00f6s"},"content":{"rendered":"\n<h2 class=\"wp-block-heading has-text-align-center\">Patrones de diversidad en paisajes naturales y modificados<\/h2>\n\n\n\n<h3 class=\"wp-block-heading has-text-align-center\">SNII 2<\/h3>\n\n\n\n<h3 class=\"wp-block-heading has-text-align-center\">Doctorado en Ciencias<\/h3>\n\n\n\n<p class=\"has-text-align-center\">(otorgado en 2012 por el&nbsp;Instituto de Ecologia (INECOL), Centro Conacyt,&nbsp; Xalapa, Veracruz)<\/p>\n\n\n\n<p><strong>Linea de investigaci\u00f3n:<\/strong>&nbsp;Patrones de diversidad en paisajes naturales y modificados<\/p>\n\n\n\n<p>Me dedico a estudiar patrones de diversidad de diferentes grupos de plantas y animales en paisajes naturales y modificados.&nbsp;Actualmente estamos realizando estudios sobre aves, escarabajos del estiercol, insectos acu\u00e1ticos, y arboles en diferentes regiones de Oaxaca.<\/p>\n\n\n\n<figure class=\"wp-block-image\"><img decoding=\"async\" src=\"https:\/\/web.ciidiroaxaca.ipn.mx\/mros\/wp-content\/uploads\/sites\/39\/2015\/01\/Drones2.jpg\" alt=\"\"\/><\/figure>\n\n\n\n<p>Drones de Oaxaca<\/p>\n\n\n\n<p>Usamos drones para el an\u00e1lisis y la caracterizaci\u00f3n de los paisajes.&nbsp;El potencial de los drones es muy prometedor para obtener nuevas perspectivas sobre como los paisajes est\u00e1n estructurados en diferentes escalas. El gran reto es desarrollar m\u00e9todos simples y confiables que sean capaces de manejar la alta cantidad de informaci\u00f3n que se est\u00e1 generando, y producir datos de muy buena calidad.<\/p>\n\n\n\n<p><strong>Los escarabajos de la subfamilia Scarabaeinae<\/strong>\u00a0son un excelente grupo para estudiar patrones de diversidad en paisajes modificados.<\/p>\n\n\n\n<figure class=\"wp-block-image size-large\"><img loading=\"lazy\" decoding=\"async\" width=\"1024\" height=\"507\" src=\"https:\/\/web.ciidiroaxaca.ipn.mx\/mros\/wp-content\/uploads\/sites\/39\/2015\/01\/Scarabs-1024x507.jpg\" alt=\"\" class=\"wp-image-5\" srcset=\"https:\/\/web.ciidiroaxaca.ipn.mx\/mros\/wp-content\/uploads\/sites\/39\/2015\/01\/Scarabs-1024x507.jpg 1024w, https:\/\/web.ciidiroaxaca.ipn.mx\/mros\/wp-content\/uploads\/sites\/39\/2015\/01\/Scarabs-300x149.jpg 300w, https:\/\/web.ciidiroaxaca.ipn.mx\/mros\/wp-content\/uploads\/sites\/39\/2015\/01\/Scarabs-768x380.jpg 768w, https:\/\/web.ciidiroaxaca.ipn.mx\/mros\/wp-content\/uploads\/sites\/39\/2015\/01\/Scarabs.jpg 1177w\" sizes=\"auto, (max-width: 1024px) 100vw, 1024px\" \/><\/figure>\n\n\n\n<p>Adem\u00e1s muestreamos&nbsp;<strong>aves,&nbsp;\u00e1rboles,<\/strong> y otros grupos de&nbsp;insectos.<\/p>\n\n\n\n<p>Un tema muy particular en mi l\u00ednea de investigaci\u00f3n es el muestreo de&nbsp;Macroinvertebrados acu\u00e1ticos como indicadores de la calidad del agua.&nbsp;Trabajamos en la cuenca del r\u00edo Atoyac\/Oaxaca.<\/p>\n\n\n\n<figure class=\"wp-block-image\"><img decoding=\"async\" src=\"https:\/\/web.ciidiroaxaca.ipn.mx\/mros\/wp-content\/uploads\/sites\/39\/2015\/01\/MuestreoMacros.jpg\" alt=\"\"\/><\/figure>\n\n\n\n<p>Para este fin desarrollamos una gu\u00eda de campo para la determinaci\u00f3n de las familias taxon\u00f3micas de los macroinvertebrados acu\u00e1ticos, que se usan para el \u00edndice BMWP (Biological Monitoring Working Party).&nbsp;Todav\u00eda no existe un BMWP para Oaxaca, parte de nuestra investigaci\u00f3n es desarrollar la adaptaci\u00f3n regional de este \u00edndice.&nbsp;<\/p>\n\n\n\n<figure class=\"wp-block-image aligncenter is-resized\"><img decoding=\"async\" src=\"https:\/\/web.ciidiroaxaca.ipn.mx\/mros\/wp-content\/uploads\/sites\/39\/2015\/01\/GuiaCampo2.jpg\" alt=\"\" style=\"width:651px;height:auto\"\/><\/figure>\n\n\n\n<p>Estudiantes interesados en hacer una tesis de doctorado, maestr\u00eda o licenciatura me pueden escribir:<\/p>\n\n\n\n<p class=\"has-text-align-center\"><strong> mros@ipn.mx<\/strong><\/p>\n\n\n\n<p class=\"has-text-align-center\"><\/p>\n\n\n\n<p><a href=\"https:\/\/scholar.google.es\/citations?user=Nka6bZ4AAAAJ&amp;hl=en\" target=\"_blank\" rel=\"noreferrer noopener\">https:\/\/scholar.google.es\/citations?user=Nka6bZ4AAAAJ&amp;hl=en<\/a><\/p>\n\n\n\n<p><a href=\"https:\/\/www.researchgate.net\/profile\/Matthias_Roes\" target=\"_blank\" rel=\"noreferrer noopener\">https:\/\/www.researchgate.net\/profile\/Matthias_Roes<\/a><\/p>\n\n\n\n<p><a href=\"https:\/\/orcid.org\/0000-0002-5722-6321\" target=\"_blank\" rel=\"noreferrer noopener\">https:\/\/orcid.org\/0000-0002-5722-6321<\/a><\/p>\n\n\n\n<p><a href=\"https:\/\/www.scopus.com\/authid\/detail.uri?authorId=34973227800\" target=\"_blank\" rel=\"noreferrer noopener\">https:\/\/www.scopus.com\/authid\/detail.uri?authorId=34973227800<\/a><\/p>\n","protected":false},"excerpt":{"rendered":"<p>Patrones de diversidad en paisajes naturales y modificados SNII 2 Doctorado en Ciencias (otorgado en 2012 por el&nbsp;Instituto de Ecologia (INECOL), Centro Conacyt,&nbsp; Xalapa, Veracruz) Linea de investigaci\u00f3n:&nbsp;Patrones de diversidad en paisajes naturales y modificados Me dedico a estudiar patrones de diversidad de diferentes grupos de plantas y animales en paisajes naturales y modificados.&nbsp;Actualmente estamos [&hellip;]<\/p>\n","protected":false},"author":18,"featured_media":0,"parent":0,"menu_order":0,"comment_status":"closed","ping_status":"closed","template":"","meta":{"_swt_meta_header_display":false,"_swt_meta_footer_display":false,"_swt_meta_site_title_display":false,"_swt_meta_sticky_header":false,"_swt_meta_transparent_header":false,"footnotes":""},"class_list":["post-8","page","type-page","status-publish","hentry"],"_links":{"self":[{"href":"https:\/\/web.ciidiroaxaca.ipn.mx\/mros\/wp-json\/wp\/v2\/pages\/8","targetHints":{"allow":["GET"]}}],"collection":[{"href":"https:\/\/web.ciidiroaxaca.ipn.mx\/mros\/wp-json\/wp\/v2\/pages"}],"about":[{"href":"https:\/\/web.ciidiroaxaca.ipn.mx\/mros\/wp-json\/wp\/v2\/types\/page"}],"author":[{"embeddable":true,"href":"https:\/\/web.ciidiroaxaca.ipn.mx\/mros\/wp-json\/wp\/v2\/users\/18"}],"replies":[{"embeddable":true,"href":"https:\/\/web.ciidiroaxaca.ipn.mx\/mros\/wp-json\/wp\/v2\/comments?post=8"}],"version-history":[{"count":3,"href":"https:\/\/web.ciidiroaxaca.ipn.mx\/mros\/wp-json\/wp\/v2\/pages\/8\/revisions"}],"predecessor-version":[{"id":47,"href":"https:\/\/web.ciidiroaxaca.ipn.mx\/mros\/wp-json\/wp\/v2\/pages\/8\/revisions\/47"}],"wp:attachment":[{"href":"https:\/\/web.ciidiroaxaca.ipn.mx\/mros\/wp-json\/wp\/v2\/media?parent=8"}],"curies":[{"name":"wp","href":"https:\/\/api.w.org\/{rel}","templated":true}]}}